{"id":122823,"date":"2026-04-19T15:59:45","date_gmt":"2026-04-19T13:59:45","guid":{"rendered":"https:\/\/footballthrift.shop\/?post_type=product&#038;p=122823"},"modified":"2026-04-19T15:59:45","modified_gmt":"2026-04-19T13:59:45","slug":"koszulka-pilkarska-fc-bayern-monachium-2015-16-away-28-badstuber-m","status":"publish","type":"product","link":"https:\/\/footballthrift.shop\/en\/koszulka-pilkarska-fc-bayern-monachium-2015-16-away-28-badstuber-m\/","title":{"rendered":"Koszulka pi\u0142karska FC Bayern Monachium 2015\/16 Away 28 Badstuber [M]"},"content":{"rendered":"<p><strong>Team:<\/strong> FC Bayern Munich<\/p>\n<p><strong>Season:<\/strong> 2015\/16 Away<\/p>\n<p><strong>Size: <\/strong>M<\/p>\n<p><strong>Condition:<\/strong> Very good - slightly damaged print on back.<\/p>\n<p><strong>Dimensions (underarm width\/length) in cm: <\/strong>51\/72<\/p>","protected":false},"excerpt":{"rendered":"<p><strong>Oryginalna wyjazdowa koszulka pi\u0142karska FC Bayernu Monachium z sezonu 2015\/16 produkcji Adidasa z nadrukiem Holgera Badstubera.\u00a0<\/strong><\/p>\n<p>Away model <strong>FC Bayern Munich<\/strong> from the season <strong>2015\/16<\/strong>produced by <strong>Adidas<\/strong> w rozmiarze M, pochodzi z okresu dominacji klubu na krajowym podw\u00f3rku pod wodz\u0105 Pepa Guardioli. Dru\u017cyna si\u0119gn\u0119\u0142a po kolejne mistrzostwo Niemiec, prezentuj\u0105c wysoki poziom organizacji gry i kontroluj\u0105c przebieg spotka\u0144 w Bundeslidze.<\/p>\n<p>Koszulka zosta\u0142a wyprodukowana na bia\u0142ej bazie, a jej centralnym elementem jest poziomy pas w kolorach czerwonym i czarnym, biegn\u0105cy przez front. Ca\u0142o\u015b\u0107 uzupe\u0142niaj\u0105 czerwone i czarne wyko\u0144czenia, a na froncie znajduje si\u0119 nadruk sponsora <strong>T-Mobile<\/strong>, wyra\u017anie kontrastuj\u0105cy z jasnym t\u0142em i podkre\u015blaj\u0105cy klasyczny uk\u0142ad projektu.<\/p>\n<p>There is an original print on the back. <strong>Holgera Badstubera<\/strong>, alumni <strong>FC Bayern Munich<\/strong> i obro\u0144cy, kt\u00f3ry mimo licznych kontuzji pozostawa\u0142 cz\u0119\u015bci\u0105 kadry pierwszego zespo\u0142u. Znany z dobrej gry pi\u0142k\u0105 i ustawienia, by\u0142 jednym z zawodnik\u00f3w identyfikuj\u0105cych si\u0119 z klubem na przestrzeni lat.<\/p>\n<p>The T-shirt is made of a light and airy material and the cut in size M meets the standards of the <strong>Adidas<\/strong>, ensuring a fit in line with the brand's designs.<\/p>\n<p>This is for collectors and fans looking for an original away football jersey <strong>FC Bayern Munich<\/strong> from the season <strong>2015\/16<\/strong>, stanowi\u0105cej czytelny zapis okresu dominacji klubu w Bundeslidze.<\/p>","protected":false},"featured_media":122987,"template":"","meta":{"_kad_blocks_custom_css":"","_kad_blocks_head_custom_js":"","_kad_blocks_body_custom_js":"","_kad_blocks_footer_custom_js":"","_kad_post_transparent":"default","_kad_post_title":"","_kad_post_layout":"default","_kad_post_sidebar_id":"","_kad_post_content_style":"default","_kad_post_vertical_padding":"default","_kad_post_feature":"","_kad_post_feature_position":"","_kad_post_header":false,"_kad_post_footer":false,"_kad_post_classname":""},"product_brand":[1283],"product_cat":[15,1455],"product_tag":[],"class_list":{"0":"post-122823","1":"product","2":"type-product","3":"status-publish","4":"has-post-thumbnail","6":"product_brand-adidas","7":"product_cat-bez-kategorii","8":"product_cat-kluby-niemieckie-fcbayernmonachium","9":"pa_homeawaythird-away","10":"pa_rozmiar-m","12":"first","13":"instock","14":"taxable","15":"shipping-taxable","16":"purchasable","17":"product-type-simple","18":"entry","19":"content-bg","20":"loop-entry"},"taxonomy_info":{"product_brand":[{"value":1283,"label":"Adidas"}],"product_cat":[{"value":15,"label":"Bez kategorii"},{"value":1455,"label":"FC Bayern Monachium"}],"pa_homeawaythird":[{"value":1598,"label":"Away"}],"pa_rozmiar":[{"value":1816,"label":"M"}]},"featured_image_src_large":["https:\/\/footballthrift.shop\/wp-content\/uploads\/2026\/04\/Photoroom_20260415_135452-1024x1024.jpg",1024,1024,true],"author_info":[],"comment_info":"","_links":{"self":[{"href":"https:\/\/footballthrift.shop\/en\/wp-json\/wp\/v2\/product\/122823","targetHints":{"allow":["GET"]}}],"collection":[{"href":"https:\/\/footballthrift.shop\/en\/wp-json\/wp\/v2\/product"}],"about":[{"href":"https:\/\/footballthrift.shop\/en\/wp-json\/wp\/v2\/types\/product"}],"wp:featuredmedia":[{"embeddable":true,"href":"https:\/\/footballthrift.shop\/en\/wp-json\/wp\/v2\/media\/122987"}],"wp:attachment":[{"href":"https:\/\/footballthrift.shop\/en\/wp-json\/wp\/v2\/media?parent=122823"}],"wp:term":[{"taxonomy":"product_brand","embeddable":true,"href":"https:\/\/footballthrift.shop\/en\/wp-json\/wp\/v2\/product_brand?post=122823"},{"taxonomy":"product_cat","embeddable":true,"href":"https:\/\/footballthrift.shop\/en\/wp-json\/wp\/v2\/product_cat?post=122823"},{"taxonomy":"product_tag","embeddable":true,"href":"https:\/\/footballthrift.shop\/en\/wp-json\/wp\/v2\/product_tag?post=122823"}],"curies":[{"name":"wp","href":"https:\/\/api.w.org\/{rel}","templated":true}]}}