{"id":122822,"date":"2026-04-19T15:59:45","date_gmt":"2026-04-19T13:59:45","guid":{"rendered":"https:\/\/footballthrift.shop\/?post_type=product&#038;p=122822"},"modified":"2026-04-19T15:59:45","modified_gmt":"2026-04-19T13:59:45","slug":"koszulka-pilkarska-fc-bayern-monachium-1995-97-home-18-klinsmann-s-2","status":"publish","type":"product","link":"https:\/\/footballthrift.shop\/en\/koszulka-pilkarska-fc-bayern-monachium-1995-97-home-18-klinsmann-s-2\/","title":{"rendered":"Koszulka pi\u0142karska FC Bayern Monachium 1995\/97 Home 18 Klinsmann [S]"},"content":{"rendered":"<p><strong>Team:<\/strong> FC Bayern Munich<\/p>\n<p><strong>Season:<\/strong> 1995\/97 Home<\/p>\n<p><strong>Size: <\/strong>S<\/p>\n<p><strong>Condition:<\/strong> Zadowalaj\u0105cy &#8211; nieznaczna liczba mikro zaci\u0105gni\u0119\u0107.<\/p>\n<p><strong>Dimensions (underarm width\/length) in cm: <\/strong>53\/69<\/p>","protected":false},"excerpt":{"rendered":"<p><strong data-start=\"0\" data-end=\"91\">Oryginalna domowa koszulka pi\u0142karska Bayernu Monachium z lat 1995\/97 produkcji Adidasa.\u00a0<\/strong><\/p>\n<div class=\"flex max-w-full flex-col grow\">\n<div class=\"min-h-8 text-message relative flex w-full flex-col items-end gap-2 text-start break-words whitespace-normal [.text-message+&amp;]:mt-1\" dir=\"auto\" data-message-author-role=\"assistant\" data-message-id=\"e6b432c1-b43a-4c34-9596-f28cbad6975d\" data-message-model-slug=\"gpt-5-2\">\n<div class=\"flex w-full flex-col gap-1 empty:hidden first:pt-[1px]\">\n<div class=\"markdown prose dark:prose-invert w-full wrap-break-word light markdown-new-styling\">\n<p data-start=\"93\" data-end=\"475\">Domowy model\u00a0<strong data-start=\"106\" data-end=\"147\"><span class=\"hover:entity-accent entity-underline inline cursor-pointer align-baseline\"><span class=\"whitespace-normal\">Bayernu Monachium<\/span><\/span><\/strong>\u00a0z lat\u00a0<strong data-start=\"154\" data-end=\"165\">1995\/97<\/strong>, wyprodukowany przez\u00a0<strong data-start=\"187\" data-end=\"228\"><span class=\"hover:entity-accent entity-underline inline cursor-pointer align-baseline\"><span class=\"whitespace-normal\">Adidasa<\/span><\/span><\/strong>\u00a0w\u00a0<strong data-start=\"231\" data-end=\"246\">rozmiarze S<\/strong>, pochodzi z okresu wyra\u017anej odbudowy pozycji klubu na krajowym i europejskim poziomie. By\u0142y to sezony, w kt\u00f3rych Bayern stopniowo wraca\u0142 na szczyt Bundesligi i ponownie zaznacza\u0142 swoj\u0105 obecno\u015b\u0107 w czo\u0142\u00f3wce europejskich rozgrywek.<\/p>\n<p data-start=\"477\" data-end=\"887\">Koszulka zosta\u0142a wyprodukowana w charakterystycznym\u00a0<strong data-start=\"529\" data-end=\"569\">niebiesko-czerwonym pionowym pasiaku<\/strong>, z szerokim uk\u0142adem pas\u00f3w typowym dla projekt\u00f3w po\u0142owy lat 90. Ca\u0142o\u015b\u0107 uzupe\u0142nia\u00a0<strong data-start=\"650\" data-end=\"678\">bia\u0142y ko\u0142nierz typu polo<\/strong>, podkre\u015blaj\u0105cy klasyczny i elegancki kr\u00f3j, a centralne miejsce na froncie zajmuje nadruk sponsora\u00a0<strong data-start=\"777\" data-end=\"785\">Opel<\/strong>, jednoznacznie kojarzony z jedn\u0105 z najbardziej rozpoznawalnych epok w historii\u00a0<strong data-start=\"865\" data-end=\"886\">Bayernu Monachium<\/strong>.<\/p>\n<p data-start=\"889\" data-end=\"1282\">Na plecach znajduje si\u0119 oryginalny nadruk\u00a0<strong data-start=\"931\" data-end=\"972\"><span class=\"hover:entity-accent entity-underline inline cursor-pointer align-baseline\"><span class=\"whitespace-normal\">J\u00fcrgena Klinsmanna<\/span><\/span><\/strong>, jednego z najwa\u017cniejszych napastnik\u00f3w w dziejach niemieckiej pi\u0142ki. Klinsmann by\u0142 w tamtym okresie liderem ofensywy Bayernu, wyr\u00f3\u017cnia\u0142 si\u0119 skuteczno\u015bci\u0105, ruchem bez pi\u0142ki i do\u015bwiadczeniem wyniesionym z gry na najwy\u017cszym europejskim poziomie, a jego obecno\u015b\u0107 mia\u0142a kluczowe znaczenie dla stabilizacji zespo\u0142u.<\/p>\n<p data-start=\"1284\" data-end=\"1642\">Lata\u00a0<strong data-start=\"1289\" data-end=\"1302\">1995\u20131997<\/strong>\u00a0by\u0142y dla\u00a0<strong data-start=\"1312\" data-end=\"1333\">Bayernu Monachium<\/strong>\u00a0czasem wyra\u017anego powrotu do czo\u0142\u00f3wki, zwie\u0144czonym zwyci\u0119stwem w\u00a0<strong data-start=\"1398\" data-end=\"1433\">Pucharze UEFA w sezonie 1995\/96<\/strong>. W kadrze znajdowali si\u0119 w\u00f3wczas zawodnicy tacy jak\u00a0<strong data-start=\"1486\" data-end=\"1505\">Lothar Matth\u00e4us<\/strong>,\u00a0<strong data-start=\"1507\" data-end=\"1524\">Markus Babbel<\/strong>,\u00a0<strong data-start=\"1526\" data-end=\"1542\">Mario Basler<\/strong>\u00a0czy\u00a0<strong data-start=\"1547\" data-end=\"1566\">Christian Ziege<\/strong>, tworz\u0105c dru\u017cyn\u0119 opart\u0105 na fizyczno\u015bci, do\u015bwiadczeniu i konsekwentnej grze.<\/p>\n<p data-start=\"1644\" data-end=\"1816\">Koszulka zosta\u0142a wykonana z\u00a0<strong data-start=\"1672\" data-end=\"1709\">lekkiego i przewiewnego materia\u0142u<\/strong>, a kr\u00f3j w\u00a0<strong data-start=\"1720\" data-end=\"1735\">rozmiarze S<\/strong>\u00a0oferuje klasyczne dopasowanie zgodne ze standardami\u00a0<strong data-start=\"1788\" data-end=\"1799\">Adidasa<\/strong>\u00a0z po\u0142owy lat 90.<\/p>\n<p data-start=\"1818\" data-end=\"2083\" data-is-last-node=\"\" data-is-only-node=\"\">To propozycja dla kolekcjoner\u00f3w oraz kibic\u00f3w poszukuj\u0105cych oryginalnej\u00a0<strong data-start=\"1889\" data-end=\"1953\">domowej koszulki pi\u0142karskiej Bayernu Monachium z lat 1995\/97<\/strong>, stanowi\u0105cej czytelny zapis okresu odbudowy pozycji klubu i roli\u00a0<strong data-start=\"2019\" data-end=\"2041\">J\u00fcrgena Klinsmanna<\/strong>\u00a0w tej fazie historii bawarskiego giganta.<\/p>\n<\/div>\n<\/div>\n<\/div>\n<\/div>\n","protected":false},"featured_media":122974,"template":"","meta":{"_kad_blocks_custom_css":"","_kad_blocks_head_custom_js":"","_kad_blocks_body_custom_js":"","_kad_blocks_footer_custom_js":"","_kad_post_transparent":"default","_kad_post_title":"","_kad_post_layout":"default","_kad_post_sidebar_id":"","_kad_post_content_style":"default","_kad_post_vertical_padding":"default","_kad_post_feature":"","_kad_post_feature_position":"","_kad_post_header":false,"_kad_post_footer":false,"_kad_post_classname":""},"product_brand":[1283],"product_cat":[15,1455],"product_tag":[],"class_list":{"0":"post-122822","1":"product","2":"type-product","3":"status-publish","4":"has-post-thumbnail","6":"product_brand-adidas","7":"product_cat-bez-kategorii","8":"product_cat-kluby-niemieckie-fcbayernmonachium","9":"pa_homeawaythird-home","10":"pa_rozmiar-s","12":"first","13":"instock","14":"taxable","15":"shipping-taxable","16":"purchasable","17":"product-type-simple","18":"entry","19":"content-bg","20":"loop-entry"},"taxonomy_info":{"product_brand":[{"value":1283,"label":"Adidas"}],"product_cat":[{"value":15,"label":"Bez kategorii"},{"value":1455,"label":"FC Bayern Monachium"}],"pa_homeawaythird":[{"value":1597,"label":"Home"}],"pa_rozmiar":[{"value":1815,"label":"S"}]},"featured_image_src_large":["https:\/\/footballthrift.shop\/wp-content\/uploads\/2026\/04\/Photoroom_20260415_135356-1024x1024.jpg",1024,1024,true],"author_info":[],"comment_info":"","_links":{"self":[{"href":"https:\/\/footballthrift.shop\/en\/wp-json\/wp\/v2\/product\/122822","targetHints":{"allow":["GET"]}}],"collection":[{"href":"https:\/\/footballthrift.shop\/en\/wp-json\/wp\/v2\/product"}],"about":[{"href":"https:\/\/footballthrift.shop\/en\/wp-json\/wp\/v2\/types\/product"}],"wp:featuredmedia":[{"embeddable":true,"href":"https:\/\/footballthrift.shop\/en\/wp-json\/wp\/v2\/media\/122974"}],"wp:attachment":[{"href":"https:\/\/footballthrift.shop\/en\/wp-json\/wp\/v2\/media?parent=122822"}],"wp:term":[{"taxonomy":"product_brand","embeddable":true,"href":"https:\/\/footballthrift.shop\/en\/wp-json\/wp\/v2\/product_brand?post=122822"},{"taxonomy":"product_cat","embeddable":true,"href":"https:\/\/footballthrift.shop\/en\/wp-json\/wp\/v2\/product_cat?post=122822"},{"taxonomy":"product_tag","embeddable":true,"href":"https:\/\/footballthrift.shop\/en\/wp-json\/wp\/v2\/product_tag?post=122822"}],"curies":[{"name":"wp","href":"https:\/\/api.w.org\/{rel}","templated":true}]}}