{"id":122820,"date":"2026-04-19T15:59:46","date_gmt":"2026-04-19T13:59:46","guid":{"rendered":"https:\/\/footballthrift.shop\/?post_type=product&#038;p=122820"},"modified":"2026-04-19T15:59:46","modified_gmt":"2026-04-19T13:59:46","slug":"koszulka-pilkarska-borussia-monchengladbach-2018-19-third-l","status":"publish","type":"product","link":"https:\/\/footballthrift.shop\/en\/koszulka-pilkarska-borussia-monchengladbach-2018-19-third-l\/","title":{"rendered":"Koszulka pi\u0142karska Borussia Monchengladbach 2018\/19 Third [L]"},"content":{"rendered":"<p><strong>Team:<\/strong> Borussia Monchengladbach<\/p>\n<p><strong>Season:<\/strong> 2018\/19 Third<\/p>\n<p><strong>Size: <\/strong>L<\/p>\n<p><strong>Condition:<\/strong> Excellent<\/p>\n<p><strong>Dimensions (underarm width\/length) in cm: <\/strong>55\/73<\/p>","protected":false},"excerpt":{"rendered":"<p><strong>Oryginalna trzecia koszulka pi\u0142karska Borussii M\u00f6nchengladbach z sezonu 2018\/19 produkcji Pumy.\u00a0<\/strong><\/p>\n<p>The third model <strong>Borussia M\u00f6nchengladbach<\/strong> from the season <strong>2018\/19<\/strong>produced by <strong>Puma<\/strong> w rozmiarze L, pochodzi z okresu udanych wyst\u0119p\u00f3w klubu w Bundeslidze, gdzie dru\u017cyna walczy\u0142a o miejsca premiowane gr\u0105 w europejskich pucharach. Zesp\u00f3\u0142 prezentowa\u0142 ofensywny styl gry i nale\u017ca\u0142 do czo\u0142\u00f3wki ligi.<\/p>\n<p>Koszulka zosta\u0142a wyprodukowana na zielonej bazie, nawi\u0105zuj\u0105cej do klubowych barw <strong>Borussia M\u00f6nchengladbach<\/strong>, a ca\u0142o\u015b\u0107 uzupe\u0142niaj\u0105 czarne elementy, nadaj\u0105ce projektowi nowoczesny i kontrastowy charakter. Na froncie centralnie umieszczony zosta\u0142 nadruk sponsora <strong>Postbank<\/strong>, wyra\u017anie widoczny na tle koszulki.<\/p>\n<p>For the 2018\/19 season, the colours <strong>Borussia M\u00f6nchengladbach<\/strong> represented, among others, by. <strong>Thorgan Hazard<\/strong>, one of the leaders of the offensive, <strong>Alassane Pl\u00e9a<\/strong>, odpowiadaj\u0105cy za skuteczno\u015b\u0107, a tak\u017ce <strong>Yann Sommer<\/strong>, stanowi\u0105cy pewny punkt mi\u0119dzy s\u0142upkami. Dru\u017cyna przez du\u017c\u0105 cz\u0119\u015b\u0107 sezonu utrzymywa\u0142a si\u0119 w czo\u0142\u00f3wce tabeli, walcz\u0105c o europejskie puchary.<\/p>\n<p>The T-shirt is made of a light and airy material and the cut in size L meets the standards of the <strong>Pumas<\/strong>, providing the classic fit characteristic of the brand's designs.<\/p>\n<p>This is for collectors and fans looking for the original third football jersey <strong>Borussia M\u00f6nchengladbach<\/strong> from the season <strong>2018\/19<\/strong>, stanowi\u0105cej czytelny zapis jednego z bardziej konkurencyjnych sezon\u00f3w klubu w Bundeslidze.<\/p>","protected":false},"featured_media":122959,"template":"","meta":{"_kad_blocks_custom_css":"","_kad_blocks_head_custom_js":"","_kad_blocks_body_custom_js":"","_kad_blocks_footer_custom_js":"","_kad_post_transparent":"default","_kad_post_title":"","_kad_post_layout":"default","_kad_post_sidebar_id":"","_kad_post_content_style":"default","_kad_post_vertical_padding":"default","_kad_post_feature":"","_kad_post_feature_position":"","_kad_post_header":false,"_kad_post_footer":false,"_kad_post_classname":""},"product_brand":[1287],"product_cat":[15,1449],"product_tag":[],"class_list":{"0":"post-122820","1":"product","2":"type-product","3":"status-publish","4":"has-post-thumbnail","6":"product_brand-puma","7":"product_cat-bez-kategorii","8":"product_cat-kluby-niemieckie-borussiamonchengladbach","9":"pa_homeawaythird-third","10":"pa_rozmiar-l","12":"first","13":"instock","14":"taxable","15":"shipping-taxable","16":"purchasable","17":"product-type-simple","18":"entry","19":"content-bg","20":"loop-entry"},"taxonomy_info":{"product_brand":[{"value":1287,"label":"Puma"}],"product_cat":[{"value":15,"label":"Bez kategorii"},{"value":1449,"label":"Borussia M\u00f6nchengladbach"}],"pa_homeawaythird":[{"value":1599,"label":"Third"}],"pa_rozmiar":[{"value":1817,"label":"L"}]},"featured_image_src_large":["https:\/\/footballthrift.shop\/wp-content\/uploads\/2026\/04\/Photoroom_20260415_134646-1024x1024.jpg",1024,1024,true],"author_info":[],"comment_info":"","_links":{"self":[{"href":"https:\/\/footballthrift.shop\/en\/wp-json\/wp\/v2\/product\/122820","targetHints":{"allow":["GET"]}}],"collection":[{"href":"https:\/\/footballthrift.shop\/en\/wp-json\/wp\/v2\/product"}],"about":[{"href":"https:\/\/footballthrift.shop\/en\/wp-json\/wp\/v2\/types\/product"}],"wp:featuredmedia":[{"embeddable":true,"href":"https:\/\/footballthrift.shop\/en\/wp-json\/wp\/v2\/media\/122959"}],"wp:attachment":[{"href":"https:\/\/footballthrift.shop\/en\/wp-json\/wp\/v2\/media?parent=122820"}],"wp:term":[{"taxonomy":"product_brand","embeddable":true,"href":"https:\/\/footballthrift.shop\/en\/wp-json\/wp\/v2\/product_brand?post=122820"},{"taxonomy":"product_cat","embeddable":true,"href":"https:\/\/footballthrift.shop\/en\/wp-json\/wp\/v2\/product_cat?post=122820"},{"taxonomy":"product_tag","embeddable":true,"href":"https:\/\/footballthrift.shop\/en\/wp-json\/wp\/v2\/product_tag?post=122820"}],"curies":[{"name":"wp","href":"https:\/\/api.w.org\/{rel}","templated":true}]}}