{"id":122819,"date":"2026-04-19T15:59:46","date_gmt":"2026-04-19T13:59:46","guid":{"rendered":"https:\/\/footballthrift.shop\/?post_type=product&#038;p=122819"},"modified":"2026-04-19T15:59:47","modified_gmt":"2026-04-19T13:59:47","slug":"koszulka-treningowa-borussia-dortmund-2001-02-s","status":"publish","type":"product","link":"https:\/\/footballthrift.shop\/en\/koszulka-treningowa-borussia-dortmund-2001-02-s\/","title":{"rendered":"Koszulka treningowa Borussia Dortmund 2001\/02 [S]"},"content":{"rendered":"<p><strong>Team:<\/strong> Borussia Dortmund<\/p>\n<p><strong>Season:<\/strong> 2001\/02<\/p>\n<p><strong>Size: <\/strong>S*<\/p>\n<p><strong>Condition:<\/strong> Dobry &#8211; drobne zabrudzenie nad herbem oraz jedno mikro zaci\u0105gni\u0119cie na plecach.<\/p>\n<p><strong>Dimensions (underarm width\/length) in cm: <\/strong>48\/67<\/p>\n<p><strong>Additional information*:<\/strong> Rozmiar z metki to XL, jednak realnie koszulka wypada wymiarami na S.<\/p>","protected":false},"excerpt":{"rendered":"<p><strong>Oryginalna koszulka pi\u0142karska treningowa Borussii Dortmund z sezonu 2001\/02 produkcji Goool.de.\u00a0<\/strong><\/p>\n<p>Training model <strong>Borussia Dortmund<\/strong> from the season <strong>2001\/02<\/strong>produced by <strong>Goool.de<\/strong> w rozmiarze S, pochodzi z jednego z najbardziej pami\u0119tnych okres\u00f3w w historii klubu. Dru\u017cyna si\u0119gn\u0119\u0142a w\u00f3wczas po mistrzostwo Niemiec oraz dotar\u0142a do fina\u0142u Pucharu UEFA, potwierdzaj\u0105c swoj\u0105 siln\u0105 pozycj\u0119 na europejskiej scenie.<\/p>\n<p>Koszulka zosta\u0142a wyprodukowana na bia\u0142ej bazie, a jej prosty i funkcjonalny design podkre\u015bla nadruk sponsora <strong>E-ON<\/strong> umieszczony centralnie na froncie. Model posiada d\u0142ugi r\u0119kaw, co wpisuje si\u0119 w charakter treningowej odzie\u017cy z tamtego okresu i nadaje jej klasyczny wygl\u0105d.<\/p>\n<p>W sezonie 2001\/02 barwy <strong>Borussia Dortmund<\/strong> represented, among others, by. <strong>Tom\u00e1\u0161 Rosick\u00fd<\/strong>, odpowiadaj\u0105cy za kreacj\u0119 gry, <strong>Jan Koller<\/strong>, b\u0119d\u0105cy g\u0142\u00f3wn\u0105 postaci\u0105 ofensywy, a tak\u017ce <strong>M\u00e1rcio Amoroso<\/strong>, jeden z najskuteczniejszych zawodnik\u00f3w zespo\u0142u, kt\u00f3rzy wsp\u00f3lnie doprowadzili klub do najwi\u0119kszych sukces\u00f3w tamtych lat.<\/p>\n<p>The T-shirt is made of a light and airy material and the cut in size S meets the standards of the <strong>Goool.de<\/strong>, zapewniaj\u0105c komfortowe dopasowanie charakterystyczne dla projekt\u00f3w tej marki.<\/p>\n<p>To propozycja dla kolekcjoner\u00f3w oraz kibic\u00f3w poszukuj\u0105cych oryginalnej koszulki pi\u0142karskiej <strong>Borussia Dortmund<\/strong> from the season <strong>2001\/02<\/strong>, providing a clear record of the club's championship season.<\/p>","protected":false},"featured_media":122950,"template":"","meta":{"_kad_blocks_custom_css":"","_kad_blocks_head_custom_js":"","_kad_blocks_body_custom_js":"","_kad_blocks_footer_custom_js":"","_kad_post_transparent":"default","_kad_post_title":"","_kad_post_layout":"default","_kad_post_sidebar_id":"","_kad_post_content_style":"default","_kad_post_vertical_padding":"default","_kad_post_feature":"","_kad_post_feature_position":"","_kad_post_header":false,"_kad_post_footer":false,"_kad_post_classname":""},"product_brand":[1377],"product_cat":[15,1438,1423],"product_tag":[],"class_list":{"0":"post-122819","1":"product","2":"type-product","3":"status-publish","4":"has-post-thumbnail","6":"product_brand-goool-de","7":"product_cat-bez-kategorii","8":"product_cat-kluby-niemieckie-borussiadortmund","9":"product_cat-kurtkibluzytrening","10":"pa_rozmiar-s","12":"first","13":"instock","14":"taxable","15":"shipping-taxable","16":"purchasable","17":"product-type-simple","18":"entry","19":"content-bg","20":"loop-entry"},"taxonomy_info":{"product_brand":[{"value":1377,"label":"Goool.de"}],"product_cat":[{"value":15,"label":"Bez kategorii"},{"value":1438,"label":"Borussia Dortmund"},{"value":1423,"label":"Kurtki\/bluzy\/trening"}],"pa_rozmiar":[{"value":1815,"label":"S"}]},"featured_image_src_large":["https:\/\/footballthrift.shop\/wp-content\/uploads\/2026\/04\/Photoroom_20260415_134855-1024x1024.jpg",1024,1024,true],"author_info":[],"comment_info":"","_links":{"self":[{"href":"https:\/\/footballthrift.shop\/en\/wp-json\/wp\/v2\/product\/122819","targetHints":{"allow":["GET"]}}],"collection":[{"href":"https:\/\/footballthrift.shop\/en\/wp-json\/wp\/v2\/product"}],"about":[{"href":"https:\/\/footballthrift.shop\/en\/wp-json\/wp\/v2\/types\/product"}],"wp:featuredmedia":[{"embeddable":true,"href":"https:\/\/footballthrift.shop\/en\/wp-json\/wp\/v2\/media\/122950"}],"wp:attachment":[{"href":"https:\/\/footballthrift.shop\/en\/wp-json\/wp\/v2\/media?parent=122819"}],"wp:term":[{"taxonomy":"product_brand","embeddable":true,"href":"https:\/\/footballthrift.shop\/en\/wp-json\/wp\/v2\/product_brand?post=122819"},{"taxonomy":"product_cat","embeddable":true,"href":"https:\/\/footballthrift.shop\/en\/wp-json\/wp\/v2\/product_cat?post=122819"},{"taxonomy":"product_tag","embeddable":true,"href":"https:\/\/footballthrift.shop\/en\/wp-json\/wp\/v2\/product_tag?post=122819"}],"curies":[{"name":"wp","href":"https:\/\/api.w.org\/{rel}","templated":true}]}}