{"id":122465,"date":"2026-04-12T17:59:35","date_gmt":"2026-04-12T15:59:35","guid":{"rendered":"https:\/\/footballthrift.shop\/?post_type=product&#038;p=122465"},"modified":"2026-04-12T17:59:35","modified_gmt":"2026-04-12T15:59:35","slug":"koszulka-pilkarska-real-madryt-2016-17-home-7-ronaldo-l","status":"publish","type":"product","link":"https:\/\/footballthrift.shop\/en\/koszulka-pilkarska-real-madryt-2016-17-home-7-ronaldo-l\/","title":{"rendered":"Koszulka pi\u0142karska Real Madryt 2016\/17 Home 7 Ronaldo [L]"},"content":{"rendered":"<p><strong>Team:<\/strong> Real Madrid<\/p>\n<p><strong>Season:<\/strong> 2016\/17 Home<\/p>\n<p><strong>Size: <\/strong>L<\/p>\n<p><strong>Condition:<\/strong> Bardzo dobry &#8211; drobne odbarwienie materia\u0142u na froncie.<\/p>\n<p><strong>Dimensions (underarm width\/length) in cm: <\/strong>57\/75<\/p>","protected":false},"excerpt":{"rendered":"<p><strong>Oryginalna domowa koszulka pi\u0142karska Realu Madryt z sezonu 2016\/17 produkcji Adidasa z nadrukiem Cristiano Ronaldo.\u00a0<\/strong><\/p>\n<p>Home model <strong>Real Madrid<\/strong> from the season <strong>2016\/17<\/strong>produced by <strong>Adidas<\/strong> w rozmiarze L, pochodzi z jednego z najbardziej udanych okres\u00f3w w historii klubu, zako\u0144czonego zdobyciem mistrzostwa Hiszpanii oraz triumfem w Lidze Mistrz\u00f3w. Dru\u017cyna prowadzona przez Zin\u00e9dine\u2019a Zidane\u2019a zapisa\u0142a si\u0119 w historii jako pierwszy zesp\u00f3\u0142, kt\u00f3ry obroni\u0142 trofeum Champions League w nowo\u017cytnej formule.<\/p>\n<p>Koszulka zosta\u0142a wyprodukowana na klasycznej bia\u0142ej bazie, z eleganckim ko\u0142nierzykiem typu polo zapinanym na guziki. Po bokach znajduj\u0105 si\u0119 granatowe paski charakterystyczne dla projekt\u00f3w <strong>Adidas<\/strong>, a na r\u0119kawku umieszczono emblemat rozgrywek <strong>La Liga<\/strong>, podkre\u015blaj\u0105cy ligowy kontekst tego modelu. Ca\u0142o\u015b\u0107 utrzymana jest w minimalistycznym i bardzo eleganckim stylu.<\/p>\n<p>There is an original print on the back. <strong>Cristiano Ronaldo<\/strong>, which during the season <strong>2016\/17<\/strong> by\u0142 absolutnym liderem ofensywy i kluczow\u0105 postaci\u0105 w drodze po najwa\u017cniejsze trofea. <strong>Cristiano Ronaldo<\/strong> zdobywa\u0142 decyduj\u0105ce bramki, w tym hat-tricka w \u0107wier\u0107finale i dwa gole w finale Ligi Mistrz\u00f3w przeciwko Juventusowi, potwierdzaj\u0105c swoj\u0105 dominacj\u0119 na europejskiej scenie. W sk\u0142adzie znajdowali si\u0119 r\u00f3wnie\u017c m.in. <strong>Karim Benzema<\/strong>, <strong>Gareth Bale<\/strong>, <strong>Luka Modri\u0107<\/strong>, <strong>Toni Kroos<\/strong> and <strong>Sergio Ramos<\/strong>, tworz\u0105c jedn\u0105 z najbardziej kompletnych dru\u017cyn swojej epoki.<\/p>\n<p>Koszulka zosta\u0142a wykonana z lekkiego i przewiewnego materia\u0142u, a kr\u00f3j w rozmiarze L odpowiada standardom stosowanym przez <strong>Adidas<\/strong>.<\/p>\n<p>This is for collectors and fans looking for an original home football jersey <strong>Real Madrid<\/strong> from the season <strong>2016\/17<\/strong>, stanowi\u0105cej czytelny zapis jednego z najbardziej dominuj\u0105cych sezon\u00f3w w historii klubu.<\/p>","protected":false},"featured_media":122486,"template":"","meta":{"_kad_blocks_custom_css":"","_kad_blocks_head_custom_js":"","_kad_blocks_body_custom_js":"","_kad_blocks_footer_custom_js":"","_kad_post_transparent":"default","_kad_post_title":"","_kad_post_layout":"default","_kad_post_sidebar_id":"","_kad_post_content_style":"default","_kad_post_vertical_padding":"default","_kad_post_feature":"","_kad_post_feature_position":"","_kad_post_header":false,"_kad_post_footer":false,"_kad_post_classname":""},"product_brand":[1283],"product_cat":[15,1456],"product_tag":[],"class_list":{"0":"post-122465","1":"product","2":"type-product","3":"status-publish","4":"has-post-thumbnail","6":"product_brand-adidas","7":"product_cat-bez-kategorii","8":"product_cat-kluby-hiszpanskie-realmadryt","9":"pa_homeawaythird-home","10":"pa_rozmiar-l","12":"first","13":"instock","14":"taxable","15":"shipping-taxable","16":"purchasable","17":"product-type-simple","18":"entry","19":"content-bg","20":"loop-entry"},"taxonomy_info":{"product_brand":[{"value":1283,"label":"Adidas"}],"product_cat":[{"value":15,"label":"Bez kategorii"},{"value":1456,"label":"Real Madryt"}],"pa_homeawaythird":[{"value":1597,"label":"Home"}],"pa_rozmiar":[{"value":1817,"label":"L"}]},"featured_image_src_large":["https:\/\/footballthrift.shop\/wp-content\/uploads\/2026\/04\/Photoroom_20260409_110557-1024x1024.jpg",1024,1024,true],"author_info":[],"comment_info":"","_links":{"self":[{"href":"https:\/\/footballthrift.shop\/en\/wp-json\/wp\/v2\/product\/122465","targetHints":{"allow":["GET"]}}],"collection":[{"href":"https:\/\/footballthrift.shop\/en\/wp-json\/wp\/v2\/product"}],"about":[{"href":"https:\/\/footballthrift.shop\/en\/wp-json\/wp\/v2\/types\/product"}],"wp:featuredmedia":[{"embeddable":true,"href":"https:\/\/footballthrift.shop\/en\/wp-json\/wp\/v2\/media\/122486"}],"wp:attachment":[{"href":"https:\/\/footballthrift.shop\/en\/wp-json\/wp\/v2\/media?parent=122465"}],"wp:term":[{"taxonomy":"product_brand","embeddable":true,"href":"https:\/\/footballthrift.shop\/en\/wp-json\/wp\/v2\/product_brand?post=122465"},{"taxonomy":"product_cat","embeddable":true,"href":"https:\/\/footballthrift.shop\/en\/wp-json\/wp\/v2\/product_cat?post=122465"},{"taxonomy":"product_tag","embeddable":true,"href":"https:\/\/footballthrift.shop\/en\/wp-json\/wp\/v2\/product_tag?post=122465"}],"curies":[{"name":"wp","href":"https:\/\/api.w.org\/{rel}","templated":true}]}}