{"id":122463,"date":"2026-04-12T17:59:23","date_gmt":"2026-04-12T15:59:23","guid":{"rendered":"https:\/\/footballthrift.shop\/?post_type=product&#038;p=122463"},"modified":"2026-04-12T17:59:30","modified_gmt":"2026-04-12T15:59:30","slug":"koszulka-pilkarska-real-madryt-2013-14-home-2-varane-l","status":"publish","type":"product","link":"https:\/\/footballthrift.shop\/en\/koszulka-pilkarska-real-madryt-2013-14-home-2-varane-l\/","title":{"rendered":"Koszulka pi\u0142karska Real Madryt 2013\/14 Home 2 Varane [L]"},"content":{"rendered":"<p><strong>Team:<\/strong> Real Madrid<\/p>\n<p><strong>Season:<\/strong> 2013\/14 Home<\/p>\n<p><strong>Size: <\/strong>L<\/p>\n<p><strong>Condition:<\/strong> Bardzo dobry &#8211; nieznacznie uszkodzony nadruk sponsora na froncie oraz kilka niewielkich zabrudze\u0144 materia\u0142u.<\/p>\n<p><strong>Dimensions (underarm width\/length) in cm: <\/strong>51\/76<\/p>","protected":false},"excerpt":{"rendered":"<p><strong>Oryginalna domowa koszulka pi\u0142karska Realu Madryt z sezonu 2013\/14 produkcji Adidasa z nadrukiem Raphaela Varane\u2019a.\u00a0<\/strong><\/p>\n<p>Home model <strong>Real Madrid<\/strong> from the season <strong>2013\/14<\/strong>produced by <strong>Adidas<\/strong> w rozmiarze L, pochodzi z historycznego okresu zako\u0144czonego zdobyciem upragnionej dziesi\u0105tej Ligi Mistrz\u00f3w. Zesp\u00f3\u0142 prowadzony przez Carlo Ancelottiego si\u0119gn\u0105\u0142 po trofeum po emocjonuj\u0105cym finale przeciwko Atl\u00e9tico Madryt, zapisuj\u0105c si\u0119 na sta\u0142e w historii europejskiego futbolu.<\/p>\n<p>Koszulka zosta\u0142a wyprodukowana na klasycznej bia\u0142ej bazie, z subtelnymi szarymi oraz pomara\u0144czowymi wyko\u0144czeniami, kt\u00f3re nadaj\u0105 projektowi nowoczesny charakter. Na froncie centralne miejsce zajmuje nadruk sponsora <strong>Fly Emirates<\/strong>, natomiast na r\u0119kawku znajduje si\u0119 emblemat rozgrywek <strong>La Liga<\/strong>. Charakterystyczne trzy paski <strong>Adidas<\/strong> w kolorze szarym stanowi\u0105 sta\u0142y element projektu i podkre\u015blaj\u0105 jego sportow\u0105 to\u017csamo\u015b\u0107.<\/p>\n<p>There is an original print on the back. <strong>Raphaela Varane\u2019a<\/strong>, jednego z kluczowych defensor\u00f3w zespo\u0142u w tamtym okresie. <strong>Rapha\u00ebl Varane<\/strong> wyr\u00f3\u017cnia\u0142 si\u0119 szybko\u015bci\u0105 i pewno\u015bci\u0105 w defensywie, b\u0119d\u0105c wa\u017cnym elementem rotacji w linii obrony. W sk\u0142adzie znajdowali si\u0119 r\u00f3wnie\u017c m.in. <strong>Cristiano Ronaldo<\/strong>, <strong>Gareth Bale<\/strong>, <strong>Karim Benzema<\/strong>, <strong>Luka Modri\u0107<\/strong> and <strong>Sergio Ramos<\/strong>, kt\u00f3rego bramka w doliczonym czasie gry fina\u0142u otworzy\u0142a drog\u0119 do triumfu.<\/p>\n<p>Koszulka zosta\u0142a wykonana z lekkiego i przewiewnego materia\u0142u, a kr\u00f3j w rozmiarze L odpowiada standardom stosowanym przez <strong>Adidas<\/strong>.<\/p>\n<p>This is for collectors and fans looking for an original home football jersey <strong>Real Madrid<\/strong> from the season <strong>2013\/14<\/strong>, stanowi\u0105cej czytelny zapis zdobycia dziesi\u0105tej Ligi Mistrz\u00f3w.<\/p>","protected":false},"featured_media":122468,"template":"","meta":{"_kad_blocks_custom_css":"","_kad_blocks_head_custom_js":"","_kad_blocks_body_custom_js":"","_kad_blocks_footer_custom_js":"","_kad_post_transparent":"default","_kad_post_title":"","_kad_post_layout":"default","_kad_post_sidebar_id":"","_kad_post_content_style":"default","_kad_post_vertical_padding":"default","_kad_post_feature":"","_kad_post_feature_position":"","_kad_post_header":false,"_kad_post_footer":false,"_kad_post_classname":""},"product_brand":[1283],"product_cat":[15,1456],"product_tag":[],"class_list":{"0":"post-122463","1":"product","2":"type-product","3":"status-publish","4":"has-post-thumbnail","6":"product_brand-adidas","7":"product_cat-bez-kategorii","8":"product_cat-kluby-hiszpanskie-realmadryt","9":"pa_homeawaythird-home","10":"pa_rozmiar-l","12":"first","13":"instock","14":"taxable","15":"shipping-taxable","16":"purchasable","17":"product-type-simple","18":"entry","19":"content-bg","20":"loop-entry"},"taxonomy_info":{"product_brand":[{"value":1283,"label":"Adidas"}],"product_cat":[{"value":15,"label":"Bez kategorii"},{"value":1456,"label":"Real Madryt"}],"pa_homeawaythird":[{"value":1597,"label":"Home"}],"pa_rozmiar":[{"value":1817,"label":"L"}]},"featured_image_src_large":["https:\/\/footballthrift.shop\/wp-content\/uploads\/2026\/04\/Photoroom_20260409_110531-1024x1024.jpg",1024,1024,true],"author_info":[],"comment_info":"","_links":{"self":[{"href":"https:\/\/footballthrift.shop\/en\/wp-json\/wp\/v2\/product\/122463","targetHints":{"allow":["GET"]}}],"collection":[{"href":"https:\/\/footballthrift.shop\/en\/wp-json\/wp\/v2\/product"}],"about":[{"href":"https:\/\/footballthrift.shop\/en\/wp-json\/wp\/v2\/types\/product"}],"wp:featuredmedia":[{"embeddable":true,"href":"https:\/\/footballthrift.shop\/en\/wp-json\/wp\/v2\/media\/122468"}],"wp:attachment":[{"href":"https:\/\/footballthrift.shop\/en\/wp-json\/wp\/v2\/media?parent=122463"}],"wp:term":[{"taxonomy":"product_brand","embeddable":true,"href":"https:\/\/footballthrift.shop\/en\/wp-json\/wp\/v2\/product_brand?post=122463"},{"taxonomy":"product_cat","embeddable":true,"href":"https:\/\/footballthrift.shop\/en\/wp-json\/wp\/v2\/product_cat?post=122463"},{"taxonomy":"product_tag","embeddable":true,"href":"https:\/\/footballthrift.shop\/en\/wp-json\/wp\/v2\/product_tag?post=122463"}],"curies":[{"name":"wp","href":"https:\/\/api.w.org\/{rel}","templated":true}]}}