{"id":122457,"date":"2026-04-12T17:59:24","date_gmt":"2026-04-12T15:59:24","guid":{"rendered":"https:\/\/footballthrift.shop\/?post_type=product&#038;p=122457"},"modified":"2026-04-12T17:59:31","modified_gmt":"2026-04-12T15:59:31","slug":"koszulka-pilkarska-real-madryt-2021-22-away-s","status":"publish","type":"product","link":"https:\/\/footballthrift.shop\/en\/koszulka-pilkarska-real-madryt-2021-22-away-s\/","title":{"rendered":"Koszulka pi\u0142karska Real Madryt 2021\/22 Away [S]"},"content":{"rendered":"<p><strong>Team:<\/strong> Real Madrid<\/p>\n<p><strong>Season:<\/strong> 2021\/22 Away<\/p>\n<p><strong>Size: <\/strong>S<\/p>\n<p><strong>Condition:<\/strong> Zadowalaj\u0105cy &#8211; nieznacznie uszkodzony nadruk sponsora na froncie oraz du\u017ce zaci\u0105gni\u0119cie materia\u0142u na plecach.<\/p>\n<p><strong>Dimensions (underarm width\/length) in cm: <\/strong>46\/70<\/p>","protected":false},"excerpt":{"rendered":"<p><strong>Oryginalna wyjazdowa koszulka pi\u0142karska Realu Madryt z sezonu 2021\/22 produkcji Adidasa.\u00a0<\/strong><\/p>\n<p>Away model <strong>Real Madrid<\/strong> from the season <strong>2021\/22<\/strong>produced by <strong>Adidas<\/strong> w rozmiarze S, pochodzi z wyj\u0105tkowego okresu zako\u0144czonego zdobyciem mistrzostwa Hiszpanii oraz triumfem w Lidze Mistrz\u00f3w. Dru\u017cyna prowadzona przez Carlo Ancelottiego imponowa\u0142a do\u015bwiadczeniem i skuteczno\u015bci\u0105, a jej droga po europejskie trofeum obfitowa\u0142a w spektakularne zwyci\u0119stwa nad czo\u0142owymi zespo\u0142ami.<\/p>\n<p>Koszulka zosta\u0142a wyprodukowana na ciemnoniebieskiej bazie, z charakterystycznym motywem znaczk\u00f3w i rysunk\u00f3w w stylu graffiti pokrywaj\u0105cym ca\u0142\u0105 powierzchni\u0119, co nadaje projektowi nowoczesny i wyr\u00f3\u017cniaj\u0105cy si\u0119 charakter. Pomara\u0144czowe paski charakterystyczne dla projekt\u00f3w <strong>Adidas<\/strong> umieszczone na r\u0119kawkach oraz wyko\u0144czenie ko\u0142nierza w tym samym kolorze tworz\u0105 wyrazisty kontrast. Na froncie centralne miejsce zajmuje nadruk sponsora <strong>Emirates Fly Better<\/strong>.<\/p>\n<p>During the season <strong>2021\/22<\/strong> <strong>Real Madrid<\/strong> opiera\u0142 swoj\u0105 gr\u0119 na takich zawodnikach jak <strong>Karim Benzema<\/strong>, kt\u00f3ry by\u0142 liderem ofensywy i kluczow\u0105 postaci\u0105 w drodze po trofea, a tak\u017ce <strong>Vin\u00edcius J\u00fanior<\/strong>, <strong>Luka Modri\u0107<\/strong>, <strong>Toni Kroos<\/strong>, <strong>Casemiro<\/strong> and <strong>Thibaut Courtois<\/strong>, tworz\u0105c zesp\u00f3\u0142 zdolny do rywalizacji na najwy\u017cszym poziomie.<\/p>\n<p>Koszulka zosta\u0142a wykonana z lekkiego i przewiewnego materia\u0142u, a kr\u00f3j w rozmiarze S odpowiada standardom stosowanym przez <strong>Adidas<\/strong>.<\/p>\n<p>This is for collectors and fans looking for an original away football jersey <strong>Real Madrid<\/strong> from the season <strong>2021\/22<\/strong>, stanowi\u0105cej czytelny zapis zdobycia mistrzostwa Hiszpanii i Ligi Mistrz\u00f3w.<\/p>","protected":false},"featured_media":122656,"template":"","meta":{"_kad_blocks_custom_css":"","_kad_blocks_head_custom_js":"","_kad_blocks_body_custom_js":"","_kad_blocks_footer_custom_js":"","_kad_post_transparent":"default","_kad_post_title":"","_kad_post_layout":"default","_kad_post_sidebar_id":"","_kad_post_content_style":"default","_kad_post_vertical_padding":"default","_kad_post_feature":"","_kad_post_feature_position":"","_kad_post_header":false,"_kad_post_footer":false,"_kad_post_classname":""},"product_brand":[1283],"product_cat":[15,1456],"product_tag":[],"class_list":{"0":"post-122457","1":"product","2":"type-product","3":"status-publish","4":"has-post-thumbnail","6":"product_brand-adidas","7":"product_cat-bez-kategorii","8":"product_cat-kluby-hiszpanskie-realmadryt","9":"pa_homeawaythird-away","10":"pa_rozmiar-s","12":"first","13":"instock","14":"taxable","15":"shipping-taxable","16":"purchasable","17":"product-type-simple","18":"entry","19":"content-bg","20":"loop-entry"},"taxonomy_info":{"product_brand":[{"value":1283,"label":"Adidas"}],"product_cat":[{"value":15,"label":"Bez kategorii"},{"value":1456,"label":"Real Madryt"}],"pa_homeawaythird":[{"value":1598,"label":"Away"}],"pa_rozmiar":[{"value":1815,"label":"S"}]},"featured_image_src_large":["https:\/\/footballthrift.shop\/wp-content\/uploads\/2026\/04\/Photoroom_20260409_110152-1024x1024.jpg",1024,1024,true],"author_info":[],"comment_info":"","_links":{"self":[{"href":"https:\/\/footballthrift.shop\/en\/wp-json\/wp\/v2\/product\/122457","targetHints":{"allow":["GET"]}}],"collection":[{"href":"https:\/\/footballthrift.shop\/en\/wp-json\/wp\/v2\/product"}],"about":[{"href":"https:\/\/footballthrift.shop\/en\/wp-json\/wp\/v2\/types\/product"}],"wp:featuredmedia":[{"embeddable":true,"href":"https:\/\/footballthrift.shop\/en\/wp-json\/wp\/v2\/media\/122656"}],"wp:attachment":[{"href":"https:\/\/footballthrift.shop\/en\/wp-json\/wp\/v2\/media?parent=122457"}],"wp:term":[{"taxonomy":"product_brand","embeddable":true,"href":"https:\/\/footballthrift.shop\/en\/wp-json\/wp\/v2\/product_brand?post=122457"},{"taxonomy":"product_cat","embeddable":true,"href":"https:\/\/footballthrift.shop\/en\/wp-json\/wp\/v2\/product_cat?post=122457"},{"taxonomy":"product_tag","embeddable":true,"href":"https:\/\/footballthrift.shop\/en\/wp-json\/wp\/v2\/product_tag?post=122457"}],"curies":[{"name":"wp","href":"https:\/\/api.w.org\/{rel}","templated":true}]}}