{"id":122455,"date":"2026-04-12T17:59:26","date_gmt":"2026-04-12T15:59:26","guid":{"rendered":"https:\/\/footballthrift.shop\/?post_type=product&#038;p=122455"},"modified":"2026-04-12T17:59:31","modified_gmt":"2026-04-12T15:59:31","slug":"koszulka-pilkarska-real-madryt-2002-03-third-xl","status":"publish","type":"product","link":"https:\/\/footballthrift.shop\/en\/koszulka-pilkarska-real-madryt-2002-03-third-xl\/","title":{"rendered":"Koszulka pi\u0142karska Real Madryt 2002\/03 Third [XL]"},"content":{"rendered":"<p><strong>Team:<\/strong> Real Madrid<\/p>\n<p><strong>Season:<\/strong> 2002\/03 Third<\/p>\n<p><strong>Size: <\/strong>XL<\/p>\n<p><strong>Condition:<\/strong> Dobry &#8211; nieznaczna liczba mikro zaci\u0105gni\u0119\u0107 i uszkodzony nadruk sponsora na froncie.<\/p>\n<p><strong>Dimensions (underarm width\/length) in cm: <\/strong>59\/76<\/p>","protected":false},"excerpt":{"rendered":"<p><strong>Oryginalna trzecia koszulka pi\u0142karska Realu Madryt z sezonu 2002\/03 produkcji Adidasa.&nbsp;<\/strong><\/p>\n<p>Third set <strong>Real Madrid<\/strong> from the season <strong>2002\/03<\/strong>produced by <strong>Adidas<\/strong> w rozmiarze XL, pochodzi z okresu s\u0142ynnej ery \u201eGal\u00e1cticos\u201d, kiedy klub gromadzi\u0142 najwi\u0119ksze gwiazdy \u015bwiatowego futbolu i si\u0119gn\u0105\u0142 po mistrzostwo Hiszpanii. By\u0142 to czas dominacji indywidualno\u015bci i ofensywnego stylu gry, kt\u00f3ry przyci\u0105ga\u0142 uwag\u0119 kibic\u00f3w na ca\u0142ym \u015bwiecie.<\/p>\n<p>Koszulka zosta\u0142a wyprodukowana na ciemnofioletowej bazie, co stanowi wyra\u017ane odej\u015bcie od klasycznej bieli i nadaje projektowi unikalny charakter. Na froncie centralne miejsce zajmuje nadruk sponsora <strong>Siemens Mobile<\/strong>, a ca\u0142o\u015b\u0107 utrzymana jest w minimalistycznej stylistyce typowej dla projekt\u00f3w <strong>Adidas<\/strong> from that period.<\/p>\n<p>During the season <strong>2002\/03<\/strong> <strong>Real Madrid<\/strong> opiera\u0142 swoj\u0105 gr\u0119 na takich zawodnikach jak <strong>Zin\u00e9dine Zidane<\/strong>, <strong>Ronaldo<\/strong>, <strong>Ra\u00fal<\/strong>, <strong>Luis Figo<\/strong> or <strong>Roberto Carlos<\/strong>, tworz\u0105c jedn\u0105 z najbardziej rozpoznawalnych dru\u017cyn w historii. Zesp\u00f3\u0142 zdoby\u0142 mistrzostwo Hiszpanii, a jego styl gry by\u0142 symbolem epoki pe\u0142nej gwiazd \u015bwiatowego formatu.<\/p>\n<p>Koszulka zosta\u0142a wykonana z solidnego i ci\u0119\u017ckiego materia\u0142u, a kr\u00f3j w rozmiarze XL odpowiada standardom stosowanym przez <strong>Adidas<\/strong>.<\/p>\n<p>This is for collectors and fans looking for the original third football jersey <strong>Real Madrid<\/strong> from the season <strong>2002\/03<\/strong>, stanowi\u0105cej czytelny zapis ery Gal\u00e1cticos i zdobycia mistrzostwa Hiszpanii.<\/p>","protected":false},"featured_media":122641,"template":"","meta":{"_kad_blocks_custom_css":"","_kad_blocks_head_custom_js":"","_kad_blocks_body_custom_js":"","_kad_blocks_footer_custom_js":"","_kad_post_transparent":"default","_kad_post_title":"","_kad_post_layout":"default","_kad_post_sidebar_id":"","_kad_post_content_style":"default","_kad_post_vertical_padding":"default","_kad_post_feature":"","_kad_post_feature_position":"","_kad_post_header":false,"_kad_post_footer":false,"_kad_post_classname":""},"product_brand":[1283],"product_cat":[15,1456],"product_tag":[],"class_list":{"0":"post-122455","1":"product","2":"type-product","3":"status-publish","4":"has-post-thumbnail","6":"product_brand-adidas","7":"product_cat-bez-kategorii","8":"product_cat-kluby-hiszpanskie-realmadryt","9":"pa_homeawaythird-third","10":"pa_rozmiar-xl","12":"first","13":"instock","14":"taxable","15":"shipping-taxable","16":"purchasable","17":"product-type-simple","18":"entry","19":"content-bg","20":"loop-entry"},"taxonomy_info":{"product_brand":[{"value":1283,"label":"Adidas"}],"product_cat":[{"value":15,"label":"Bez kategorii"},{"value":1456,"label":"Real Madryt"}],"pa_homeawaythird":[{"value":1599,"label":"Third"}],"pa_rozmiar":[{"value":1818,"label":"XL"}]},"featured_image_src_large":["https:\/\/footballthrift.shop\/wp-content\/uploads\/2026\/04\/Photoroom_20260409_105938-1024x1024.jpg",1024,1024,true],"author_info":[],"comment_info":"","_links":{"self":[{"href":"https:\/\/footballthrift.shop\/en\/wp-json\/wp\/v2\/product\/122455","targetHints":{"allow":["GET"]}}],"collection":[{"href":"https:\/\/footballthrift.shop\/en\/wp-json\/wp\/v2\/product"}],"about":[{"href":"https:\/\/footballthrift.shop\/en\/wp-json\/wp\/v2\/types\/product"}],"wp:featuredmedia":[{"embeddable":true,"href":"https:\/\/footballthrift.shop\/en\/wp-json\/wp\/v2\/media\/122641"}],"wp:attachment":[{"href":"https:\/\/footballthrift.shop\/en\/wp-json\/wp\/v2\/media?parent=122455"}],"wp:term":[{"taxonomy":"product_brand","embeddable":true,"href":"https:\/\/footballthrift.shop\/en\/wp-json\/wp\/v2\/product_brand?post=122455"},{"taxonomy":"product_cat","embeddable":true,"href":"https:\/\/footballthrift.shop\/en\/wp-json\/wp\/v2\/product_cat?post=122455"},{"taxonomy":"product_tag","embeddable":true,"href":"https:\/\/footballthrift.shop\/en\/wp-json\/wp\/v2\/product_tag?post=122455"}],"curies":[{"name":"wp","href":"https:\/\/api.w.org\/{rel}","templated":true}]}}