{"id":122451,"date":"2026-04-12T17:59:27","date_gmt":"2026-04-12T15:59:27","guid":{"rendered":"https:\/\/footballthrift.shop\/?post_type=product&#038;p=122451"},"modified":"2026-04-12T17:59:31","modified_gmt":"2026-04-12T15:59:31","slug":"koszulka-pilkarska-real-madryt-2006-07-home-l","status":"publish","type":"product","link":"https:\/\/footballthrift.shop\/en\/koszulka-pilkarska-real-madryt-2006-07-home-l\/","title":{"rendered":"Koszulka pi\u0142karska Real Madryt 2006\/07 Home [L]"},"content":{"rendered":"<p><strong>Team:<\/strong> Real Madrid<\/p>\n<p><strong>Season:<\/strong> 2006\/07 Home<\/p>\n<p><strong>Size: <\/strong>L<\/p>\n<p><strong>Condition:<\/strong> Very good - a few micro stitches.<\/p>\n<p><strong>Dimensions (underarm width\/length) in cm: <\/strong>54\/73(front), 79(rear)<\/p>","protected":false},"excerpt":{"rendered":"<p><strong>Oryginalna domowa koszulka pi\u0142karska Realu Madryt z sezonu 2006\/07 produkcji Adidasa.\u00a0<\/strong><\/p>\n<p>Home model <strong>Real Madrid<\/strong> from the season <strong>2006\/07<\/strong>produced by <strong>Adidas<\/strong> w rozmiarze L, pochodzi z jednego z najbardziej emocjonuj\u0105cych sezon\u00f3w w historii klubu, zako\u0144czonego zdobyciem mistrzostwa Hiszpanii po dramatycznej ko\u0144c\u00f3wce rozgrywek. Dru\u017cyna prowadzona przez Fabio Capello odrobi\u0142a straty punktowe i si\u0119gn\u0119\u0142a po tytu\u0142 dzi\u0119ki lepszemu bilansowi bezpo\u015brednich spotka\u0144.<\/p>\n<p>Koszulka zosta\u0142a wyprodukowana na bia\u0142ej bazie, z wyko\u0144czeniami w kolorach fioletowym, szarym i czarnym, co nadaje projektowi bardziej nowoczesny charakter. Na froncie centralne miejsce zajmuje nadruk sponsora <strong>BenQ Siemens<\/strong>, natomiast na r\u0119kawku znajduje si\u0119 emblemat rozgrywek <strong>La Liga<\/strong>. Ca\u0142o\u015b\u0107 oparta jest na charakterystycznym wzorze <strong>TeamGeist<\/strong> used by <strong>Adidas<\/strong>, wyr\u00f3\u017cniaj\u0105cym si\u0119 p\u0142ynnymi liniami i minimalistyczn\u0105 konstrukcj\u0105.<\/p>\n<p>During the season <strong>2006\/07<\/strong> <strong>Real Madrid<\/strong> opiera\u0142 swoj\u0105 gr\u0119 na takich zawodnikach jak <strong>Ruud van Nistelrooy<\/strong>, kt\u00f3ry zosta\u0142 kr\u00f3lem strzelc\u00f3w ligi, a tak\u017ce <strong>Ra\u00fal<\/strong>, <strong>David Beckham<\/strong>, <strong>Sergio Ramos<\/strong>, <strong>Robinho<\/strong> or <strong>Iker Casillas<\/strong>, tworz\u0105c zesp\u00f3\u0142, kt\u00f3ry mimo trudno\u015bci w trakcie sezonu zdo\u0142a\u0142 si\u0119gn\u0105\u0107 po tytu\u0142 mistrzowski.<\/p>\n<p>Koszulka zosta\u0142a wykonana z lekkiego i przewiewnego materia\u0142u, a kr\u00f3j w rozmiarze L odpowiada standardom stosowanym przez <strong>Adidas<\/strong>.<\/p>\n<p>This is for collectors and fans looking for an original home football jersey <strong>Real Madrid<\/strong> from the season <strong>2006\/07<\/strong>, stanowi\u0105cej czytelny zapis jednego z najbardziej pami\u0119tnych mistrzostw Hiszpanii.<\/p>","protected":false},"featured_media":122614,"template":"","meta":{"_kad_blocks_custom_css":"","_kad_blocks_head_custom_js":"","_kad_blocks_body_custom_js":"","_kad_blocks_footer_custom_js":"","_kad_post_transparent":"default","_kad_post_title":"","_kad_post_layout":"default","_kad_post_sidebar_id":"","_kad_post_content_style":"default","_kad_post_vertical_padding":"default","_kad_post_feature":"","_kad_post_feature_position":"","_kad_post_header":false,"_kad_post_footer":false,"_kad_post_classname":""},"product_brand":[1283],"product_cat":[15,1456],"product_tag":[],"class_list":{"0":"post-122451","1":"product","2":"type-product","3":"status-publish","4":"has-post-thumbnail","6":"product_brand-adidas","7":"product_cat-bez-kategorii","8":"product_cat-kluby-hiszpanskie-realmadryt","9":"pa_homeawaythird-home","10":"pa_rozmiar-l","12":"first","13":"instock","14":"taxable","15":"shipping-taxable","16":"purchasable","17":"product-type-simple","18":"entry","19":"content-bg","20":"loop-entry"},"taxonomy_info":{"product_brand":[{"value":1283,"label":"Adidas"}],"product_cat":[{"value":15,"label":"Bez kategorii"},{"value":1456,"label":"Real Madryt"}],"pa_homeawaythird":[{"value":1597,"label":"Home"}],"pa_rozmiar":[{"value":1817,"label":"L"}]},"featured_image_src_large":["https:\/\/footballthrift.shop\/wp-content\/uploads\/2026\/04\/Photoroom_20260409_105653-1024x1024.jpg",1024,1024,true],"author_info":[],"comment_info":"","_links":{"self":[{"href":"https:\/\/footballthrift.shop\/en\/wp-json\/wp\/v2\/product\/122451","targetHints":{"allow":["GET"]}}],"collection":[{"href":"https:\/\/footballthrift.shop\/en\/wp-json\/wp\/v2\/product"}],"about":[{"href":"https:\/\/footballthrift.shop\/en\/wp-json\/wp\/v2\/types\/product"}],"wp:featuredmedia":[{"embeddable":true,"href":"https:\/\/footballthrift.shop\/en\/wp-json\/wp\/v2\/media\/122614"}],"wp:attachment":[{"href":"https:\/\/footballthrift.shop\/en\/wp-json\/wp\/v2\/media?parent=122451"}],"wp:term":[{"taxonomy":"product_brand","embeddable":true,"href":"https:\/\/footballthrift.shop\/en\/wp-json\/wp\/v2\/product_brand?post=122451"},{"taxonomy":"product_cat","embeddable":true,"href":"https:\/\/footballthrift.shop\/en\/wp-json\/wp\/v2\/product_cat?post=122451"},{"taxonomy":"product_tag","embeddable":true,"href":"https:\/\/footballthrift.shop\/en\/wp-json\/wp\/v2\/product_tag?post=122451"}],"curies":[{"name":"wp","href":"https:\/\/api.w.org\/{rel}","templated":true}]}}