{"id":122449,"date":"2026-04-12T17:59:33","date_gmt":"2026-04-12T15:59:33","guid":{"rendered":"https:\/\/footballthrift.shop\/?post_type=product&#038;p=122449"},"modified":"2026-04-12T17:59:34","modified_gmt":"2026-04-12T15:59:34","slug":"koszulka-pilkarska-real-madryt-2022-23-home-s-2","status":"publish","type":"product","link":"https:\/\/footballthrift.shop\/en\/koszulka-pilkarska-real-madryt-2022-23-home-s-2\/","title":{"rendered":"Koszulka pi\u0142karska Real Madryt 2022\/23 Home [S]"},"content":{"rendered":"<p><strong>Team:<\/strong> Real Madrid<\/p>\n<p><strong>Season:<\/strong> 2022\/23 Home<\/p>\n<p><strong>Size: <\/strong>S<\/p>\n<p><strong>Condition:<\/strong> Very good - two micro stains.<\/p>\n<p><strong>Dimensions (underarm width\/length) in cm: <\/strong>47\/74<\/p>","protected":false},"excerpt":{"rendered":"<p><strong>Oryginalna domowa koszulka pi\u0142karska Realu Madryt z sezonu 2022\/23 produkcji Adidasa.<\/strong><\/p>\n<p>Home model <strong>Real Madrid<\/strong> from the season <strong>2022\/23<\/strong>produced by <strong>Adidas<\/strong> w rozmiarze S, pochodzi z okresu kontynuacji sukces\u00f3w dru\u017cyny prowadzonej przez Carlo Ancelottiego po triumfie w Lidze Mistrz\u00f3w rok wcze\u015bniej. Zesp\u00f3\u0142 utrzymywa\u0142 wysoki poziom sportowy i rywalizowa\u0142 o najwa\u017cniejsze trofea zar\u00f3wno na krajowym, jak i europejskim poziomie.<\/p>\n<p>Koszulka zosta\u0142a wyprodukowana na klasycznej bia\u0142ej bazie, z eleganckim ko\u0142nierzem typu polo oraz fioletowymi paskami charakterystycznymi dla projekt\u00f3w <strong>Adidas<\/strong> placed on the sleeves. A sponsor print takes centre stage on the front. <strong>Emirates Fly Better<\/strong>, a ca\u0142o\u015b\u0107 zachowuje minimalistyczny i ponadczasowy charakter.<\/p>\n<p>During this period <strong>Real Madrid<\/strong> opiera\u0142 swoj\u0105 gr\u0119 na takich zawodnikach jak <strong>Karim Benzema<\/strong>, <strong>Vin\u00edcius J\u00fanior<\/strong>, <strong>Luka Modri\u0107<\/strong>, <strong>Toni Kroos<\/strong>, <strong>Federico Valverde<\/strong> and <strong>Thibaut Courtois<\/strong>, tworz\u0105c do\u015bwiadczony i jako\u015bciowy zesp\u00f3\u0142 zdolny do rywalizacji z najlepszymi dru\u017cynami w Europie.<\/p>\n<p>Koszulka zosta\u0142a wykonana z lekkiego i przewiewnego materia\u0142u, a kr\u00f3j w rozmiarze S odpowiada standardom stosowanym przez <strong>Adidas<\/strong>.<\/p>\n<p>This is for collectors and fans looking for an original home football jersey <strong>Real Madrid<\/strong> from the season <strong>2022\/23<\/strong>, stanowi\u0105cej czytelny zapis jego rywalizacji na najwy\u017cszym poziomie.<\/p>","protected":false},"featured_media":122536,"template":"","meta":{"_kad_blocks_custom_css":"","_kad_blocks_head_custom_js":"","_kad_blocks_body_custom_js":"","_kad_blocks_footer_custom_js":"","_kad_post_transparent":"default","_kad_post_title":"","_kad_post_layout":"default","_kad_post_sidebar_id":"","_kad_post_content_style":"default","_kad_post_vertical_padding":"default","_kad_post_feature":"","_kad_post_feature_position":"","_kad_post_header":false,"_kad_post_footer":false,"_kad_post_classname":""},"product_brand":[1283],"product_cat":[15,1456],"product_tag":[],"class_list":{"0":"post-122449","1":"product","2":"type-product","3":"status-publish","4":"has-post-thumbnail","6":"product_brand-adidas","7":"product_cat-bez-kategorii","8":"product_cat-kluby-hiszpanskie-realmadryt","9":"pa_homeawaythird-home","10":"pa_rozmiar-s","12":"first","13":"instock","14":"taxable","15":"shipping-taxable","16":"purchasable","17":"product-type-simple","18":"entry","19":"content-bg","20":"loop-entry"},"taxonomy_info":{"product_brand":[{"value":1283,"label":"Adidas"}],"product_cat":[{"value":15,"label":"Bez kategorii"},{"value":1456,"label":"Real Madryt"}],"pa_homeawaythird":[{"value":1597,"label":"Home"}],"pa_rozmiar":[{"value":1815,"label":"S"}]},"featured_image_src_large":["https:\/\/footballthrift.shop\/wp-content\/uploads\/2026\/04\/Photoroom_20260409_105401-1024x1024.jpg",1024,1024,true],"author_info":[],"comment_info":"","_links":{"self":[{"href":"https:\/\/footballthrift.shop\/en\/wp-json\/wp\/v2\/product\/122449","targetHints":{"allow":["GET"]}}],"collection":[{"href":"https:\/\/footballthrift.shop\/en\/wp-json\/wp\/v2\/product"}],"about":[{"href":"https:\/\/footballthrift.shop\/en\/wp-json\/wp\/v2\/types\/product"}],"wp:featuredmedia":[{"embeddable":true,"href":"https:\/\/footballthrift.shop\/en\/wp-json\/wp\/v2\/media\/122536"}],"wp:attachment":[{"href":"https:\/\/footballthrift.shop\/en\/wp-json\/wp\/v2\/media?parent=122449"}],"wp:term":[{"taxonomy":"product_brand","embeddable":true,"href":"https:\/\/footballthrift.shop\/en\/wp-json\/wp\/v2\/product_brand?post=122449"},{"taxonomy":"product_cat","embeddable":true,"href":"https:\/\/footballthrift.shop\/en\/wp-json\/wp\/v2\/product_cat?post=122449"},{"taxonomy":"product_tag","embeddable":true,"href":"https:\/\/footballthrift.shop\/en\/wp-json\/wp\/v2\/product_tag?post=122449"}],"curies":[{"name":"wp","href":"https:\/\/api.w.org\/{rel}","templated":true}]}}