{"id":122446,"date":"2026-04-12T17:59:28","date_gmt":"2026-04-12T15:59:28","guid":{"rendered":"https:\/\/footballthrift.shop\/?post_type=product&#038;p=122446"},"modified":"2026-04-12T17:59:32","modified_gmt":"2026-04-12T15:59:32","slug":"koszulka-pilkarska-real-madryt-2000-01-away-10-figo-l","status":"publish","type":"product","link":"https:\/\/footballthrift.shop\/en\/koszulka-pilkarska-real-madryt-2000-01-away-10-figo-l\/","title":{"rendered":"Koszulka pi\u0142karska Real Madryt 2000\/01 Away 10 Figo [L]"},"content":{"rendered":"<p><strong>Team:<\/strong> Real Madrid<\/p>\n<p><strong>Season:<\/strong> 2000\/01 Away<\/p>\n<p><strong>Size: <\/strong>L<\/p>\n<p><strong>Condition:<\/strong> Zadowalaj\u0105cy &#8211; uszkodzony nadruk sponsora na froncie oraz nazwisko i cyfry na plecach.<\/p>\n<p><strong>Dimensions (underarm width\/length) in cm: <\/strong>58\/74<\/p>","protected":false},"excerpt":{"rendered":"<p><strong>Oryginalna wyjazdowa koszulka pi\u0142karska Realu Madryt z sezonu 2000\/01 produkcji Adidasa z nadrukiem Lu\u00edsa Figo.&nbsp;<\/strong><\/p>\n<p>Away model <strong>Real Madrid<\/strong> from the season <strong>2000\/01<\/strong>produced by <strong>Adidas<\/strong> w rozmiarze L, pochodzi z pocz\u0105tku ery \u201eGal\u00e1cticos\u201d, zapocz\u0105tkowanej g\u0142o\u015bnym transferem <strong>Lu\u00edsa Figo<\/strong> z FC Barcelony. By\u0142 to sezon zako\u0144czony zdobyciem mistrzostwa Hiszpanii, a dru\u017cyna budowa\u0142a swoj\u0105 pozycj\u0119 jako jednej z najmocniejszych ekip w Europie.<\/p>\n<p>Koszulka zosta\u0142a wyprodukowana na czarnej bazie, z eleganckim ko\u0142nierzem typu polo oraz \u017c\u00f3\u0142tymi wyko\u0144czeniami, kt\u00f3re nadaj\u0105 projektowi wyrazisty kontrast. Na froncie centralne miejsce zajmuje nadruk sponsora <strong>TEKA<\/strong>, a ca\u0142o\u015b\u0107 zachowuje klasyczny i minimalistyczny charakter typowy dla projekt\u00f3w <strong>Adidas<\/strong> from that period.<\/p>\n<p>There is an original print on the back. <strong>Lu\u00edsa Figo<\/strong>, kt\u00f3ry w swoim debiutanckim sezonie w barwach <strong>Real Madrid<\/strong> by\u0142 jedn\u0105 z najwa\u017cniejszych postaci zespo\u0142u. <strong>Lu\u00eds Figo<\/strong> wni\u00f3s\u0142 do dru\u017cyny kreatywno\u015b\u0107, do\u015bwiadczenie oraz jako\u015b\u0107 w grze ofensywnej, staj\u0105c si\u0119 jednym z symboli nowej ery klubu. W sk\u0142adzie znajdowali si\u0119 r\u00f3wnie\u017c m.in. <strong>Ra\u00fal<\/strong>, <strong>Fernando Hierro<\/strong>, <strong>Roberto Carlos<\/strong> and <strong>Claude Mak\u00e9l\u00e9l\u00e9<\/strong>, tworz\u0105c fundament pod dalsze sukcesy w kolejnych latach.<\/p>\n<p>Koszulka zosta\u0142a wykonana z lekkiego i przewiewnego materia\u0142u, a kr\u00f3j w rozmiarze L odpowiada standardom stosowanym przez <strong>Adidas<\/strong>.<\/p>\n<p>This is for collectors and fans looking for an original away football jersey <strong>Real Madrid<\/strong> from the season <strong>2000\/01<\/strong>, stanowi\u0105cej czytelny zapis pocz\u0105tku ery Gal\u00e1cticos i zdobycia mistrzostwa Hiszpanii.<\/p>","protected":false},"featured_media":122570,"template":"","meta":{"_kad_blocks_custom_css":"","_kad_blocks_head_custom_js":"","_kad_blocks_body_custom_js":"","_kad_blocks_footer_custom_js":"","_kad_post_transparent":"default","_kad_post_title":"","_kad_post_layout":"default","_kad_post_sidebar_id":"","_kad_post_content_style":"default","_kad_post_vertical_padding":"default","_kad_post_feature":"","_kad_post_feature_position":"","_kad_post_header":false,"_kad_post_footer":false,"_kad_post_classname":""},"product_brand":[1283],"product_cat":[15,1456],"product_tag":[],"class_list":{"0":"post-122446","1":"product","2":"type-product","3":"status-publish","4":"has-post-thumbnail","6":"product_brand-adidas","7":"product_cat-bez-kategorii","8":"product_cat-kluby-hiszpanskie-realmadryt","9":"pa_homeawaythird-away","10":"pa_rozmiar-l","12":"first","13":"instock","14":"taxable","15":"shipping-taxable","16":"purchasable","17":"product-type-simple","18":"entry","19":"content-bg","20":"loop-entry"},"taxonomy_info":{"product_brand":[{"value":1283,"label":"Adidas"}],"product_cat":[{"value":15,"label":"Bez kategorii"},{"value":1456,"label":"Real Madryt"}],"pa_homeawaythird":[{"value":1598,"label":"Away"}],"pa_rozmiar":[{"value":1817,"label":"L"}]},"featured_image_src_large":["https:\/\/footballthrift.shop\/wp-content\/uploads\/2026\/04\/Photoroom_20260409_105926-1024x1024.jpg",1024,1024,true],"author_info":[],"comment_info":"","_links":{"self":[{"href":"https:\/\/footballthrift.shop\/en\/wp-json\/wp\/v2\/product\/122446","targetHints":{"allow":["GET"]}}],"collection":[{"href":"https:\/\/footballthrift.shop\/en\/wp-json\/wp\/v2\/product"}],"about":[{"href":"https:\/\/footballthrift.shop\/en\/wp-json\/wp\/v2\/types\/product"}],"wp:featuredmedia":[{"embeddable":true,"href":"https:\/\/footballthrift.shop\/en\/wp-json\/wp\/v2\/media\/122570"}],"wp:attachment":[{"href":"https:\/\/footballthrift.shop\/en\/wp-json\/wp\/v2\/media?parent=122446"}],"wp:term":[{"taxonomy":"product_brand","embeddable":true,"href":"https:\/\/footballthrift.shop\/en\/wp-json\/wp\/v2\/product_brand?post=122446"},{"taxonomy":"product_cat","embeddable":true,"href":"https:\/\/footballthrift.shop\/en\/wp-json\/wp\/v2\/product_cat?post=122446"},{"taxonomy":"product_tag","embeddable":true,"href":"https:\/\/footballthrift.shop\/en\/wp-json\/wp\/v2\/product_tag?post=122446"}],"curies":[{"name":"wp","href":"https:\/\/api.w.org\/{rel}","templated":true}]}}