{"id":122445,"date":"2026-04-12T17:59:32","date_gmt":"2026-04-12T15:59:32","guid":{"rendered":"https:\/\/footballthrift.shop\/?post_type=product&#038;p=122445"},"modified":"2026-04-12T17:59:32","modified_gmt":"2026-04-12T15:59:32","slug":"koszulka-pilkarska-real-madryt-2014-15-home-10-james-m","status":"publish","type":"product","link":"https:\/\/footballthrift.shop\/en\/koszulka-pilkarska-real-madryt-2014-15-home-10-james-m\/","title":{"rendered":"Koszulka pi\u0142karska Real Madryt 2014\/15 Home 10 James [M]"},"content":{"rendered":"<p><strong>Team:<\/strong> Real Madrid<\/p>\n<p><strong>Season:<\/strong> 2014\/15 Home<\/p>\n<p><strong>Size: <\/strong>M<\/p>\n<p><strong>Condition:<\/strong> Very good - slightly damaged sponsor print on front.<\/p>\n<p><strong>Dimensions (underarm width\/length) in cm: <\/strong>50\/72<\/p>","protected":false},"excerpt":{"rendered":"<p><strong>Oryginalna domowa koszulka pi\u0142karska Realu Madryt z sezonu 2014\/15 produkcji Adidasa z nadrukiem Jamesa Rodr\u00edgueza.\u00a0<\/strong><\/p>\n<p>Home model <strong>Real Madrid<\/strong> from the season <strong>2014\/15<\/strong>produced by <strong>Adidas<\/strong> w rozmiarze M, pochodzi z okresu tu\u017c po zdobyciu dziesi\u0105tej Ligi Mistrz\u00f3w, kiedy do zespo\u0142u do\u0142\u0105czy\u0142 <strong>James Rodr\u00edguez<\/strong>, jeden z najwi\u0119kszych bohater\u00f3w mundialu 2014. Dru\u017cyna prowadzona przez Carlo Ancelottiego prezentowa\u0142a bardzo ofensywny styl gry i przez d\u0142ugi czas pozostawa\u0142a w walce o najwa\u017cniejsze trofea.<\/p>\n<p>Koszulka zosta\u0142a wyprodukowana na klasycznej bia\u0142ej bazie, z czarnymi wyko\u0144czeniami, w tym paskami charakterystycznymi dla projekt\u00f3w <strong>Adidas<\/strong> umieszczonymi na r\u0119kawkach. Ko\u0142nierz typu polo zapinany na guziki nadaje ca\u0142o\u015bci elegancki charakter, a na froncie centralne miejsce zajmuje nadruk sponsora <strong>Fly Emirates<\/strong>. Na r\u0119kawku znajduje si\u0119 emblemat rozgrywek <strong>La Liga<\/strong>, highlighting the league context of this model.<\/p>\n<p>There is an original print on the back. <strong>Jamesa Rodr\u00edgueza<\/strong>, kt\u00f3ry w swoim debiutanckim sezonie w barwach <strong>Real Madrid<\/strong> szybko sta\u0142 si\u0119 jedn\u0105 z kluczowych postaci ofensywy. <strong>James Rodr\u00edguez<\/strong> wyr\u00f3\u017cnia\u0142 si\u0119 \u015bwietnym przegl\u0105dem pola, technik\u0105 oraz skuteczno\u015bci\u0105, b\u0119d\u0105c jednym z najbardziej efektownych zawodnik\u00f3w tamtego okresu. W sk\u0142adzie znajdowali si\u0119 r\u00f3wnie\u017c m.in. <strong>Cristiano Ronaldo<\/strong>, <strong>Karim Benzema<\/strong>, <strong>Gareth Bale<\/strong>, <strong>Toni Kroos<\/strong> and <strong>Sergio Ramos<\/strong>, tworz\u0105c zesp\u00f3\u0142 pe\u0142en gwiazd \u015bwiatowego formatu.<\/p>\n<p>Koszulka zosta\u0142a wykonana z lekkiego i przewiewnego materia\u0142u, a kr\u00f3j w rozmiarze M odpowiada standardom stosowanym przez <strong>Adidas<\/strong>.<\/p>\n<p>This is for collectors and fans looking for an original home football jersey <strong>Real Madrid<\/strong> from the season <strong>2014\/15<\/strong>, stanowi\u0105cej czytelny zapis okresu pe\u0142nego gwiazd i wysokich oczekiwa\u0144.<\/p>","protected":false},"featured_media":122562,"template":"","meta":{"_kad_blocks_custom_css":"","_kad_blocks_head_custom_js":"","_kad_blocks_body_custom_js":"","_kad_blocks_footer_custom_js":"","_kad_post_transparent":"default","_kad_post_title":"","_kad_post_layout":"default","_kad_post_sidebar_id":"","_kad_post_content_style":"default","_kad_post_vertical_padding":"default","_kad_post_feature":"","_kad_post_feature_position":"","_kad_post_header":false,"_kad_post_footer":false,"_kad_post_classname":""},"product_brand":[1283],"product_cat":[15,1456],"product_tag":[],"class_list":{"0":"post-122445","1":"product","2":"type-product","3":"status-publish","4":"has-post-thumbnail","6":"product_brand-adidas","7":"product_cat-bez-kategorii","8":"product_cat-kluby-hiszpanskie-realmadryt","9":"pa_homeawaythird-home","10":"pa_rozmiar-m","12":"first","13":"instock","14":"taxable","15":"shipping-taxable","16":"purchasable","17":"product-type-simple","18":"entry","19":"content-bg","20":"loop-entry"},"taxonomy_info":{"product_brand":[{"value":1283,"label":"Adidas"}],"product_cat":[{"value":15,"label":"Bez kategorii"},{"value":1456,"label":"Real Madryt"}],"pa_homeawaythird":[{"value":1597,"label":"Home"}],"pa_rozmiar":[{"value":1816,"label":"M"}]},"featured_image_src_large":["https:\/\/footballthrift.shop\/wp-content\/uploads\/2026\/04\/Photoroom_20260409_105344-1024x1024.jpg",1024,1024,true],"author_info":[],"comment_info":"","_links":{"self":[{"href":"https:\/\/footballthrift.shop\/en\/wp-json\/wp\/v2\/product\/122445","targetHints":{"allow":["GET"]}}],"collection":[{"href":"https:\/\/footballthrift.shop\/en\/wp-json\/wp\/v2\/product"}],"about":[{"href":"https:\/\/footballthrift.shop\/en\/wp-json\/wp\/v2\/types\/product"}],"wp:featuredmedia":[{"embeddable":true,"href":"https:\/\/footballthrift.shop\/en\/wp-json\/wp\/v2\/media\/122562"}],"wp:attachment":[{"href":"https:\/\/footballthrift.shop\/en\/wp-json\/wp\/v2\/media?parent=122445"}],"wp:term":[{"taxonomy":"product_brand","embeddable":true,"href":"https:\/\/footballthrift.shop\/en\/wp-json\/wp\/v2\/product_brand?post=122445"},{"taxonomy":"product_cat","embeddable":true,"href":"https:\/\/footballthrift.shop\/en\/wp-json\/wp\/v2\/product_cat?post=122445"},{"taxonomy":"product_tag","embeddable":true,"href":"https:\/\/footballthrift.shop\/en\/wp-json\/wp\/v2\/product_tag?post=122445"}],"curies":[{"name":"wp","href":"https:\/\/api.w.org\/{rel}","templated":true}]}}