{"id":122443,"date":"2026-04-12T17:59:32","date_gmt":"2026-04-12T15:59:32","guid":{"rendered":"https:\/\/footballthrift.shop\/?post_type=product&#038;p=122443"},"modified":"2026-04-12T17:59:33","modified_gmt":"2026-04-12T15:59:33","slug":"koszulka-pilkarska-real-madryt-2014-15-home-9-benzema-m","status":"publish","type":"product","link":"https:\/\/footballthrift.shop\/en\/koszulka-pilkarska-real-madryt-2014-15-home-9-benzema-m\/","title":{"rendered":"Koszulka pi\u0142karska Real Madryt 2014\/15 Home 9 Benzema [M]"},"content":{"rendered":"<p><strong>Team:<\/strong> Real Madrid<\/p>\n<p><strong>Season:<\/strong> 2014\/15 Home<\/p>\n<p><strong>Size: <\/strong>M<\/p>\n<p><strong>Condition:<\/strong> Bardzo dobry &#8211; nieznacznie przetarty napis 'Real Madryt&#8217; na karku.<\/p>\n<p><strong>Dimensions (underarm width\/length) in cm: <\/strong>51\/75<\/p>","protected":false},"excerpt":{"rendered":"<p><strong>Oryginalna domowa koszulka pi\u0142karska Realu Madryt z sezonu 2014\/15 produkcji Adidasa z nadrukiem Karima Benzemy.\u00a0<\/strong><\/p>\n<p>Home model <strong>Real Madrid<\/strong> from the season <strong>2014\/15<\/strong>produced by <strong>Adidas<\/strong> w rozmiarze M, pochodzi z okresu bezpo\u015brednio po zdobyciu dziesi\u0105tej Ligi Mistrz\u00f3w, kiedy zesp\u00f3\u0142 by\u0142 jednym z g\u0142\u00f3wnych faworyt\u00f3w do kolejnych trofe\u00f3w. Dru\u017cyna prowadzona przez Carlo Ancelottiego imponowa\u0142a ofensywnym potencja\u0142em i d\u0142ug\u0105 seri\u0105 zwyci\u0119stw, cho\u0107 ostatecznie zako\u0144czy\u0142a sezon bez triumfu w najwa\u017cniejszych rozgrywkach.<\/p>\n<p>Koszulka zosta\u0142a wyprodukowana na klasycznej bia\u0142ej bazie, z czarnymi wyko\u0144czeniami, w tym paskami charakterystycznymi dla projekt\u00f3w <strong>Adidas<\/strong> umieszczonymi na r\u0119kawkach. Ko\u0142nierz typu polo zapinany na guziki nadaje ca\u0142o\u015bci elegancki charakter, a na froncie centralne miejsce zajmuje nadruk sponsora <strong>Fly Emirates<\/strong>. Dodatkowym elementem jest patch upami\u0119tniaj\u0105cy zwyci\u0119stwo w Klubowych Mistrzostwach \u015awiata, podkre\u015blaj\u0105cy sukcesy klubu w tamtym okresie.<\/p>\n<p>There is an original print on the back. <strong>Karima Benzemy<\/strong>, jednego z kluczowych zawodnik\u00f3w ofensywy. <strong>Karim Benzema<\/strong> pe\u0142ni\u0142 rol\u0119 \u015brodkowego napastnika, \u0142\u0105cz\u0105c skuteczno\u015b\u0107 strzeleck\u0105 z gr\u0105 zespo\u0142ow\u0105 i tworz\u0105c przestrze\u0144 dla partner\u00f3w z ataku. W sk\u0142adzie znajdowali si\u0119 r\u00f3wnie\u017c m.in. <strong>Cristiano Ronaldo<\/strong>, <strong>Gareth Bale<\/strong>, <strong>James Rodr\u00edguez<\/strong>, <strong>Luka Modri\u0107<\/strong> and <strong>Sergio Ramos<\/strong>, tworz\u0105c jedn\u0105 z najbardziej ofensywnych dru\u017cyn w Europie.<\/p>\n<p>Koszulka zosta\u0142a wykonana z lekkiego i przewiewnego materia\u0142u, a kr\u00f3j w rozmiarze M odpowiada standardom stosowanym przez <strong>Adidas<\/strong>.<\/p>\n<p>This is for collectors and fans looking for an original home football jersey <strong>Real Madrid<\/strong> from the season <strong>2014\/15<\/strong>, stanowi\u0105cej czytelny zapis okresu po zdobyciu dziesi\u0105tej Ligi Mistrz\u00f3w.<\/p>","protected":false},"featured_media":122553,"template":"","meta":{"_kad_blocks_custom_css":"","_kad_blocks_head_custom_js":"","_kad_blocks_body_custom_js":"","_kad_blocks_footer_custom_js":"","_kad_post_transparent":"default","_kad_post_title":"","_kad_post_layout":"default","_kad_post_sidebar_id":"","_kad_post_content_style":"default","_kad_post_vertical_padding":"default","_kad_post_feature":"","_kad_post_feature_position":"","_kad_post_header":false,"_kad_post_footer":false,"_kad_post_classname":""},"product_brand":[1283],"product_cat":[15,1456],"product_tag":[],"class_list":{"0":"post-122443","1":"product","2":"type-product","3":"status-publish","4":"has-post-thumbnail","6":"product_brand-adidas","7":"product_cat-bez-kategorii","8":"product_cat-kluby-hiszpanskie-realmadryt","9":"pa_homeawaythird-home","10":"pa_rozmiar-m","12":"first","13":"instock","14":"taxable","15":"shipping-taxable","16":"purchasable","17":"product-type-simple","18":"entry","19":"content-bg","20":"loop-entry"},"taxonomy_info":{"product_brand":[{"value":1283,"label":"Adidas"}],"product_cat":[{"value":15,"label":"Bez kategorii"},{"value":1456,"label":"Real Madryt"}],"pa_homeawaythird":[{"value":1597,"label":"Home"}],"pa_rozmiar":[{"value":1816,"label":"M"}]},"featured_image_src_large":["https:\/\/footballthrift.shop\/wp-content\/uploads\/2026\/04\/Photoroom_20260409_110425-1024x1024.jpg",1024,1024,true],"author_info":[],"comment_info":"","_links":{"self":[{"href":"https:\/\/footballthrift.shop\/en\/wp-json\/wp\/v2\/product\/122443","targetHints":{"allow":["GET"]}}],"collection":[{"href":"https:\/\/footballthrift.shop\/en\/wp-json\/wp\/v2\/product"}],"about":[{"href":"https:\/\/footballthrift.shop\/en\/wp-json\/wp\/v2\/types\/product"}],"wp:featuredmedia":[{"embeddable":true,"href":"https:\/\/footballthrift.shop\/en\/wp-json\/wp\/v2\/media\/122553"}],"wp:attachment":[{"href":"https:\/\/footballthrift.shop\/en\/wp-json\/wp\/v2\/media?parent=122443"}],"wp:term":[{"taxonomy":"product_brand","embeddable":true,"href":"https:\/\/footballthrift.shop\/en\/wp-json\/wp\/v2\/product_brand?post=122443"},{"taxonomy":"product_cat","embeddable":true,"href":"https:\/\/footballthrift.shop\/en\/wp-json\/wp\/v2\/product_cat?post=122443"},{"taxonomy":"product_tag","embeddable":true,"href":"https:\/\/footballthrift.shop\/en\/wp-json\/wp\/v2\/product_tag?post=122443"}],"curies":[{"name":"wp","href":"https:\/\/api.w.org\/{rel}","templated":true}]}}