{"id":122120,"date":"2026-04-05T17:58:51","date_gmt":"2026-04-05T15:58:51","guid":{"rendered":"https:\/\/footballthrift.shop\/?post_type=product&#038;p=122120"},"modified":"2026-04-05T17:58:51","modified_gmt":"2026-04-05T15:58:51","slug":"koszulka-bawelniana-niemcy-1998-00-l","status":"publish","type":"product","link":"https:\/\/footballthrift.shop\/en\/koszulka-bawelniana-niemcy-1998-00-l\/","title":{"rendered":"Koszulka bawe\u0142niana Niemcy 1998\/00 [L]"},"content":{"rendered":"<p><strong>Team:<\/strong> Germany<\/p>\n<p><strong>Season:<\/strong> 1998\/00<\/p>\n<p><strong>Size: <\/strong>L<\/p>\n<p><strong>Condition:<\/strong> Dobry &#8211; drobne i mikro zaci\u0105gni\u0119cia na froncie.<\/p>\n<p><strong>Dimensions (underarm width\/length) in cm: <\/strong>54\/71<\/p>","protected":false},"excerpt":{"rendered":"<p><strong>Oryginalna koszulka pi\u0142karska reprezentacji Niemiec z lat 1998\/00 produkcji Adidasa.\u00a0<\/strong><\/p>\n<p>Model <strong>the German national team<\/strong> over the years <strong>1998\/00<\/strong>produced by <strong>Adidas<\/strong> w rozmiarze L, pochodzi z okresu wyst\u0119p\u00f3w kadry na Mistrzostwach \u015awiata 1998 we Francji. Koszulki tego typu wykorzystywane by\u0142y g\u0142\u00f3wnie przez sztab trenerski oraz jako odzie\u017c codzienna wok\u00f3\u0142 dru\u017cyny, stanowi\u0105c element oficjalnej kolekcji turniejowej.<\/p>\n<p>Koszulka zosta\u0142a wyprodukowana w charakterystycznym uk\u0142adzie kolorystycznym, z bia\u0142ym do\u0142em i szar\u0105 g\u00f3rn\u0105 cz\u0119\u015bci\u0105, oddzielonymi trzema paskami w barwach flagi narodowej, typowymi dla projekt\u00f3w <strong>Adidas<\/strong>.<\/p>\n<p>During this period the colours <strong>the German national team<\/strong> represented, among others, by. <strong>J\u00fcrgen Klinsmann<\/strong>, <strong>Oliver Bierhoff<\/strong>, <strong>Lothar Matth\u00e4us<\/strong> and <strong>Andreas K\u00f6pke<\/strong>, kt\u00f3rzy stanowili fundament dru\u017cyny podczas mundialu 1998 i odpowiadali za do\u015bwiadczenie oraz organizacj\u0119 gry.<\/p>\n<p>Koszulka zosta\u0142a wykonana z bawe\u0142nianego materia\u0142u, a kr\u00f3j w rozmiarze L odpowiada standardom <strong>Adidas<\/strong>, zapewniaj\u0105c komfortowe dopasowanie charakterystyczne dla projekt\u00f3w tej marki.<\/p>\n<p>To propozycja dla kolekcjoner\u00f3w oraz kibic\u00f3w poszukuj\u0105cych oryginalnej koszulki pi\u0142karskiej <strong>the German national team<\/strong> over the years <strong>1998\/00<\/strong>, stanowi\u0105cej czytelny zapis turniejowej kolekcji z mundialu 1998.<\/p>","protected":false},"featured_media":122151,"template":"","meta":{"_kad_blocks_custom_css":"","_kad_blocks_head_custom_js":"","_kad_blocks_body_custom_js":"","_kad_blocks_footer_custom_js":"","_kad_post_transparent":"default","_kad_post_title":"","_kad_post_layout":"default","_kad_post_sidebar_id":"","_kad_post_content_style":"default","_kad_post_vertical_padding":"default","_kad_post_feature":"","_kad_post_feature_position":"","_kad_post_header":false,"_kad_post_footer":false,"_kad_post_classname":""},"product_brand":[1283],"product_cat":[15,1423,1477],"product_tag":[],"class_list":{"0":"post-122120","1":"product","2":"type-product","3":"status-publish","4":"has-post-thumbnail","6":"product_brand-adidas","7":"product_cat-bez-kategorii","8":"product_cat-kurtkibluzytrening","9":"product_cat-reprezentacja-niemiec","10":"pa_rozmiar-l","12":"first","13":"instock","14":"taxable","15":"shipping-taxable","16":"purchasable","17":"product-type-simple","18":"entry","19":"content-bg","20":"loop-entry"},"taxonomy_info":{"product_brand":[{"value":1283,"label":"Adidas"}],"product_cat":[{"value":15,"label":"Bez kategorii"},{"value":1423,"label":"Kurtki\/bluzy\/trening"},{"value":1477,"label":"Niemcy"}],"pa_rozmiar":[{"value":1817,"label":"L"}]},"featured_image_src_large":["https:\/\/footballthrift.shop\/wp-content\/uploads\/2026\/04\/Photoroom_20260404_160447-1024x1024.jpg",1024,1024,true],"author_info":[],"comment_info":"","_links":{"self":[{"href":"https:\/\/footballthrift.shop\/en\/wp-json\/wp\/v2\/product\/122120","targetHints":{"allow":["GET"]}}],"collection":[{"href":"https:\/\/footballthrift.shop\/en\/wp-json\/wp\/v2\/product"}],"about":[{"href":"https:\/\/footballthrift.shop\/en\/wp-json\/wp\/v2\/types\/product"}],"wp:featuredmedia":[{"embeddable":true,"href":"https:\/\/footballthrift.shop\/en\/wp-json\/wp\/v2\/media\/122151"}],"wp:attachment":[{"href":"https:\/\/footballthrift.shop\/en\/wp-json\/wp\/v2\/media?parent=122120"}],"wp:term":[{"taxonomy":"product_brand","embeddable":true,"href":"https:\/\/footballthrift.shop\/en\/wp-json\/wp\/v2\/product_brand?post=122120"},{"taxonomy":"product_cat","embeddable":true,"href":"https:\/\/footballthrift.shop\/en\/wp-json\/wp\/v2\/product_cat?post=122120"},{"taxonomy":"product_tag","embeddable":true,"href":"https:\/\/footballthrift.shop\/en\/wp-json\/wp\/v2\/product_tag?post=122120"}],"curies":[{"name":"wp","href":"https:\/\/api.w.org\/{rel}","templated":true}]}}