{"id":122118,"date":"2026-04-05T17:58:51","date_gmt":"2026-04-05T15:58:51","guid":{"rendered":"https:\/\/footballthrift.shop\/?post_type=product&#038;p=122118"},"modified":"2026-04-05T17:58:52","modified_gmt":"2026-04-05T15:58:52","slug":"koszulka-pilkarska-juventus-fc-2013-14-home-m","status":"publish","type":"product","link":"https:\/\/footballthrift.shop\/en\/koszulka-pilkarska-juventus-fc-2013-14-home-m\/","title":{"rendered":"Koszulka pi\u0142karska Juventus FC 2013\/14 Home [M]"},"content":{"rendered":"<p><strong>Team:<\/strong> Juventus FC<\/p>\n<p><strong>Season:<\/strong> 2013\/14 Home<\/p>\n<p><strong>Size: <\/strong>M<\/p>\n<p><strong>Condition:<\/strong> Very good - slightly damaged sponsor print on front.<\/p>\n<p><strong>Dimensions (underarm width\/length) in cm: <\/strong>52\/74<\/p>","protected":false},"excerpt":{"rendered":"<p><strong>Oryginalna domowa koszulka pi\u0142karska Juventusu FC z sezonu 2013\/14 produkcji Nike.\u00a0<\/strong><\/p>\n<p>Home model <strong>Juventus FC<\/strong> from the season <strong>2013\/14<\/strong>produced by <strong>Nike<\/strong> w rozmiarze M, pochodzi z jednego z najbardziej dominuj\u0105cych okres\u00f3w w historii klubu. Dru\u017cyna prowadzona przez Antonio Conte si\u0119gn\u0119\u0142a po mistrzostwo W\u0142och, ustanawiaj\u0105c rekordow\u0105 liczb\u0119 punkt\u00f3w w Serie A i potwierdzaj\u0105c swoj\u0105 absolutn\u0105 dominacj\u0119 na krajowym podw\u00f3rku.<\/p>\n<p>Koszulka zosta\u0142a wyprodukowana w klasycznym uk\u0142adzie bia\u0142o-czarnych pionowych pas\u00f3w, b\u0119d\u0105cych znakiem rozpoznawczym <strong>Juventus FC<\/strong>. Projekt zachowuje tradycyjny charakter, a na froncie centralnie umieszczony zosta\u0142 nadruk sponsora <strong>Jeep<\/strong>, kt\u00f3ry wyra\u017anie kontrastuje z klubowymi barwami i stanowi g\u0142\u00f3wny element kompozycji.<\/p>\n<p>W sezonie 2013\/14 barwy <strong>Juventus FC<\/strong> represented, among others, by. <strong>Carlos T\u00e9vez<\/strong>, being the offensive leader, <strong>Arturo Vidal<\/strong>, kluczowa posta\u0107 \u015brodka pola, a tak\u017ce <strong>Andrea Pirlo<\/strong>, odpowiadaj\u0105cy za tempo gry i kreacj\u0119, oraz <strong>Gianluigi Buffon<\/strong>, filar defensywy i kapitan zespo\u0142u. Dru\u017cyna imponowa\u0142a organizacj\u0105, skuteczno\u015bci\u0105 i regularno\u015bci\u0105, co prze\u0142o\u017cy\u0142o si\u0119 na historyczny wynik punktowy.<\/p>\n<p>The T-shirt is made of a light and airy material and the cut in size M meets the standards of the <strong>Nike<\/strong>, providing the classic fit characteristic of the brand's designs.<\/p>\n<p>This is for collectors and fans looking for an original home football jersey <strong>Juventus FC<\/strong> from the season <strong>2013\/14<\/strong>, stanowi\u0105cej czytelny zapis jednego z najbardziej dominuj\u0105cych sezon\u00f3w w historii klubu.<\/p>","protected":false},"featured_media":122135,"template":"","meta":{"_kad_blocks_custom_css":"","_kad_blocks_head_custom_js":"","_kad_blocks_body_custom_js":"","_kad_blocks_footer_custom_js":"","_kad_post_transparent":"default","_kad_post_title":"","_kad_post_layout":"default","_kad_post_sidebar_id":"","_kad_post_content_style":"default","_kad_post_vertical_padding":"default","_kad_post_feature":"","_kad_post_feature_position":"","_kad_post_header":false,"_kad_post_footer":false,"_kad_post_classname":""},"product_brand":[1284],"product_cat":[15,1462],"product_tag":[],"class_list":{"0":"post-122118","1":"product","2":"type-product","3":"status-publish","4":"has-post-thumbnail","6":"product_brand-nike","7":"product_cat-bez-kategorii","8":"product_cat-kluby-wloskie-juventusfc","9":"pa_homeawaythird-home","10":"pa_rozmiar-m","12":"first","13":"instock","14":"taxable","15":"shipping-taxable","16":"purchasable","17":"product-type-simple","18":"entry","19":"content-bg","20":"loop-entry"},"taxonomy_info":{"product_brand":[{"value":1284,"label":"Nike"}],"product_cat":[{"value":15,"label":"Bez kategorii"},{"value":1462,"label":"Juventus FC"}],"pa_homeawaythird":[{"value":1597,"label":"Home"}],"pa_rozmiar":[{"value":1816,"label":"M"}]},"featured_image_src_large":["https:\/\/footballthrift.shop\/wp-content\/uploads\/2026\/04\/Photoroom_20260404_160406-1024x1024.jpg",1024,1024,true],"author_info":[],"comment_info":"","_links":{"self":[{"href":"https:\/\/footballthrift.shop\/en\/wp-json\/wp\/v2\/product\/122118","targetHints":{"allow":["GET"]}}],"collection":[{"href":"https:\/\/footballthrift.shop\/en\/wp-json\/wp\/v2\/product"}],"about":[{"href":"https:\/\/footballthrift.shop\/en\/wp-json\/wp\/v2\/types\/product"}],"wp:featuredmedia":[{"embeddable":true,"href":"https:\/\/footballthrift.shop\/en\/wp-json\/wp\/v2\/media\/122135"}],"wp:attachment":[{"href":"https:\/\/footballthrift.shop\/en\/wp-json\/wp\/v2\/media?parent=122118"}],"wp:term":[{"taxonomy":"product_brand","embeddable":true,"href":"https:\/\/footballthrift.shop\/en\/wp-json\/wp\/v2\/product_brand?post=122118"},{"taxonomy":"product_cat","embeddable":true,"href":"https:\/\/footballthrift.shop\/en\/wp-json\/wp\/v2\/product_cat?post=122118"},{"taxonomy":"product_tag","embeddable":true,"href":"https:\/\/footballthrift.shop\/en\/wp-json\/wp\/v2\/product_tag?post=122118"}],"curies":[{"name":"wp","href":"https:\/\/api.w.org\/{rel}","templated":true}]}}