{"id":122114,"date":"2026-04-05T17:58:42","date_gmt":"2026-04-05T15:58:42","guid":{"rendered":"https:\/\/footballthrift.shop\/?post_type=product&#038;p=122114"},"modified":"2026-04-05T17:58:42","modified_gmt":"2026-04-05T15:58:42","slug":"koszulka-pilkarska-inter-mediolan-2020-21-third-9-lukaku-l","status":"publish","type":"product","link":"https:\/\/footballthrift.shop\/en\/koszulka-pilkarska-inter-mediolan-2020-21-third-9-lukaku-l\/","title":{"rendered":"Koszulka pi\u0142karska Inter Mediolan 2020\/21 Third 9 Lukaku [L]"},"content":{"rendered":"<p><strong>Team:<\/strong> Inter Milan<\/p>\n<p><strong>Season:<\/strong> 2020\/21 Third<\/p>\n<p><strong>Size: <\/strong>L<\/p>\n<p><strong>Condition:<\/strong> Excellent<\/p>\n<p><strong>Dimensions (underarm width\/length) in cm: <\/strong>54\/75<\/p>","protected":false},"excerpt":{"rendered":"<p><strong>Oryginalna trzecia koszulka pi\u0142karska Interu Mediolan z sezonu 2020\/21 produkcji Nike z nadrukiem Romelu Lukaku.\u00a0<\/strong><\/p>\n<p>Third set <strong>Inter Milan<\/strong> from the season <strong>2020\/21<\/strong>produced by <strong>Nike<\/strong> w rozmiarze L, pochodzi z wyj\u0105tkowego okresu zako\u0144czonego zdobyciem mistrzostwa W\u0142och i przerwaniem wieloletniej dominacji Juventusu. Zesp\u00f3\u0142 prowadzony przez Antonio Conte prezentowa\u0142 bardzo skuteczny i fizyczny styl gry, oparty na szybkim przej\u015bciu do ataku i solidnej organizacji w defensywie.<\/p>\n<p>Koszulka zosta\u0142a wyprodukowana w uk\u0142adzie szaro-czarnych poziomych pas\u00f3w, nawi\u0105zuj\u0105cych do kultowego projektu z ko\u0144ca lat 90., b\u0119d\u0105cego inspiracj\u0105 dla tej reedycji. Ca\u0142o\u015b\u0107 uzupe\u0142niaj\u0105 niebieskie wyko\u0144czenia ko\u0142nierza oraz r\u0119kawk\u00f3w, a tak\u017ce kontrastuj\u0105ce \u017c\u00f3\u0142te elementy \u2013 nadruk sponsora, logo <strong>Nike<\/strong> oraz nadruk na plecach, kt\u00f3re wyr\u00f3\u017cniaj\u0105 si\u0119 na tle stonowanej bazy. Projekt stanowi drug\u0105 reinterpretacj\u0119 historycznych koszulek z sezonu 1997\/98.<\/p>\n<p>There is an original print on the back. <strong>Romelu Lukaku<\/strong>, which during the season <strong>2020\/21<\/strong> by\u0142 absolutnym liderem ofensywy i jednym z najwa\u017cniejszych zawodnik\u00f3w ca\u0142ej ligi. <strong>Romelu Lukaku<\/strong> imponowa\u0142 skuteczno\u015bci\u0105 oraz si\u0142\u0105 fizyczn\u0105, tworz\u0105c gro\u017any duet z <strong>Lautaro Mart\u00ednezem<\/strong>. Istotne role w dru\u017cynie odgrywali r\u00f3wnie\u017c <strong>Nicol\u00f2 Barella<\/strong>, <strong>Marcelo Brozovi\u0107<\/strong>, <strong>Stefan de Vrij<\/strong> and <strong>Milan \u0160kriniar<\/strong>, kt\u00f3rzy wsp\u00f3lnie stanowili fundament mistrzowskiego zespo\u0142u.<\/p>\n<p>Koszulka zosta\u0142a wykonana z lekkiego i przewiewnego materia\u0142u, a kr\u00f3j w rozmiarze L odpowiada standardom stosowanym przez <strong>Nike<\/strong>.<\/p>\n<p>This is for collectors and fans looking for the original third football jersey <strong>Inter Milan<\/strong> from the season <strong>2020\/21<\/strong>, providing a clear record of the club's championship season.<\/p>","protected":false},"featured_media":122361,"template":"","meta":{"_kad_blocks_custom_css":"","_kad_blocks_head_custom_js":"","_kad_blocks_body_custom_js":"","_kad_blocks_footer_custom_js":"","_kad_post_transparent":"default","_kad_post_title":"","_kad_post_layout":"default","_kad_post_sidebar_id":"","_kad_post_content_style":"default","_kad_post_vertical_padding":"default","_kad_post_feature":"","_kad_post_feature_position":"","_kad_post_header":false,"_kad_post_footer":false,"_kad_post_classname":""},"product_brand":[1284],"product_cat":[15,1458],"product_tag":[],"class_list":{"0":"post-122114","1":"product","2":"type-product","3":"status-publish","4":"has-post-thumbnail","6":"product_brand-nike","7":"product_cat-bez-kategorii","8":"product_cat-kluby-wloskie-intermediolan","9":"pa_homeawaythird-third","10":"pa_rozmiar-l","12":"first","13":"instock","14":"taxable","15":"shipping-taxable","16":"purchasable","17":"product-type-simple","18":"entry","19":"content-bg","20":"loop-entry"},"taxonomy_info":{"product_brand":[{"value":1284,"label":"Nike"}],"product_cat":[{"value":15,"label":"Bez kategorii"},{"value":1458,"label":"Inter Mediolan"}],"pa_homeawaythird":[{"value":1599,"label":"Third"}],"pa_rozmiar":[{"value":1817,"label":"L"}]},"featured_image_src_large":["https:\/\/footballthrift.shop\/wp-content\/uploads\/2026\/04\/IMG_5957-Photoroom-1024x1024.jpg",1024,1024,true],"author_info":[],"comment_info":"","_links":{"self":[{"href":"https:\/\/footballthrift.shop\/en\/wp-json\/wp\/v2\/product\/122114","targetHints":{"allow":["GET"]}}],"collection":[{"href":"https:\/\/footballthrift.shop\/en\/wp-json\/wp\/v2\/product"}],"about":[{"href":"https:\/\/footballthrift.shop\/en\/wp-json\/wp\/v2\/types\/product"}],"wp:featuredmedia":[{"embeddable":true,"href":"https:\/\/footballthrift.shop\/en\/wp-json\/wp\/v2\/media\/122361"}],"wp:attachment":[{"href":"https:\/\/footballthrift.shop\/en\/wp-json\/wp\/v2\/media?parent=122114"}],"wp:term":[{"taxonomy":"product_brand","embeddable":true,"href":"https:\/\/footballthrift.shop\/en\/wp-json\/wp\/v2\/product_brand?post=122114"},{"taxonomy":"product_cat","embeddable":true,"href":"https:\/\/footballthrift.shop\/en\/wp-json\/wp\/v2\/product_cat?post=122114"},{"taxonomy":"product_tag","embeddable":true,"href":"https:\/\/footballthrift.shop\/en\/wp-json\/wp\/v2\/product_tag?post=122114"}],"curies":[{"name":"wp","href":"https:\/\/api.w.org\/{rel}","templated":true}]}}