{"id":122112,"date":"2026-04-05T17:58:42","date_gmt":"2026-04-05T15:58:42","guid":{"rendered":"https:\/\/footballthrift.shop\/?post_type=product&#038;p=122112"},"modified":"2026-04-05T17:58:42","modified_gmt":"2026-04-05T15:58:42","slug":"koszulka-pilkarska-inter-mediolan-2024-25-home-xxl","status":"publish","type":"product","link":"https:\/\/footballthrift.shop\/en\/koszulka-pilkarska-inter-mediolan-2024-25-home-xxl\/","title":{"rendered":"Koszulka pi\u0142karska Inter Mediolan 2024\/25 Home [XXL]"},"content":{"rendered":"<p><strong>Team:<\/strong> Inter Milan<\/p>\n<p><strong>Season:<\/strong> 2024\/25 Home<\/p>\n<p><strong>Size: <\/strong>XXL<\/p>\n<p><strong>Condition:<\/strong> Excellent<\/p>\n<p><strong>Dimensions (underarm width\/length) in cm: <\/strong>65\/78<\/p>","protected":false},"excerpt":{"rendered":"<p><strong>Oryginalna domowa koszulka pi\u0142karska Interu Mediolan z sezonu 2024\/25 produkcji Nike.\u00a0<\/strong><\/p>\n<p>Home model <strong>Inter Milan<\/strong> from the season <strong>2024\/25<\/strong>produced by <strong>Nike<\/strong> w rozmiarze XXL, kontynuuje nowoczesne podej\u015bcie do klasycznych barw Nerazzurrich. Dru\u017cyna utrzymuje status jednego z najmocniejszych zespo\u0142\u00f3w we W\u0142oszech, rywalizuj\u0105c o najwy\u017csze cele zar\u00f3wno w Serie A, jak i na arenie europejskiej, bazuj\u0105c na stabilnym sk\u0142adzie i dobrze zorganizowanej grze zespo\u0142owej.<\/p>\n<p>Koszulka zosta\u0142a wyprodukowana w nietypowym uk\u0142adzie czarno-niebieskich pas\u00f3w \u2013 w centralnej i prawej cz\u0119\u015bci zastosowano klasyczne pionowe pasy, natomiast lewa cz\u0119\u015b\u0107 wyr\u00f3\u017cnia si\u0119 motywem poziomych, co nadaje projektowi nowoczesny i dynamiczny charakter. Herb <strong>Inter Milan<\/strong> umieszczono centralnie, logo <strong>Nike<\/strong> znajduje si\u0119 po prawej stronie, a ca\u0142o\u015b\u0107 wyst\u0119puje w wersji bez nadruku sponsora, co podkre\u015bla czysty i minimalistyczny wygl\u0105d.<\/p>\n<p>During this period <strong>Inter Milan<\/strong> opiera swoj\u0105 gr\u0119 na takich zawodnikach jak <strong>Lautaro Mart\u00ednez<\/strong>, b\u0119d\u0105cy liderem ofensywy i kapitanem zespo\u0142u, a tak\u017ce <strong>Nicol\u00f2 Barella<\/strong>, <strong>Hakan \u00c7alhano\u011flu<\/strong>, <strong>Alessandro Bastoni<\/strong> or <strong>Marcus Thuram<\/strong>. Trzon dru\u017cyny stanowi\u0105 pi\u0142karze \u0142\u0105cz\u0105cy do\u015bwiadczenie z wysok\u0105 jako\u015bci\u0105 techniczn\u0105, co pozwala zespo\u0142owi regularnie rywalizowa\u0107 o najwy\u017csze lokaty.<\/p>\n<p>Koszulka zosta\u0142a wykonana z lekkiego i przewiewnego materia\u0142u, a kr\u00f3j w rozmiarze XXL odpowiada standardom stosowanym przez <strong>Nike<\/strong>.<\/p>\n<p>This is for collectors and fans looking for an original home football jersey <strong>Inter Milan<\/strong> from the season <strong>2024\/25<\/strong>, stanowi\u0105cej czytelny zapis wsp\u00f3\u0142czesnej rywalizacji klubu na najwy\u017cszym poziomie.<\/p>","protected":false},"featured_media":122346,"template":"","meta":{"_kad_blocks_custom_css":"","_kad_blocks_head_custom_js":"","_kad_blocks_body_custom_js":"","_kad_blocks_footer_custom_js":"","_kad_post_transparent":"default","_kad_post_title":"","_kad_post_layout":"default","_kad_post_sidebar_id":"","_kad_post_content_style":"default","_kad_post_vertical_padding":"default","_kad_post_feature":"","_kad_post_feature_position":"","_kad_post_header":false,"_kad_post_footer":false,"_kad_post_classname":""},"product_brand":[1284],"product_cat":[15,1458],"product_tag":[],"class_list":{"0":"post-122112","1":"product","2":"type-product","3":"status-publish","4":"has-post-thumbnail","6":"product_brand-nike","7":"product_cat-bez-kategorii","8":"product_cat-kluby-wloskie-intermediolan","9":"pa_homeawaythird-home","10":"pa_rozmiar-xxl","12":"first","13":"instock","14":"taxable","15":"shipping-taxable","16":"purchasable","17":"product-type-simple","18":"entry","19":"content-bg","20":"loop-entry"},"taxonomy_info":{"product_brand":[{"value":1284,"label":"Nike"}],"product_cat":[{"value":15,"label":"Bez kategorii"},{"value":1458,"label":"Inter Mediolan"}],"pa_homeawaythird":[{"value":1597,"label":"Home"}],"pa_rozmiar":[{"value":1819,"label":"XXL"}]},"featured_image_src_large":["https:\/\/footballthrift.shop\/wp-content\/uploads\/2026\/04\/IMG_5968-Photoroom-1024x1024.jpg",1024,1024,true],"author_info":[],"comment_info":"","_links":{"self":[{"href":"https:\/\/footballthrift.shop\/en\/wp-json\/wp\/v2\/product\/122112","targetHints":{"allow":["GET"]}}],"collection":[{"href":"https:\/\/footballthrift.shop\/en\/wp-json\/wp\/v2\/product"}],"about":[{"href":"https:\/\/footballthrift.shop\/en\/wp-json\/wp\/v2\/types\/product"}],"wp:featuredmedia":[{"embeddable":true,"href":"https:\/\/footballthrift.shop\/en\/wp-json\/wp\/v2\/media\/122346"}],"wp:attachment":[{"href":"https:\/\/footballthrift.shop\/en\/wp-json\/wp\/v2\/media?parent=122112"}],"wp:term":[{"taxonomy":"product_brand","embeddable":true,"href":"https:\/\/footballthrift.shop\/en\/wp-json\/wp\/v2\/product_brand?post=122112"},{"taxonomy":"product_cat","embeddable":true,"href":"https:\/\/footballthrift.shop\/en\/wp-json\/wp\/v2\/product_cat?post=122112"},{"taxonomy":"product_tag","embeddable":true,"href":"https:\/\/footballthrift.shop\/en\/wp-json\/wp\/v2\/product_tag?post=122112"}],"curies":[{"name":"wp","href":"https:\/\/api.w.org\/{rel}","templated":true}]}}