{"id":122111,"date":"2026-04-05T17:58:44","date_gmt":"2026-04-05T15:58:44","guid":{"rendered":"https:\/\/footballthrift.shop\/?post_type=product&#038;p=122111"},"modified":"2026-04-05T17:58:44","modified_gmt":"2026-04-05T15:58:44","slug":"koszulka-pilkarska-fc-barcelona-2007-08-home-xxl","status":"publish","type":"product","link":"https:\/\/footballthrift.shop\/en\/koszulka-pilkarska-fc-barcelona-2007-08-home-xxl\/","title":{"rendered":"Koszulka pi\u0142karska FC Barcelona 2007\/08 Home [XXL]"},"content":{"rendered":"<p><strong>Team:<\/strong> FC Barcelona<\/p>\n<p><strong>Season:<\/strong> 2007\/08 Home<\/p>\n<p><strong>Size: <\/strong>XXL<\/p>\n<p><strong>Condition:<\/strong> Very good - a few micro stitches.<\/p>\n<p><strong>Dimensions (underarm width\/length) in cm: <\/strong>62\/77<\/p>","protected":false},"excerpt":{"rendered":"<p><strong>Oryginalna domowa koszulka pi\u0142karska FC Barcelony z sezonu 2007\/08 produkcji Nike.&nbsp;<\/strong><\/p>\n<p>Home model <strong>FC Barcelona<\/strong> from the season <strong>2007\/08<\/strong>produced by <strong>Nike<\/strong> w rozmiarze XXL, pochodzi z okresu pe\u0142nego wielkich nazwisk, ale tak\u017ce rosn\u0105cych oczekiwa\u0144 wobec zespo\u0142u, kt\u00f3ry nie zdo\u0142a\u0142 prze\u0142o\u017cy\u0107 potencja\u0142u na trofea. Dru\u017cyna rywalizowa\u0142a w La Liga i Lidze Mistrz\u00f3w, jednak zako\u0144czy\u0142a sezon bez zdobytego tytu\u0142u, co ostatecznie doprowadzi\u0142o do zmian i zako\u0144czenia pewnego etapu w historii klubu.<\/p>\n<p>Koszulka zosta\u0142a wyprodukowana w uk\u0142adzie grubych, pionowych czerwono-niebieskich pas\u00f3w, kt\u00f3re od lat definiuj\u0105 to\u017csamo\u015b\u0107 <strong>FC Barcelona<\/strong>. The sponsor imprint takes centre stage on the front. <strong>UNICEF<\/strong>, b\u0119d\u0105cy symbolem wyj\u0105tkowej wsp\u00f3\u0142pracy klubu z organizacj\u0105, natomiast na r\u0119kawku znajduje si\u0119 emblemat rozgrywek <strong>La Liga<\/strong>. Dodatkowym elementem jest okoliczno\u015bciowy, wyszywany wok\u00f3\u0142 herbu emblemat upami\u0119tniaj\u0105cy 50-lecie stadionu Camp Nou, kt\u00f3ry nadaje tej koszulce szczeg\u00f3lnego, jubileuszowego charakteru.<\/p>\n<p>W tamtym sezonie <strong>FC Barcelona<\/strong> dysponowa\u0142a jedn\u0105 z najmocniejszych ofensyw w Europie, z zawodnikami takimi jak <strong>Ronaldinho<\/strong>, <strong>Lionel Messi<\/strong>, <strong>Samuel Eto'o<\/strong> or <strong>Thierry Henry<\/strong>. W \u015brodku pola kluczow\u0105 rol\u0119 odgrywali <strong>Xavi<\/strong> i <strong>Andr\u00e9s Iniesta<\/strong>, natomiast w defensywie wyr\u00f3\u017cniali si\u0119 <strong>Carles Puyol<\/strong> i <strong>Rafael M\u00e1rquez<\/strong>, tworz\u0105c zesp\u00f3\u0142 pe\u0142en indywidualno\u015bci, kt\u00f3ry mimo ogromnego potencja\u0142u nie spe\u0142ni\u0142 wszystkich oczekiwa\u0144.<\/p>\n<p>Koszulka zosta\u0142a wykonana z lekkiego i przewiewnego materia\u0142u, a kr\u00f3j w rozmiarze XXL odpowiada standardom stosowanym przez <strong>Nike<\/strong>.<\/p>\n<p>This is for collectors and fans looking for an original home football jersey <strong>FC Barcelona<\/strong> from the season <strong>2007\/08<\/strong>, stanowi\u0105cej czytelny zapis ko\u0144ca jednej z najbardziej utalentowanych generacji w historii klubu.<\/p>","protected":false},"featured_media":122305,"template":"","meta":{"_kad_blocks_custom_css":"","_kad_blocks_head_custom_js":"","_kad_blocks_body_custom_js":"","_kad_blocks_footer_custom_js":"","_kad_post_transparent":"default","_kad_post_title":"","_kad_post_layout":"default","_kad_post_sidebar_id":"","_kad_post_content_style":"default","_kad_post_vertical_padding":"default","_kad_post_feature":"","_kad_post_feature_position":"","_kad_post_header":false,"_kad_post_footer":false,"_kad_post_classname":""},"product_brand":[1284],"product_cat":[15,1448],"product_tag":[],"class_list":{"0":"post-122111","1":"product","2":"type-product","3":"status-publish","4":"has-post-thumbnail","6":"product_brand-nike","7":"product_cat-bez-kategorii","8":"product_cat-kluby-hiszpanskie-fcbarcelona","9":"pa_homeawaythird-home","10":"pa_rozmiar-xxl","12":"first","13":"instock","14":"taxable","15":"shipping-taxable","16":"purchasable","17":"product-type-simple","18":"entry","19":"content-bg","20":"loop-entry"},"taxonomy_info":{"product_brand":[{"value":1284,"label":"Nike"}],"product_cat":[{"value":15,"label":"Bez kategorii"},{"value":1448,"label":"FC Barcelona"}],"pa_homeawaythird":[{"value":1597,"label":"Home"}],"pa_rozmiar":[{"value":1819,"label":"XXL"}]},"featured_image_src_large":["https:\/\/footballthrift.shop\/wp-content\/uploads\/2026\/04\/Photoroom_20260404_160633-1024x1024.jpg",1024,1024,true],"author_info":[],"comment_info":"","_links":{"self":[{"href":"https:\/\/footballthrift.shop\/en\/wp-json\/wp\/v2\/product\/122111","targetHints":{"allow":["GET"]}}],"collection":[{"href":"https:\/\/footballthrift.shop\/en\/wp-json\/wp\/v2\/product"}],"about":[{"href":"https:\/\/footballthrift.shop\/en\/wp-json\/wp\/v2\/types\/product"}],"wp:featuredmedia":[{"embeddable":true,"href":"https:\/\/footballthrift.shop\/en\/wp-json\/wp\/v2\/media\/122305"}],"wp:attachment":[{"href":"https:\/\/footballthrift.shop\/en\/wp-json\/wp\/v2\/media?parent=122111"}],"wp:term":[{"taxonomy":"product_brand","embeddable":true,"href":"https:\/\/footballthrift.shop\/en\/wp-json\/wp\/v2\/product_brand?post=122111"},{"taxonomy":"product_cat","embeddable":true,"href":"https:\/\/footballthrift.shop\/en\/wp-json\/wp\/v2\/product_cat?post=122111"},{"taxonomy":"product_tag","embeddable":true,"href":"https:\/\/footballthrift.shop\/en\/wp-json\/wp\/v2\/product_tag?post=122111"}],"curies":[{"name":"wp","href":"https:\/\/api.w.org\/{rel}","templated":true}]}}