{"id":122110,"date":"2026-04-05T17:58:43","date_gmt":"2026-04-05T15:58:43","guid":{"rendered":"https:\/\/footballthrift.shop\/?post_type=product&#038;p=122110"},"modified":"2026-04-05T17:58:43","modified_gmt":"2026-04-05T15:58:43","slug":"koszulka-pilkarska-fc-barcelona-2019-21-fourth-s","status":"publish","type":"product","link":"https:\/\/footballthrift.shop\/en\/koszulka-pilkarska-fc-barcelona-2019-21-fourth-s\/","title":{"rendered":"Koszulka pi\u0142karska FC Barcelona 2019\/21 Fourth [S]"},"content":{"rendered":"<p><strong>Team:<\/strong> FC Barcelona<\/p>\n<p><strong>Season:<\/strong> 2019\/21 Fourth<\/p>\n<p><strong>Size: <\/strong>S<\/p>\n<p><strong>Condition:<\/strong> Dobry &#8211; drobne zabrudzenia i przetarcia materia\u0142u w dolnej cz\u0119\u015bci koszulki na froncie.<\/p>\n<p><strong>Dimensions (underarm width\/length) in cm: <\/strong>47\/68<\/p>","protected":false},"excerpt":{"rendered":"<p><strong>Oryginalna czwarta koszulka pi\u0142karska FC Barcelony z sezonu 2019\/20 produkcji Nike.\u00a0<\/strong><\/p>\n<p>Czwarty komplet <strong>FC Barcelona<\/strong> from the season <strong>2019\/20<\/strong>produced by <strong>Nike<\/strong> w rozmiarze S, stanowi\u0142 wyraziste nawi\u0105zanie do katalo\u0144skiej to\u017csamo\u015bci klubu. By\u0142 to okres, w kt\u00f3rym dru\u017cyna wci\u0105\u017c nale\u017ca\u0142a do \u015bcis\u0142ej europejskiej czo\u0142\u00f3wki, cho\u0107 sezon zako\u0144czy\u0142 si\u0119 bez triumfu w Lidze Mistrz\u00f3w i przyni\u00f3s\u0142 zmiany zar\u00f3wno sportowe, jak i organizacyjne.<\/p>\n<p>Koszulka zosta\u0142a wyprodukowana na \u017c\u00f3\u0142tej bazie, a na froncie umieszczono cztery sko\u015bne czerwone pasy nawi\u0105zuj\u0105ce do barw Katalonii, co nadaje projektowi wyj\u0105tkowy, regionalny charakter. Centralne miejsce zajmuje nadruk sponsora <strong>Rakuten<\/strong>, natomiast na r\u0119kawku znajduje si\u0119 emblemat rozgrywek <strong>La Liga<\/strong>. Ca\u0142o\u015b\u0107 utrzymana jest w nowoczesnej stylistyce, charakterystycznej dla projekt\u00f3w <strong>Nike<\/strong>.<\/p>\n<p>W tamtym okresie <strong>FC Barcelona<\/strong> opiera\u0142a swoj\u0105 gr\u0119 na takich zawodnikach jak <strong>Lionel Messi<\/strong>, kt\u00f3ry pozostawa\u0142 liderem ofensywy i jednym z najlepszych pi\u0142karzy \u015bwiata, a tak\u017ce <strong>Luis Su\u00e1rez<\/strong>, <strong>Antoine Griezmann<\/strong>, <strong>Frenkie de Jong<\/strong> or <strong>Sergio Busquets<\/strong>. W sk\u0142adzie znajdowali si\u0119 r\u00f3wnie\u017c <strong>Gerard Piqu\u00e9<\/strong> and <strong>Marc-Andr\u00e9 ter Stegen<\/strong>, kt\u00f3rzy stanowili wa\u017cne ogniwa defensywy i stabilizacji zespo\u0142u.<\/p>\n<p>Koszulka zosta\u0142a wykonana z lekkiego i przewiewnego materia\u0142u, a kr\u00f3j w rozmiarze S odpowiada standardom stosowanym przez <strong>Nike<\/strong>.<\/p>\n<p>This is for collectors and fans looking for an original fourth football jersey <strong>FC Barcelona<\/strong> from the season <strong>2019\/20<\/strong>, stanowi\u0105cej czytelny zapis jednego z ostatnich sezon\u00f3w ery Lionela Messiego w klubie.<\/p>","protected":false},"featured_media":122336,"template":"","meta":{"_kad_blocks_custom_css":"","_kad_blocks_head_custom_js":"","_kad_blocks_body_custom_js":"","_kad_blocks_footer_custom_js":"","_kad_post_transparent":"default","_kad_post_title":"","_kad_post_layout":"default","_kad_post_sidebar_id":"","_kad_post_content_style":"default","_kad_post_vertical_padding":"default","_kad_post_feature":"","_kad_post_feature_position":"","_kad_post_header":false,"_kad_post_footer":false,"_kad_post_classname":""},"product_brand":[1284],"product_cat":[15,1448],"product_tag":[],"class_list":{"0":"post-122110","1":"product","2":"type-product","3":"status-publish","4":"has-post-thumbnail","6":"product_brand-nike","7":"product_cat-bez-kategorii","8":"product_cat-kluby-hiszpanskie-fcbarcelona","9":"pa_homeawaythird-fourth","10":"pa_rozmiar-s","12":"first","13":"instock","14":"taxable","15":"shipping-taxable","16":"purchasable","17":"product-type-simple","18":"entry","19":"content-bg","20":"loop-entry"},"taxonomy_info":{"product_brand":[{"value":1284,"label":"Nike"}],"product_cat":[{"value":15,"label":"Bez kategorii"},{"value":1448,"label":"FC Barcelona"}],"pa_homeawaythird":[{"value":1964,"label":"Fourth"}],"pa_rozmiar":[{"value":1815,"label":"S"}]},"featured_image_src_large":["https:\/\/footballthrift.shop\/wp-content\/uploads\/2026\/04\/Photoroom_20260404_160902-1024x1024.jpg",1024,1024,true],"author_info":[],"comment_info":"","_links":{"self":[{"href":"https:\/\/footballthrift.shop\/en\/wp-json\/wp\/v2\/product\/122110","targetHints":{"allow":["GET"]}}],"collection":[{"href":"https:\/\/footballthrift.shop\/en\/wp-json\/wp\/v2\/product"}],"about":[{"href":"https:\/\/footballthrift.shop\/en\/wp-json\/wp\/v2\/types\/product"}],"wp:featuredmedia":[{"embeddable":true,"href":"https:\/\/footballthrift.shop\/en\/wp-json\/wp\/v2\/media\/122336"}],"wp:attachment":[{"href":"https:\/\/footballthrift.shop\/en\/wp-json\/wp\/v2\/media?parent=122110"}],"wp:term":[{"taxonomy":"product_brand","embeddable":true,"href":"https:\/\/footballthrift.shop\/en\/wp-json\/wp\/v2\/product_brand?post=122110"},{"taxonomy":"product_cat","embeddable":true,"href":"https:\/\/footballthrift.shop\/en\/wp-json\/wp\/v2\/product_cat?post=122110"},{"taxonomy":"product_tag","embeddable":true,"href":"https:\/\/footballthrift.shop\/en\/wp-json\/wp\/v2\/product_tag?post=122110"}],"curies":[{"name":"wp","href":"https:\/\/api.w.org\/{rel}","templated":true}]}}