{"id":122108,"date":"2026-04-05T17:58:43","date_gmt":"2026-04-05T15:58:43","guid":{"rendered":"https:\/\/footballthrift.shop\/?post_type=product&#038;p=122108"},"modified":"2026-04-05T17:58:43","modified_gmt":"2026-04-05T15:58:43","slug":"koszulka-pilkarska-fc-barcelona-2022-23-third-s","status":"publish","type":"product","link":"https:\/\/footballthrift.shop\/en\/koszulka-pilkarska-fc-barcelona-2022-23-third-s\/","title":{"rendered":"Koszulka pi\u0142karska FC Barcelona 2022\/23 Third [S]"},"content":{"rendered":"<p><strong>Team:<\/strong> FC Barcelona<\/p>\n<p><strong>Season:<\/strong> 2022\/23 Third<\/p>\n<p><strong>Size: <\/strong>S<\/p>\n<p><strong>Condition:<\/strong> Very good - three micro stitches on front.<\/p>\n<p><strong>Dimensions (underarm width\/length) in cm: <\/strong>48\/70<\/p>","protected":false},"excerpt":{"rendered":"<p>Original third football shirt <strong>FC Barcelona<\/strong> from the season <strong>2022\/23<\/strong> production <strong>Nike<\/strong>.<\/p>\n<p>Third set <strong>FC Barcelona<\/strong> from the season <strong>2022\/23<\/strong>produced by <strong>Nike<\/strong> w rozmiarze S, to projekt z pierwszego pe\u0142nego sezonu odbudowy zespo\u0142u pod wodz\u0105 Xaviego. Katalo\u0144ski klub si\u0119gn\u0105\u0142 w tych rozgrywkach po mistrzostwo Hiszpanii, odzyskuj\u0105c tytu\u0142 La Liga i potwierdzaj\u0105c powr\u00f3t do krajowej dominacji.<\/p>\n<p>The T-shirt has been produced on a grey base, which is crossed by a large, expressive cross in blue and red, referring to the traditional colours of the <strong>FC Barcelona<\/strong>. Jest to wersja bez nadruku sponsora na froncie.\u00a0Herb klubu oraz logo <strong>Nike<\/strong> deployed classically on the chest, maintaining the modern and bold design character of the third set.<\/p>\n<p>Season <strong>2022\/23<\/strong> was for <strong>FC Barcelona<\/strong> a time of sporting reconstruction and successful competition for the highest goals in Spain. The team's colours included. <strong>Robert Lewandowski<\/strong>, for whom this was his first season at the club and who quickly became the offensive leader and La Liga's top scorer, <strong>Pedri<\/strong>, responsible for creativity in midfield, and <strong>Marc-Andr\u00e9 ter Stegen<\/strong>, a defensive pillar and one of the key architects of the championship campaign.<\/p>\n<p>The T-shirt is made of a light and airy material and the cut in size S meets the standards of the <strong>Nike<\/strong>, providing a classic fit in keeping with the brand's designs.<\/p>\n<p>This is for collectors and fans looking for the original third football jersey <strong>FC Barcelona<\/strong> from the season <strong>2022\/23<\/strong>, a clear record of the masterful return to the top and the debut season of the <strong>Robert Lewandowski<\/strong> in Catalan colours.<\/p>","protected":false},"featured_media":122316,"template":"","meta":{"_kad_blocks_custom_css":"","_kad_blocks_head_custom_js":"","_kad_blocks_body_custom_js":"","_kad_blocks_footer_custom_js":"","_kad_post_transparent":"default","_kad_post_title":"","_kad_post_layout":"default","_kad_post_sidebar_id":"","_kad_post_content_style":"default","_kad_post_vertical_padding":"default","_kad_post_feature":"","_kad_post_feature_position":"","_kad_post_header":false,"_kad_post_footer":false,"_kad_post_classname":""},"product_brand":[1284],"product_cat":[15,1448],"product_tag":[],"class_list":{"0":"post-122108","1":"product","2":"type-product","3":"status-publish","4":"has-post-thumbnail","6":"product_brand-nike","7":"product_cat-bez-kategorii","8":"product_cat-kluby-hiszpanskie-fcbarcelona","9":"pa_homeawaythird-third","10":"pa_rozmiar-s","12":"first","13":"instock","14":"taxable","15":"shipping-taxable","16":"purchasable","17":"product-type-simple","18":"entry","19":"content-bg","20":"loop-entry"},"taxonomy_info":{"product_brand":[{"value":1284,"label":"Nike"}],"product_cat":[{"value":15,"label":"Bez kategorii"},{"value":1448,"label":"FC Barcelona"}],"pa_homeawaythird":[{"value":1599,"label":"Third"}],"pa_rozmiar":[{"value":1815,"label":"S"}]},"featured_image_src_large":["https:\/\/footballthrift.shop\/wp-content\/uploads\/2026\/04\/IMG_5981-Photoroom-1024x1024.jpg",1024,1024,true],"author_info":[],"comment_info":"","_links":{"self":[{"href":"https:\/\/footballthrift.shop\/en\/wp-json\/wp\/v2\/product\/122108","targetHints":{"allow":["GET"]}}],"collection":[{"href":"https:\/\/footballthrift.shop\/en\/wp-json\/wp\/v2\/product"}],"about":[{"href":"https:\/\/footballthrift.shop\/en\/wp-json\/wp\/v2\/types\/product"}],"wp:featuredmedia":[{"embeddable":true,"href":"https:\/\/footballthrift.shop\/en\/wp-json\/wp\/v2\/media\/122316"}],"wp:attachment":[{"href":"https:\/\/footballthrift.shop\/en\/wp-json\/wp\/v2\/media?parent=122108"}],"wp:term":[{"taxonomy":"product_brand","embeddable":true,"href":"https:\/\/footballthrift.shop\/en\/wp-json\/wp\/v2\/product_brand?post=122108"},{"taxonomy":"product_cat","embeddable":true,"href":"https:\/\/footballthrift.shop\/en\/wp-json\/wp\/v2\/product_cat?post=122108"},{"taxonomy":"product_tag","embeddable":true,"href":"https:\/\/footballthrift.shop\/en\/wp-json\/wp\/v2\/product_tag?post=122108"}],"curies":[{"name":"wp","href":"https:\/\/api.w.org\/{rel}","templated":true}]}}