{"id":122104,"date":"2026-04-05T17:58:45","date_gmt":"2026-04-05T15:58:45","guid":{"rendered":"https:\/\/footballthrift.shop\/?post_type=product&#038;p=122104"},"modified":"2026-04-10T15:34:08","modified_gmt":"2026-04-10T13:34:08","slug":"koszulka-bawelniana-fc-barcelona-1997-98-xxl","status":"publish","type":"product","link":"https:\/\/footballthrift.shop\/en\/koszulka-bawelniana-fc-barcelona-1997-98-xxl\/","title":{"rendered":"Koszulka treningowa FC Barcelona 1997\/98 [XXL]"},"content":{"rendered":"<p><strong>Team:<\/strong> FC Barcelona<\/p>\n<p><strong>Season:<\/strong> 1997\/98<\/p>\n<p><strong>Size: <\/strong>XXL<\/p>\n<p><strong>Condition:<\/strong> Dobry &#8211; uci\u0119ta metka z rozmiarem na karku, dwa drobne zabrudzenia na froncie i mikro zaci\u0105gni\u0119cie oraz nieznacznie pop\u0119kany emblemat producenta z ty\u0142u koszulki.<\/p>\n<p><strong>Dimensions (underarm width\/length) in cm: <\/strong>62\/77<\/p>","protected":false},"excerpt":{"rendered":"<p><strong>Oryginalna treningowa koszulka pi\u0142karska FC Barcelony z sezonu 1997\/98 produkcji Kappy.\u00a0<\/strong><\/p>\n<p>Training model <strong>FC Barcelona<\/strong> from the season <strong>1997\/98<\/strong>produced by <strong>Kappa<\/strong> w rozmiarze XXL, pochodzi z jednego z najbardziej udanych okres\u00f3w klubu ko\u0144c\u00f3wki lat 90., zako\u0144czonego zdobyciem mistrzostwa Hiszpanii oraz Pucharu Kr\u00f3la. Dru\u017cyna prowadzona przez Louisa van Gaala prezentowa\u0142a ofensywny styl gry, a w jej sk\u0142adzie znajdowa\u0142o si\u0119 wielu wybitnych zawodnik\u00f3w, kt\u00f3rzy stanowili trzon zespo\u0142u.<\/p>\n<p>Koszulka zosta\u0142a wyprodukowana na szarej bazie, z kontrastuj\u0105cymi niebieskimi r\u0119kawkami, na kt\u00f3rych znajduj\u0105 si\u0119 charakterystyczne lampasy w logotypy <strong>Kappy<\/strong>. Na froncie widnieje napis <strong>FC Barcelona<\/strong>, natomiast plecy zdobi du\u017ce logo producenta, tworz\u0105c wyra\u017any i rozpoznawalny projekt treningowy. Ca\u0142o\u015b\u0107 utrzymana jest w stylistyce typowej dla projekt\u00f3w <strong>Kappy<\/strong>, z wyra\u017anym akcentem na branding.<\/p>\n<p>W tamtym sezonie <strong>FC Barcelona<\/strong> mog\u0142a liczy\u0107 na takich zawodnik\u00f3w jak <strong>Rivaldo<\/strong>, kt\u00f3ry by\u0142 kluczow\u0105 postaci\u0105 ofensywy, a tak\u017ce <strong>Lu\u00eds Figo<\/strong>, <strong>Pep Guardiola<\/strong>, <strong>Luis Enrique<\/strong> or <strong>Patrick Kluivert<\/strong>. Zesp\u00f3\u0142 zdominowa\u0142 rozgrywki ligowe, a styl gry oraz jako\u015b\u0107 kadry sprawi\u0142y, \u017ce by\u0142 to jeden z najbardziej pami\u0119tnych okres\u00f3w dla kibic\u00f3w katalo\u0144skiego klubu.<\/p>\n<p>Koszulka zosta\u0142a wykonana z lekkiego i przewiewnego materia\u0142u bawe\u0142nianego, a kr\u00f3j w rozmiarze XXL odpowiada standardom stosowanym przez <strong>Kappa<\/strong>.<\/p>\n<p>This is for collectors and fans looking for an original training football jersey <strong>FC Barcelona<\/strong> from the season <strong>1997\/98<\/strong>, a clear record of one of the most successful seasons in the club's history.<\/p>","protected":false},"featured_media":122271,"template":"","meta":{"_kad_blocks_custom_css":"","_kad_blocks_head_custom_js":"","_kad_blocks_body_custom_js":"","_kad_blocks_footer_custom_js":"","_kad_post_transparent":"default","_kad_post_title":"","_kad_post_layout":"default","_kad_post_sidebar_id":"","_kad_post_content_style":"default","_kad_post_vertical_padding":"default","_kad_post_feature":"","_kad_post_feature_position":"","_kad_post_header":false,"_kad_post_footer":false,"_kad_post_classname":""},"product_brand":[1290],"product_cat":[15,1448,1423],"product_tag":[],"class_list":{"0":"post-122104","1":"product","2":"type-product","3":"status-publish","4":"has-post-thumbnail","6":"product_brand-kappa","7":"product_cat-bez-kategorii","8":"product_cat-kluby-hiszpanskie-fcbarcelona","9":"product_cat-kurtkibluzytrening","10":"pa_rozmiar-xxl","12":"first","13":"instock","14":"taxable","15":"shipping-taxable","16":"purchasable","17":"product-type-simple","18":"entry","19":"content-bg","20":"loop-entry"},"taxonomy_info":{"product_brand":[{"value":1290,"label":"Kappa"}],"product_cat":[{"value":15,"label":"Bez kategorii"},{"value":1448,"label":"FC Barcelona"},{"value":1423,"label":"Kurtki\/bluzy\/trening"}],"pa_rozmiar":[{"value":1819,"label":"XXL"}]},"featured_image_src_large":["https:\/\/footballthrift.shop\/wp-content\/uploads\/2026\/04\/IMG_5948-Photoroom-1024x1024.jpg",1024,1024,true],"author_info":[],"comment_info":"","_links":{"self":[{"href":"https:\/\/footballthrift.shop\/en\/wp-json\/wp\/v2\/product\/122104","targetHints":{"allow":["GET"]}}],"collection":[{"href":"https:\/\/footballthrift.shop\/en\/wp-json\/wp\/v2\/product"}],"about":[{"href":"https:\/\/footballthrift.shop\/en\/wp-json\/wp\/v2\/types\/product"}],"wp:featuredmedia":[{"embeddable":true,"href":"https:\/\/footballthrift.shop\/en\/wp-json\/wp\/v2\/media\/122271"}],"wp:attachment":[{"href":"https:\/\/footballthrift.shop\/en\/wp-json\/wp\/v2\/media?parent=122104"}],"wp:term":[{"taxonomy":"product_brand","embeddable":true,"href":"https:\/\/footballthrift.shop\/en\/wp-json\/wp\/v2\/product_brand?post=122104"},{"taxonomy":"product_cat","embeddable":true,"href":"https:\/\/footballthrift.shop\/en\/wp-json\/wp\/v2\/product_cat?post=122104"},{"taxonomy":"product_tag","embeddable":true,"href":"https:\/\/footballthrift.shop\/en\/wp-json\/wp\/v2\/product_tag?post=122104"}],"curies":[{"name":"wp","href":"https:\/\/api.w.org\/{rel}","templated":true}]}}