{"id":122101,"date":"2026-04-05T17:58:46","date_gmt":"2026-04-05T15:58:46","guid":{"rendered":"https:\/\/footballthrift.shop\/?post_type=product&#038;p=122101"},"modified":"2026-04-05T17:58:46","modified_gmt":"2026-04-05T15:58:46","slug":"koszulka-pilkarska-bahrajn-2008-10-away-l","status":"publish","type":"product","link":"https:\/\/footballthrift.shop\/en\/koszulka-pilkarska-bahrajn-2008-10-away-l\/","title":{"rendered":"Koszulka pi\u0142karska Bahrajn 2008\/10 Away [L]"},"content":{"rendered":"<p><strong>Team:<\/strong> Bahrain<\/p>\n<p><strong>Season:<\/strong> 2008\/10 Away<\/p>\n<p><strong>Size: <\/strong>L<\/p>\n<p><strong>Condition:<\/strong> Bardzo dobry &#8211; nieznaczna liczba mikro zaci\u0105gni\u0119\u0107 i starta nalepka z rozmiarem na karku.<\/p>\n<p><strong>Dimensions (underarm width\/length) in cm: <\/strong>48\/74<\/p>","protected":false},"excerpt":{"rendered":"<p><strong>Oryginalna domowa koszulka pi\u0142karska reprezentacji Bahrajnu z lat 2008\/10 produkcji Pumy.\u00a0<\/strong><\/p>\n<p>Model <strong>reprezentacji Bahrajnu<\/strong> over the years <strong>2008\/10<\/strong>produced by <strong>Puma<\/strong> w rozmiarze L, pochodzi z okresu, w kt\u00f3rym kadra nale\u017ca\u0142a do solidnych zespo\u0142\u00f3w azjatyckich i regularnie rywalizowa\u0142a w eliminacjach do mistrzostw \u015bwiata oraz Pucharu Azji. Bahrajn w poprzednich latach by\u0142 o krok od historycznego awansu na mundial, co ugruntowa\u0142o jego pozycj\u0119 jako wymagaj\u0105cego przeciwnika w regionie.<\/p>\n<p>Koszulka zosta\u0142a wyprodukowana na bia\u0142ej bazie, z eleganckimi z\u0142otymi wyko\u0144czeniami r\u0119kawk\u00f3w oraz panelami po bokach, kt\u00f3re nadaj\u0105 ca\u0142o\u015bci bardziej wyrazisty charakter. Ko\u0142nierzyk typu polo podkre\u015bla klasyczny styl projektu, a herb federacji oraz logo <strong>Pumas<\/strong> zosta\u0142y umieszczone nietypowo \u2013 jedno nad drugim na lewej piersi, co wyr\u00f3\u017cnia ten model na tle innych reprezentacyjnych koszulek.<\/p>\n<p>W tamtym okresie <strong>reprezentacja Bahrajnu<\/strong> opiera\u0142a si\u0119 na zawodnikach takich jak <strong>A\u2019ala Hubail<\/strong>, jeden z najskuteczniejszych napastnik\u00f3w w historii kadry i kr\u00f3l strzelc\u00f3w Pucharu Azji 2004, czy <strong>Mohamed Salmeen<\/strong>, kreatywny pomocnik pe\u0142ni\u0105cy wa\u017cn\u0105 rol\u0119 w \u015brodku pola. Istotnymi postaciami byli r\u00f3wnie\u017c <strong>Sayed Mohamed Adnan<\/strong> and <strong>Hussain Ali Baba<\/strong>, kt\u00f3rzy przez lata stanowili fundament defensywy i do\u015bwiadczenia zespo\u0142u.<\/p>\n<p>Koszulka zosta\u0142a wykonana z lekkiego i przewiewnego materia\u0142u, a kr\u00f3j w rozmiarze L odpowiada standardom stosowanym przez <strong>Puma<\/strong>.<\/p>\n<p>This is for collectors and fans looking for an original home football jersey <strong>reprezentacji Bahrajnu<\/strong> over the years <strong>2008\/10<\/strong>, stanowi\u0105cej czytelny zapis okresu jej stabilnej pozycji w azjatyckim futbolu.<\/p>","protected":false},"featured_media":122251,"template":"","meta":{"_kad_blocks_custom_css":"","_kad_blocks_head_custom_js":"","_kad_blocks_body_custom_js":"","_kad_blocks_footer_custom_js":"","_kad_post_transparent":"default","_kad_post_title":"","_kad_post_layout":"default","_kad_post_sidebar_id":"","_kad_post_content_style":"default","_kad_post_vertical_padding":"default","_kad_post_feature":"","_kad_post_feature_position":"","_kad_post_header":false,"_kad_post_footer":false,"_kad_post_classname":""},"product_brand":[1287],"product_cat":[1428,15],"product_tag":[],"class_list":{"0":"post-122101","1":"product","2":"type-product","3":"status-publish","4":"has-post-thumbnail","6":"product_brand-puma","7":"product_cat-reprezentacje-azja","8":"product_cat-bez-kategorii","9":"pa_homeawaythird-away","10":"pa_rozmiar-l","12":"first","13":"instock","14":"taxable","15":"shipping-taxable","16":"purchasable","17":"product-type-simple","18":"entry","19":"content-bg","20":"loop-entry"},"taxonomy_info":{"product_brand":[{"value":1287,"label":"Puma"}],"product_cat":[{"value":1428,"label":"Azja"},{"value":15,"label":"Bez kategorii"}],"pa_homeawaythird":[{"value":1598,"label":"Away"}],"pa_rozmiar":[{"value":1817,"label":"L"}]},"featured_image_src_large":["https:\/\/footballthrift.shop\/wp-content\/uploads\/2026\/04\/Photoroom_20260404_160808-1024x1024.jpg",1024,1024,true],"author_info":[],"comment_info":"","_links":{"self":[{"href":"https:\/\/footballthrift.shop\/en\/wp-json\/wp\/v2\/product\/122101","targetHints":{"allow":["GET"]}}],"collection":[{"href":"https:\/\/footballthrift.shop\/en\/wp-json\/wp\/v2\/product"}],"about":[{"href":"https:\/\/footballthrift.shop\/en\/wp-json\/wp\/v2\/types\/product"}],"wp:featuredmedia":[{"embeddable":true,"href":"https:\/\/footballthrift.shop\/en\/wp-json\/wp\/v2\/media\/122251"}],"wp:attachment":[{"href":"https:\/\/footballthrift.shop\/en\/wp-json\/wp\/v2\/media?parent=122101"}],"wp:term":[{"taxonomy":"product_brand","embeddable":true,"href":"https:\/\/footballthrift.shop\/en\/wp-json\/wp\/v2\/product_brand?post=122101"},{"taxonomy":"product_cat","embeddable":true,"href":"https:\/\/footballthrift.shop\/en\/wp-json\/wp\/v2\/product_cat?post=122101"},{"taxonomy":"product_tag","embeddable":true,"href":"https:\/\/footballthrift.shop\/en\/wp-json\/wp\/v2\/product_tag?post=122101"}],"curies":[{"name":"wp","href":"https:\/\/api.w.org\/{rel}","templated":true}]}}