{"id":122100,"date":"2026-04-05T17:58:46","date_gmt":"2026-04-05T15:58:46","guid":{"rendered":"https:\/\/footballthrift.shop\/?post_type=product&#038;p=122100"},"modified":"2026-04-05T17:58:46","modified_gmt":"2026-04-05T15:58:46","slug":"koszulka-pilkarska-arka-gdynia-2007-08-away-13-karwan-m-l","status":"publish","type":"product","link":"https:\/\/footballthrift.shop\/en\/koszulka-pilkarska-arka-gdynia-2007-08-away-13-karwan-m-l\/","title":{"rendered":"Koszulka pi\u0142karska Arka Gdynia 2007\/08 Away 13 Karwan [M\/L]"},"content":{"rendered":"<p><strong>Team:<\/strong> Arka Gdynia<\/p>\n<p><strong>Season:<\/strong> 2007\/08 Away<\/p>\n<p><strong>Size: <\/strong>M\/L<\/p>\n<p><strong>Condition:<\/strong> Good - some minor soiling.<\/p>\n<p><strong>Dimensions (underarm width\/length) in cm: <\/strong>54\/73<\/p>","protected":false},"excerpt":{"rendered":"<p><strong>Oryginalna wyjazdowa koszulka pi\u0142karska Arki Gdynia z sezonu 2007\/08 produkcji Jako z nadrukiem Bartosza Karwana.\u00a0<\/strong><\/p>\n<p>Away model <strong>Arki Gdynia<\/strong> from the season <strong>2007\/08<\/strong>produced by <strong>As<\/strong> w rozmiarze M\/L, pochodzi z okresu powrotu klubu do Ekstraklasy i walki o utrzymanie na najwy\u017cszym poziomie rozgrywkowym. By\u0142 to czas budowania zespo\u0142u zdolnego do rywalizacji z ligow\u0105 czo\u0142\u00f3wk\u0105, a w sk\u0142adzie pojawiali si\u0119 zar\u00f3wno do\u015bwiadczeni zawodnicy, jak i gracze pr\u00f3buj\u0105cy odbudowa\u0107 swoj\u0105 pozycj\u0119.<\/p>\n<p>Koszulka zosta\u0142a wyprodukowana na bia\u0142ej bazie, uzupe\u0142nionej o szare, kontrastuj\u0105ce panele, kt\u00f3re nadaj\u0105 ca\u0142o\u015bci bardziej nowoczesny charakter. D\u0142ugi r\u0119kaw oraz ko\u0142nierzyk typu polo podkre\u015blaj\u0105 klasyczn\u0105 form\u0119 projektu, natomiast centralne miejsce na froncie zajmuje nadruk sponsora <strong>Asseco<\/strong>. Uk\u0142ad element\u00f3w jest przejrzysty i charakterystyczny dla projekt\u00f3w <strong>Jako.<\/strong><\/p>\n<p>There is an original print on the back. <strong>Bartosza Karwana<\/strong>, do\u015bwiadczonego pomocnika i by\u0142ego reprezentanta Polski, kt\u00f3ry w tamtym okresie wnosi\u0142 do zespo\u0142u spok\u00f3j oraz boiskowe obycie. <strong>Bartosz Karwan<\/strong> nale\u017ca\u0142 do bardziej rozpoznawalnych postaci w kadrze <strong>Arki Gdynia<\/strong>, a jego obecno\u015b\u0107 by\u0142a istotna w kontek\u015bcie stabilizacji gry dru\u017cyny w wymagaj\u0105cym sezonie.<\/p>\n<p>Koszulka zosta\u0142a wykonana z lekkiego i przewiewnego materia\u0142u, a kr\u00f3j w rozmiarze M\/L odpowiada standardom stosowanym przez <strong>As<\/strong>.<\/p>\n<p>This is for collectors and fans looking for an original away football jersey <strong>Arki Gdynia<\/strong> from the season <strong>2007\/08<\/strong>, stanowi\u0105cej czytelny zapis jej powrotu do Ekstraklasy i walki o utrzymanie.<\/p>","protected":false},"featured_media":122242,"template":"","meta":{"_kad_blocks_custom_css":"","_kad_blocks_head_custom_js":"","_kad_blocks_body_custom_js":"","_kad_blocks_footer_custom_js":"","_kad_post_transparent":"default","_kad_post_title":"","_kad_post_layout":"default","_kad_post_sidebar_id":"","_kad_post_content_style":"default","_kad_post_vertical_padding":"default","_kad_post_feature":"","_kad_post_feature_position":"","_kad_post_header":false,"_kad_post_footer":false,"_kad_post_classname":""},"product_brand":[1298],"product_cat":[15,1411,1468],"product_tag":[],"class_list":{"0":"post-122100","1":"product","2":"type-product","3":"status-publish","4":"has-post-thumbnail","6":"product_brand-jako","7":"product_cat-bez-kategorii","8":"product_cat-polscy-pilkarze","9":"product_cat-pozostale-kluby-polskie","10":"pa_homeawaythird-away","11":"pa_rozmiar-m-l","13":"first","14":"instock","15":"taxable","16":"shipping-taxable","17":"purchasable","18":"product-type-simple","19":"entry","20":"content-bg","21":"loop-entry"},"taxonomy_info":{"product_brand":[{"value":1298,"label":"Jako"}],"product_cat":[{"value":15,"label":"Bez kategorii"},{"value":1411,"label":"POLSCY PI\u0141KARZE"},{"value":1468,"label":"Pozosta\u0142e kluby polskie"}],"pa_homeawaythird":[{"value":1598,"label":"Away"}],"pa_rozmiar":[{"value":1924,"label":"M\/L"}]},"featured_image_src_large":["https:\/\/footballthrift.shop\/wp-content\/uploads\/2026\/04\/Photoroom_20260404_160755-1024x1024.jpg",1024,1024,true],"author_info":[],"comment_info":"","_links":{"self":[{"href":"https:\/\/footballthrift.shop\/en\/wp-json\/wp\/v2\/product\/122100","targetHints":{"allow":["GET"]}}],"collection":[{"href":"https:\/\/footballthrift.shop\/en\/wp-json\/wp\/v2\/product"}],"about":[{"href":"https:\/\/footballthrift.shop\/en\/wp-json\/wp\/v2\/types\/product"}],"wp:featuredmedia":[{"embeddable":true,"href":"https:\/\/footballthrift.shop\/en\/wp-json\/wp\/v2\/media\/122242"}],"wp:attachment":[{"href":"https:\/\/footballthrift.shop\/en\/wp-json\/wp\/v2\/media?parent=122100"}],"wp:term":[{"taxonomy":"product_brand","embeddable":true,"href":"https:\/\/footballthrift.shop\/en\/wp-json\/wp\/v2\/product_brand?post=122100"},{"taxonomy":"product_cat","embeddable":true,"href":"https:\/\/footballthrift.shop\/en\/wp-json\/wp\/v2\/product_cat?post=122100"},{"taxonomy":"product_tag","embeddable":true,"href":"https:\/\/footballthrift.shop\/en\/wp-json\/wp\/v2\/product_tag?post=122100"}],"curies":[{"name":"wp","href":"https:\/\/api.w.org\/{rel}","templated":true}]}}