{"id":122098,"date":"2026-04-05T17:58:48","date_gmt":"2026-04-05T15:58:48","guid":{"rendered":"https:\/\/footballthrift.shop\/?post_type=product&#038;p=122098"},"modified":"2026-04-05T17:58:48","modified_gmt":"2026-04-05T15:58:48","slug":"koszulka-pilkarska-afc-ajax-2022-23-third-10-tadic-l","status":"publish","type":"product","link":"https:\/\/footballthrift.shop\/en\/koszulka-pilkarska-afc-ajax-2022-23-third-10-tadic-l\/","title":{"rendered":"Koszulka pi\u0142karska AFC Ajax 2022\/23 Third 10 Tadi\u0107 [L]"},"content":{"rendered":"<p><strong>Team:<\/strong> AFC Ajax<\/p>\n<p><strong>Season:<\/strong> 2022\/23 Third<\/p>\n<p><strong>Size: <\/strong>L<\/p>\n<p><strong>Condition:<\/strong> Excellent<\/p>\n<p><strong>Dimensions (underarm width\/length) in cm: <\/strong>55\/77<\/p>","protected":false},"excerpt":{"rendered":"<p><strong>Oryginalna trzecia koszulka pi\u0142karska AFC Ajax z sezonu 2022\/23 produkcji Adidasa z nadrukiem Du\u0161ana Tadicia.\u00a0<\/strong><\/p>\n<p>The third model <strong>AFC Ajax<\/strong> from the season <strong>2022\/23<\/strong>produced by <strong>Adidas<\/strong> w rozmiarze L, powsta\u0142 we wsp\u00f3\u0142pracy z mark\u0105 Daily Paper i stanowi jeden z najbardziej wyr\u00f3\u017cniaj\u0105cych si\u0119 projekt\u00f3w tego okresu. Sezon ten by\u0142 dla klubu wymagaj\u0105cy, naznaczony zmianami kadrowymi i walk\u0105 o utrzymanie pozycji w czo\u0142\u00f3wce Eredivisie.<\/p>\n<p>Koszulka zosta\u0142a wyprodukowana na z\u0142otej bazie, na kt\u00f3rej widoczne s\u0105 graficzne motywy nawi\u0105zuj\u0105ce do Amsterdamu, nadaj\u0105ce ca\u0142o\u015bci unikalny charakter. Centralnym elementem frontu jest pionowy czarno-czerwony pas biegn\u0105cy od g\u00f3ry do do\u0142u, na kt\u00f3rym umieszczono nadruk sponsora <strong>Ziggo<\/strong>. Projekt \u0142\u0105czy nowoczesn\u0105 estetyk\u0119 z miejskim stylem, charakterystycznym dla wsp\u00f3\u0142pracy <strong>Adidas<\/strong> z Daily Paper.<\/p>\n<p>There is an original print on the back. <strong>Du\u0161ana Tadicia<\/strong>, kapitana <strong>AFC Ajax<\/strong> i jednego z kluczowych zawodnik\u00f3w zespo\u0142u w tamtym okresie. Serbski pomocnik odpowiada\u0142 za kreowanie gry i by\u0142 liderem dru\u017cyny zar\u00f3wno na boisku, jak i poza nim, notuj\u0105c regularnie wysokie liczby asyst i bramek.<\/p>\n<p>The T-shirt is made of a light and airy material and the cut in size L meets the standards of the <strong>Adidas<\/strong>, ensuring a fit in line with the brand's designs.<\/p>\n<p>This is for collectors and fans looking for the original third football jersey <strong>AFC Ajax<\/strong> from the season <strong>2022\/23<\/strong>, stanowi\u0105cej czytelny zapis jednego z najbardziej charakterystycznych projekt\u00f3w w nowoczesnej historii klubu.<\/p>","protected":false},"featured_media":122217,"template":"","meta":{"_kad_blocks_custom_css":"","_kad_blocks_head_custom_js":"","_kad_blocks_body_custom_js":"","_kad_blocks_footer_custom_js":"","_kad_post_transparent":"default","_kad_post_title":"","_kad_post_layout":"default","_kad_post_sidebar_id":"","_kad_post_content_style":"default","_kad_post_vertical_padding":"default","_kad_post_feature":"","_kad_post_feature_position":"","_kad_post_header":false,"_kad_post_footer":false,"_kad_post_classname":""},"product_brand":[1284],"product_cat":[1466,15],"product_tag":[],"class_list":{"0":"post-122098","1":"product","2":"type-product","3":"status-publish","4":"has-post-thumbnail","6":"product_brand-nike","7":"product_cat-belgia-holandia","8":"product_cat-bez-kategorii","9":"pa_homeawaythird-third","10":"pa_rozmiar-l","12":"first","13":"instock","14":"taxable","15":"shipping-taxable","16":"purchasable","17":"product-type-simple","18":"entry","19":"content-bg","20":"loop-entry"},"taxonomy_info":{"product_brand":[{"value":1284,"label":"Nike"}],"product_cat":[{"value":1466,"label":"Belgia i Holandia"},{"value":15,"label":"Bez kategorii"}],"pa_homeawaythird":[{"value":1599,"label":"Third"}],"pa_rozmiar":[{"value":1817,"label":"L"}]},"featured_image_src_large":["https:\/\/footballthrift.shop\/wp-content\/uploads\/2026\/04\/IMG_5939-Photoroom-1024x1024.jpg",1024,1024,true],"author_info":[],"comment_info":"","_links":{"self":[{"href":"https:\/\/footballthrift.shop\/en\/wp-json\/wp\/v2\/product\/122098","targetHints":{"allow":["GET"]}}],"collection":[{"href":"https:\/\/footballthrift.shop\/en\/wp-json\/wp\/v2\/product"}],"about":[{"href":"https:\/\/footballthrift.shop\/en\/wp-json\/wp\/v2\/types\/product"}],"wp:featuredmedia":[{"embeddable":true,"href":"https:\/\/footballthrift.shop\/en\/wp-json\/wp\/v2\/media\/122217"}],"wp:attachment":[{"href":"https:\/\/footballthrift.shop\/en\/wp-json\/wp\/v2\/media?parent=122098"}],"wp:term":[{"taxonomy":"product_brand","embeddable":true,"href":"https:\/\/footballthrift.shop\/en\/wp-json\/wp\/v2\/product_brand?post=122098"},{"taxonomy":"product_cat","embeddable":true,"href":"https:\/\/footballthrift.shop\/en\/wp-json\/wp\/v2\/product_cat?post=122098"},{"taxonomy":"product_tag","embeddable":true,"href":"https:\/\/footballthrift.shop\/en\/wp-json\/wp\/v2\/product_tag?post=122098"}],"curies":[{"name":"wp","href":"https:\/\/api.w.org\/{rel}","templated":true}]}}