{"id":121733,"date":"2026-03-29T17:59:54","date_gmt":"2026-03-29T15:59:54","guid":{"rendered":"https:\/\/footballthrift.shop\/?post_type=product&#038;p=121733"},"modified":"2026-03-29T17:59:54","modified_gmt":"2026-03-29T15:59:54","slug":"football-shirt-besiktas-jk-2015-16-home-xl","status":"publish","type":"product","link":"https:\/\/footballthrift.shop\/en\/koszulka-pilkarska-besiktas-jk-2015-16-home-xl\/","title":{"rendered":"Koszulka pi\u0142karska Besiktas JK 2015\/16 Home [XL]"},"content":{"rendered":"<p><strong>Team:<\/strong> Besiktas JK<\/p>\n<p><strong>Season:<\/strong> 2015\/16 Home<\/p>\n<p><strong>Size: <\/strong>XL<\/p>\n<p><strong>Condition:<\/strong> Excellent<\/p>\n<p><strong>Dimensions (underarm width\/length) in cm: <\/strong>56\/78<\/p>","protected":false},"excerpt":{"rendered":"<p><strong>Original Be\u015fikta\u015f JK home football shirt from the 2015\/16 season by Adidas.\u00a0<\/strong><\/p>\n<p>Home model <strong>Be\u015fikta\u015f JK<\/strong> from the season <strong>2015\/16<\/strong>produced by <strong>Adidas<\/strong> in XL size, dates back to one of the most important periods in the club's modern history. At the time, the team reached the Turkish championship with an offensive and effective style of play that ensured its domination of the domestic competition.<\/p>\n<p>The jersey has been produced on a white base, and the whole is complemented by a black collar trim and the signature Adidas design stripes on the sleeves. The front features a central sponsor print. <strong>Vodafone<\/strong>, clearly contrasting with the light background and forming one of the main elements of the composition.<\/p>\n<p>For the 2015\/16 season, the colours <strong>Be\u015fikta\u015f JK<\/strong> represented, among others, by. <strong>Mario G\u00f3mez<\/strong>, who was the team's most effective player and one of the league's top scorers, <strong>Ricardo Quaresma<\/strong>, responsible for creativity and quality on the offensive, and <strong>O\u011fuzhan \u00d6zyakup<\/strong>, playing a key role in midfield. The team led by \u015eenol G\u00fcne\u015f stood out for its fluidity of play and efficiency, which translated into winning the league title.<\/p>\n<p>The T-shirt is made of a light and airy material and the cut in size XL meets the standards of the <strong>Adidas<\/strong>, providing the classic fit characteristic of the brand's designs.<\/p>\n<p>This is for collectors and fans looking for an original home football jersey <strong>Be\u015fikta\u015f JK<\/strong> from the season <strong>2015\/16<\/strong>, providing a clear record of the club's championship season.<\/p>","protected":false},"featured_media":121871,"template":"","meta":{"_kad_blocks_custom_css":"","_kad_blocks_head_custom_js":"","_kad_blocks_body_custom_js":"","_kad_blocks_footer_custom_js":"","_kad_post_transparent":"default","_kad_post_title":"","_kad_post_layout":"default","_kad_post_sidebar_id":"","_kad_post_content_style":"default","_kad_post_vertical_padding":"default","_kad_post_feature":"","_kad_post_feature_position":"","_kad_post_header":false,"_kad_post_footer":false,"_kad_post_classname":""},"product_brand":[1283],"product_cat":[15,1492],"product_tag":[],"class_list":{"0":"post-121733","1":"product","2":"type-product","3":"status-publish","4":"has-post-thumbnail","6":"product_brand-adidas","7":"product_cat-bez-kategorii","8":"product_cat-kluby-tureckie","9":"pa_homeawaythird-home","10":"pa_rozmiar-xl","12":"first","13":"instock","14":"taxable","15":"shipping-taxable","16":"purchasable","17":"product-type-simple","18":"entry","19":"content-bg","20":"loop-entry"},"taxonomy_info":{"product_brand":[{"value":1283,"label":"Adidas"}],"product_cat":[{"value":15,"label":"Bez kategorii"},{"value":1492,"label":"Turcja"}],"pa_homeawaythird":[{"value":1597,"label":"Home"}],"pa_rozmiar":[{"value":1818,"label":"XL"}]},"featured_image_src_large":["https:\/\/footballthrift.shop\/wp-content\/uploads\/2026\/03\/Photoroom_20260326_105525-1024x1024.jpg",1024,1024,true],"author_info":[],"comment_info":"","_links":{"self":[{"href":"https:\/\/footballthrift.shop\/en\/wp-json\/wp\/v2\/product\/121733","targetHints":{"allow":["GET"]}}],"collection":[{"href":"https:\/\/footballthrift.shop\/en\/wp-json\/wp\/v2\/product"}],"about":[{"href":"https:\/\/footballthrift.shop\/en\/wp-json\/wp\/v2\/types\/product"}],"wp:featuredmedia":[{"embeddable":true,"href":"https:\/\/footballthrift.shop\/en\/wp-json\/wp\/v2\/media\/121871"}],"wp:attachment":[{"href":"https:\/\/footballthrift.shop\/en\/wp-json\/wp\/v2\/media?parent=121733"}],"wp:term":[{"taxonomy":"product_brand","embeddable":true,"href":"https:\/\/footballthrift.shop\/en\/wp-json\/wp\/v2\/product_brand?post=121733"},{"taxonomy":"product_cat","embeddable":true,"href":"https:\/\/footballthrift.shop\/en\/wp-json\/wp\/v2\/product_cat?post=121733"},{"taxonomy":"product_tag","embeddable":true,"href":"https:\/\/footballthrift.shop\/en\/wp-json\/wp\/v2\/product_tag?post=121733"}],"curies":[{"name":"wp","href":"https:\/\/api.w.org\/{rel}","templated":true}]}}