{"id":121327,"date":"2026-03-22T17:59:10","date_gmt":"2026-03-22T16:59:10","guid":{"rendered":"https:\/\/footballthrift.shop\/?post_type=product&#038;p=121327"},"modified":"2026-03-22T17:59:11","modified_gmt":"2026-03-22T16:59:11","slug":"football-jersey-wisla-krakow-2015-16-home-l","status":"publish","type":"product","link":"https:\/\/footballthrift.shop\/en\/koszulka-pilkarska-wisla-krakow-2015-16-home-l\/","title":{"rendered":"Koszulka pi\u0142karska Wis\u0142a Krak\u00f3w 2015\/16 Home [L]"},"content":{"rendered":"<p><strong>Team:<\/strong> Wis\u0142a Cracow<\/p>\n<p><strong>Season:<\/strong> 2015\/16 Home<\/p>\n<p><strong>Size: <\/strong>L<\/p>\n<p><strong>Condition:<\/strong> Good - micro hole on front.<\/p>\n<p><strong>Dimensions (underarm width\/length) in cm: <\/strong>57\/72<\/p>","protected":false},"excerpt":{"rendered":"<p><strong>Original home football jersey of Wisla Krakow from the 2015\/16 season by Adidas.\u00a0<\/strong><\/p>\n<p>Home model <strong>Wis\u0142a Krak\u00f3w<\/strong> from the season <strong>2015\/16<\/strong>produced by <strong>Adidas<\/strong> in size L, comes from a transitional period in the history of the club, which at the time was seeking sporting stability in the <strong>Ekstraklasa<\/strong>. The team finished the season in the middle of the table, showing uneven form but still basing the squad on players with plenty of league experience.<\/p>\n<p>The jersey has been produced on a red base with contrasting white trims that give the design a classic feel. On the left chest there is a white star which is the crest of the <strong>Wis\u0142a Krak\u00f3w<\/strong>, and the whole is distinguished by the absence of sponsor print on the front, which emphasises the minimalist look. The design is complemented by the manufacturer's markings <strong>Adidas<\/strong>, fitting in with the traditional aesthetic of the club's home sets.<\/p>\n<p>Season <strong>2015\/16<\/strong> in performance <strong>Wis\u0142a Krak\u00f3w<\/strong> was a period of building a team based on a mix of experience and youth. The team featured, among others, at that time. <strong>Pawel Brozek<\/strong>, one of the most important strikers in the club's history, midfielder <strong>Semir \u0160tili\u0107<\/strong>, <strong>Rafa\u0142 Boguski<\/strong>, <strong>Krzysztof M\u0105czy\u0144ski<\/strong> and defence counsel <strong>Maciej Sadlok<\/strong>, who formed the core of the team in those games.<\/p>\n<p>The T-shirt is made of a light and airy material and the cut in size L meets the standards of the <strong>Adidas<\/strong>, offering a classic fit.<\/p>\n<p>This is an offer for collectors and fans looking for <strong>the original Wis\u0142a Krak\u00f3w home football jersey from the 2015\/16 season by Adidas<\/strong>, which is a clear record of the period of redevelopment of the ensemble in <strong>Ekstraklasa<\/strong>.<\/p>","protected":false},"featured_media":121515,"template":"","meta":{"_kad_blocks_custom_css":"","_kad_blocks_head_custom_js":"","_kad_blocks_body_custom_js":"","_kad_blocks_footer_custom_js":"","_kad_post_transparent":"default","_kad_post_title":"","_kad_post_layout":"default","_kad_post_sidebar_id":"","_kad_post_content_style":"default","_kad_post_vertical_padding":"default","_kad_post_feature":"","_kad_post_feature_position":"","_kad_post_header":false,"_kad_post_footer":false,"_kad_post_classname":""},"product_brand":[1283],"product_cat":[15,1459],"product_tag":[],"class_list":{"0":"post-121327","1":"product","2":"type-product","3":"status-publish","4":"has-post-thumbnail","6":"product_brand-adidas","7":"product_cat-bez-kategorii","8":"product_cat-wisla-krakow","9":"pa_homeawaythird-home","10":"pa_rozmiar-l","12":"first","13":"instock","14":"taxable","15":"shipping-taxable","16":"purchasable","17":"product-type-simple","18":"entry","19":"content-bg","20":"loop-entry"},"taxonomy_info":{"product_brand":[{"value":1283,"label":"Adidas"}],"product_cat":[{"value":15,"label":"Bez kategorii"},{"value":1459,"label":"Wis\u0142a Krak\u00f3w"}],"pa_homeawaythird":[{"value":1597,"label":"Home"}],"pa_rozmiar":[{"value":1817,"label":"L"}]},"featured_image_src_large":["https:\/\/footballthrift.shop\/wp-content\/uploads\/2026\/03\/Photoroom_20260318_113044-1024x1024.jpg",1024,1024,true],"author_info":[],"comment_info":"","_links":{"self":[{"href":"https:\/\/footballthrift.shop\/en\/wp-json\/wp\/v2\/product\/121327","targetHints":{"allow":["GET"]}}],"collection":[{"href":"https:\/\/footballthrift.shop\/en\/wp-json\/wp\/v2\/product"}],"about":[{"href":"https:\/\/footballthrift.shop\/en\/wp-json\/wp\/v2\/types\/product"}],"wp:featuredmedia":[{"embeddable":true,"href":"https:\/\/footballthrift.shop\/en\/wp-json\/wp\/v2\/media\/121515"}],"wp:attachment":[{"href":"https:\/\/footballthrift.shop\/en\/wp-json\/wp\/v2\/media?parent=121327"}],"wp:term":[{"taxonomy":"product_brand","embeddable":true,"href":"https:\/\/footballthrift.shop\/en\/wp-json\/wp\/v2\/product_brand?post=121327"},{"taxonomy":"product_cat","embeddable":true,"href":"https:\/\/footballthrift.shop\/en\/wp-json\/wp\/v2\/product_cat?post=121327"},{"taxonomy":"product_tag","embeddable":true,"href":"https:\/\/footballthrift.shop\/en\/wp-json\/wp\/v2\/product_tag?post=121327"}],"curies":[{"name":"wp","href":"https:\/\/api.w.org\/{rel}","templated":true}]}}