{"id":120942,"date":"2026-03-15T17:59:25","date_gmt":"2026-03-15T16:59:25","guid":{"rendered":"https:\/\/footballthrift.shop\/?post_type=product&#038;p=120942"},"modified":"2026-03-15T17:59:25","modified_gmt":"2026-03-15T16:59:25","slug":"football-shirt-france-2006-08-home-170-cm","status":"publish","type":"product","link":"https:\/\/footballthrift.shop\/en\/koszulka-pilkarska-francja-2006-08-home-170-cm\/","title":{"rendered":"Koszulka pi\u0142karska Francja 2006\/08 Home [170 cm]"},"content":{"rendered":"<p><strong>Team:<\/strong> France<\/p>\n<p><strong>Season:<\/strong> 2006\/08 Home<\/p>\n<p><strong>Size: <\/strong>170 cm<\/p>\n<p><strong>Condition:<\/strong> Good - minor soiling on front.<\/p>\n<p><strong>Dimensions (underarm width\/length) in cm: <\/strong>52\/65<\/p>","protected":false},"excerpt":{"rendered":"<p><strong>Original 2006\/08 home football jersey of the French national team by Adidas.\u00a0<\/strong><\/p>\n<p>Home model <strong>of the 2006\/08 French national team<\/strong>produced by <strong>Adidas<\/strong> in youth size at 170 cm tall, comes from the period of one of the most memorable tournaments in the history of the French team. <strong>French national team<\/strong> performed in this outfit during <strong>2006 World Cup in Germany<\/strong>, where, despite a mediocre group phase, the team made it all the way to the final of the tournament.<\/p>\n<p>The T-shirt was manufactured on <strong>blue base<\/strong>which are supplemented by <strong>red and white accents<\/strong> referring to the national colours <strong>the French national team<\/strong>. The design is based on a distinctive line <strong>TeamGeist<\/strong> prepared by <strong>Adidas<\/strong> on <strong>World Championships 2006<\/strong>, distinguished by its modern cut and minimalist layout. Coat of arms <strong>the French national team<\/strong> and logo <strong>Adidas<\/strong> arranged classically on the chest.<\/p>\n<p>During <strong>World Championships 2006<\/strong> <strong>French national team<\/strong> After a difficult start to the tournament, it showed tremendous class in the knockout stage. The team eliminated, among others. <strong>the Spanish national team<\/strong>, <strong>Brazil<\/strong> and <strong>Portugal<\/strong>, reaching the final, where, after a series of penalty kicks, it succumbed to the <strong>Italian national team<\/strong>. The line-up at the time included. <strong>Zinedine Zidane<\/strong>, <strong>Thierry Henry<\/strong>, <strong>Patrick Vieira<\/strong>, <strong>Claude Mak\u00e9l\u00e9l\u00e9<\/strong>, <strong>Franck Rib\u00e9ry<\/strong>, <strong>Lilian Thuram<\/strong> and <strong>Fabien Barthez<\/strong>, who created one of the most memorable generations of French football.<\/p>\n<p>The T-shirt is made of light and airy material and cut in a youth size <strong>170 cm<\/strong> complies with standards <strong>Adidas<\/strong>, offering a fit that is specific to production projects <strong>Adidas<\/strong> from the mid-2000s.<\/p>\n<p>This is for collectors and fans looking for an original home football jersey <strong>the French national team<\/strong> z <strong>2006\/08<\/strong>, which is a clear record of the team's memorable performance during the <strong>World Championships 2006<\/strong>.<\/p>","protected":false},"featured_media":121176,"template":"","meta":{"_kad_blocks_custom_css":"","_kad_blocks_head_custom_js":"","_kad_blocks_body_custom_js":"","_kad_blocks_footer_custom_js":"","_kad_post_transparent":"default","_kad_post_title":"","_kad_post_layout":"default","_kad_post_sidebar_id":"","_kad_post_content_style":"default","_kad_post_vertical_padding":"default","_kad_post_feature":"","_kad_post_feature_position":"","_kad_post_header":false,"_kad_post_footer":false,"_kad_post_classname":""},"product_brand":[1283],"product_cat":[15,1454,2017],"product_tag":[],"class_list":{"0":"post-120942","1":"product","2":"type-product","3":"status-publish","4":"has-post-thumbnail","6":"product_brand-adidas","7":"product_cat-bez-kategorii","8":"product_cat-reprezentacja-francji","9":"product_cat-koszulki-mlodziezowe","10":"pa_homeawaythird-home","11":"pa_rozmiar-170-cm","13":"first","14":"instock","15":"taxable","16":"shipping-taxable","17":"purchasable","18":"product-type-simple","19":"entry","20":"content-bg","21":"loop-entry"},"taxonomy_info":{"product_brand":[{"value":1283,"label":"Adidas"}],"product_cat":[{"value":15,"label":"Bez kategorii"},{"value":1454,"label":"Francja"},{"value":2017,"label":"KOSZULKI M\u0141ODZIE\u017bOWE"}],"pa_homeawaythird":[{"value":1597,"label":"Home"}],"pa_rozmiar":[{"value":2026,"label":"170 cm"}]},"featured_image_src_large":["https:\/\/footballthrift.shop\/wp-content\/uploads\/2026\/03\/Photoroom_20260311_131927-1024x1024.jpg",1024,1024,true],"author_info":[],"comment_info":"","_links":{"self":[{"href":"https:\/\/footballthrift.shop\/en\/wp-json\/wp\/v2\/product\/120942","targetHints":{"allow":["GET"]}}],"collection":[{"href":"https:\/\/footballthrift.shop\/en\/wp-json\/wp\/v2\/product"}],"about":[{"href":"https:\/\/footballthrift.shop\/en\/wp-json\/wp\/v2\/types\/product"}],"wp:featuredmedia":[{"embeddable":true,"href":"https:\/\/footballthrift.shop\/en\/wp-json\/wp\/v2\/media\/121176"}],"wp:attachment":[{"href":"https:\/\/footballthrift.shop\/en\/wp-json\/wp\/v2\/media?parent=120942"}],"wp:term":[{"taxonomy":"product_brand","embeddable":true,"href":"https:\/\/footballthrift.shop\/en\/wp-json\/wp\/v2\/product_brand?post=120942"},{"taxonomy":"product_cat","embeddable":true,"href":"https:\/\/footballthrift.shop\/en\/wp-json\/wp\/v2\/product_cat?post=120942"},{"taxonomy":"product_tag","embeddable":true,"href":"https:\/\/footballthrift.shop\/en\/wp-json\/wp\/v2\/product_tag?post=120942"}],"curies":[{"name":"wp","href":"https:\/\/api.w.org\/{rel}","templated":true}]}}