{"id":120930,"date":"2026-03-15T17:59:20","date_gmt":"2026-03-15T16:59:20","guid":{"rendered":"https:\/\/footballthrift.shop\/?post_type=product&#038;p=120930"},"modified":"2026-03-15T17:59:20","modified_gmt":"2026-03-15T16:59:20","slug":"borussia-dortmund-football-shirt-2005-06-home-25-sahin-xxl","status":"publish","type":"product","link":"https:\/\/footballthrift.shop\/en\/koszulka-pilkarska-borussia-dortmund-2005-06-home-25-sahin-xxl\/","title":{"rendered":"Koszulka pi\u0142karska Borussia Dortmund 2005\/06 Home 25 Sahin [XXL]"},"content":{"rendered":"<p><strong>Team:<\/strong> Borussia Dortmund<\/p>\n<p><strong>Season:<\/strong> 2005\/06 Home<\/p>\n<p><strong>Size: <\/strong>XXL<\/p>\n<p><strong>Condition:<\/strong> Very good - one micro spot.<\/p>\n<p><strong>Dimensions (underarm width\/length) in cm: <\/strong>63\/78(front), 85(rear)<\/p>","protected":false},"excerpt":{"rendered":"<p><strong>Original Borussia Dortmund home football jersey from the 2005\/06 season by Nike, printed by Nuri \u015eahin.\u00a0<\/strong><\/p>\n<p>Home model <strong>Borussia Dortmund from the 2005\/06 season<\/strong>produced by <strong>Nike<\/strong> in XXL size, dates from the period of rebuilding the club's sporting position after the more difficult years of the early 21st century. <strong>Borussia Dortmund<\/strong> was then competing in <strong>Bundesliga<\/strong>, trying to gradually get back into contention for the highest goals in German football.<\/p>\n<p>The T-shirt was manufactured on <strong>yellow base<\/strong>, which is the symbol for colours <strong>Borussia Dortmund<\/strong>. Through the centre of the frontage runs <strong>vertical black stripe<\/strong>, with space in the centre for the imprint of the sponsor <strong>E.ON<\/strong>. On the sleeve there is a <strong>Bundesliga patch<\/strong>, while the coat of arms <strong>Borussia Dortmund<\/strong> and logo <strong>Nike<\/strong> is placed classically on the chest, maintaining the simple composition characteristic of the production design. <strong>Nike<\/strong> from the mid-2000s.<\/p>\n<p>There is an original print on the back. <strong>Nuri \u015eahin<\/strong>, one of the most talented alumni <strong>Borussia Dortmund<\/strong>. The Turkish midfielder already made history as a teenager <strong>Bundesliga<\/strong>, making his debut in the colours of <strong>Borussia Dortmund<\/strong> at a very young age and quickly becoming a symbol of the club's academy. In the following years <strong>Nuri \u015eahin<\/strong> He developed into one of the team's key players, winning the German championship with the club in the 2010\/11 season, before moving to <strong>Real Madrid<\/strong>.<\/p>\n<p>During the season <strong>2005\/06<\/strong> colours <strong>Borussia Dortmund<\/strong> also represented, among others. <strong>Tom\u00e1\u0161 Rosick\u00fd<\/strong>, <strong>Jan Koller<\/strong>, <strong>Ebi Smolarek<\/strong>, <strong>Christian W\u00f6rns<\/strong> and <strong>Roman Weidenfeller<\/strong>, who were the core of the team competing in the <strong>Bundesliga<\/strong>.<\/p>\n<p>The T-shirt is made of a light and airy material and the XXL cut meets the standards of the <strong>Nike<\/strong>, offering a classic fit characteristic of production designs <strong>Nike<\/strong> from that period.<\/p>\n<p>This is for collectors and fans looking for an original home football jersey <strong>Borussia Dortmund<\/strong> z <strong>2005\/06 season<\/strong>, which provides a clear record of the beginnings of the career of <strong>Nuri \u015eahin<\/strong> in the colours of the club.<\/p>","protected":false},"featured_media":121255,"template":"","meta":{"_kad_blocks_custom_css":"","_kad_blocks_head_custom_js":"","_kad_blocks_body_custom_js":"","_kad_blocks_footer_custom_js":"","_kad_post_transparent":"default","_kad_post_title":"","_kad_post_layout":"default","_kad_post_sidebar_id":"","_kad_post_content_style":"default","_kad_post_vertical_padding":"default","_kad_post_feature":"","_kad_post_feature_position":"","_kad_post_header":false,"_kad_post_footer":false,"_kad_post_classname":""},"product_brand":[1284],"product_cat":[15,1438],"product_tag":[],"class_list":{"0":"post-120930","1":"product","2":"type-product","3":"status-publish","4":"has-post-thumbnail","6":"product_brand-nike","7":"product_cat-bez-kategorii","8":"product_cat-kluby-niemieckie-borussiadortmund","9":"pa_homeawaythird-home","10":"pa_rozmiar-xxl","12":"first","13":"instock","14":"taxable","15":"shipping-taxable","16":"purchasable","17":"product-type-simple","18":"entry","19":"content-bg","20":"loop-entry"},"taxonomy_info":{"product_brand":[{"value":1284,"label":"Nike"}],"product_cat":[{"value":15,"label":"Bez kategorii"},{"value":1438,"label":"Borussia Dortmund"}],"pa_homeawaythird":[{"value":1597,"label":"Home"}],"pa_rozmiar":[{"value":1819,"label":"XXL"}]},"featured_image_src_large":["https:\/\/footballthrift.shop\/wp-content\/uploads\/2026\/03\/Photoroom_20260311_132211-1024x1024.jpg",1024,1024,true],"author_info":[],"comment_info":"","_links":{"self":[{"href":"https:\/\/footballthrift.shop\/en\/wp-json\/wp\/v2\/product\/120930","targetHints":{"allow":["GET"]}}],"collection":[{"href":"https:\/\/footballthrift.shop\/en\/wp-json\/wp\/v2\/product"}],"about":[{"href":"https:\/\/footballthrift.shop\/en\/wp-json\/wp\/v2\/types\/product"}],"wp:featuredmedia":[{"embeddable":true,"href":"https:\/\/footballthrift.shop\/en\/wp-json\/wp\/v2\/media\/121255"}],"wp:attachment":[{"href":"https:\/\/footballthrift.shop\/en\/wp-json\/wp\/v2\/media?parent=120930"}],"wp:term":[{"taxonomy":"product_brand","embeddable":true,"href":"https:\/\/footballthrift.shop\/en\/wp-json\/wp\/v2\/product_brand?post=120930"},{"taxonomy":"product_cat","embeddable":true,"href":"https:\/\/footballthrift.shop\/en\/wp-json\/wp\/v2\/product_cat?post=120930"},{"taxonomy":"product_tag","embeddable":true,"href":"https:\/\/footballthrift.shop\/en\/wp-json\/wp\/v2\/product_tag?post=120930"}],"curies":[{"name":"wp","href":"https:\/\/api.w.org\/{rel}","templated":true}]}}