{"id":118552,"date":"2026-03-01T17:58:38","date_gmt":"2026-03-01T16:58:38","guid":{"rendered":"https:\/\/footballthrift.shop\/?post_type=product&#038;p=118552"},"modified":"2026-03-09T11:23:35","modified_gmt":"2026-03-09T10:23:35","slug":"football-shirt-tranbzonspor-2006-07-home-l","status":"publish","type":"product","link":"https:\/\/footballthrift.shop\/en\/koszulka-pilkarska-tranbzonspor-2006-07-home-l\/","title":{"rendered":"Koszulka pi\u0142karska Tranbzonspor 2006\/07 Home [L]"},"content":{"rendered":"<p><strong>Team:<\/strong> Tranbzonspor<\/p>\n<p><strong>Season:<\/strong> 2006\/07 Home<\/p>\n<p><strong>Size: <\/strong>L<\/p>\n<p><strong>Condition:<\/strong> Very good - slightly bent sponsor prints on sleeves.<\/p>\n<p><strong>Dimensions (underarm width\/length) in cm: <\/strong>53\/80<\/p>","protected":false},"excerpt":{"rendered":"<div class=\"flex flex-col text-sm pb-25\">\n<article class=\"text-token-text-primary w-full focus:outline-none [--shadow-height:45px] has-data-writing-block:pointer-events-none has-data-writing-block:-mt-(--shadow-height) has-data-writing-block:pt-(--shadow-height) [&amp;:has([data-writing-block])&gt;*]:pointer-events-auto scroll-mt-[calc(var(--header-height)+min(200px,max(70px,20svh)))]\" dir=\"auto\" tabindex=\"-1\" data-turn-id=\"request-6999e161-3760-8386-98ba-7d44120751a3-2\" data-testid=\"conversation-turn-12\" data-scroll-anchor=\"true\" data-turn=\"assistant\">\n<div class=\"text-base my-auto mx-auto pb-10 [--thread-content-margin:--spacing(4)] @w-sm\/main:[--thread-content-margin:--spacing(6)] @w-lg\/main:[--thread-content-margin:--spacing(16)] px-(--thread-content-margin)\">\n<div class=\"[--thread-content-max-width:40rem] @w-lg\/main:[--thread-content-max-width:48rem] mx-auto max-w-(--thread-content-max-width) flex-1 group\/turn-messages focus-visible:outline-hidden relative flex w-full min-w-0 flex-col agent-turn\" tabindex=\"-1\">\n<div class=\"flex max-w-full flex-col grow\">\n<div class=\"min-h-8 text-message relative flex w-full flex-col items-end gap-2 text-start break-words whitespace-normal [.text-message+&amp;]:mt-1\" dir=\"auto\" data-message-author-role=\"assistant\" data-message-id=\"f00d29cc-4e0b-4a9a-9ad9-85af703037f8\" data-message-model-slug=\"gpt-5-2\">\n<div class=\"flex w-full flex-col gap-1 empty:hidden first:pt-[1px]\">\n<div class=\"markdown prose dark:prose-invert w-full wrap-break-word light markdown-new-styling\">\n<p data-start=\"0\" data-end=\"96\">Oryginalna domowa koszulka pi\u0142karska <strong data-start=\"37\" data-end=\"53\">Trabzonsporu<\/strong> z sezonu <strong data-start=\"63\" data-end=\"74\">2006\/07<\/strong> produkcji <strong data-start=\"85\" data-end=\"93\">Pumy<\/strong>.<\/p>\n<p data-start=\"98\" data-end=\"540\">Domowy model <strong data-start=\"111\" data-end=\"127\">Trabzonsporu<\/strong> z sezonu <strong data-start=\"137\" data-end=\"148\">2006\/07<\/strong>, wyprodukowany przez <strong data-start=\"170\" data-end=\"178\">Pum\u0119<\/strong> w rozmiarze L, nawi\u0105zuje do silnej to\u017csamo\u015bci klubu znad Morza Czarnego, kt\u00f3ry od dekad stanowi jedn\u0105 z najwa\u017cniejszych marek tureckiego futbolu. W po\u0142owie pierwszej dekady XXI wieku dru\u017cyna regularnie rywalizowa\u0142a w czo\u0142\u00f3wce<strong> S\u00fcper Lig<\/strong>, podtrzymuj\u0105c ambicje i tradycj\u0119 zespo\u0142u, kt\u00f3ry jako pierwszy spoza Stambu\u0142u prze\u0142ama\u0142 dominacj\u0119 najwi\u0119kszych klub\u00f3w kraju.<\/p>\n<p data-start=\"542\" data-end=\"998\">Koszulka zosta\u0142a wyprodukowana w klasycznym bordowo-b\u0142\u0119kitnym pionowym pasiaku, b\u0119d\u0105cym znakiem rozpoznawczym <strong data-start=\"652\" data-end=\"668\">Trabzonsporu<\/strong>. Kontrastuj\u0105ce pasy nadaj\u0105 projektowi wyrazisto\u015bci i podkre\u015blaj\u0105 historyczne barwy klubu. Na froncie centralne miejsce zajmuje nadruk sponsora <strong data-start=\"812\" data-end=\"820\">Avea<\/strong>, wyra\u017anie eksponowany na tle pasiaka, a logo <strong data-start=\"866\" data-end=\"874\">Pumy<\/strong> oraz herb klubu rozmieszczono w tradycyjnych strefach klatki piersiowej, zachowuj\u0105c przejrzyst\u0105 i symetryczn\u0105 kompozycj\u0119.<\/p>\n<p data-start=\"1000\" data-end=\"1531\">Na przestrzeni lat <strong data-start=\"1019\" data-end=\"1034\">Trabzonspor<\/strong> odegra\u0142 kluczow\u0105 rol\u0119 w rozwoju futbolu w Turcji, prze\u0142amuj\u0105c hegemoni\u0119 klub\u00f3w ze Stambu\u0142u i buduj\u0105c siln\u0105 to\u017csamo\u015b\u0107 regionaln\u0105. W jego barwach wyst\u0119powali tacy pi\u0142karze jak <strong data-start=\"1209\" data-end=\"1227\">Hami Mand\u0131ral\u0131<\/strong>, symbol klubu i jeden z najlepszych tureckich pomocnik\u00f3w lat 90., czy <strong data-start=\"1298\" data-end=\"1313\">\u015eenol G\u00fcne\u015f<\/strong>, p\u00f3\u017aniejszy selekcjoner reprezentacji Turcji, kt\u00f3ry wcze\u015bniej broni\u0142 bramki dru\u017cyny z Trabzonu. Klub na trwa\u0142e zapisa\u0142 si\u0119 w historii krajowych rozgrywek jako zesp\u00f3\u0142 ambitny, konsekwentnie walcz\u0105cy o najwy\u017csze cele.<\/p>\n<p data-start=\"1533\" data-end=\"1698\">Koszulka zosta\u0142a wykonana z lekkiego i przewiewnego materia\u0142u, a kr\u00f3j w rozmiarze L odpowiada standardom <strong data-start=\"1638\" data-end=\"1646\">Pumy<\/strong> z tamtego okresu, oferuj\u0105c klasyczne dopasowanie.<\/p>\n<p data-start=\"1700\" data-end=\"1938\" data-is-last-node=\"\" data-is-only-node=\"\">To propozycja dla kolekcjoner\u00f3w oraz kibic\u00f3w poszukuj\u0105cych oryginalnej domowej koszulki pi\u0142karskiej <strong data-start=\"1800\" data-end=\"1816\">Trabzonsporu<\/strong> z sezonu <strong data-start=\"1826\" data-end=\"1837\">2006\/07<\/strong>, stanowi\u0105cej czytelny zapis pozycji klubu jako jednej z najwa\u017cniejszych dru\u017cyn tureckiego futbolu.<\/p>\n<\/div>\n<\/div>\n<\/div>\n<\/div>\n<\/div>\n<\/div>\n<\/article>\n<\/div>\n","protected":false},"featured_media":118554,"template":"","meta":{"_kad_blocks_custom_css":"","_kad_blocks_head_custom_js":"","_kad_blocks_body_custom_js":"","_kad_blocks_footer_custom_js":"","_kad_post_transparent":"default","_kad_post_title":"","_kad_post_layout":"default","_kad_post_sidebar_id":"","_kad_post_content_style":"default","_kad_post_vertical_padding":"default","_kad_post_feature":"","_kad_post_feature_position":"","_kad_post_header":false,"_kad_post_footer":false,"_kad_post_classname":""},"product_brand":[1287],"product_cat":[15,1492],"product_tag":[],"class_list":{"0":"post-118552","1":"product","2":"type-product","3":"status-publish","4":"has-post-thumbnail","6":"product_brand-puma","7":"product_cat-bez-kategorii","8":"product_cat-kluby-tureckie","9":"pa_homeawaythird-home","10":"pa_rozmiar-l","12":"first","13":"instock","14":"taxable","15":"shipping-taxable","16":"purchasable","17":"product-type-simple","18":"entry","19":"content-bg","20":"loop-entry"},"taxonomy_info":{"product_brand":[{"value":1287,"label":"Puma"}],"product_cat":[{"value":15,"label":"Bez kategorii"},{"value":1492,"label":"Turcja"}],"pa_homeawaythird":[{"value":1597,"label":"Home"}],"pa_rozmiar":[{"value":1817,"label":"L"}]},"featured_image_src_large":["https:\/\/footballthrift.shop\/wp-content\/uploads\/2026\/02\/Photoroom_20260225_120355-1024x1024.jpg",1024,1024,true],"author_info":[],"comment_info":"","_links":{"self":[{"href":"https:\/\/footballthrift.shop\/en\/wp-json\/wp\/v2\/product\/118552","targetHints":{"allow":["GET"]}}],"collection":[{"href":"https:\/\/footballthrift.shop\/en\/wp-json\/wp\/v2\/product"}],"about":[{"href":"https:\/\/footballthrift.shop\/en\/wp-json\/wp\/v2\/types\/product"}],"wp:featuredmedia":[{"embeddable":true,"href":"https:\/\/footballthrift.shop\/en\/wp-json\/wp\/v2\/media\/118554"}],"wp:attachment":[{"href":"https:\/\/footballthrift.shop\/en\/wp-json\/wp\/v2\/media?parent=118552"}],"wp:term":[{"taxonomy":"product_brand","embeddable":true,"href":"https:\/\/footballthrift.shop\/en\/wp-json\/wp\/v2\/product_brand?post=118552"},{"taxonomy":"product_cat","embeddable":true,"href":"https:\/\/footballthrift.shop\/en\/wp-json\/wp\/v2\/product_cat?post=118552"},{"taxonomy":"product_tag","embeddable":true,"href":"https:\/\/footballthrift.shop\/en\/wp-json\/wp\/v2\/product_tag?post=118552"}],"curies":[{"name":"wp","href":"https:\/\/api.w.org\/{rel}","templated":true}]}}