{"id":118245,"date":"2026-02-22T17:59:05","date_gmt":"2026-02-22T16:59:05","guid":{"rendered":"https:\/\/footballthrift.shop\/?post_type=product&#038;p=118245"},"modified":"2026-03-09T11:23:39","modified_gmt":"2026-03-09T10:23:39","slug":"goalkeeper-jersey-fc-bayern-monachium-2003-04-1-kahn-m","status":"publish","type":"product","link":"https:\/\/footballthrift.shop\/en\/koszulka-bramkarska-fc-bayern-monachium-2003-04-1-kahn-m\/","title":{"rendered":"Koszulka bramkarska FC Bayern Monachium 2003\/04 1 Kahn [M]"},"content":{"rendered":"<p><strong>Team:<\/strong> FC Bayern Munich<\/p>\n<p><strong>Season:<\/strong> 2003\/04<\/p>\n<p><strong>Size: <\/strong>M<\/p>\n<p><strong>Condition:<\/strong> Satisfactory - a significant number of micro stitches throughout the shirt and one larger one.<\/p>\n<p><strong>Dimensions (underarm width\/length) in cm: <\/strong>60\/73<\/p>","protected":false},"excerpt":{"rendered":"<div class=\"flex flex-col text-sm pb-25\">\n<article class=\"text-token-text-primary w-full focus:outline-none [--shadow-height:45px] has-data-writing-block:pointer-events-none has-data-writing-block:-mt-(--shadow-height) has-data-writing-block:pt-(--shadow-height) [&amp;:has([data-writing-block])&gt;*]:pointer-events-auto scroll-mt-[calc(var(--header-height)+min(200px,max(70px,20svh)))]\" dir=\"auto\" tabindex=\"-1\" data-turn-id=\"request-69846e9f-d3cc-8389-9cfe-2684a6b1e83a-1\" data-testid=\"conversation-turn-174\" data-scroll-anchor=\"true\" data-turn=\"assistant\">\n<div class=\"text-base my-auto mx-auto pb-10 [--thread-content-margin:--spacing(4)] @w-sm\/main:[--thread-content-margin:--spacing(6)] @w-lg\/main:[--thread-content-margin:--spacing(16)] px-(--thread-content-margin)\">\n<div class=\"[--thread-content-max-width:40rem] @w-lg\/main:[--thread-content-max-width:48rem] mx-auto max-w-(--thread-content-max-width) flex-1 group\/turn-messages focus-visible:outline-hidden relative flex w-full min-w-0 flex-col agent-turn\" tabindex=\"-1\">\n<div class=\"flex max-w-full flex-col grow\">\n<div class=\"min-h-8 text-message relative flex w-full flex-col items-end gap-2 text-start break-words whitespace-normal [.text-message+&amp;]:mt-1\" dir=\"auto\" data-message-author-role=\"assistant\" data-message-id=\"2d30a78e-455e-406c-9bd7-9823b979fbbc\" data-message-model-slug=\"gpt-5-2\">\n<div class=\"flex w-full flex-col gap-1 empty:hidden first:pt-[1px]\">\n<div class=\"markdown prose dark:prose-invert w-full wrap-break-word light markdown-new-styling\">\n<p data-start=\"0\" data-end=\"115\"><strong data-start=\"0\" data-end=\"115\">Oryginalna koszulka bramkarska Bayernu Monachium z sezonu 2003\/04 produkcji Adidasa z nadrukiem Oliviera Kahna.\u00a0<\/strong><\/p>\n<p data-start=\"117\" data-end=\"495\">Model bramkarski <strong data-start=\"134\" data-end=\"175\"><span class=\"hover:entity-accent entity-underline inline cursor-pointer align-baseline\"><span class=\"whitespace-normal\">Bayernu Monachium<\/span><\/span><\/strong> z <strong data-start=\"178\" data-end=\"196\">sezonu 2003\/04<\/strong>, wyprodukowany przez <strong data-start=\"218\" data-end=\"229\">Adidasa<\/strong> w rozmiarze <strong data-start=\"242\" data-end=\"247\">M<\/strong>, pochodzi z okresu, w kt\u00f3rym klub regularnie rywalizowa\u0142 zar\u00f3wno o mistrzostwo Niemiec, jak i w rozgrywkach europejskich. By\u0142 to czas, gdy pozycja bramkarza w Bayernie by\u0142a jednoznacznie kojarzona z jednym nazwiskiem \u2013 liderem i kapitanem zespo\u0142u.<\/p>\n<p data-start=\"497\" data-end=\"1014\">Koszulka zosta\u0142a wyprodukowana w <strong data-start=\"530\" data-end=\"560\">ciemnozielonej kolorystyce<\/strong>, w wersji <strong data-start=\"571\" data-end=\"591\">z d\u0142ugim r\u0119kawem<\/strong>, co podkre\u015bla jej klasyczny, bramkarski charakter z pocz\u0105tku XXI wieku. Projekt uzupe\u0142nia <strong data-start=\"682\" data-end=\"714\">czarne wyko\u0144czenie ko\u0142nierza<\/strong> oraz <strong data-start=\"720\" data-end=\"753\">paski producenta na r\u0119kawkach<\/strong>, charakterystyczne dla projekt\u00f3w <strong data-start=\"787\" data-end=\"798\">Adidasa<\/strong>. Na froncie centralnie umieszczono nadruk sponsora <strong data-start=\"850\" data-end=\"862\">T-Mobile<\/strong>, natomiast na r\u0119kawkach znajduj\u0105 si\u0119 <strong data-start=\"900\" data-end=\"924\">patche Ligi Mistrz\u00f3w<\/strong>, potwierdzaj\u0105ce udzia\u0142 <strong data-start=\"948\" data-end=\"969\">Bayernu Monachium<\/strong> w europejskich rozgrywkach w tamtym sezonie.<\/p>\n<p data-start=\"1016\" data-end=\"1456\">Na plecach widnieje oryginalny nadruk <strong data-start=\"1054\" data-end=\"1095\"><span class=\"hover:entity-accent entity-underline inline cursor-pointer align-baseline\"><span class=\"whitespace-normal\">Olivera Kahna<\/span><\/span><\/strong>, jednego z najwybitniejszych bramkarzy w historii niemieckiej pi\u0142ki. <strong data-start=\"1165\" data-end=\"1180\">Oliver Kahn<\/strong> w barwach <strong data-start=\"1191\" data-end=\"1212\">Bayernu Monachium<\/strong> pe\u0142ni\u0142 rol\u0119 nie tylko podstawowego golkipera, ale r\u00f3wnie\u017c kapitana i mentalnego lidera dru\u017cyny. S\u0142yn\u0105\u0142 z charyzmy, zdecydowania oraz niezwyk\u0142ej koncentracji, a jego wyst\u0119py w Lidze Mistrz\u00f3w i Bundeslidze na sta\u0142e zapisa\u0142y si\u0119 w historii klubu.<\/p>\n<p data-start=\"1458\" data-end=\"1857\">W <strong data-start=\"1460\" data-end=\"1479\">sezonie 2003\/04<\/strong> <strong data-start=\"1480\" data-end=\"1500\">Bayern Monachium<\/strong> rywalizowa\u0142 na kilku frontach, jednak rozgrywki te nie przynios\u0142y tak spektakularnych sukces\u00f3w jak wcze\u015bniejsze lata. Dru\u017cyna, w kt\u00f3rej wyst\u0119powali m.in. <strong data-start=\"1655\" data-end=\"1674\">Michael Ballack<\/strong>, <strong data-start=\"1676\" data-end=\"1702\">Bastian Schweinsteiger<\/strong>, <strong data-start=\"1704\" data-end=\"1718\">Roy Makaay<\/strong> czy <strong data-start=\"1723\" data-end=\"1742\">Claudio Pizarro<\/strong>, pozostawa\u0142a jednak jednym z najmocniejszych zespo\u0142\u00f3w w Niemczech i sta\u0142ym uczestnikiem faz pucharowych w Europie.<\/p>\n<p data-start=\"1859\" data-end=\"2054\">Koszulka zosta\u0142a wykonana z <strong data-start=\"1887\" data-end=\"1924\">lekkiego i przewiewnego materia\u0142u<\/strong>, a kr\u00f3j w rozmiarze <strong data-start=\"1945\" data-end=\"1950\">M<\/strong> pozostaje zgodny ze standardami <strong data-start=\"1983\" data-end=\"1994\">Adidasa<\/strong>, stosowanymi w bramkarskich projektach z pocz\u0105tku lat 2000.<\/p>\n<p data-start=\"2056\" data-end=\"2310\" data-is-last-node=\"\" data-is-only-node=\"\">To propozycja dla kolekcjoner\u00f3w oraz kibic\u00f3w poszukuj\u0105cych oryginalnej koszulki bramkarskiej <strong data-start=\"2149\" data-end=\"2170\">Bayernu Monachium<\/strong> z <strong data-start=\"2173\" data-end=\"2191\">sezonu 2003\/04<\/strong>, stanowi\u0105cej czytelny zapis ery <strong data-start=\"2224\" data-end=\"2242\">Oliviera Kahna<\/strong> jako niekwestionowanego lidera mi\u0119dzy s\u0142upkami bawarskiego giganta.<\/p>\n<\/div>\n<\/div>\n<\/div>\n<\/div>\n<\/div>\n<\/div>\n<\/article>\n<\/div>\n","protected":false},"featured_media":118299,"template":"","meta":{"_kad_blocks_custom_css":"","_kad_blocks_head_custom_js":"","_kad_blocks_body_custom_js":"","_kad_blocks_footer_custom_js":"","_kad_post_transparent":"default","_kad_post_title":"","_kad_post_layout":"default","_kad_post_sidebar_id":"","_kad_post_content_style":"default","_kad_post_vertical_padding":"default","_kad_post_feature":"","_kad_post_feature_position":"","_kad_post_header":false,"_kad_post_footer":false,"_kad_post_classname":""},"product_brand":[1283],"product_cat":[15,1455],"product_tag":[],"class_list":{"0":"post-118245","1":"product","2":"type-product","3":"status-publish","4":"has-post-thumbnail","6":"product_brand-adidas","7":"product_cat-bez-kategorii","8":"product_cat-kluby-niemieckie-fcbayernmonachium","9":"pa_rozmiar-m","11":"first","12":"instock","13":"taxable","14":"shipping-taxable","15":"purchasable","16":"product-type-simple","17":"entry","18":"content-bg","19":"loop-entry"},"taxonomy_info":{"product_brand":[{"value":1283,"label":"Adidas"}],"product_cat":[{"value":15,"label":"Bez kategorii"},{"value":1455,"label":"FC Bayern Monachium"}],"pa_rozmiar":[{"value":1816,"label":"M"}]},"featured_image_src_large":["https:\/\/footballthrift.shop\/wp-content\/uploads\/2026\/02\/Photoroom_20260219_133547-1024x1024.jpg",1024,1024,true],"author_info":[],"comment_info":"","_links":{"self":[{"href":"https:\/\/footballthrift.shop\/en\/wp-json\/wp\/v2\/product\/118245","targetHints":{"allow":["GET"]}}],"collection":[{"href":"https:\/\/footballthrift.shop\/en\/wp-json\/wp\/v2\/product"}],"about":[{"href":"https:\/\/footballthrift.shop\/en\/wp-json\/wp\/v2\/types\/product"}],"wp:featuredmedia":[{"embeddable":true,"href":"https:\/\/footballthrift.shop\/en\/wp-json\/wp\/v2\/media\/118299"}],"wp:attachment":[{"href":"https:\/\/footballthrift.shop\/en\/wp-json\/wp\/v2\/media?parent=118245"}],"wp:term":[{"taxonomy":"product_brand","embeddable":true,"href":"https:\/\/footballthrift.shop\/en\/wp-json\/wp\/v2\/product_brand?post=118245"},{"taxonomy":"product_cat","embeddable":true,"href":"https:\/\/footballthrift.shop\/en\/wp-json\/wp\/v2\/product_cat?post=118245"},{"taxonomy":"product_tag","embeddable":true,"href":"https:\/\/footballthrift.shop\/en\/wp-json\/wp\/v2\/product_tag?post=118245"}],"curies":[{"name":"wp","href":"https:\/\/api.w.org\/{rel}","templated":true}]}}