{"id":117863,"date":"2026-02-15T18:00:14","date_gmt":"2026-02-15T17:00:14","guid":{"rendered":"https:\/\/footballthrift.shop\/?post_type=product&#038;p=117863"},"modified":"2026-03-09T11:23:43","modified_gmt":"2026-03-09T10:23:43","slug":"football-jersey-authentic-slovakia-2010-12-away-l","status":"publish","type":"product","link":"https:\/\/footballthrift.shop\/en\/koszulka-pilkarska-authentic-slowacja-2010-12-away-l\/","title":{"rendered":"Koszulka pi\u0142karska AUTHENTIC S\u0142owacja 2010\/12 Away [L]"},"content":{"rendered":"<p><strong>Team:<\/strong> Slovakia<\/p>\n<p><strong>Season:<\/strong> 2010\/12 Away<\/p>\n<p><strong>Size: <\/strong>L<\/p>\n<p><strong>Condition:<\/strong> Excellent<\/p>\n<p><strong>Dimensions (underarm width\/length) in cm: <\/strong>52\/73<\/p>","protected":false},"excerpt":{"rendered":"<div class=\"flex flex-col text-sm pb-25\">\n<article class=\"text-token-text-primary w-full focus:outline-none [--shadow-height:45px] has-data-writing-block:pointer-events-none has-data-writing-block:-mt-(--shadow-height) has-data-writing-block:pt-(--shadow-height) [&amp;:has([data-writing-block])&gt;*]:pointer-events-auto scroll-mt-[calc(var(--header-height)+min(200px,max(70px,20svh)))]\" dir=\"auto\" tabindex=\"-1\" data-turn-id=\"request-69846e9f-d3cc-8389-9cfe-2684a6b1e83a-1\" data-testid=\"conversation-turn-64\" data-scroll-anchor=\"true\" data-turn=\"assistant\">\n<div class=\"text-base my-auto mx-auto pb-10 [--thread-content-margin:--spacing(4)] @w-sm\/main:[--thread-content-margin:--spacing(6)] @w-lg\/main:[--thread-content-margin:--spacing(16)] px-(--thread-content-margin)\">\n<div class=\"[--thread-content-max-width:40rem] @w-lg\/main:[--thread-content-max-width:48rem] mx-auto max-w-(--thread-content-max-width) flex-1 group\/turn-messages focus-visible:outline-hidden relative flex w-full min-w-0 flex-col agent-turn\" tabindex=\"-1\">\n<div class=\"flex max-w-full flex-col grow\">\n<div class=\"min-h-8 text-message relative flex w-full flex-col items-end gap-2 text-start break-words whitespace-normal [.text-message+&amp;]:mt-1\" dir=\"auto\" data-message-author-role=\"assistant\" data-message-id=\"d38161e8-8e22-457b-a520-f118d50295b8\" data-message-model-slug=\"gpt-5-2\">\n<div class=\"flex w-full flex-col gap-1 empty:hidden first:pt-[1px]\">\n<div class=\"markdown prose dark:prose-invert w-full wrap-break-word light markdown-new-styling\">\n<p data-start=\"0\" data-end=\"99\"><strong data-start=\"0\" data-end=\"99\">Oryginalna wyjazdowa koszulka pi\u0142karska reprezentacji S\u0142owacji z lat 2010\/12 produkcji Adidasa.\u00a0<\/strong><\/p>\n<p data-start=\"101\" data-end=\"490\">Wyjazdowy model <strong>r<\/strong><strong data-start=\"117\" data-end=\"158\"><span class=\"hover:entity-accent entity-underline inline cursor-pointer align-baseline\"><span class=\"whitespace-normal\">eprezentacji S\u0142owacji<\/span><\/span><\/strong> z lat <strong data-start=\"165\" data-end=\"176\">2010\/12<\/strong>, wyprodukowany przez <strong data-start=\"198\" data-end=\"209\">Adidasa<\/strong> w rozmiarze <strong data-start=\"222\" data-end=\"227\">L<\/strong>, pochodzi z absolutnie prze\u0142omowego okresu w historii s\u0142owackiej pi\u0142ki. By\u0142 to czas pierwszego w dziejach wyst\u0119pu reprezentacji na mistrzostwach \u015bwiata oraz budowania jej mi\u0119dzynarodowej to\u017csamo\u015bci po latach funkcjonowania w cieniu wi\u0119kszych europejskich dru\u017cyn.<\/p>\n<p data-start=\"492\" data-end=\"945\">Koszulka zosta\u0142a wyprodukowana na <strong data-start=\"526\" data-end=\"547\">niebieskiej bazie<\/strong>, charakterystycznej dla wyjazdowych komplet\u00f3w <strong data-start=\"594\" data-end=\"620\">reprezentacji S\u0142owacji<\/strong> z tego okresu. Projekt uzupe\u0142nia <strong data-start=\"654\" data-end=\"685\">bia\u0142e wyko\u0144czenie ko\u0142nierza<\/strong> oraz <strong data-start=\"691\" data-end=\"724\">paski producenta na r\u0119kawkach<\/strong>, charakterystyczne dla projekt\u00f3w <strong data-start=\"758\" data-end=\"769\">Adidasa<\/strong>, kt\u00f3re nadaj\u0105 ca\u0142o\u015bci klasyczny, reprezentacyjny wygl\u0105d. Stonowana kolorystyka i prosty uk\u0142ad graficzny podkre\u015blaj\u0105 sportowy charakter koszulki i jej turniejowe przeznaczenie.<\/p>\n<p data-start=\"947\" data-end=\"1280\">Model ten zosta\u0142 wykonany w technologii <strong>F<\/strong><strong data-start=\"987\" data-end=\"1000\">ormotion<\/strong>, czyli wy\u017cszej ni\u017c podstawowa, stosowanej w bardziej zaawansowanych wersjach koszulek reprezentacyjnych <strong data-start=\"1105\" data-end=\"1116\">Adidasa<\/strong>. Rozwi\u0105zanie to by\u0142o wykorzystywane w okresie intensywnej rywalizacji turniejowej i eliminacyjnej, w kt\u00f3rym kadra regularnie wyst\u0119powa\u0142a na arenie mi\u0119dzynarodowej.<\/p>\n<p data-start=\"1282\" data-end=\"1721\">Lata <strong data-start=\"1287\" data-end=\"1298\">2010\/12<\/strong> to dla <strong data-start=\"1306\" data-end=\"1332\">reprezentacji S\u0142owacji<\/strong> okres historycznych sukces\u00f3w, przede wszystkim znakomitego wyst\u0119pu na mistrzostwach \u015bwiata w 2010 roku, zako\u0144czonego awansem do fazy pucharowej. Barwy narodowe reprezentowali w\u00f3wczas m.in. <strong data-start=\"1522\" data-end=\"1538\">Marek Ham\u0161\u00edk<\/strong>, <strong data-start=\"1540\" data-end=\"1557\">Martin \u0160krtel<\/strong>, <strong data-start=\"1559\" data-end=\"1576\">R\u00f3bert Vittek<\/strong>, <strong data-start=\"1578\" data-end=\"1592\">J\u00e1n \u010eurica<\/strong> czy <strong data-start=\"1597\" data-end=\"1615\">Miroslav Stoch<\/strong>, tworz\u0105c zesp\u00f3\u0142 oparty na silnych osobowo\u015bciach, dobrej organizacji gry i wyra\u017anej to\u017csamo\u015bci dru\u017cynowej.<\/p>\n<p data-start=\"1723\" data-end=\"1935\">Koszulka zosta\u0142a wykonana z lekkiego i przewiewnego materia\u0142u, a kr\u00f3j w rozmiarze <strong data-start=\"1805\" data-end=\"1810\">L<\/strong> pozostaje zgodny ze standardami <strong data-start=\"1843\" data-end=\"1854\">Adidasa<\/strong>, stosowanymi w reprezentacyjnych projektach z pocz\u0105tku drugiej dekady XXI wieku.<\/p>\n<p data-start=\"1937\" data-end=\"2168\" data-is-last-node=\"\" data-is-only-node=\"\">To propozycja dla kolekcjoner\u00f3w oraz kibic\u00f3w poszukuj\u0105cych oryginalnej wyjazdowej koszulki pi\u0142karskiej <strong data-start=\"2040\" data-end=\"2066\">reprezentacji S\u0142owacji<\/strong> z lat <strong data-start=\"2073\" data-end=\"2084\">2010\/12<\/strong>, stanowi\u0105cej czytelny zapis najwa\u017cniejszego etapu w historii tej dru\u017cyny narodowej.<\/p>\n<\/div>\n<\/div>\n<\/div>\n<\/div>\n<\/div>\n<\/div>\n<\/article>\n<\/div>\n","protected":false},"featured_media":117883,"template":"","meta":{"_kad_blocks_custom_css":"","_kad_blocks_head_custom_js":"","_kad_blocks_body_custom_js":"","_kad_blocks_footer_custom_js":"","_kad_post_transparent":"default","_kad_post_title":"","_kad_post_layout":"default","_kad_post_sidebar_id":"","_kad_post_content_style":"default","_kad_post_vertical_padding":"default","_kad_post_feature":"","_kad_post_feature_position":"","_kad_post_header":false,"_kad_post_footer":false,"_kad_post_classname":""},"product_brand":[1283],"product_cat":[15,1489],"product_tag":[],"class_list":{"0":"post-117863","1":"product","2":"type-product","3":"status-publish","4":"has-post-thumbnail","6":"product_brand-adidas","7":"product_cat-bez-kategorii","8":"product_cat-pozostale-reprezentacje-europa","9":"pa_homeawaythird-away","10":"pa_rozmiar-l","12":"first","13":"instock","14":"taxable","15":"shipping-taxable","16":"purchasable","17":"product-type-simple","18":"entry","19":"content-bg","20":"loop-entry"},"taxonomy_info":{"product_brand":[{"value":1283,"label":"Adidas"}],"product_cat":[{"value":15,"label":"Bez kategorii"},{"value":1489,"label":"Pozosta\u0142e"}],"pa_homeawaythird":[{"value":1598,"label":"Away"}],"pa_rozmiar":[{"value":1817,"label":"L"}]},"featured_image_src_large":["https:\/\/footballthrift.shop\/wp-content\/uploads\/2026\/02\/Photoroom_20260211_122436-1024x1024.jpg",1024,1024,true],"author_info":[],"comment_info":"","_links":{"self":[{"href":"https:\/\/footballthrift.shop\/en\/wp-json\/wp\/v2\/product\/117863","targetHints":{"allow":["GET"]}}],"collection":[{"href":"https:\/\/footballthrift.shop\/en\/wp-json\/wp\/v2\/product"}],"about":[{"href":"https:\/\/footballthrift.shop\/en\/wp-json\/wp\/v2\/types\/product"}],"wp:featuredmedia":[{"embeddable":true,"href":"https:\/\/footballthrift.shop\/en\/wp-json\/wp\/v2\/media\/117883"}],"wp:attachment":[{"href":"https:\/\/footballthrift.shop\/en\/wp-json\/wp\/v2\/media?parent=117863"}],"wp:term":[{"taxonomy":"product_brand","embeddable":true,"href":"https:\/\/footballthrift.shop\/en\/wp-json\/wp\/v2\/product_brand?post=117863"},{"taxonomy":"product_cat","embeddable":true,"href":"https:\/\/footballthrift.shop\/en\/wp-json\/wp\/v2\/product_cat?post=117863"},{"taxonomy":"product_tag","embeddable":true,"href":"https:\/\/footballthrift.shop\/en\/wp-json\/wp\/v2\/product_tag?post=117863"}],"curies":[{"name":"wp","href":"https:\/\/api.w.org\/{rel}","templated":true}]}}