{"id":117857,"date":"2026-02-15T18:00:05","date_gmt":"2026-02-15T17:00:05","guid":{"rendered":"https:\/\/footballthrift.shop\/?post_type=product&#038;p=117857"},"modified":"2026-03-09T11:23:46","modified_gmt":"2026-03-09T10:23:46","slug":"manchester-united-football-shirt-2002-03-third-xl","status":"publish","type":"product","link":"https:\/\/footballthrift.shop\/en\/koszulka-pilkarska-manchester-united-2002-03-third-xl\/","title":{"rendered":"Koszulka pi\u0142karska Manchester United 2002\/03 Third [XL]"},"content":{"rendered":"<p><strong>Team:<\/strong> Manchester United<\/p>\n<p><strong>Season:<\/strong> 2002\/03 Third<\/p>\n<p><strong>Size: <\/strong>XL<\/p>\n<p><strong>Condition:<\/strong> Satisfactory - damaged and creased sponsor print on front.<\/p>\n<p><strong>Dimensions (underarm width\/length) in cm: <\/strong>62\/75<\/p>","protected":false},"excerpt":{"rendered":"<div class=\"flex flex-col text-sm pb-25\">\n<article class=\"text-token-text-primary w-full focus:outline-none [--shadow-height:45px] has-data-writing-block:pointer-events-none has-data-writing-block:-mt-(--shadow-height) has-data-writing-block:pt-(--shadow-height) [&amp;:has([data-writing-block])&gt;*]:pointer-events-auto scroll-mt-[calc(var(--header-height)+min(200px,max(70px,20svh)))]\" dir=\"auto\" tabindex=\"-1\" data-turn-id=\"request-69846e9f-d3cc-8389-9cfe-2684a6b1e83a-1\" data-testid=\"conversation-turn-98\" data-scroll-anchor=\"true\" data-turn=\"assistant\">\n<div class=\"text-base my-auto mx-auto pb-10 [--thread-content-margin:--spacing(4)] @w-sm\/main:[--thread-content-margin:--spacing(6)] @w-lg\/main:[--thread-content-margin:--spacing(16)] px-(--thread-content-margin)\">\n<div class=\"[--thread-content-max-width:40rem] @w-lg\/main:[--thread-content-max-width:48rem] mx-auto max-w-(--thread-content-max-width) flex-1 group\/turn-messages focus-visible:outline-hidden relative flex w-full min-w-0 flex-col agent-turn\" tabindex=\"-1\">\n<div class=\"flex max-w-full flex-col grow\">\n<div class=\"min-h-8 text-message relative flex w-full flex-col items-end gap-2 text-start break-words whitespace-normal [.text-message+&amp;]:mt-1\" dir=\"auto\" data-message-author-role=\"assistant\" data-message-id=\"03ab2e26-4b58-4f73-9165-33e6dd16f352\" data-message-model-slug=\"gpt-5-2\">\n<div class=\"flex w-full flex-col gap-1 empty:hidden first:pt-[1px]\">\n<div class=\"markdown prose dark:prose-invert w-full wrap-break-word light markdown-new-styling\">\n<p data-start=\"0\" data-end=\"93\"><strong data-start=\"0\" data-end=\"93\">Oryginalna trzecia koszulka pi\u0142karska Manchesteru United z sezonu 2002\/03 produkcji Nike.\u00a0<\/strong><\/p>\n<p data-start=\"95\" data-end=\"476\">Trzeci komplet <strong data-start=\"110\" data-end=\"151\"><span class=\"hover:entity-accent entity-underline inline cursor-pointer align-baseline\"><span class=\"whitespace-normal\">Manchesteru United<\/span><\/span><\/strong> z <strong data-start=\"154\" data-end=\"172\">sezonu 2002\/03<\/strong>, wyprodukowany przez <strong data-start=\"194\" data-end=\"202\">Nike<\/strong> w rozmiarze <strong data-start=\"215\" data-end=\"220\">L<\/strong>, pochodzi z okresu jednej z ostatnich wielkich ligowych dominacji klubu pod wodz\u0105 Sir Alexa Fergusona. By\u0142 to sezon zako\u0144czony zdobyciem mistrzostwa Anglii, kt\u00f3ry symbolicznie zamyka\u0142 pewn\u0105 er\u0119 zespo\u0142u i jednocze\u015bnie zapowiada\u0142 nadchodz\u0105ce zmiany kadrowe.<\/p>\n<p data-start=\"478\" data-end=\"1055\">Koszulka zosta\u0142a wyprodukowana na <strong data-start=\"512\" data-end=\"533\">niebieskiej bazie<\/strong>, kolorze, kt\u00f3ry <strong data-start=\"550\" data-end=\"571\">Manchester United<\/strong> wykorzystuje okazjonalnie od dekad w wyjazdowych i trzecich kompletach, si\u0119gaj\u0105c do w\u0142asnej tradycji sprzed ery czerwonych koszulek domowych. Projekt uzupe\u0142niaj\u0105 <strong data-start=\"735\" data-end=\"781\">czarne wyko\u0144czenia r\u0119kawk\u00f3w oraz ko\u0142nierza<\/strong>, nadaj\u0105ce ca\u0142o\u015bci bardziej techniczny i nowoczesny charakter. Na froncie centralnie umieszczono <strong data-start=\"878\" data-end=\"914\">srebrny nadruk sponsora Vodafone<\/strong>, kt\u00f3ry kontrastuje z niebieskim t\u0142em i stanowi jeden z najbardziej rozpoznawalnych element\u00f3w wizualnych koszulek United z pocz\u0105tku lat 2000.<\/p>\n<p data-start=\"1057\" data-end=\"1489\">W <strong data-start=\"1059\" data-end=\"1078\">sezonie 2002\/03<\/strong> barwy <strong data-start=\"1085\" data-end=\"1107\">Manchesteru United<\/strong> reprezentowali zawodnicy tworz\u0105cy trzon mistrzowskiej dru\u017cyny, tacy jak <strong data-start=\"1180\" data-end=\"1203\">Ruud van Nistelrooy<\/strong>, <strong data-start=\"1205\" data-end=\"1219\">Ryan Giggs<\/strong>, <strong data-start=\"1221\" data-end=\"1237\">Paul Scholes<\/strong>, <strong data-start=\"1239\" data-end=\"1252\">Roy Keane<\/strong>, <strong data-start=\"1254\" data-end=\"1271\">David Beckham<\/strong> czy <strong data-start=\"1276\" data-end=\"1293\">Rio Ferdinand<\/strong>. By\u0142 to r\u00f3wnie\u017c ostatni sezon <strong data-start=\"1324\" data-end=\"1343\">Davida Beckhama<\/strong> w klubie, co nadaje temu okresowi szczeg\u00f3lne znaczenie historyczne, zamykaj\u0105c etap jednej z najbardziej ikonicznych generacji w dziejach zespo\u0142u.<\/p>\n<p data-start=\"1491\" data-end=\"1676\">Koszulka zosta\u0142a wykonana z lekkiego i przewiewnego materia\u0142u, a kr\u00f3j w rozmiarze <strong data-start=\"1573\" data-end=\"1578\">L<\/strong> pozostaje zgodny ze standardami <strong data-start=\"1611\" data-end=\"1619\">Nike<\/strong>, stosowanymi w ligowych projektach z pocz\u0105tku XXI wieku.<\/p>\n<p data-start=\"1678\" data-end=\"1940\" data-is-last-node=\"\" data-is-only-node=\"\">To propozycja dla kolekcjoner\u00f3w oraz kibic\u00f3w poszukuj\u0105cych oryginalnej trzeciej koszulki pi\u0142karskiej <strong data-start=\"1779\" data-end=\"1801\">Manchesteru United<\/strong> z <strong data-start=\"1804\" data-end=\"1822\">sezonu 2002\/03<\/strong>, stanowi\u0105cej czytelny zapis mistrzowskiego sezonu i schy\u0142ku jednej z najbardziej rozpoznawalnych er w historii klubu.<\/p>\n<\/div>\n<\/div>\n<\/div>\n<\/div>\n<\/div>\n<\/div>\n<\/article>\n<\/div>\n","protected":false},"featured_media":118034,"template":"","meta":{"_kad_blocks_custom_css":"","_kad_blocks_head_custom_js":"","_kad_blocks_body_custom_js":"","_kad_blocks_footer_custom_js":"","_kad_post_transparent":"default","_kad_post_title":"","_kad_post_layout":"default","_kad_post_sidebar_id":"","_kad_post_content_style":"default","_kad_post_vertical_padding":"default","_kad_post_feature":"","_kad_post_feature_position":"","_kad_post_header":false,"_kad_post_footer":false,"_kad_post_classname":""},"product_brand":[1284],"product_cat":[15,1478],"product_tag":[],"class_list":{"0":"post-117857","1":"product","2":"type-product","3":"status-publish","4":"has-post-thumbnail","6":"product_brand-nike","7":"product_cat-bez-kategorii","8":"product_cat-manchester-united","9":"pa_homeawaythird-third","10":"pa_rozmiar-xl","12":"first","13":"instock","14":"taxable","15":"shipping-taxable","16":"purchasable","17":"product-type-simple","18":"entry","19":"content-bg","20":"loop-entry"},"taxonomy_info":{"product_brand":[{"value":1284,"label":"Nike"}],"product_cat":[{"value":15,"label":"Bez kategorii"},{"value":1478,"label":"Manchester United"}],"pa_homeawaythird":[{"value":1599,"label":"Third"}],"pa_rozmiar":[{"value":1818,"label":"XL"}]},"featured_image_src_large":["https:\/\/footballthrift.shop\/wp-content\/uploads\/2026\/02\/Photoroom_20260211_122326-1024x1024.jpg",1024,1024,true],"author_info":[],"comment_info":"","_links":{"self":[{"href":"https:\/\/footballthrift.shop\/en\/wp-json\/wp\/v2\/product\/117857","targetHints":{"allow":["GET"]}}],"collection":[{"href":"https:\/\/footballthrift.shop\/en\/wp-json\/wp\/v2\/product"}],"about":[{"href":"https:\/\/footballthrift.shop\/en\/wp-json\/wp\/v2\/types\/product"}],"wp:featuredmedia":[{"embeddable":true,"href":"https:\/\/footballthrift.shop\/en\/wp-json\/wp\/v2\/media\/118034"}],"wp:attachment":[{"href":"https:\/\/footballthrift.shop\/en\/wp-json\/wp\/v2\/media?parent=117857"}],"wp:term":[{"taxonomy":"product_brand","embeddable":true,"href":"https:\/\/footballthrift.shop\/en\/wp-json\/wp\/v2\/product_brand?post=117857"},{"taxonomy":"product_cat","embeddable":true,"href":"https:\/\/footballthrift.shop\/en\/wp-json\/wp\/v2\/product_cat?post=117857"},{"taxonomy":"product_tag","embeddable":true,"href":"https:\/\/footballthrift.shop\/en\/wp-json\/wp\/v2\/product_tag?post=117857"}],"curies":[{"name":"wp","href":"https:\/\/api.w.org\/{rel}","templated":true}]}}