{"id":117848,"date":"2026-02-15T18:00:10","date_gmt":"2026-02-15T17:00:10","guid":{"rendered":"https:\/\/footballthrift.shop\/?post_type=product&#038;p=117848"},"modified":"2026-03-09T11:23:44","modified_gmt":"2026-03-09T10:23:44","slug":"chelsea-fc-football-shirt-2013-14-home-22-willian-s","status":"publish","type":"product","link":"https:\/\/footballthrift.shop\/en\/koszulka-pilkarska-chelsea-fc-2013-14-home-22-willian-s\/","title":{"rendered":"Koszulka pi\u0142karska Chelsea FC 2013\/14 Home 22 Willian [S]"},"content":{"rendered":"<p><strong>Team:<\/strong> Chelsea FC<\/p>\n<p><strong>Season:<\/strong> 2013\/14 Home<\/p>\n<p><strong>Size: <\/strong>S<\/p>\n<p><strong>Condition:<\/strong> Good - a few minor pulls, a subtle stain under the collar and a slightly creased fabric on the back.<\/p>\n<p><strong>Dimensions (underarm width\/length) in cm: <\/strong>49\/68<\/p>","protected":false},"excerpt":{"rendered":"<div class=\"flex flex-col text-sm pb-25\">\n<article class=\"text-token-text-primary w-full focus:outline-none [--shadow-height:45px] has-data-writing-block:pointer-events-none has-data-writing-block:-mt-(--shadow-height) has-data-writing-block:pt-(--shadow-height) [&amp;:has([data-writing-block])&gt;*]:pointer-events-auto scroll-mt-[calc(var(--header-height)+min(200px,max(70px,20svh)))]\" dir=\"auto\" tabindex=\"-1\" data-turn-id=\"request-69846e9f-d3cc-8389-9cfe-2684a6b1e83a-2\" data-testid=\"conversation-turn-80\" data-scroll-anchor=\"true\" data-turn=\"assistant\">\n<div class=\"text-base my-auto mx-auto pb-10 [--thread-content-margin:--spacing(4)] @w-sm\/main:[--thread-content-margin:--spacing(6)] @w-lg\/main:[--thread-content-margin:--spacing(16)] px-(--thread-content-margin)\">\n<div class=\"[--thread-content-max-width:40rem] @w-lg\/main:[--thread-content-max-width:48rem] mx-auto max-w-(--thread-content-max-width) flex-1 group\/turn-messages focus-visible:outline-hidden relative flex w-full min-w-0 flex-col agent-turn\" tabindex=\"-1\">\n<div class=\"flex max-w-full flex-col grow\">\n<div class=\"min-h-8 text-message relative flex w-full flex-col items-end gap-2 text-start break-words whitespace-normal [.text-message+&amp;]:mt-1\" dir=\"auto\" data-message-author-role=\"assistant\" data-message-id=\"e3a707b9-184b-49f3-9ef7-2292a746a16e\" data-message-model-slug=\"gpt-5-2\">\n<div class=\"flex w-full flex-col gap-1 empty:hidden first:pt-[1px]\">\n<div class=\"markdown prose dark:prose-invert w-full wrap-break-word light markdown-new-styling\">\n<p data-start=\"0\" data-end=\"108\"><strong data-start=\"0\" data-end=\"108\">Oryginalna domowa koszulka pi\u0142karska Chelsea FC z sezonu 2013\/14 produkcji Adidasa z nadrukiem Williana.\u00a0<\/strong><\/p>\n<p data-start=\"110\" data-end=\"511\">Domowy model <strong data-start=\"123\" data-end=\"164\"><span class=\"hover:entity-accent entity-underline inline cursor-pointer align-baseline\"><span class=\"whitespace-normal\">Chelsea FC<\/span><\/span><\/strong> z <strong data-start=\"167\" data-end=\"185\">sezonu 2013\/14<\/strong>, wyprodukowany przez <strong data-start=\"207\" data-end=\"218\">Adidasa<\/strong> w rozmiarze <strong data-start=\"231\" data-end=\"236\">S<\/strong>, pochodzi z pierwszego pe\u0142nego sezonu Jos\u00e9 Mourinho po jego powrocie na Stamford Bridge. By\u0142 to czas odbudowy zespo\u0142u i ponownego kszta\u0142towania jego to\u017csamo\u015bci, zako\u0144czony solidnym miejscem w ligowej czo\u0142\u00f3wce oraz wyra\u017anym sygna\u0142em powrotu Chelsea do walki o najwy\u017csze cele.<\/p>\n<p data-start=\"513\" data-end=\"955\">Koszulka zosta\u0142a wyprodukowana na klasycznej <strong data-start=\"558\" data-end=\"579\">niebieskiej bazie<\/strong>, jednoznacznie kojarzonej z domowymi barwami <strong data-start=\"625\" data-end=\"639\">Chelsea FC<\/strong>. Projekt uzupe\u0142niaj\u0105 <strong data-start=\"661\" data-end=\"705\">bia\u0142e wyko\u0144czenia r\u0119kawk\u00f3w i ko\u0142nierzyka<\/strong>, a tak\u017ce <strong data-start=\"715\" data-end=\"747\">paski producenta na r\u0119kawach<\/strong>, charakterystyczne dla projekt\u00f3w <strong data-start=\"781\" data-end=\"792\">Adidasa<\/strong>. Na froncie centralne miejsce zajmuje nadruk sponsora <strong data-start=\"847\" data-end=\"858\">Samsung<\/strong>, b\u0119d\u0105cy jednym z najbardziej rozpoznawalnych element\u00f3w wizualnych koszulek Chelsea z tej dekady.<\/p>\n<p data-start=\"957\" data-end=\"1341\">Na plecach znajduje si\u0119 oryginalny nadruk ligowy <strong data-start=\"1006\" data-end=\"1047\"><span class=\"hover:entity-accent entity-underline inline cursor-pointer align-baseline\"><span class=\"whitespace-normal\">Williana<\/span><\/span><\/strong>, kt\u00f3ry w <strong data-start=\"1057\" data-end=\"1076\">sezonie 2013\/14<\/strong> by\u0142 jednym z kluczowych zawodnik\u00f3w zespo\u0142u. Brazylijczyk pe\u0142ni\u0142 istotn\u0105 rol\u0119 w systemie Mourinho, wyr\u00f3\u017cniaj\u0105c si\u0119 ogromn\u0105 prac\u0105 defensywn\u0105, dynamik\u0105 na skrzydle oraz zdolno\u015bci\u0105 do gry w najwa\u017cniejszych momentach spotka\u0144, szybko zyskuj\u0105c zaufanie trenera i kibic\u00f3w.<\/p>\n<p data-start=\"1343\" data-end=\"1666\">W trakcie <strong data-start=\"1353\" data-end=\"1371\">sezonu 2013\/14<\/strong> barwy <strong data-start=\"1378\" data-end=\"1392\">Chelsea FC<\/strong> reprezentowali r\u00f3wnie\u017c m.in. <strong data-start=\"1422\" data-end=\"1437\">Eden Hazard<\/strong>, <strong data-start=\"1439\" data-end=\"1456\">Frank Lampard<\/strong>, <strong data-start=\"1458\" data-end=\"1472\">John Terry<\/strong>, <strong data-start=\"1474\" data-end=\"1483\">Oscar<\/strong> czy <strong data-start=\"1488\" data-end=\"1501\">Petr \u010cech<\/strong>, a dru\u017cyna zako\u0144czy\u0142a rozgrywki Premier League na trzecim miejscu, docieraj\u0105c tak\u017ce do p\u00f3\u0142fina\u0142u Ligi Mistrz\u00f3w, co potwierdzi\u0142o skuteczno\u015b\u0107 obranej drogi sportowej.<\/p>\n<p data-start=\"1668\" data-end=\"1863\">Koszulka zosta\u0142a wykonana z lekkiego i przewiewnego materia\u0142u, a kr\u00f3j w rozmiarze <strong data-start=\"1750\" data-end=\"1755\">S<\/strong> pozostaje zgodny ze standardami <strong data-start=\"1788\" data-end=\"1799\">Adidasa<\/strong>, stosowanymi w ligowych projektach z pierwszej po\u0142owy lat 2010.<\/p>\n<p data-start=\"1865\" data-end=\"2105\" data-is-last-node=\"\" data-is-only-node=\"\">To propozycja dla kolekcjoner\u00f3w oraz kibic\u00f3w poszukuj\u0105cych oryginalnej domowej koszulki pi\u0142karskiej <strong data-start=\"1965\" data-end=\"1979\">Chelsea FC<\/strong> z <strong data-start=\"1982\" data-end=\"2000\">sezonu 2013\/14<\/strong>, stanowi\u0105cej czytelny zapis pocz\u0105tku drugiej ery Mourinho i ugruntowania pozycji <strong data-start=\"2082\" data-end=\"2094\">Williana<\/strong> w zespole.<\/p>\n<\/div>\n<\/div>\n<\/div>\n<\/div>\n<\/div>\n<\/div>\n<\/article>\n<\/div>\n","protected":false},"featured_media":117955,"template":"","meta":{"_kad_blocks_custom_css":"","_kad_blocks_head_custom_js":"","_kad_blocks_body_custom_js":"","_kad_blocks_footer_custom_js":"","_kad_post_transparent":"default","_kad_post_title":"","_kad_post_layout":"default","_kad_post_sidebar_id":"","_kad_post_content_style":"default","_kad_post_vertical_padding":"default","_kad_post_feature":"","_kad_post_feature_position":"","_kad_post_header":false,"_kad_post_footer":false,"_kad_post_classname":""},"product_brand":[1283],"product_cat":[15,1444],"product_tag":[],"class_list":{"0":"post-117848","1":"product","2":"type-product","3":"status-publish","4":"has-post-thumbnail","6":"product_brand-adidas","7":"product_cat-bez-kategorii","8":"product_cat-chelsea","9":"pa_homeawaythird-home","10":"pa_rozmiar-s","12":"first","13":"instock","14":"taxable","15":"shipping-taxable","16":"purchasable","17":"product-type-simple","18":"entry","19":"content-bg","20":"loop-entry"},"taxonomy_info":{"product_brand":[{"value":1283,"label":"Adidas"}],"product_cat":[{"value":15,"label":"Bez kategorii"},{"value":1444,"label":"Chelsea FC"}],"pa_homeawaythird":[{"value":1597,"label":"Home"}],"pa_rozmiar":[{"value":1815,"label":"S"}]},"featured_image_src_large":["https:\/\/footballthrift.shop\/wp-content\/uploads\/2026\/02\/Photoroom_20260211_122159-1024x1024.jpg",1024,1024,true],"author_info":[],"comment_info":"","_links":{"self":[{"href":"https:\/\/footballthrift.shop\/en\/wp-json\/wp\/v2\/product\/117848","targetHints":{"allow":["GET"]}}],"collection":[{"href":"https:\/\/footballthrift.shop\/en\/wp-json\/wp\/v2\/product"}],"about":[{"href":"https:\/\/footballthrift.shop\/en\/wp-json\/wp\/v2\/types\/product"}],"wp:featuredmedia":[{"embeddable":true,"href":"https:\/\/footballthrift.shop\/en\/wp-json\/wp\/v2\/media\/117955"}],"wp:attachment":[{"href":"https:\/\/footballthrift.shop\/en\/wp-json\/wp\/v2\/media?parent=117848"}],"wp:term":[{"taxonomy":"product_brand","embeddable":true,"href":"https:\/\/footballthrift.shop\/en\/wp-json\/wp\/v2\/product_brand?post=117848"},{"taxonomy":"product_cat","embeddable":true,"href":"https:\/\/footballthrift.shop\/en\/wp-json\/wp\/v2\/product_cat?post=117848"},{"taxonomy":"product_tag","embeddable":true,"href":"https:\/\/footballthrift.shop\/en\/wp-json\/wp\/v2\/product_tag?post=117848"}],"curies":[{"name":"wp","href":"https:\/\/api.w.org\/{rel}","templated":true}]}}