{"id":117847,"date":"2026-02-15T18:00:10","date_gmt":"2026-02-15T17:00:10","guid":{"rendered":"https:\/\/footballthrift.shop\/?post_type=product&#038;p=117847"},"modified":"2026-03-09T11:23:44","modified_gmt":"2026-03-09T10:23:44","slug":"football-shirt-chelsea-fc-1997-99-home-12-duberry-xxl","status":"publish","type":"product","link":"https:\/\/footballthrift.shop\/en\/koszulka-pilkarska-chelsea-fc-1997-99-home-12-duberry-xxl\/","title":{"rendered":"Koszulka pi\u0142karska Chelsea FC 1997\/99 Home 12 Duberry [XXL]"},"content":{"rendered":"<p><strong>Team:<\/strong> Chelsea FC<\/p>\n<p><strong>Season:<\/strong> 1997\/98 Home<\/p>\n<p><strong>Size: <\/strong>XXL<\/p>\n<p><strong>Condition:<\/strong> Very good - two minor pulls.<\/p>\n<p><strong>Dimensions (underarm width\/length) in cm: <\/strong>62\/78<\/p>","protected":false},"excerpt":{"rendered":"<div class=\"flex flex-col text-sm pb-25\">\n<article class=\"text-token-text-primary w-full focus:outline-none [--shadow-height:45px] has-data-writing-block:pointer-events-none has-data-writing-block:-mt-(--shadow-height) has-data-writing-block:pt-(--shadow-height) [&amp;:has([data-writing-block])&gt;*]:pointer-events-auto scroll-mt-[calc(var(--header-height)+min(200px,max(70px,20svh)))]\" dir=\"auto\" tabindex=\"-1\" data-turn-id=\"request-69846e9f-d3cc-8389-9cfe-2684a6b1e83a-1\" data-testid=\"conversation-turn-78\" data-scroll-anchor=\"true\" data-turn=\"assistant\">\n<div class=\"text-base my-auto mx-auto pb-10 [--thread-content-margin:--spacing(4)] @w-sm\/main:[--thread-content-margin:--spacing(6)] @w-lg\/main:[--thread-content-margin:--spacing(16)] px-(--thread-content-margin)\">\n<div class=\"[--thread-content-max-width:40rem] @w-lg\/main:[--thread-content-max-width:48rem] mx-auto max-w-(--thread-content-max-width) flex-1 group\/turn-messages focus-visible:outline-hidden relative flex w-full min-w-0 flex-col agent-turn\" tabindex=\"-1\">\n<div class=\"flex max-w-full flex-col grow\">\n<div class=\"min-h-8 text-message relative flex w-full flex-col items-end gap-2 text-start break-words whitespace-normal [.text-message+&amp;]:mt-1\" dir=\"auto\" data-message-author-role=\"assistant\" data-message-id=\"64b7f04d-e2e4-4c77-9a0e-21609f583b6e\" data-message-model-slug=\"gpt-5-2\">\n<div class=\"flex w-full flex-col gap-1 empty:hidden first:pt-[1px]\">\n<div class=\"markdown prose dark:prose-invert w-full wrap-break-word light markdown-new-styling\">\n<p data-start=\"0\" data-end=\"118\"><strong data-start=\"0\" data-end=\"118\">Oryginalna domowa koszulka pi\u0142karska Chelsea FC z sezonu 1997\/98 produkcji Umbro z nadrukiem Michaela Duberry\u2019ego.\u00a0<\/strong><\/p>\n<p data-start=\"120\" data-end=\"483\">Domowy model <strong data-start=\"133\" data-end=\"174\"><span class=\"hover:entity-accent entity-underline inline cursor-pointer align-baseline\"><span class=\"whitespace-normal\">Chelsea FC<\/span><\/span><\/strong> z <strong data-start=\"177\" data-end=\"195\">sezonu 1997\/98<\/strong>, wyprodukowany przez <strong data-start=\"217\" data-end=\"226\">Umbro<\/strong> w rozmiarze <strong data-start=\"239\" data-end=\"246\">XXL<\/strong>, pochodzi z jednego z najbardziej prze\u0142omowych okres\u00f3w w historii klubu z Stamford Bridge. By\u0142 to sezon, kt\u00f3ry na trwa\u0142e zmieni\u0142 pozycj\u0119 Chelsea w europejskim futbolu, potwierdzaj\u0105c jej ambicje i rosn\u0105c\u0105 rang\u0119 na arenie mi\u0119dzynarodowej.<\/p>\n<p data-start=\"485\" data-end=\"934\">Koszulka zosta\u0142a wyprodukowana na klasycznej <strong data-start=\"530\" data-end=\"551\">niebieskiej bazie<\/strong>, uzupe\u0142nionej o <strong data-start=\"568\" data-end=\"606\">bia\u0142e i \u017c\u00f3\u0142te wyko\u0144czenia r\u0119kawk\u00f3w<\/strong> oraz elegancki <strong data-start=\"622\" data-end=\"646\">ko\u0142nierzyk typu polo<\/strong>, charakterystyczny dla projekt\u00f3w ko\u0144c\u00f3wki lat 90. Na froncie centralne miejsce zajmuje nadruk sponsora <strong data-start=\"750\" data-end=\"763\">Autoglass<\/strong>, kt\u00f3ry sta\u0142 si\u0119 jednym z najbardziej rozpoznawalnych element\u00f3w wizualnych w historii <strong data-start=\"849\" data-end=\"863\">Chelsea FC<\/strong>. Ca\u0142o\u015b\u0107 zachowuje ponadczasowy, bardzo czysty stylistycznie charakter.<\/p>\n<p data-start=\"936\" data-end=\"1370\">Na plecach znajduje si\u0119 oryginalny nadruk <strong data-start=\"978\" data-end=\"1019\"><span class=\"hover:entity-accent entity-underline inline cursor-pointer align-baseline\"><span class=\"whitespace-normal\">Michaela Duberry&#8217;ego<\/span><\/span><\/strong>, wykonany charakterystyczn\u0105 czcionk\u0105 u\u017cywan\u0105 przez klub w rozgrywkach <strong data-start=\"1090\" data-end=\"1120\">Pucharu Zdobywc\u00f3w Puchar\u00f3w<\/strong>. Obro\u0144ca reprezentowa\u0142 <strong data-start=\"1144\" data-end=\"1158\">Chelsea FC<\/strong> w latach 1993\u20131999 i by\u0142 cz\u0119\u015bci\u0105 zespo\u0142u, kt\u00f3ry w <strong data-start=\"1209\" data-end=\"1228\">sezonie 1997\/98<\/strong> si\u0119gn\u0105\u0142 po to europejskie trofeum, zapisuj\u0105c si\u0119 na sta\u0142e w historii klubu jako uczestnik jednej z jego najwa\u017cniejszych kampanii pucharowych.<\/p>\n<p data-start=\"1372\" data-end=\"1712\">Sezon <strong data-start=\"1378\" data-end=\"1389\">1997\/98<\/strong> by\u0142 dla <strong data-start=\"1398\" data-end=\"1412\">Chelsea FC<\/strong> momentem prze\u0142omowym \u2013 triumf w Europie, solidna postawa w rozgrywkach krajowych oraz obecno\u015b\u0107 takich pi\u0142karzy jak <strong data-start=\"1528\" data-end=\"1547\">Gianfranco Zola<\/strong>, <strong data-start=\"1549\" data-end=\"1564\">Dennis Wise<\/strong>, <strong data-start=\"1566\" data-end=\"1587\">Roberto Di Matteo<\/strong>, <strong data-start=\"1589\" data-end=\"1606\">Gustavo Poyet<\/strong> czy <strong data-start=\"1611\" data-end=\"1630\">Marcel Desailly<\/strong> ugruntowa\u0142y wizerunek zespo\u0142u jako nowej si\u0142y w angielskiej i europejskiej pi\u0142ce.<\/p>\n<p data-start=\"1714\" data-end=\"1914\">Koszulka zosta\u0142a wykonana z lekkiego i przewiewnego materia\u0142u, a kr\u00f3j w rozmiarze <strong data-start=\"1796\" data-end=\"1803\">XXL<\/strong> oferuje klasyczne dopasowanie zgodne ze standardami <strong data-start=\"1856\" data-end=\"1865\">Umbro<\/strong>, typowymi dla projekt\u00f3w z drugiej po\u0142owy lat 90.<\/p>\n<p data-start=\"1916\" data-end=\"2162\" data-is-last-node=\"\" data-is-only-node=\"\">To propozycja dla kolekcjoner\u00f3w oraz kibic\u00f3w poszukuj\u0105cych oryginalnej domowej koszulki pi\u0142karskiej <strong data-start=\"2016\" data-end=\"2030\">Chelsea FC<\/strong> z <strong data-start=\"2033\" data-end=\"2051\">sezonu 1997\/98<\/strong>, stanowi\u0105cej czytelny zapis pierwszego wielkiego europejskiego sukcesu klubu i pucharowej ery ko\u0144c\u00f3wki lat 90.<\/p>\n<\/div>\n<\/div>\n<\/div>\n<\/div>\n<\/div>\n<\/div>\n<\/article>\n<\/div>\n","protected":false},"featured_media":117946,"template":"","meta":{"_kad_blocks_custom_css":"","_kad_blocks_head_custom_js":"","_kad_blocks_body_custom_js":"","_kad_blocks_footer_custom_js":"","_kad_post_transparent":"default","_kad_post_title":"","_kad_post_layout":"default","_kad_post_sidebar_id":"","_kad_post_content_style":"default","_kad_post_vertical_padding":"default","_kad_post_feature":"","_kad_post_feature_position":"","_kad_post_header":false,"_kad_post_footer":false,"_kad_post_classname":""},"product_brand":[1285],"product_cat":[15,1444],"product_tag":[],"class_list":{"0":"post-117847","1":"product","2":"type-product","3":"status-publish","4":"has-post-thumbnail","6":"product_brand-umbro","7":"product_cat-bez-kategorii","8":"product_cat-chelsea","9":"pa_homeawaythird-home","10":"pa_rozmiar-xxl","12":"first","13":"instock","14":"taxable","15":"shipping-taxable","16":"purchasable","17":"product-type-simple","18":"entry","19":"content-bg","20":"loop-entry"},"taxonomy_info":{"product_brand":[{"value":1285,"label":"Umbro"}],"product_cat":[{"value":15,"label":"Bez kategorii"},{"value":1444,"label":"Chelsea FC"}],"pa_homeawaythird":[{"value":1597,"label":"Home"}],"pa_rozmiar":[{"value":1819,"label":"XXL"}]},"featured_image_src_large":["https:\/\/footballthrift.shop\/wp-content\/uploads\/2026\/02\/Photoroom_20260211_122630-1024x1024.jpg",1024,1024,true],"author_info":[],"comment_info":"","_links":{"self":[{"href":"https:\/\/footballthrift.shop\/en\/wp-json\/wp\/v2\/product\/117847","targetHints":{"allow":["GET"]}}],"collection":[{"href":"https:\/\/footballthrift.shop\/en\/wp-json\/wp\/v2\/product"}],"about":[{"href":"https:\/\/footballthrift.shop\/en\/wp-json\/wp\/v2\/types\/product"}],"wp:featuredmedia":[{"embeddable":true,"href":"https:\/\/footballthrift.shop\/en\/wp-json\/wp\/v2\/media\/117946"}],"wp:attachment":[{"href":"https:\/\/footballthrift.shop\/en\/wp-json\/wp\/v2\/media?parent=117847"}],"wp:term":[{"taxonomy":"product_brand","embeddable":true,"href":"https:\/\/footballthrift.shop\/en\/wp-json\/wp\/v2\/product_brand?post=117847"},{"taxonomy":"product_cat","embeddable":true,"href":"https:\/\/footballthrift.shop\/en\/wp-json\/wp\/v2\/product_cat?post=117847"},{"taxonomy":"product_tag","embeddable":true,"href":"https:\/\/footballthrift.shop\/en\/wp-json\/wp\/v2\/product_tag?post=117847"}],"curies":[{"name":"wp","href":"https:\/\/api.w.org\/{rel}","templated":true}]}}