{"id":117845,"date":"2026-02-15T18:00:11","date_gmt":"2026-02-15T17:00:11","guid":{"rendered":"https:\/\/footballthrift.shop\/?post_type=product&#038;p=117845"},"modified":"2026-03-17T13:53:52","modified_gmt":"2026-03-17T12:53:52","slug":"football-shirt-brazil-2006-08-home-10-ronaldinho-m","status":"publish","type":"product","link":"https:\/\/footballthrift.shop\/en\/koszulka-pilkarska-brazylia-2006-08-home-10-ronaldinho-m\/","title":{"rendered":"Koszulka pi\u0142karska Brazylia 2006\/08 Home 10 Ronaldinho [M]"},"content":{"rendered":"<p><strong>Team:<\/strong> Brazil<\/p>\n<p><strong>Season:<\/strong> 2006\/08 Home<\/p>\n<p><strong>Size: <\/strong>M<\/p>\n<p><strong>Condition:<\/strong> Good - slightly damaged print on back and three micro stitches.<\/p>\n<p><strong>Dimensions (underarm width\/length) in cm: <\/strong>50\/66<\/p>","protected":false},"excerpt":{"rendered":"<div class=\"flex flex-col text-sm pb-25\">\n<article class=\"text-token-text-primary w-full focus:outline-none [--shadow-height:45px] has-data-writing-block:pointer-events-none has-data-writing-block:-mt-(--shadow-height) has-data-writing-block:pt-(--shadow-height) [&amp;:has([data-writing-block])&gt;*]:pointer-events-auto scroll-mt-[calc(var(--header-height)+min(200px,max(70px,20svh)))]\" dir=\"auto\" tabindex=\"-1\" data-turn-id=\"request-69846e9f-d3cc-8389-9cfe-2684a6b1e83a-6\" data-testid=\"conversation-turn-74\" data-scroll-anchor=\"true\" data-turn=\"assistant\">\n<div class=\"text-base my-auto mx-auto pb-10 [--thread-content-margin:--spacing(4)] @w-sm\/main:[--thread-content-margin:--spacing(6)] @w-lg\/main:[--thread-content-margin:--spacing(16)] px-(--thread-content-margin)\">\n<div class=\"[--thread-content-max-width:40rem] @w-lg\/main:[--thread-content-max-width:48rem] mx-auto max-w-(--thread-content-max-width) flex-1 group\/turn-messages focus-visible:outline-hidden relative flex w-full min-w-0 flex-col agent-turn\" tabindex=\"-1\">\n<div class=\"flex max-w-full flex-col grow\">\n<div class=\"min-h-8 text-message relative flex w-full flex-col items-end gap-2 text-start break-words whitespace-normal [.text-message+&amp;]:mt-1\" dir=\"auto\" data-message-author-role=\"assistant\" data-message-id=\"278a339f-9a12-40ac-bf63-980258506c4c\" data-message-model-slug=\"gpt-5-2\">\n<div class=\"flex w-full flex-col gap-1 empty:hidden first:pt-[1px]\">\n<div class=\"markdown prose dark:prose-invert w-full wrap-break-word light markdown-new-styling\">\n<p data-start=\"0\" data-end=\"116\"><strong data-start=\"0\" data-end=\"116\">Oryginalna domowa koszulka pi\u0142karska reprezentacji Brazylii z lat 2006\/08 produkcji Nike z nadrukiem Ronaldinho.\u00a0<\/strong><\/p>\n<p data-start=\"118\" data-end=\"509\">Domowy model <strong data-start=\"131\" data-end=\"172\"><span class=\"hover:entity-accent entity-underline inline cursor-pointer align-baseline\"><span class=\"whitespace-normal\">Reprezentacji Brazylii<\/span><\/span><\/strong> z lat <strong data-start=\"179\" data-end=\"190\">2006\/08<\/strong>, wyprodukowany przez <strong data-start=\"212\" data-end=\"220\">Nike<\/strong> w rozmiarze <strong data-start=\"233\" data-end=\"238\">M<\/strong>, pochodzi z jednego z najbardziej rozpoznawalnych okres\u00f3w w historii brazylijskiej kadry. By\u0142 to czas, w kt\u00f3rym Brazylia przyst\u0119powa\u0142a do mistrzostw \u015bwiata w 2006 roku jako obro\u0144ca tytu\u0142u, dysponuj\u0105c sk\u0142adem pe\u0142nym globalnych gwiazd i ogromnymi oczekiwaniami sportowymi.<\/p>\n<p data-start=\"511\" data-end=\"897\">Koszulka zosta\u0142a wyprodukowana na klasycznej <strong data-start=\"556\" data-end=\"572\">\u017c\u00f3\u0142tej bazie<\/strong>, b\u0119d\u0105cej od dekad symbolem <strong data-start=\"600\" data-end=\"626\">reprezentacji Brazylii<\/strong>. Projekt uzupe\u0142niaj\u0105 <strong data-start=\"648\" data-end=\"695\">zielone wyko\u0144czenia ko\u0142nierza oraz r\u0119kawk\u00f3w<\/strong>, kt\u00f3re wzmacniaj\u0105 narodowy charakter kompletu. Na froncie umieszczono <strong data-start=\"766\" data-end=\"778\">numer 10<\/strong>, a ca\u0142o\u015b\u0107 zachowuje ponadczasowy, reprezentacyjny wygl\u0105d, jednoznacznie kojarzony z turniejowymi wyst\u0119pami Canarinhos.<\/p>\n<p data-start=\"899\" data-end=\"1395\">Na plecach znajduje si\u0119 oryginalny nadruk <strong data-start=\"941\" data-end=\"982\"><span class=\"hover:entity-accent entity-underline inline cursor-pointer align-baseline\"><span class=\"whitespace-normal\">Ronaldinho<\/span><\/span><\/strong> wraz z <strong data-start=\"990\" data-end=\"1004\">numerem 10<\/strong>, z kt\u00f3rym zawodnik wyst\u0119powa\u0142 w barwach narodowych. <strong data-start=\"1057\" data-end=\"1071\">Ronaldinho<\/strong> by\u0142 w tym okresie centraln\u0105 postaci\u0105 zespo\u0142u i jedn\u0105 z najwi\u0119kszych gwiazd \u015bwiatowego futbolu, uosabiaj\u0105c brazylijski styl gry oparty na kreatywno\u015bci, technice i swobodzie. Jego wp\u0142yw na pi\u0142k\u0119 no\u017cn\u0105 wykracza daleko poza statystyki \u2013 sta\u0142 si\u0119 ikon\u0105 widowiskowo\u015bci i inspiracj\u0105 dla ca\u0142ego pokolenia pi\u0142karzy na ca\u0142ym \u015bwiecie.<\/p>\n<p data-start=\"1397\" data-end=\"1727\">Lata <strong data-start=\"1402\" data-end=\"1413\">2006\/08<\/strong> to dla <strong data-start=\"1421\" data-end=\"1447\">reprezentacji Brazylii<\/strong> czas funkcjonowania tzw. \u201egal\u00e1cticos\u201d, z udzia\u0142em takich zawodnik\u00f3w jak <strong data-start=\"1520\" data-end=\"1531\">Ronaldo<\/strong>, <strong data-start=\"1533\" data-end=\"1541\">Kak\u00e1<\/strong>, <strong data-start=\"1543\" data-end=\"1554\">Adriano<\/strong>, <strong data-start=\"1556\" data-end=\"1564\">Cafu<\/strong> czy <strong data-start=\"1569\" data-end=\"1587\">Roberto Carlos<\/strong>, a mundial w Niemczech zapisa\u0142 si\u0119 jako turniej ogromnych ambicji i jednocze\u015bnie sportowego niedosytu, mimo indywidualnej klasy zawodnik\u00f3w.<\/p>\n<p data-start=\"1729\" data-end=\"1938\">Koszulka zosta\u0142a wykonana z lekkiego i przewiewnego materia\u0142u, a kr\u00f3j w rozmiarze <strong data-start=\"1811\" data-end=\"1816\">M<\/strong> pozostaje zgodny ze standardami <strong data-start=\"1849\" data-end=\"1857\">Nike<\/strong>, stosowanymi w reprezentacyjnych projektach z po\u0142owy pierwszej dekady XXI wieku.<\/p>\n<p data-start=\"1940\" data-end=\"2204\" data-is-last-node=\"\" data-is-only-node=\"\">To propozycja dla kolekcjoner\u00f3w oraz kibic\u00f3w poszukuj\u0105cych oryginalnej domowej koszulki pi\u0142karskiej <strong data-start=\"2040\" data-end=\"2066\">reprezentacji Brazylii<\/strong> z lat <strong data-start=\"2073\" data-end=\"2084\">2006\/08<\/strong>, stanowi\u0105cej czytelny zapis mundialowego etapu kadry oraz wyj\u0105tkowej roli <strong data-start=\"2159\" data-end=\"2173\">Ronaldinho<\/strong> w historii \u015bwiatowego futbolu.<\/p>\n<\/div>\n<\/div>\n<\/div>\n<\/div>\n<\/div>\n<\/div>\n<\/article>\n<\/div>\n","protected":false},"featured_media":118240,"template":"","meta":{"_kad_blocks_custom_css":"","_kad_blocks_head_custom_js":"","_kad_blocks_body_custom_js":"","_kad_blocks_footer_custom_js":"","_kad_post_transparent":"default","_kad_post_title":"","_kad_post_layout":"default","_kad_post_sidebar_id":"","_kad_post_content_style":"default","_kad_post_vertical_padding":"default","_kad_post_feature":"","_kad_post_feature_position":"","_kad_post_header":false,"_kad_post_footer":false,"_kad_post_classname":""},"product_brand":[1284],"product_cat":[15,1445],"product_tag":[],"class_list":{"0":"post-117845","1":"product","2":"type-product","3":"status-publish","4":"has-post-thumbnail","6":"product_brand-nike","7":"product_cat-bez-kategorii","8":"product_cat-brazylia","9":"pa_homeawaythird-home","10":"pa_rozmiar-m","12":"first","13":"instock","14":"taxable","15":"shipping-taxable","16":"purchasable","17":"product-type-simple","18":"entry","19":"content-bg","20":"loop-entry"},"taxonomy_info":{"product_brand":[{"value":1284,"label":"Nike"}],"product_cat":[{"value":15,"label":"Bez kategorii"},{"value":1445,"label":"Brazylia"}],"pa_homeawaythird":[{"value":1597,"label":"Home"}],"pa_rozmiar":[{"value":1816,"label":"M"}]},"featured_image_src_large":["https:\/\/footballthrift.shop\/wp-content\/uploads\/2026\/02\/Photoroom_20260219_133739-1024x1024.jpg",1024,1024,true],"author_info":[],"comment_info":"","_links":{"self":[{"href":"https:\/\/footballthrift.shop\/en\/wp-json\/wp\/v2\/product\/117845","targetHints":{"allow":["GET"]}}],"collection":[{"href":"https:\/\/footballthrift.shop\/en\/wp-json\/wp\/v2\/product"}],"about":[{"href":"https:\/\/footballthrift.shop\/en\/wp-json\/wp\/v2\/types\/product"}],"wp:featuredmedia":[{"embeddable":true,"href":"https:\/\/footballthrift.shop\/en\/wp-json\/wp\/v2\/media\/118240"}],"wp:attachment":[{"href":"https:\/\/footballthrift.shop\/en\/wp-json\/wp\/v2\/media?parent=117845"}],"wp:term":[{"taxonomy":"product_brand","embeddable":true,"href":"https:\/\/footballthrift.shop\/en\/wp-json\/wp\/v2\/product_brand?post=117845"},{"taxonomy":"product_cat","embeddable":true,"href":"https:\/\/footballthrift.shop\/en\/wp-json\/wp\/v2\/product_cat?post=117845"},{"taxonomy":"product_tag","embeddable":true,"href":"https:\/\/footballthrift.shop\/en\/wp-json\/wp\/v2\/product_tag?post=117845"}],"curies":[{"name":"wp","href":"https:\/\/api.w.org\/{rel}","templated":true}]}}