{"id":117843,"date":"2026-02-15T18:00:12","date_gmt":"2026-02-15T17:00:12","guid":{"rendered":"https:\/\/footballthrift.shop\/?post_type=product&#038;p=117843"},"modified":"2026-03-09T11:23:43","modified_gmt":"2026-03-09T10:23:43","slug":"football-jersey-bnwt-ac-milan-2018-19-home-19-piat-xxl","status":"publish","type":"product","link":"https:\/\/footballthrift.shop\/en\/koszulka-pilkarska-bnwt-ac-milan-2018-19-home-19-piatek-xxl\/","title":{"rendered":"Koszulka pi\u0142karska BNWT AC Milan 2018\/19 Home 19 Pi\u0105tek [XXL]"},"content":{"rendered":"<p><strong>Team:<\/strong> AC Milan<\/p>\n<p><strong>Season:<\/strong> 2018\/19 Home<\/p>\n<p><strong>Size: <\/strong>XXL<\/p>\n<p><strong>Condition:<\/strong> BNWT - T-shirt new, with tags.<\/p>\n<p><strong>Dimensions (underarm width\/length) in cm: <\/strong>59\/76<\/p>","protected":false},"excerpt":{"rendered":"<div class=\"relative basis-auto flex-col -mb-(--composer-overlap-px) [--composer-overlap-px:28px] grow flex\">\n<div class=\"flex flex-col text-sm pb-25\">\n<article class=\"text-token-text-primary w-full focus:outline-none [--shadow-height:45px] has-data-writing-block:pointer-events-none has-data-writing-block:-mt-(--shadow-height) has-data-writing-block:pt-(--shadow-height) [&amp;:has([data-writing-block])&gt;*]:pointer-events-auto scroll-mt-[calc(var(--header-height)+min(200px,max(70px,20svh)))]\" dir=\"auto\" tabindex=\"-1\" data-turn-id=\"request-69846e9f-d3cc-8389-9cfe-2684a6b1e83a-4\" data-testid=\"conversation-turn-70\" data-scroll-anchor=\"true\" data-turn=\"assistant\">\n<div class=\"text-base my-auto mx-auto pb-10 [--thread-content-margin:--spacing(4)] @w-sm\/main:[--thread-content-margin:--spacing(6)] @w-lg\/main:[--thread-content-margin:--spacing(16)] px-(--thread-content-margin)\">\n<div class=\"[--thread-content-max-width:40rem] @w-lg\/main:[--thread-content-max-width:48rem] mx-auto max-w-(--thread-content-max-width) flex-1 group\/turn-messages focus-visible:outline-hidden relative flex w-full min-w-0 flex-col agent-turn\" tabindex=\"-1\">\n<div class=\"flex max-w-full flex-col grow\">\n<div class=\"min-h-8 text-message relative flex w-full flex-col items-end gap-2 text-start break-words whitespace-normal [.text-message+&amp;]:mt-1\" dir=\"auto\" data-message-author-role=\"assistant\" data-message-id=\"9be35b99-5eca-41b4-9fca-2303de353e37\" data-message-model-slug=\"gpt-5-2\">\n<div class=\"flex w-full flex-col gap-1 empty:hidden first:pt-[1px]\">\n<div class=\"markdown prose dark:prose-invert w-full wrap-break-word light markdown-new-styling\">\n<p data-start=\"0\" data-end=\"113\"><strong data-start=\"0\" data-end=\"113\">Oryginalna domowa koszulka pi\u0142karska AC Milanu z sezonu 2018\/19 produkcji Pumy z nadrukiem Krzysztofa Pi\u0105tka.\u00a0<\/strong><\/p>\n<p data-start=\"115\" data-end=\"569\">Domowy model <strong data-start=\"128\" data-end=\"169\"><span class=\"hover:entity-accent entity-underline inline cursor-pointer align-baseline\"><span class=\"whitespace-normal\">AC Milanu<\/span><\/span><\/strong> z <strong data-start=\"172\" data-end=\"190\">sezonu 2018\/19<\/strong>, wyprodukowany przez <strong data-start=\"212\" data-end=\"220\">Pum\u0119<\/strong> w rozmiarze <strong data-start=\"233\" data-end=\"240\">XXL<\/strong>, pochodzi z okresu intensywnej sportowej odbudowy zespo\u0142u. By\u0142 to sezon, w kt\u00f3rym Milan walczy\u0142 o powr\u00f3t do europejskiej elity, opieraj\u0105c swoje ambicje na m\u0142odszej kadrze oraz \u015bwie\u017cych wzmocnieniach, a prezentowany egzemplarz zachowany jest <strong data-start=\"482\" data-end=\"519\">z oryginalnymi metkami sklepowymi<\/strong>, co istotnie podnosi jego warto\u015b\u0107 kolekcjonersk\u0105.<\/p>\n<p data-start=\"571\" data-end=\"952\">Koszulka zosta\u0142a wyprodukowana w klasycznym <strong data-start=\"615\" data-end=\"652\">czarno-czerwonym pionowym pasiaku<\/strong>, stanowi\u0105cym od dekad znak rozpoznawczy <strong data-start=\"693\" data-end=\"706\">AC Milanu<\/strong>. Projekt uzupe\u0142nia elegancki <strong data-start=\"736\" data-end=\"760\">ko\u0142nierzyk typu polo<\/strong>, kt\u00f3ry nadaje ca\u0142o\u015bci ponadczasowego charakteru. Na froncie centralne miejsce zajmuje nadruk sponsora <strong data-start=\"863\" data-end=\"879\">Fly Emirates<\/strong>, harmonijnie wpisany w tradycyjny uk\u0142ad kolorystyczny domowego kompletu.<\/p>\n<p data-start=\"954\" data-end=\"1388\">Na plecach znajduje si\u0119 oryginalny nadruk <strong data-start=\"996\" data-end=\"1037\"><span class=\"hover:entity-accent entity-underline inline cursor-pointer align-baseline\"><span class=\"whitespace-normal\">Krzysztofa Pi\u0105tka<\/span><\/span><\/strong>\u00a0z <strong data-start=\"1040\" data-end=\"1054\">numerem 19<\/strong>, z kt\u00f3rym polski napastnik rozpoczyna\u0142 sw\u00f3j pobyt w <strong data-start=\"1107\" data-end=\"1121\">AC Milanie<\/strong>. <strong data-start=\"1123\" data-end=\"1143\">Krzysztof Pi\u0105tek<\/strong> do\u0142\u0105czy\u0142 do zespo\u0142u w trakcie <strong data-start=\"1174\" data-end=\"1192\">sezonu 2018\/19<\/strong> i natychmiast sta\u0142 si\u0119 jedn\u0105 z kluczowych postaci ofensywy, imponuj\u0105c skuteczno\u015bci\u0105 i szybko adaptuj\u0105c si\u0119 do reali\u00f3w Serie A, co znacz\u0105co wp\u0142yn\u0119\u0142o na popraw\u0119 wynik\u00f3w dru\u017cyny w rundzie wiosennej.<\/p>\n<p data-start=\"1390\" data-end=\"1690\">W <strong data-start=\"1392\" data-end=\"1411\">sezonie 2018\/19<\/strong> barwy <strong data-start=\"1418\" data-end=\"1431\">AC Milanu<\/strong> reprezentowali r\u00f3wnie\u017c m.in. <strong data-start=\"1461\" data-end=\"1480\">Gonzalo Higua\u00edn<\/strong>, <strong data-start=\"1482\" data-end=\"1490\">Suso<\/strong>, <strong data-start=\"1492\" data-end=\"1515\">Giacomo Bonaventura<\/strong>, <strong data-start=\"1517\" data-end=\"1534\">Franck Kessi\u00e9<\/strong> czy <strong data-start=\"1539\" data-end=\"1563\">Gianluigi Donnarumma<\/strong>, a zesp\u00f3\u0142 do samego ko\u0144ca walczy\u0142 o miejsce premiowane gr\u0105 w Lidze Mistrz\u00f3w, ko\u0144cz\u0105c rozgrywki tu\u017c za czo\u0142ow\u0105 czw\u00f3rk\u0105 Serie A.<\/p>\n<p data-start=\"1692\" data-end=\"1871\">Koszulka zosta\u0142a wykonana z lekkiego i przewiewnego materia\u0142u, a kr\u00f3j w rozmiarze <strong data-start=\"1774\" data-end=\"1781\">XXL<\/strong> pozostaje zgodny ze standardami <strong data-start=\"1814\" data-end=\"1822\">Pumy<\/strong>, stosowanymi w nowoczesnych projektach domowych.<\/p>\n<p data-start=\"1873\" data-end=\"2148\" data-is-last-node=\"\" data-is-only-node=\"\">To propozycja dla kolekcjoner\u00f3w oraz kibic\u00f3w poszukuj\u0105cych oryginalnej domowej koszulki pi\u0142karskiej <strong data-start=\"1973\" data-end=\"1986\">AC Milanu<\/strong> z <strong data-start=\"1989\" data-end=\"2007\">sezonu 2018\/19<\/strong>, stanowi\u0105cej czytelny zapis momentu wej\u015bcia <strong data-start=\"2052\" data-end=\"2073\">Krzysztofa Pi\u0105tka<\/strong> do zespo\u0142u i jednego z najbardziej wyrazistych epizod\u00f3w tamtych rozgrywek.<\/p>\n<\/div>\n<\/div>\n<\/div>\n<\/div>\n<\/div>\n<\/div>\n<\/article>\n<\/div>\n<\/div>\n","protected":false},"featured_media":117906,"template":"","meta":{"_kad_blocks_custom_css":"","_kad_blocks_head_custom_js":"","_kad_blocks_body_custom_js":"","_kad_blocks_footer_custom_js":"","_kad_post_transparent":"default","_kad_post_title":"","_kad_post_layout":"default","_kad_post_sidebar_id":"","_kad_post_content_style":"default","_kad_post_vertical_padding":"default","_kad_post_feature":"","_kad_post_feature_position":"","_kad_post_header":false,"_kad_post_footer":false,"_kad_post_classname":""},"product_brand":[1287],"product_cat":[1440,15,1411],"product_tag":[],"class_list":{"0":"post-117843","1":"product","2":"type-product","3":"status-publish","4":"has-post-thumbnail","6":"product_brand-puma","7":"product_cat-kluby-wloskie-acmilan","8":"product_cat-bez-kategorii","9":"product_cat-polscy-pilkarze","10":"pa_homeawaythird-home","11":"pa_rozmiar-xxl","13":"first","14":"instock","15":"taxable","16":"shipping-taxable","17":"purchasable","18":"product-type-simple","19":"entry","20":"content-bg","21":"loop-entry"},"taxonomy_info":{"product_brand":[{"value":1287,"label":"Puma"}],"product_cat":[{"value":1440,"label":"AC Milan"},{"value":15,"label":"Bez kategorii"},{"value":1411,"label":"POLSCY PI\u0141KARZE"}],"pa_homeawaythird":[{"value":1597,"label":"Home"}],"pa_rozmiar":[{"value":1819,"label":"XXL"}]},"featured_image_src_large":["https:\/\/footballthrift.shop\/wp-content\/uploads\/2026\/02\/Photoroom_20260211_122542-1024x1024.jpg",1024,1024,true],"author_info":[],"comment_info":"","_links":{"self":[{"href":"https:\/\/footballthrift.shop\/en\/wp-json\/wp\/v2\/product\/117843","targetHints":{"allow":["GET"]}}],"collection":[{"href":"https:\/\/footballthrift.shop\/en\/wp-json\/wp\/v2\/product"}],"about":[{"href":"https:\/\/footballthrift.shop\/en\/wp-json\/wp\/v2\/types\/product"}],"wp:featuredmedia":[{"embeddable":true,"href":"https:\/\/footballthrift.shop\/en\/wp-json\/wp\/v2\/media\/117906"}],"wp:attachment":[{"href":"https:\/\/footballthrift.shop\/en\/wp-json\/wp\/v2\/media?parent=117843"}],"wp:term":[{"taxonomy":"product_brand","embeddable":true,"href":"https:\/\/footballthrift.shop\/en\/wp-json\/wp\/v2\/product_brand?post=117843"},{"taxonomy":"product_cat","embeddable":true,"href":"https:\/\/footballthrift.shop\/en\/wp-json\/wp\/v2\/product_cat?post=117843"},{"taxonomy":"product_tag","embeddable":true,"href":"https:\/\/footballthrift.shop\/en\/wp-json\/wp\/v2\/product_tag?post=117843"}],"curies":[{"name":"wp","href":"https:\/\/api.w.org\/{rel}","templated":true}]}}