{"id":117606,"date":"2026-02-08T17:55:04","date_gmt":"2026-02-08T16:55:04","guid":{"rendered":"https:\/\/footballthrift.shop\/?post_type=product&#038;p=117606"},"modified":"2026-03-09T11:23:48","modified_gmt":"2026-03-09T10:23:48","slug":"football-shirt-bnwt-liverpool-fc-2024-25-home-s","status":"publish","type":"product","link":"https:\/\/footballthrift.shop\/en\/koszulka-pilkarska-bnwt-liverpool-fc-2024-25-home-s\/","title":{"rendered":"Koszulka pi\u0142karska BNWT Liverpool FC 2024\/25 Home [S]"},"content":{"rendered":"<p><strong>Team:<\/strong> Liverpool FC<\/p>\n<p><strong>Season:<\/strong> 2024\/25 Home<\/p>\n<p><strong>Size: <\/strong>S<\/p>\n<p><strong>Condition:<\/strong> BNWT - T-shirt new, with tags.<\/p>\n<p><strong>Dimensions (underarm width\/length) in cm: <\/strong>48\/72<\/p>","protected":false},"excerpt":{"rendered":"<div class=\"flex flex-col text-sm pb-25\">\n<article class=\"text-token-text-primary w-full focus:outline-none [--shadow-height:45px] has-data-writing-block:pointer-events-none has-data-writing-block:-mt-(--shadow-height) has-data-writing-block:pt-(--shadow-height) [&amp;:has([data-writing-block])&gt;*]:pointer-events-auto scroll-mt-[calc(var(--header-height)+min(200px,max(70px,20svh)))]\" dir=\"auto\" tabindex=\"-1\" data-turn-id=\"request-69846e9f-d3cc-8389-9cfe-2684a6b1e83a-0\" data-testid=\"conversation-turn-30\" data-scroll-anchor=\"true\" data-turn=\"assistant\">\n<div class=\"text-base my-auto mx-auto pb-10 [--thread-content-margin:--spacing(4)] @w-sm\/main:[--thread-content-margin:--spacing(6)] @w-lg\/main:[--thread-content-margin:--spacing(16)] px-(--thread-content-margin)\">\n<div class=\"[--thread-content-max-width:40rem] @w-lg\/main:[--thread-content-max-width:48rem] mx-auto max-w-(--thread-content-max-width) flex-1 group\/turn-messages focus-visible:outline-hidden relative flex w-full min-w-0 flex-col agent-turn\" tabindex=\"-1\">\n<div class=\"flex max-w-full flex-col grow\">\n<div class=\"min-h-8 text-message relative flex w-full flex-col items-end gap-2 text-start break-words whitespace-normal [.text-message+&amp;]:mt-1\" dir=\"auto\" data-message-author-role=\"assistant\" data-message-id=\"f219d52f-c319-4525-87ed-33624f407356\" data-message-model-slug=\"gpt-5-2\">\n<div class=\"flex w-full flex-col gap-1 empty:hidden first:pt-[1px]\">\n<div class=\"markdown prose dark:prose-invert w-full wrap-break-word light markdown-new-styling\">\n<p data-start=\"0\" data-end=\"87\"><strong data-start=\"0\" data-end=\"87\">Oryginalna domowa koszulka pi\u0142karska Liverpoolu FC z sezonu 2024\/25 produkcji Nike.\u00a0<\/strong><\/p>\n<p data-start=\"89\" data-end=\"589\">Domowy model <strong data-start=\"102\" data-end=\"143\"><span class=\"hover:entity-accent entity-underline inline cursor-pointer align-baseline\"><span class=\"whitespace-normal\">Liverpool FC<\/span><\/span><\/strong> z <strong data-start=\"146\" data-end=\"164\">sezonu 2024\/25<\/strong>, wyprodukowany przez <strong data-start=\"186\" data-end=\"194\">Nike<\/strong> w rozmiarze <strong data-start=\"207\" data-end=\"212\">S<\/strong>, pochodzi z mistrzowskiego okresu w historii klubu. By\u0142 to sezon, w kt\u00f3rym zesp\u00f3\u0142 utrzyma\u0142 wysok\u0105 regularno\u015b\u0107 i skuteczno\u015b\u0107 na przestrzeni ca\u0142ych rozgrywek, co prze\u0142o\u017cy\u0142o si\u0119 na zdobycie <strong data-start=\"400\" data-end=\"415\">Mistrzostwa<\/strong> i potwierdzi\u0142o pozycj\u0119 Liverpoolu w \u015bcis\u0142ej czo\u0142\u00f3wce ligi. Prezentowany egzemplarz zachowany jest <strong data-start=\"514\" data-end=\"538\">z metkami sklepowymi<\/strong>, co dodatkowo podnosi jego warto\u015b\u0107 kolekcjonersk\u0105.<\/p>\n<p data-start=\"591\" data-end=\"1016\">Koszulka zosta\u0142a wyprodukowana na klasycznej <strong data-start=\"636\" data-end=\"655\">czerwonej bazie<\/strong>, charakterystycznej dla domowych komplet\u00f3w <strong data-start=\"699\" data-end=\"716\">Liverpoolu FC<\/strong>. Na froncie zastosowano <strong data-start=\"741\" data-end=\"769\">\u017c\u00f3\u0142ty, geometryczny wz\u00f3r<\/strong>, kt\u00f3ry nadaje projektowi nowoczesny i dynamiczny wygl\u0105d, zachowuj\u0105c jednocze\u015bnie klubow\u0105 to\u017csamo\u015b\u0107. Centralne miejsce zajmuje nadruk sponsora <strong data-start=\"912\" data-end=\"934\">Standard Chartered<\/strong>, wyra\u017anie kontrastuj\u0105cy z t\u0142em i wpisuj\u0105cy si\u0119 w sp\u00f3jny uk\u0142ad graficzny koszulki.<\/p>\n<p data-start=\"1018\" data-end=\"1435\">W <strong data-start=\"1020\" data-end=\"1039\">sezonie 2024\/25<\/strong> barwy <strong data-start=\"1046\" data-end=\"1063\">Liverpoolu FC<\/strong> reprezentowali kluczowi zawodnicy zespo\u0142u, tacy jak <strong data-start=\"1116\" data-end=\"1133\">Mohamed Salah<\/strong>, <strong data-start=\"1135\" data-end=\"1154\">Virgil van Dijk<\/strong>, <strong data-start=\"1156\" data-end=\"1182\">Trent Alexander-Arnold<\/strong>, <strong data-start=\"1184\" data-end=\"1202\">Alisson Becker<\/strong> czy <strong data-start=\"1207\" data-end=\"1229\">Dominik Szoboszlai<\/strong>, kt\u00f3rzy stanowili trzon dru\u017cyny na drodze do mistrzowskiego tytu\u0142u. Zesp\u00f3\u0142 opiera\u0142 si\u0119 na do\u015bwiadczeniu lider\u00f3w, intensywnej grze oraz szerokiej kadrze pozwalaj\u0105cej utrzyma\u0107 wysoki poziom przez ca\u0142y sezon.<\/p>\n<p data-start=\"1437\" data-end=\"1614\">Koszulka zosta\u0142a wykonana z lekkiego i przewiewnego materia\u0142u, a kr\u00f3j w rozmiarze <strong data-start=\"1519\" data-end=\"1524\">S<\/strong> pozostaje zgodny ze standardami <strong data-start=\"1557\" data-end=\"1565\">Nike<\/strong>, stosowanymi w nowoczesnych projektach domowych.<\/p>\n<p data-start=\"1616\" data-end=\"1870\" data-is-last-node=\"\" data-is-only-node=\"\">To propozycja dla kolekcjoner\u00f3w oraz kibic\u00f3w poszukuj\u0105cych oryginalnej domowej koszulki pi\u0142karskiej <strong data-start=\"1716\" data-end=\"1733\">Liverpoolu FC<\/strong> z <strong data-start=\"1736\" data-end=\"1754\">sezonu 2024\/25<\/strong>, stanowi\u0105cej czytelny zapis mistrzowskiego sezonu i jednego z najwa\u017cniejszych moment\u00f3w w najnowszej historii klubu.<\/p>\n<\/div>\n<\/div>\n<\/div>\n<\/div>\n<\/div>\n<\/div>\n<\/article>\n<\/div>\n","protected":false},"featured_media":117709,"template":"","meta":{"_kad_blocks_custom_css":"","_kad_blocks_head_custom_js":"","_kad_blocks_body_custom_js":"","_kad_blocks_footer_custom_js":"","_kad_post_transparent":"default","_kad_post_title":"","_kad_post_layout":"default","_kad_post_sidebar_id":"","_kad_post_content_style":"default","_kad_post_vertical_padding":"default","_kad_post_feature":"","_kad_post_feature_position":"","_kad_post_header":false,"_kad_post_footer":false,"_kad_post_classname":""},"product_brand":[1284],"product_cat":[15,1464],"product_tag":[],"class_list":{"0":"post-117606","1":"product","2":"type-product","3":"status-publish","4":"has-post-thumbnail","6":"product_brand-nike","7":"product_cat-bez-kategorii","8":"product_cat-liverpool","9":"pa_homeawaythird-home","10":"pa_rozmiar-s","12":"first","13":"instock","14":"taxable","15":"shipping-taxable","16":"purchasable","17":"product-type-simple","18":"entry","19":"content-bg","20":"loop-entry"},"taxonomy_info":{"product_brand":[{"value":1284,"label":"Nike"}],"product_cat":[{"value":15,"label":"Bez kategorii"},{"value":1464,"label":"Liverpool FC"}],"pa_homeawaythird":[{"value":1597,"label":"Home"}],"pa_rozmiar":[{"value":1815,"label":"S"}]},"featured_image_src_large":["https:\/\/footballthrift.shop\/wp-content\/uploads\/2026\/02\/Photoroom_20260204_161004-1024x1024.jpg",1024,1024,true],"author_info":[],"comment_info":"","_links":{"self":[{"href":"https:\/\/footballthrift.shop\/en\/wp-json\/wp\/v2\/product\/117606","targetHints":{"allow":["GET"]}}],"collection":[{"href":"https:\/\/footballthrift.shop\/en\/wp-json\/wp\/v2\/product"}],"about":[{"href":"https:\/\/footballthrift.shop\/en\/wp-json\/wp\/v2\/types\/product"}],"wp:featuredmedia":[{"embeddable":true,"href":"https:\/\/footballthrift.shop\/en\/wp-json\/wp\/v2\/media\/117709"}],"wp:attachment":[{"href":"https:\/\/footballthrift.shop\/en\/wp-json\/wp\/v2\/media?parent=117606"}],"wp:term":[{"taxonomy":"product_brand","embeddable":true,"href":"https:\/\/footballthrift.shop\/en\/wp-json\/wp\/v2\/product_brand?post=117606"},{"taxonomy":"product_cat","embeddable":true,"href":"https:\/\/footballthrift.shop\/en\/wp-json\/wp\/v2\/product_cat?post=117606"},{"taxonomy":"product_tag","embeddable":true,"href":"https:\/\/footballthrift.shop\/en\/wp-json\/wp\/v2\/product_tag?post=117606"}],"curies":[{"name":"wp","href":"https:\/\/api.w.org\/{rel}","templated":true}]}}