{"id":117597,"date":"2026-02-08T17:55:08","date_gmt":"2026-02-08T16:55:08","guid":{"rendered":"https:\/\/footballthrift.shop\/?post_type=product&#038;p=117597"},"modified":"2026-03-09T11:23:47","modified_gmt":"2026-03-09T10:23:47","slug":"football-shirt-arsenal-fc-1996-98-home-l","status":"publish","type":"product","link":"https:\/\/footballthrift.shop\/en\/koszulka-pilkarska-arsenal-fc-1996-98-home-l\/","title":{"rendered":"Koszulka pi\u0142karska Arsenal FC 1996\/98 Home [L]"},"content":{"rendered":"<p><strong>Team:<\/strong> Arsenal FC<\/p>\n<p><strong>Season:<\/strong> 1996\/98 Home<\/p>\n<p><strong>Size: <\/strong>L<\/p>\n<p><strong>Condition:<\/strong> Good - micro hole on front, small stains on sleeve and two stains on collar.<\/p>\n<p><strong>Dimensions (underarm width\/length) in cm: <\/strong>55\/67(front), 72(rear)<\/p>","protected":false},"excerpt":{"rendered":"<div class=\"flex flex-col text-sm pb-25\">\n<article class=\"text-token-text-primary w-full focus:outline-none [--shadow-height:45px] has-data-writing-block:pointer-events-none has-data-writing-block:-mt-(--shadow-height) has-data-writing-block:pt-(--shadow-height) [&amp;:has([data-writing-block])&gt;*]:pointer-events-auto scroll-mt-[calc(var(--header-height)+min(200px,max(70px,20svh)))]\" dir=\"auto\" tabindex=\"-1\" data-turn-id=\"request-WEB:87171c30-8523-4ca8-aa23-997b54703be1-3\" data-testid=\"conversation-turn-6\" data-scroll-anchor=\"true\" data-turn=\"assistant\">\n<div class=\"text-base my-auto mx-auto pb-10 [--thread-content-margin:--spacing(4)] @w-sm\/main:[--thread-content-margin:--spacing(6)] @w-lg\/main:[--thread-content-margin:--spacing(16)] px-(--thread-content-margin)\">\n<div class=\"[--thread-content-max-width:40rem] @w-lg\/main:[--thread-content-max-width:48rem] mx-auto max-w-(--thread-content-max-width) flex-1 group\/turn-messages focus-visible:outline-hidden relative flex w-full min-w-0 flex-col agent-turn\" tabindex=\"-1\">\n<div class=\"flex max-w-full flex-col grow\">\n<div class=\"min-h-8 text-message relative flex w-full flex-col items-end gap-2 text-start break-words whitespace-normal [.text-message+&amp;]:mt-1\" dir=\"auto\" data-message-author-role=\"assistant\" data-message-id=\"2bbb920f-b8a5-4849-a276-9aa15ba62466\" data-message-model-slug=\"gpt-5-2\">\n<div class=\"flex w-full flex-col gap-1 empty:hidden first:pt-[1px]\">\n<div class=\"markdown prose dark:prose-invert w-full wrap-break-word light markdown-new-styling\">\n<p data-start=\"0\" data-end=\"82\"><strong data-start=\"0\" data-end=\"82\">Oryginalna domowa koszulka pi\u0142karska Arsenalu FC z lat 1996\/98 produkcji Nike.\u00a0<\/strong><\/p>\n<p data-start=\"84\" data-end=\"439\">Domowy model <strong data-start=\"97\" data-end=\"112\">Arsenalu FC<\/strong> z lat <strong data-start=\"119\" data-end=\"130\">1996\/98<\/strong>, wyprodukowany przez <strong data-start=\"152\" data-end=\"160\">Nike<\/strong> w rozmiarze <strong data-start=\"173\" data-end=\"178\">L<\/strong>, pochodzi z okresu prze\u0142omowego dla londy\u0144skiego klubu. By\u0142y to sezony, w kt\u00f3rych zesp\u00f3\u0142 stopniowo budowa\u0142 now\u0105 to\u017csamo\u015b\u0107 sportow\u0105, \u0142\u0105cz\u0105c tradycyjn\u0105 angielsk\u0105 solidno\u015b\u0107 z rosn\u0105cymi wp\u0142ywami mi\u0119dzynarodowymi, co zapowiada\u0142o nadchodz\u0105ce sukcesy ko\u0144c\u00f3wki lat 90.<\/p>\n<p data-start=\"441\" data-end=\"875\">Koszulka zosta\u0142a wyprodukowana na klasycznej czerwonej bazie, uzupe\u0142nionej o charakterystyczne bia\u0142e r\u0119kawki z czerwonym wyko\u0144czeniem, kt\u00f3re na sta\u0142e wpisa\u0142y si\u0119 w wizerunek <strong data-start=\"615\" data-end=\"630\">Arsenalu FC<\/strong>. Ca\u0142o\u015b\u0107 dope\u0142nia bia\u0142y ko\u0142nierz typu polo, nadaj\u0105cy projektowi elegancki, niemal ponadczasowy charakter. Na froncie centralne miejsce zajmuje kultowy nadruk sponsora <strong data-start=\"797\" data-end=\"804\">JVC<\/strong>, kontrastuj\u0105cy z czerwon\u0105 powierzchni\u0105 i podkre\u015blaj\u0105cy estetyk\u0119 epoki.<\/p>\n<p data-start=\"877\" data-end=\"1128\">Na plecach koszulki znajduje si\u0119 oryginalny nadruk <strong data-start=\"928\" data-end=\"943\">The Gunners<\/strong>, kt\u00f3ry w tym egzemplarzu zachowa\u0142 si\u0119 w doskona\u0142ym stanie, co stanowi istotny atut kolekcjonerski, zw\u0142aszcza \u017ce element ten w wielu zachowanych egzemplarzach bywa dzi\u015b wyra\u017anie zu\u017cyty.<\/p>\n<p data-start=\"1130\" data-end=\"1419\">Lata <strong data-start=\"1135\" data-end=\"1146\">1996\/98<\/strong> to czas, w kt\u00f3rym barwy <strong data-start=\"1171\" data-end=\"1186\">Arsenalu FC<\/strong> reprezentowali m.in. <strong>Tony Adams, Patrick Vieira, Dennis Bergkamp<\/strong> czy <strong>Ian Wright<\/strong>, a dru\u017cyna stopniowo przechodzi\u0142a transformacj\u0119, kt\u00f3ra wkr\u00f3tce mia\u0142a przynie\u015b\u0107 mistrzowski dublet i ugruntowa\u0107 jej pozycj\u0119 w czo\u0142\u00f3wce angielskiej pi\u0142ki.<\/p>\n<p data-start=\"1421\" data-end=\"1598\">Koszulka zosta\u0142a wykonana z lekkiego i przewiewnego materia\u0142u, a kr\u00f3j w rozmiarze <strong data-start=\"1503\" data-end=\"1508\">L<\/strong> pozostaje zgodny ze standardami <strong data-start=\"1541\" data-end=\"1549\">Nike<\/strong>, typowymi dla projekt\u00f3w z drugiej po\u0142owy lat 90.<\/p>\n<p data-start=\"1600\" data-end=\"1826\" data-is-last-node=\"\" data-is-only-node=\"\">To propozycja dla kolekcjoner\u00f3w oraz kibic\u00f3w poszukuj\u0105cych oryginalnej domowej koszulki pi\u0142karskiej <strong data-start=\"1700\" data-end=\"1715\">Arsenalu FC<\/strong> z lat <strong data-start=\"1722\" data-end=\"1733\">1996\/98<\/strong>, stanowi\u0105cej czytelny zapis okresu przej\u015bciowego prowadz\u0105cego do nowej ery w historii klubu.<\/p>\n<\/div>\n<\/div>\n<\/div>\n<\/div>\n<\/div>\n<\/div>\n<\/article>\n<\/div>\n","protected":false},"featured_media":117628,"template":"","meta":{"_kad_blocks_custom_css":"","_kad_blocks_head_custom_js":"","_kad_blocks_body_custom_js":"","_kad_blocks_footer_custom_js":"","_kad_post_transparent":"default","_kad_post_title":"","_kad_post_layout":"default","_kad_post_sidebar_id":"","_kad_post_content_style":"default","_kad_post_vertical_padding":"default","_kad_post_feature":"","_kad_post_feature_position":"","_kad_post_header":false,"_kad_post_footer":false,"_kad_post_classname":""},"product_brand":[1284],"product_cat":[1435,15],"product_tag":[],"class_list":{"0":"post-117597","1":"product","2":"type-product","3":"status-publish","4":"has-post-thumbnail","6":"product_brand-nike","7":"product_cat-arsenal","8":"product_cat-bez-kategorii","9":"pa_homeawaythird-home","10":"pa_rozmiar-l","12":"first","13":"instock","14":"taxable","15":"shipping-taxable","16":"purchasable","17":"product-type-simple","18":"entry","19":"content-bg","20":"loop-entry"},"taxonomy_info":{"product_brand":[{"value":1284,"label":"Nike"}],"product_cat":[{"value":1435,"label":"Arsenal FC"},{"value":15,"label":"Bez kategorii"}],"pa_homeawaythird":[{"value":1597,"label":"Home"}],"pa_rozmiar":[{"value":1817,"label":"L"}]},"featured_image_src_large":["https:\/\/footballthrift.shop\/wp-content\/uploads\/2026\/02\/Photoroom_20260204_161521-1024x1024.jpg",1024,1024,true],"author_info":[],"comment_info":"","_links":{"self":[{"href":"https:\/\/footballthrift.shop\/en\/wp-json\/wp\/v2\/product\/117597","targetHints":{"allow":["GET"]}}],"collection":[{"href":"https:\/\/footballthrift.shop\/en\/wp-json\/wp\/v2\/product"}],"about":[{"href":"https:\/\/footballthrift.shop\/en\/wp-json\/wp\/v2\/types\/product"}],"wp:featuredmedia":[{"embeddable":true,"href":"https:\/\/footballthrift.shop\/en\/wp-json\/wp\/v2\/media\/117628"}],"wp:attachment":[{"href":"https:\/\/footballthrift.shop\/en\/wp-json\/wp\/v2\/media?parent=117597"}],"wp:term":[{"taxonomy":"product_brand","embeddable":true,"href":"https:\/\/footballthrift.shop\/en\/wp-json\/wp\/v2\/product_brand?post=117597"},{"taxonomy":"product_cat","embeddable":true,"href":"https:\/\/footballthrift.shop\/en\/wp-json\/wp\/v2\/product_cat?post=117597"},{"taxonomy":"product_tag","embeddable":true,"href":"https:\/\/footballthrift.shop\/en\/wp-json\/wp\/v2\/product_tag?post=117597"}],"curies":[{"name":"wp","href":"https:\/\/api.w.org\/{rel}","templated":true}]}}