{"id":117294,"date":"2026-02-01T17:47:54","date_gmt":"2026-02-01T16:47:54","guid":{"rendered":"https:\/\/footballthrift.shop\/?post_type=product&#038;p=117294"},"modified":"2026-03-09T11:24:23","modified_gmt":"2026-03-09T10:24:23","slug":"football-shirt-psg-2006-07-home-6-yepes-xl","status":"publish","type":"product","link":"https:\/\/footballthrift.shop\/en\/koszulka-pilkarska-psg-2006-07-home-6-yepes-xl\/","title":{"rendered":"Koszulka pi\u0142karska PSG 2006\/07 Home 6 Yepes [XL]"},"content":{"rendered":"<p><strong>Team:<\/strong> PSG<\/p>\n<p><strong>Season:<\/strong> 2006\/07 Home<\/p>\n<p><strong>Size: <\/strong>XL<\/p>\n<p><strong>Condition:<\/strong> Good - cracked sponsor print on front and name and number on back.<\/p>\n<p><strong>Dimensions (underarm width\/length) in cm: <\/strong>57\/72(front), 77(rear)<\/p>","protected":false},"excerpt":{"rendered":"<div class=\"flex flex-col text-sm pb-25\">\n<article class=\"text-token-text-primary w-full focus:outline-none [--shadow-height:45px] has-data-writing-block:pointer-events-none has-data-writing-block:-mt-(--shadow-height) has-data-writing-block:pt-(--shadow-height) [&amp;:has([data-writing-block])&gt;*]:pointer-events-auto scroll-mt-[calc(var(--header-height)+min(200px,max(70px,20svh)))]\" dir=\"auto\" tabindex=\"-1\" data-turn-id=\"request-696b71f3-b7f4-8325-bad2-3eeed2706e3a-3\" data-testid=\"conversation-turn-180\" data-scroll-anchor=\"true\" data-turn=\"assistant\">\n<div class=\"text-base my-auto mx-auto pb-10 [--thread-content-margin:--spacing(4)] @w-sm\/main:[--thread-content-margin:--spacing(6)] @w-lg\/main:[--thread-content-margin:--spacing(16)] px-(--thread-content-margin)\">\n<div class=\"[--thread-content-max-width:40rem] @w-lg\/main:[--thread-content-max-width:48rem] mx-auto max-w-(--thread-content-max-width) flex-1 group\/turn-messages focus-visible:outline-hidden relative flex w-full min-w-0 flex-col agent-turn\" tabindex=\"-1\">\n<div class=\"flex max-w-full flex-col grow\">\n<div class=\"min-h-8 text-message relative flex w-full flex-col items-end gap-2 text-start break-words whitespace-normal [.text-message+&amp;]:mt-1\" dir=\"auto\" data-message-author-role=\"assistant\" data-message-id=\"a9419fd8-e35c-4951-af1d-cc100c7b537e\" data-message-model-slug=\"gpt-5-2\">\n<div class=\"flex w-full flex-col gap-1 empty:hidden first:pt-[1px]\">\n<div class=\"markdown prose dark:prose-invert w-full wrap-break-word light markdown-new-styling\">\n<p data-start=\"0\" data-end=\"93\"><strong data-start=\"0\" data-end=\"93\">Oryginalna domowa koszulka pi\u0142karska Paris Saint-Germain z sezonu 2006\/07 produkcji Nike.\u00a0<\/strong><\/p>\n<p data-start=\"95\" data-end=\"517\">Domowy model <strong data-start=\"108\" data-end=\"149\"><span class=\"hover:entity-accent entity-underline inline cursor-pointer align-baseline\"><span class=\"whitespace-normal\">Paris Saint-Germain FC<\/span><\/span><\/strong> z <strong data-start=\"152\" data-end=\"170\">sezonu 2006\/07<\/strong>, wyprodukowany przez <strong data-start=\"192\" data-end=\"233\"><span class=\"hover:entity-accent entity-underline inline cursor-pointer align-baseline\"><span class=\"whitespace-normal\">Nike<\/span><\/span><\/strong> w <strong data-start=\"236\" data-end=\"252\">rozmiarze XL<\/strong>, pochodzi z okresu sportowej niepewno\u015bci, ale jednocze\u015bnie wyra\u017anego podtrzymywania to\u017csamo\u015bci jednego z najbardziej rozpoznawalnych klub\u00f3w Francji. By\u0142 to czas przed er\u0105 wielkich inwestycji, w kt\u00f3rym PSG opiera\u0142o si\u0119 na do\u015bwiadczeniu i silnych indywidualno\u015bciach.<\/p>\n<p data-start=\"519\" data-end=\"1009\">Koszulka zosta\u0142a wyprodukowana na <strong data-start=\"553\" data-end=\"573\">granatowej bazie<\/strong>, a jej centralnym elementem jest <strong data-start=\"607\" data-end=\"653\">pionowy czerwony pas z bia\u0142ymi kraw\u0119dziami<\/strong>, biegn\u0105cy przez \u015brodek frontu i stanowi\u0105cy klasyczny znak rozpoznawczy <strong data-start=\"725\" data-end=\"748\">Paris Saint-Germain<\/strong>. Na pasie umieszczono nadruk sponsora <strong data-start=\"787\" data-end=\"803\">Fly Emirates<\/strong>, kt\u00f3ry wyra\u017anie kontrastuje z t\u0142em. Na r\u0119kawku znajduje si\u0119 <strong data-start=\"864\" data-end=\"881\">patch Ligue 1<\/strong>, potwierdzaj\u0105cy ligowe przeznaczenie koszulki, a ca\u0142o\u015b\u0107 zachowuje charakterystyczn\u0105 dla projekt\u00f3w <strong data-start=\"980\" data-end=\"988\">Nike<\/strong> prostot\u0119 i symetri\u0119.<\/p>\n<p data-start=\"1011\" data-end=\"1375\">Na plecach znajduje si\u0119 oryginalny nadruk <strong data-start=\"1053\" data-end=\"1094\"><span class=\"hover:entity-accent entity-underline inline cursor-pointer align-baseline\"><span class=\"whitespace-normal\">Mario Yepesa<\/span><\/span><\/strong>, do\u015bwiadczonego \u015brodkowego obro\u0144cy, kt\u00f3ry w tamtym okresie pe\u0142ni\u0142 wa\u017cn\u0105 rol\u0119 w defensywie PSG. Yepes by\u0142 ceniony za fizyczno\u015b\u0107, ustawienie i spok\u00f3j w grze obronnej, a jego pobyt w Pary\u017cu przypada\u0142 na czas, gdy klub potrzebowa\u0142 stabilizacji i lider\u00f3w w trudnych momentach ligowych.<\/p>\n<p data-start=\"1377\" data-end=\"1779\"><strong data-start=\"1377\" data-end=\"1394\">Sezon 2006\/07<\/strong> by\u0142 dla <strong data-start=\"1403\" data-end=\"1426\">Paris Saint-Germain<\/strong> wymagaj\u0105cy \u2013 dru\u017cyna przez d\u0142ugi czas walczy\u0142a o utrzymanie w <strong data-start=\"1489\" data-end=\"1530\"><span class=\"hover:entity-accent entity-underline inline cursor-pointer align-baseline\"><span class=\"whitespace-normal\">Ligue 1<\/span><\/span><\/strong>, ostatecznie zapewniaj\u0105c sobie ligowy byt dopiero w ko\u0144c\u00f3wce rozgrywek. Mimo problem\u00f3w sportowych klub zachowa\u0142 swoj\u0105 pozycj\u0119 medialn\u0105 i kulturow\u0105, a sezon ten stanowi dzi\u015b wyra\u017any kontrast wobec p\u00f3\u017aniejszej, znacznie bardziej utytu\u0142owanej ery PSG.<\/p>\n<p data-start=\"1781\" data-end=\"1977\">Koszulka zosta\u0142a wykonana z <strong data-start=\"1809\" data-end=\"1846\">lekkiego i przewiewnego materia\u0142u<\/strong>, a <strong data-start=\"1850\" data-end=\"1866\">szeroki kr\u00f3j<\/strong> w <strong data-start=\"1869\" data-end=\"1885\">rozmiarze XL<\/strong> oferuje klasyczne, komfortowe dopasowanie zgodne ze standardami <strong data-start=\"1950\" data-end=\"1958\">Nike<\/strong> z po\u0142owy lat 2000.<\/p>\n<p data-start=\"1979\" data-end=\"2271\" data-is-last-node=\"\" data-is-only-node=\"\">To propozycja dla kolekcjoner\u00f3w oraz kibic\u00f3w poszukuj\u0105cych oryginalnej <strong data-start=\"2050\" data-end=\"2119\">domowej koszulki pi\u0142karskiej Paris Saint-Germain z sezonu 2006\/07<\/strong>, stanowi\u0105cej czytelny zapis wymagaj\u0105cego okresu w historii klubu oraz obecno\u015bci do\u015bwiadczonego defensora <strong data-start=\"2225\" data-end=\"2241\">Mario Yepesa<\/strong> w barwach paryskiego zespo\u0142u.<\/p>\n<\/div>\n<\/div>\n<\/div>\n<\/div>\n<\/div>\n<\/div>\n<\/article>\n<\/div>\n","protected":false},"featured_media":117522,"template":"","meta":{"_kad_blocks_custom_css":"","_kad_blocks_head_custom_js":"","_kad_blocks_body_custom_js":"","_kad_blocks_footer_custom_js":"","_kad_post_transparent":"default","_kad_post_title":"","_kad_post_layout":"default","_kad_post_sidebar_id":"","_kad_post_content_style":"default","_kad_post_vertical_padding":"default","_kad_post_feature":"","_kad_post_feature_position":"","_kad_post_header":false,"_kad_post_footer":false,"_kad_post_classname":""},"product_brand":[1284],"product_cat":[15,1467],"product_tag":[],"class_list":{"0":"post-117294","1":"product","2":"type-product","3":"status-publish","4":"has-post-thumbnail","6":"product_brand-nike","7":"product_cat-bez-kategorii","8":"product_cat-kluby-francuskie-parissaintgermain","9":"pa_homeawaythird-home","10":"pa_rozmiar-xl","12":"first","13":"instock","14":"taxable","15":"shipping-taxable","16":"purchasable","17":"product-type-simple","18":"entry","19":"content-bg","20":"loop-entry"},"taxonomy_info":{"product_brand":[{"value":1284,"label":"Nike"}],"product_cat":[{"value":15,"label":"Bez kategorii"},{"value":1467,"label":"Paris Saint Germain"}],"pa_homeawaythird":[{"value":1597,"label":"Home"}],"pa_rozmiar":[{"value":1818,"label":"XL"}]},"featured_image_src_large":["https:\/\/footballthrift.shop\/wp-content\/uploads\/2026\/01\/Photoroom_20260129_112446-1024x1024.jpg",1024,1024,true],"author_info":[],"comment_info":"","_links":{"self":[{"href":"https:\/\/footballthrift.shop\/en\/wp-json\/wp\/v2\/product\/117294","targetHints":{"allow":["GET"]}}],"collection":[{"href":"https:\/\/footballthrift.shop\/en\/wp-json\/wp\/v2\/product"}],"about":[{"href":"https:\/\/footballthrift.shop\/en\/wp-json\/wp\/v2\/types\/product"}],"wp:featuredmedia":[{"embeddable":true,"href":"https:\/\/footballthrift.shop\/en\/wp-json\/wp\/v2\/media\/117522"}],"wp:attachment":[{"href":"https:\/\/footballthrift.shop\/en\/wp-json\/wp\/v2\/media?parent=117294"}],"wp:term":[{"taxonomy":"product_brand","embeddable":true,"href":"https:\/\/footballthrift.shop\/en\/wp-json\/wp\/v2\/product_brand?post=117294"},{"taxonomy":"product_cat","embeddable":true,"href":"https:\/\/footballthrift.shop\/en\/wp-json\/wp\/v2\/product_cat?post=117294"},{"taxonomy":"product_tag","embeddable":true,"href":"https:\/\/footballthrift.shop\/en\/wp-json\/wp\/v2\/product_tag?post=117294"}],"curies":[{"name":"wp","href":"https:\/\/api.w.org\/{rel}","templated":true}]}}