{"id":117293,"date":"2026-02-01T17:47:54","date_gmt":"2026-02-01T16:47:54","guid":{"rendered":"https:\/\/footballthrift.shop\/?post_type=product&#038;p=117293"},"modified":"2026-03-09T11:24:22","modified_gmt":"2026-03-09T10:24:22","slug":"football-shirt-panathinaikos-fc-1999-00-home-xl","status":"publish","type":"product","link":"https:\/\/footballthrift.shop\/en\/koszulka-pilkarska-panathinaikos-fc-1999-00-home-xl\/","title":{"rendered":"Koszulka pi\u0142karska Panathinaikos FC 1999\/00 Home [XL]"},"content":{"rendered":"<p><strong>Team:<\/strong> Panathinaikos FC<\/p>\n<p><strong>Season:<\/strong> 1999\/00 Home<\/p>\n<p><strong>Size: <\/strong>XL<\/p>\n<p><strong>Condition:<\/strong> Excellent<\/p>\n<p><strong>Dimensions (underarm width\/length) in cm: <\/strong>66\/79<\/p>","protected":false},"excerpt":{"rendered":"<div class=\"flex flex-col text-sm pb-25\">\n<article class=\"text-token-text-primary w-full focus:outline-none [--shadow-height:45px] has-data-writing-block:pointer-events-none has-data-writing-block:-mt-(--shadow-height) has-data-writing-block:pt-(--shadow-height) [&amp;:has([data-writing-block])&gt;*]:pointer-events-auto scroll-mt-[calc(var(--header-height)+min(200px,max(70px,20svh)))]\" dir=\"auto\" tabindex=\"-1\" data-turn-id=\"request-696b71f3-b7f4-8325-bad2-3eeed2706e3a-2\" data-testid=\"conversation-turn-178\" data-scroll-anchor=\"true\" data-turn=\"assistant\">\n<div class=\"text-base my-auto mx-auto pb-10 [--thread-content-margin:--spacing(4)] @w-sm\/main:[--thread-content-margin:--spacing(6)] @w-lg\/main:[--thread-content-margin:--spacing(16)] px-(--thread-content-margin)\">\n<div class=\"[--thread-content-max-width:40rem] @w-lg\/main:[--thread-content-max-width:48rem] mx-auto max-w-(--thread-content-max-width) flex-1 group\/turn-messages focus-visible:outline-hidden relative flex w-full min-w-0 flex-col agent-turn\" tabindex=\"-1\">\n<div class=\"flex max-w-full flex-col grow\">\n<div class=\"min-h-8 text-message relative flex w-full flex-col items-end gap-2 text-start break-words whitespace-normal [.text-message+&amp;]:mt-1\" dir=\"auto\" data-message-author-role=\"assistant\" data-message-id=\"8e881020-266b-4d59-8f0e-debfc48ee57c\" data-message-model-slug=\"gpt-5-2\">\n<div class=\"flex w-full flex-col gap-1 empty:hidden first:pt-[1px]\">\n<div class=\"markdown prose dark:prose-invert w-full wrap-break-word light markdown-new-styling\">\n<p data-start=\"0\" data-end=\"93\"><strong data-start=\"0\" data-end=\"93\">Oryginalna domowa koszulka pi\u0142karska Panathinaikos FC z sezonu 1999\/00 produkcji Adidasa.\u00a0<\/strong><\/p>\n<p data-start=\"95\" data-end=\"517\">Domowy model <strong data-start=\"108\" data-end=\"149\"><span class=\"hover:entity-accent entity-underline inline cursor-pointer align-baseline\"><span class=\"whitespace-normal\">Panathinaikos FC<\/span><\/span><\/strong> z <strong data-start=\"152\" data-end=\"170\">sezonu 1999\/00<\/strong>, wyprodukowany przez <strong data-start=\"192\" data-end=\"233\"><span class=\"hover:entity-accent entity-underline inline cursor-pointer align-baseline\"><span class=\"whitespace-normal\">Adidasa<\/span><\/span><\/strong> w <strong data-start=\"236\" data-end=\"252\">rozmiarze XL<\/strong>, pochodzi z okresu, w kt\u00f3rym ate\u0144ski klub nale\u017ca\u0142 do \u015bcis\u0142ej czo\u0142\u00f3wki greckiej pi\u0142ki i regularnie rywalizowa\u0142 na arenie mi\u0119dzynarodowej. By\u0142 to czas ugruntowanej pozycji Panathinaikosu jako jednego z najbardziej rozpoznawalnych klub\u00f3w Europy Po\u0142udniowo-Wschodniej.<\/p>\n<p data-start=\"519\" data-end=\"1021\">Koszulka zosta\u0142a wyprodukowana na <strong data-start=\"553\" data-end=\"571\">zielonej bazie<\/strong>, b\u0119d\u0105cej znakiem rozpoznawczym <strong data-start=\"603\" data-end=\"623\">Panathinaikos FC<\/strong>. Przez \u015brodek frontu biegnie <strong data-start=\"653\" data-end=\"678\">poziomy granatowy pas<\/strong>, kt\u00f3ry nachodzi r\u00f3wnie\u017c na r\u0119kawy i stanowi g\u0142\u00f3wny element kompozycyjny projektu. Na pasie centralnie umieszczono nadruk sponsora <strong data-start=\"809\" data-end=\"820\">WinBank<\/strong>, wyra\u017anie kontrastuj\u0105cy z t\u0142em. Ca\u0142o\u015b\u0107 uzupe\u0142nia <strong data-start=\"870\" data-end=\"900\">bia\u0142y ko\u0142nierzyk typu polo<\/strong> oraz <strong data-start=\"906\" data-end=\"945\">bia\u0142e paski producenta na r\u0119kawkach<\/strong>, charakterystyczne dla klasycznych projekt\u00f3w <strong data-start=\"991\" data-end=\"1002\">Adidasa<\/strong> z prze\u0142omu wiek\u00f3w.<\/p>\n<p data-start=\"1023\" data-end=\"1345\"><strong data-start=\"1023\" data-end=\"1043\">Panathinaikos FC<\/strong> to jeden z najbardziej utytu\u0142owanych klub\u00f3w Grecji, wielokrotny mistrz kraju i sta\u0142y uczestnik europejskich puchar\u00f3w. Klub znany jest z silnej to\u017csamo\u015bci, licznej i oddanej bazy kibic\u00f3w oraz d\u0142ugiej tradycji wyst\u0119p\u00f3w na najwy\u017cszym poziomie, si\u0119gaj\u0105cej dekad rywalizacji z Olympiakosem i AEK-iem Ateny.<\/p>\n<p data-start=\"1347\" data-end=\"1835\">Szczeg\u00f3lne miejsce w historii <strong data-start=\"1377\" data-end=\"1395\">Panathinaikosu<\/strong> zajmuj\u0105 r\u00f3wnie\u017c polscy pi\u0142karze, kt\u00f3rzy reprezentowali klub na przestrzeni lat. Najbardziej rozpoznawalnym z nich jest <strong data-start=\"1515\" data-end=\"1556\"><span class=\"hover:entity-accent entity-underline inline cursor-pointer align-baseline\"><span class=\"whitespace-normal\">Krzysztof Warzycha<\/span><\/span><\/strong>, legenda zespo\u0142u i jeden z najlepszych strzelc\u00f3w w historii klubu, kt\u00f3ry przez wiele sezon\u00f3w by\u0142 symbolem ofensywnej si\u0142y \u201eKoniczynek\u201d. W p\u00f3\u017aniejszych latach barwy klubu reprezentowali tak\u017ce inni Polacy, podtrzymuj\u0105c wyj\u0105tkowe wi\u0119zi mi\u0119dzy <strong data-start=\"1797\" data-end=\"1819\">Panathinaikosem FC<\/strong> a polsk\u0105 pi\u0142k\u0105.<\/p>\n<p data-start=\"1837\" data-end=\"2033\">Koszulka zosta\u0142a wykonana z <strong data-start=\"1865\" data-end=\"1902\">lekkiego i przewiewnego materia\u0142u<\/strong>, a <strong data-start=\"1906\" data-end=\"1922\">szeroki kr\u00f3j<\/strong> w <strong data-start=\"1925\" data-end=\"1941\">rozmiarze XL<\/strong> oferuje klasyczne, komfortowe dopasowanie zgodne ze standardami <strong data-start=\"2006\" data-end=\"2017\">Adidasa<\/strong> z ko\u0144ca lat 90.<\/p>\n<p data-start=\"2035\" data-end=\"2273\" data-is-last-node=\"\" data-is-only-node=\"\">To propozycja dla kolekcjoner\u00f3w oraz kibic\u00f3w poszukuj\u0105cych oryginalnej <strong data-start=\"2106\" data-end=\"2172\">domowej koszulki pi\u0142karskiej Panathinaikos FC z sezonu 1999\/00<\/strong>, stanowi\u0105cej czytelny zapis z\u0142otego okresu klubu oraz historycznych zwi\u0105zk\u00f3w z polskimi zawodnikami.<\/p>\n<\/div>\n<\/div>\n<\/div>\n<\/div>\n<\/div>\n<\/div>\n<\/article>\n<\/div>\n","protected":false},"featured_media":117514,"template":"","meta":{"_kad_blocks_custom_css":"","_kad_blocks_head_custom_js":"","_kad_blocks_body_custom_js":"","_kad_blocks_footer_custom_js":"","_kad_post_transparent":"default","_kad_post_title":"","_kad_post_layout":"default","_kad_post_sidebar_id":"","_kad_post_content_style":"default","_kad_post_vertical_padding":"default","_kad_post_feature":"","_kad_post_feature_position":"","_kad_post_header":false,"_kad_post_footer":false,"_kad_post_classname":""},"product_brand":[1283],"product_cat":[15,1469],"product_tag":[],"class_list":{"0":"post-117293","1":"product","2":"type-product","3":"status-publish","4":"has-post-thumbnail","6":"product_brand-adidas","7":"product_cat-bez-kategorii","8":"product_cat-kluby-europejskie-grecja","9":"pa_homeawaythird-home","10":"pa_rozmiar-xl","12":"first","13":"instock","14":"taxable","15":"shipping-taxable","16":"purchasable","17":"product-type-simple","18":"entry","19":"content-bg","20":"loop-entry"},"taxonomy_info":{"product_brand":[{"value":1283,"label":"Adidas"}],"product_cat":[{"value":15,"label":"Bez kategorii"},{"value":1469,"label":"Grecja"}],"pa_homeawaythird":[{"value":1597,"label":"Home"}],"pa_rozmiar":[{"value":1818,"label":"XL"}]},"featured_image_src_large":["https:\/\/footballthrift.shop\/wp-content\/uploads\/2026\/01\/Photoroom_20260129_111918-1024x1024.jpg",1024,1024,true],"author_info":[],"comment_info":"","_links":{"self":[{"href":"https:\/\/footballthrift.shop\/en\/wp-json\/wp\/v2\/product\/117293","targetHints":{"allow":["GET"]}}],"collection":[{"href":"https:\/\/footballthrift.shop\/en\/wp-json\/wp\/v2\/product"}],"about":[{"href":"https:\/\/footballthrift.shop\/en\/wp-json\/wp\/v2\/types\/product"}],"wp:featuredmedia":[{"embeddable":true,"href":"https:\/\/footballthrift.shop\/en\/wp-json\/wp\/v2\/media\/117514"}],"wp:attachment":[{"href":"https:\/\/footballthrift.shop\/en\/wp-json\/wp\/v2\/media?parent=117293"}],"wp:term":[{"taxonomy":"product_brand","embeddable":true,"href":"https:\/\/footballthrift.shop\/en\/wp-json\/wp\/v2\/product_brand?post=117293"},{"taxonomy":"product_cat","embeddable":true,"href":"https:\/\/footballthrift.shop\/en\/wp-json\/wp\/v2\/product_cat?post=117293"},{"taxonomy":"product_tag","embeddable":true,"href":"https:\/\/footballthrift.shop\/en\/wp-json\/wp\/v2\/product_tag?post=117293"}],"curies":[{"name":"wp","href":"https:\/\/api.w.org\/{rel}","templated":true}]}}