{"id":116953,"date":"2026-01-25T17:53:58","date_gmt":"2026-01-25T16:53:58","guid":{"rendered":"https:\/\/footballthrift.shop\/?post_type=product&#038;p=116953"},"modified":"2026-03-09T11:24:27","modified_gmt":"2026-03-09T10:24:27","slug":"newcastle-united-fc-2021-22-home-4xl-football-shirt","status":"publish","type":"product","link":"https:\/\/footballthrift.shop\/en\/koszulka-pilkarska-newcastle-united-fc-2021-22-home-4xl\/","title":{"rendered":"Koszulka pi\u0142karska Newcastle United FC 2021\/22 Home [4XL]"},"content":{"rendered":"<p><strong>Team:<\/strong> Newcastle United FC<\/p>\n<p><strong>Season:<\/strong> 2021\/22 Home<\/p>\n<p><strong>Size: <\/strong>4XL<\/p>\n<p><strong>Condition:<\/strong> Excellent<\/p>\n<p><strong>Dimensions (underarm width\/length) in cm: <\/strong>66\/78<\/p>","protected":false},"excerpt":{"rendered":"<div class=\"flex flex-col text-sm pb-25\">\n<article class=\"text-token-text-primary w-full focus:outline-none [--shadow-height:45px] has-data-writing-block:pointer-events-none has-data-writing-block:-mt-(--shadow-height) has-data-writing-block:pt-(--shadow-height) [&amp;:has([data-writing-block])&gt;*]:pointer-events-auto scroll-mt-[calc(var(--header-height)+min(200px,max(70px,20svh)))]\" dir=\"auto\" tabindex=\"-1\" data-turn-id=\"28b13ce5-266c-440f-ba00-3ea65a2db396\" data-testid=\"conversation-turn-124\" data-scroll-anchor=\"true\" data-turn=\"assistant\">\n<div class=\"text-base my-auto mx-auto pb-10 [--thread-content-margin:--spacing(4)] @w-sm\/main:[--thread-content-margin:--spacing(6)] @w-lg\/main:[--thread-content-margin:--spacing(16)] px-(--thread-content-margin)\">\n<div class=\"[--thread-content-max-width:40rem] @w-lg\/main:[--thread-content-max-width:48rem] mx-auto max-w-(--thread-content-max-width) flex-1 group\/turn-messages focus-visible:outline-hidden relative flex w-full min-w-0 flex-col agent-turn\" tabindex=\"-1\">\n<div class=\"flex max-w-full flex-col grow\">\n<div class=\"min-h-8 text-message relative flex w-full flex-col items-end gap-2 text-start break-words whitespace-normal [.text-message+&amp;]:mt-1\" dir=\"auto\" data-message-author-role=\"assistant\" data-message-id=\"ae08af8b-b3ce-4fe4-84bb-ddbb1d4f8b7e\" data-message-model-slug=\"gpt-5-2\">\n<div class=\"flex w-full flex-col gap-1 empty:hidden first:pt-[1px]\">\n<div class=\"markdown prose dark:prose-invert w-full wrap-break-word light markdown-new-styling\">\n<p data-start=\"0\" data-end=\"96\"><strong data-start=\"0\" data-end=\"96\">Oryginalna domowa koszulka pi\u0142karska Newcastle United FC z sezonu 2021\/22 produkcji Castore.\u00a0<\/strong><\/p>\n<p data-start=\"98\" data-end=\"480\">Domowy model <strong data-start=\"111\" data-end=\"152\"><span class=\"hover:entity-accent entity-underline inline cursor-pointer align-baseline\"><span class=\"whitespace-normal\">Newcastle United FC<\/span><\/span><\/strong> z <strong data-start=\"155\" data-end=\"173\">sezonu 2021\/22<\/strong>, wyprodukowany przez <strong data-start=\"195\" data-end=\"236\"><span class=\"hover:entity-accent entity-underline inline cursor-pointer align-baseline\"><span class=\"whitespace-normal\">Castore<\/span><\/span><\/strong> w <strong data-start=\"239\" data-end=\"256\">rozmiarze 4XL<\/strong>, pochodzi z jednego z najbardziej prze\u0142omowych sezon\u00f3w w nowoczesnej historii klubu ze St James\u2019 Park. By\u0142 to okres g\u0142\u0119bokiej transformacji sportowej i organizacyjnej, kt\u00f3ry zapocz\u0105tkowa\u0142 nowy rozdzia\u0142 w dziejach Newcastle.<\/p>\n<p data-start=\"482\" data-end=\"888\">Koszulka zosta\u0142a wyprodukowana w klasycznym <strong data-start=\"526\" data-end=\"560\">bia\u0142o-czarnym pionowym pasiaku<\/strong>, od dekad buduj\u0105cym to\u017csamo\u015b\u0107 <strong data-start=\"591\" data-end=\"614\">Newcastle United FC<\/strong>. Projekt uzupe\u0142nia <strong data-start=\"634\" data-end=\"665\">ko\u0142nierz zapinany na guziki<\/strong>, nadaj\u0105cy ca\u0142o\u015bci bardziej tradycyjny, elegancki charakter. Na froncie centralnie umieszczono nadruk sponsora <strong data-start=\"776\" data-end=\"785\">Fun88<\/strong>, kontrastuj\u0105cy z pasami i jednoznacznie identyfikuj\u0105cy model z tym konkretnym sezonem ligowym.<\/p>\n<p data-start=\"890\" data-end=\"1233\"><strong data-start=\"890\" data-end=\"907\">Sezon 2021\/22<\/strong> by\u0142 dla <strong data-start=\"916\" data-end=\"939\">Newcastle United FC<\/strong> momentem zwrotnym, rozpocz\u0119tym od trudnej walki o utrzymanie, a zako\u0144czonym stabilizacj\u0105 formy po zmianach w\u0142a\u015bcicielskich i trenerskich. Dru\u017cyna pod wodz\u0105 Eddie\u2019ego Howe\u2019a zanotowa\u0142a wyra\u017an\u0105 popraw\u0119 wynik\u00f3w w drugiej cz\u0119\u015bci rozgrywek, ko\u0144cz\u0105c sezon bezpiecznie w \u015brodku tabeli Premier League.<\/p>\n<p data-start=\"1235\" data-end=\"1647\">W tamtej kampanii barwy <strong data-start=\"1259\" data-end=\"1282\">Newcastle United FC<\/strong> reprezentowali zawodnicy, kt\u00f3rzy odegrali kluczowe role w procesie odbudowy zespo\u0142u, m.in. <strong data-start=\"1374\" data-end=\"1415\"><span class=\"hover:entity-accent entity-underline inline cursor-pointer align-baseline\"><span class=\"whitespace-normal\">Callum Wilson<\/span><\/span><\/strong>, <strong data-start=\"1417\" data-end=\"1458\"><span class=\"hover:entity-accent entity-underline inline cursor-pointer align-baseline\"><span class=\"whitespace-normal\">Allan Saint-Maximin<\/span><\/span><\/strong>, <strong data-start=\"1460\" data-end=\"1501\"><span class=\"hover:entity-accent entity-underline inline cursor-pointer align-baseline\"><span class=\"whitespace-normal\">Kieran Trippier<\/span><\/span><\/strong>, <strong data-start=\"1503\" data-end=\"1544\"><span class=\"hover:entity-accent entity-underline inline cursor-pointer align-baseline\"><span class=\"whitespace-normal\">Bruno Guimar\u00e3es<\/span><\/span><\/strong> oraz <strong data-start=\"1550\" data-end=\"1591\"><span class=\"hover:entity-accent entity-underline inline cursor-pointer align-baseline\"><span class=\"whitespace-normal\">Jonjo Shelvey<\/span><\/span><\/strong>, tworz\u0105c fundament pod przysz\u0142e sportowe ambicje klubu.<\/p>\n<p data-start=\"1649\" data-end=\"1818\">Koszulka zosta\u0142a wykonana z <strong data-start=\"1677\" data-end=\"1714\">lekkiego i przewiewnego materia\u0142u<\/strong>, a <strong data-start=\"1718\" data-end=\"1734\">szeroki kr\u00f3j<\/strong> w <strong data-start=\"1737\" data-end=\"1754\">rozmiarze 4XL<\/strong> oferuje swobodne dopasowanie zgodne ze standardami <strong data-start=\"1806\" data-end=\"1817\">Castore<\/strong>.<\/p>\n<p data-start=\"1820\" data-end=\"2043\" data-is-last-node=\"\" data-is-only-node=\"\">To propozycja dla kolekcjoner\u00f3w oraz kibic\u00f3w poszukuj\u0105cych oryginalnej <strong data-start=\"1891\" data-end=\"1960\">domowej koszulki pi\u0142karskiej Newcastle United FC z sezonu 2021\/22<\/strong>, stanowi\u0105cej czytelny zapis sezonu prze\u0142omu i pocz\u0105tku nowej ery w historii klubu.<\/p>\n<\/div>\n<\/div>\n<\/div>\n<\/div>\n<\/div>\n<\/div>\n<\/article>\n<\/div>\n","protected":false},"featured_media":117197,"template":"","meta":{"_kad_blocks_custom_css":"","_kad_blocks_head_custom_js":"","_kad_blocks_body_custom_js":"","_kad_blocks_footer_custom_js":"","_kad_post_transparent":"default","_kad_post_title":"","_kad_post_layout":"default","_kad_post_sidebar_id":"","_kad_post_content_style":"default","_kad_post_vertical_padding":"default","_kad_post_feature":"","_kad_post_feature_position":"","_kad_post_header":false,"_kad_post_footer":false,"_kad_post_classname":""},"product_brand":[1384],"product_cat":[15,2031],"product_tag":[],"class_list":{"0":"post-116953","1":"product","2":"type-product","3":"status-publish","4":"has-post-thumbnail","6":"product_brand-castore","7":"product_cat-bez-kategorii","8":"product_cat-newcastle-united-fc","9":"pa_homeawaythird-home","10":"pa_rozmiar-4xl","12":"first","13":"instock","14":"taxable","15":"shipping-taxable","16":"purchasable","17":"product-type-simple","18":"entry","19":"content-bg","20":"loop-entry"},"taxonomy_info":{"product_brand":[{"value":1384,"label":"Castore"}],"product_cat":[{"value":15,"label":"Bez kategorii"},{"value":2031,"label":"Newcastle United FC"}],"pa_homeawaythird":[{"value":1597,"label":"Home"}],"pa_rozmiar":[{"value":1972,"label":"4XL"}]},"featured_image_src_large":["https:\/\/footballthrift.shop\/wp-content\/uploads\/2026\/01\/Photoroom_052_20260121_162320-1024x1024.png",1024,1024,true],"author_info":[],"comment_info":"","_links":{"self":[{"href":"https:\/\/footballthrift.shop\/en\/wp-json\/wp\/v2\/product\/116953","targetHints":{"allow":["GET"]}}],"collection":[{"href":"https:\/\/footballthrift.shop\/en\/wp-json\/wp\/v2\/product"}],"about":[{"href":"https:\/\/footballthrift.shop\/en\/wp-json\/wp\/v2\/types\/product"}],"wp:featuredmedia":[{"embeddable":true,"href":"https:\/\/footballthrift.shop\/en\/wp-json\/wp\/v2\/media\/117197"}],"wp:attachment":[{"href":"https:\/\/footballthrift.shop\/en\/wp-json\/wp\/v2\/media?parent=116953"}],"wp:term":[{"taxonomy":"product_brand","embeddable":true,"href":"https:\/\/footballthrift.shop\/en\/wp-json\/wp\/v2\/product_brand?post=116953"},{"taxonomy":"product_cat","embeddable":true,"href":"https:\/\/footballthrift.shop\/en\/wp-json\/wp\/v2\/product_cat?post=116953"},{"taxonomy":"product_tag","embeddable":true,"href":"https:\/\/footballthrift.shop\/en\/wp-json\/wp\/v2\/product_tag?post=116953"}],"curies":[{"name":"wp","href":"https:\/\/api.w.org\/{rel}","templated":true}]}}