{"id":116940,"date":"2026-01-25T17:54:05","date_gmt":"2026-01-25T16:54:05","guid":{"rendered":"https:\/\/footballthrift.shop\/?post_type=product&#038;p=116940"},"modified":"2026-03-09T11:24:25","modified_gmt":"2026-03-09T10:24:25","slug":"basketball-jersey-dallas-mavericks-away-41-nowitzki-xxl","status":"publish","type":"product","link":"https:\/\/footballthrift.shop\/en\/koszulka-koszykarska-dallas-mavericks-away-41-nowitzki-xxl\/","title":{"rendered":"Koszulka koszykarska Dallas Mavericks Away 41 Nowitzki [XXL]"},"content":{"rendered":"<p><strong>Team:<\/strong> Dallas Mavericks<\/p>\n<p><strong>Season:<\/strong> Away<\/p>\n<p><strong>Size: <\/strong>XXL<\/p>\n<p><strong>Condition:<\/strong> Very good - insignificant number of micro stitches.<\/p>\n<p><strong>Dimensions (underarm width\/length) in cm: <\/strong>59\/82<\/p>","protected":false},"excerpt":{"rendered":"<div class=\"flex flex-col text-sm pb-25\">\n<article class=\"text-token-text-primary w-full focus:outline-none [--shadow-height:45px] has-data-writing-block:pointer-events-none has-data-writing-block:-mt-(--shadow-height) has-data-writing-block:pt-(--shadow-height) [&amp;:has([data-writing-block])&gt;*]:pointer-events-auto scroll-mt-[calc(var(--header-height)+min(200px,max(70px,20svh)))]\" dir=\"auto\" tabindex=\"-1\" data-turn-id=\"50bac95f-8889-4159-b411-b68b87c443e1\" data-testid=\"conversation-turn-94\" data-scroll-anchor=\"true\" data-turn=\"assistant\">\n<div class=\"text-base my-auto mx-auto pb-10 [--thread-content-margin:--spacing(4)] @w-sm\/main:[--thread-content-margin:--spacing(6)] @w-lg\/main:[--thread-content-margin:--spacing(16)] px-(--thread-content-margin)\">\n<div class=\"[--thread-content-max-width:40rem] @w-lg\/main:[--thread-content-max-width:48rem] mx-auto max-w-(--thread-content-max-width) flex-1 group\/turn-messages focus-visible:outline-hidden relative flex w-full min-w-0 flex-col agent-turn\" tabindex=\"-1\">\n<div class=\"flex max-w-full flex-col grow\">\n<div class=\"min-h-8 text-message relative flex w-full flex-col items-end gap-2 text-start break-words whitespace-normal [.text-message+&amp;]:mt-1\" dir=\"auto\" data-message-author-role=\"assistant\" data-message-id=\"a23e1f7e-0673-4d9b-b8b0-7f924c4ed339\" data-message-model-slug=\"gpt-5-2\">\n<div class=\"flex w-full flex-col gap-1 empty:hidden first:pt-[1px]\">\n<div class=\"markdown prose dark:prose-invert w-full wrap-break-word light markdown-new-styling\">\n<p data-start=\"0\" data-end=\"80\"><strong data-start=\"0\" data-end=\"80\">Oryginalna wyjazdowa koszykarska koszulka Dallas Mavericks produkcji Championa.\u00a0<\/strong><\/p>\n<p data-start=\"82\" data-end=\"473\">Wyjazdowy model <strong data-start=\"95\" data-end=\"136\"><span class=\"hover:entity-accent entity-underline inline cursor-pointer align-baseline\"><span class=\"whitespace-normal\">Dallas Mavericks<\/span><\/span><\/strong>, wyprodukowany przez <strong data-start=\"158\" data-end=\"199\"><span class=\"hover:entity-accent entity-underline inline cursor-pointer align-baseline\"><span class=\"whitespace-normal\">Championa<\/span><\/span><\/strong> w <strong data-start=\"202\" data-end=\"219\">rozmiarze XXL<\/strong>, stanowi europejsk\u0105 replik\u0119 inspirowan\u0105 koszulkami u\u017cywanymi przez klub w <strong data-start=\"294\" data-end=\"308\">latach 90.<\/strong> To okres, w kt\u00f3rym Mavericks rozpoczynali budow\u0119 zespo\u0142u wok\u00f3\u0142 m\u0142odego niemieckiego skrzyd\u0142owego, kt\u00f3ry w kolejnych latach sta\u0142 si\u0119 absolutnym symbolem organizacji.<\/p>\n<p data-start=\"475\" data-end=\"844\">Koszulka zosta\u0142a wyprodukowana w <strong data-start=\"508\" data-end=\"536\">ciemnogranatowym kolorze<\/strong>, uzupe\u0142nionym <strong data-start=\"551\" data-end=\"580\">niebieskimi wyko\u0144czeniami<\/strong>, charakterystycznymi dla \u00f3wczesnej wyjazdowej identyfikacji wizualnej <strong data-start=\"640\" data-end=\"660\">Dallas Mavericks<\/strong>. Klasyczna konstrukcja bez r\u0119kaw\u00f3w oraz stonowana kolorystyka oddaj\u0105 estetyk\u0119 koszykarskich jersey\u00f3w ko\u0144ca XX wieku, jednoznacznie kojarzonych z pocz\u0105tkiem nowej ery w historii klubu.<\/p>\n<p data-start=\"846\" data-end=\"1223\">Na plecach znajduje si\u0119 oryginalny nadruk <strong data-start=\"888\" data-end=\"929\"><span class=\"hover:entity-accent entity-underline inline cursor-pointer align-baseline\"><span class=\"whitespace-normal\">Dirka Nowitzkiego<\/span><\/span><\/strong>, zawodnika, kt\u00f3ry reprezentowa\u0142 <strong data-start=\"962\" data-end=\"982\">Dallas Mavericks<\/strong> nieprzerwanie w latach <strong data-start=\"1006\" data-end=\"1019\">1998\u20132019<\/strong> i sta\u0142 si\u0119 najwi\u0119ksz\u0105 legend\u0105 w dziejach zespo\u0142u. Niemiec zrewolucjonizowa\u0142 gr\u0119 na pozycji silnego skrzyd\u0142owego, \u0142\u0105cz\u0105c wzrost z rzutem z dystansu i technik\u0105 niespotykan\u0105 wcze\u015bniej u wysokich zawodnik\u00f3w.<\/p>\n<p data-start=\"1225\" data-end=\"1633\">Okres gry <strong data-start=\"1235\" data-end=\"1256\">Dirka Nowitzkiego<\/strong> w <strong data-start=\"1259\" data-end=\"1279\">Dallas Mavericks<\/strong> to czas najwi\u0119kszych sukces\u00f3w klubu, zwie\u0144czony <strong data-start=\"1328\" data-end=\"1360\">mistrzostwem NBA w 2011 roku<\/strong> oraz tytu\u0142em <strong data-start=\"1374\" data-end=\"1389\">MVP fina\u0142\u00f3w<\/strong> dla samego zawodnika. Wcze\u015bniej prowadzi\u0142 on dru\u017cyn\u0119 do regularnej gry w fazie play-off, zdoby\u0142 tak\u017ce <strong data-start=\"1492\" data-end=\"1531\">MVP sezonu zasadniczego w 2007 roku<\/strong>, buduj\u0105c reputacj\u0119 Mavericks jako jednej z najbardziej stabilnych i rozpoznawalnych organizacji ligi.<\/p>\n<p data-start=\"1635\" data-end=\"1837\">Koszulka zosta\u0142a wykonana z <strong data-start=\"1663\" data-end=\"1700\">lekkiego i przewiewnego materia\u0142u<\/strong>, a <strong data-start=\"1704\" data-end=\"1718\">lu\u017any kr\u00f3j<\/strong> w <strong data-start=\"1721\" data-end=\"1738\">rozmiarze XXL<\/strong> oferuje swobodne dopasowanie zgodne ze standardami <strong data-start=\"1790\" data-end=\"1803\">Championa<\/strong> dla europejskich replik z lat 90.<\/p>\n<p data-start=\"1839\" data-end=\"2114\" data-is-last-node=\"\" data-is-only-node=\"\">To propozycja dla kolekcjoner\u00f3w oraz fan\u00f3w NBA poszukuj\u0105cych oryginalnej <strong>wyjazdowej\u00a0koszykarskiej koszulki Dallas Mavericks<\/strong> z nadrukiem <strong data-start=\"1976\" data-end=\"1997\">Dirka Nowitzkiego<\/strong>, stanowi\u0105cej czytelny zapis pocz\u0105tk\u00f3w i najwi\u0119kszych triumf\u00f3w jednej z najbardziej lojalnych karier w historii ligi.<\/p>\n<\/div>\n<\/div>\n<\/div>\n<\/div>\n<\/div>\n<\/div>\n<\/article>\n<\/div>\n","protected":false},"featured_media":117076,"template":"","meta":{"_kad_blocks_custom_css":"","_kad_blocks_head_custom_js":"","_kad_blocks_body_custom_js":"","_kad_blocks_footer_custom_js":"","_kad_post_transparent":"default","_kad_post_title":"","_kad_post_layout":"default","_kad_post_sidebar_id":"","_kad_post_content_style":"default","_kad_post_vertical_padding":"default","_kad_post_feature":"","_kad_post_feature_position":"","_kad_post_header":false,"_kad_post_footer":false,"_kad_post_classname":""},"product_brand":[1302],"product_cat":[15,1954],"product_tag":[],"class_list":{"0":"post-116940","1":"product","2":"type-product","3":"status-publish","4":"has-post-thumbnail","6":"product_brand-champion","7":"product_cat-bez-kategorii","8":"product_cat-koszykowka","9":"pa_homeawaythird-home","10":"pa_rozmiar-xxl","12":"first","13":"instock","14":"taxable","15":"shipping-taxable","16":"purchasable","17":"product-type-simple","18":"entry","19":"content-bg","20":"loop-entry"},"taxonomy_info":{"product_brand":[{"value":1302,"label":"Champion"}],"product_cat":[{"value":15,"label":"Bez kategorii"},{"value":1954,"label":"Koszyk\u00f3wka"}],"pa_homeawaythird":[{"value":1597,"label":"Home"}],"pa_rozmiar":[{"value":1819,"label":"XXL"}]},"featured_image_src_large":["https:\/\/footballthrift.shop\/wp-content\/uploads\/2026\/01\/Photoroom_045_20260121_162320-1024x1024.png",1024,1024,true],"author_info":[],"comment_info":"","_links":{"self":[{"href":"https:\/\/footballthrift.shop\/en\/wp-json\/wp\/v2\/product\/116940","targetHints":{"allow":["GET"]}}],"collection":[{"href":"https:\/\/footballthrift.shop\/en\/wp-json\/wp\/v2\/product"}],"about":[{"href":"https:\/\/footballthrift.shop\/en\/wp-json\/wp\/v2\/types\/product"}],"wp:featuredmedia":[{"embeddable":true,"href":"https:\/\/footballthrift.shop\/en\/wp-json\/wp\/v2\/media\/117076"}],"wp:attachment":[{"href":"https:\/\/footballthrift.shop\/en\/wp-json\/wp\/v2\/media?parent=116940"}],"wp:term":[{"taxonomy":"product_brand","embeddable":true,"href":"https:\/\/footballthrift.shop\/en\/wp-json\/wp\/v2\/product_brand?post=116940"},{"taxonomy":"product_cat","embeddable":true,"href":"https:\/\/footballthrift.shop\/en\/wp-json\/wp\/v2\/product_cat?post=116940"},{"taxonomy":"product_tag","embeddable":true,"href":"https:\/\/footballthrift.shop\/en\/wp-json\/wp\/v2\/product_tag?post=116940"}],"curies":[{"name":"wp","href":"https:\/\/api.w.org\/{rel}","templated":true}]}}