{"id":116935,"date":"2026-01-25T17:54:07","date_gmt":"2026-01-25T16:54:07","guid":{"rendered":"https:\/\/footballthrift.shop\/?post_type=product&#038;p=116935"},"modified":"2026-03-09T11:24:24","modified_gmt":"2026-03-09T10:24:24","slug":"afc-ajax-1996-97-home-football-shirt-158-cm","status":"publish","type":"product","link":"https:\/\/footballthrift.shop\/en\/koszulka-pilkarska-afc-ajax-1996-97-home-158-cm\/","title":{"rendered":"Koszulka pi\u0142karska AFC Ajax 1996\/97 Home [158 cm]"},"content":{"rendered":"<p><strong>Team:<\/strong> AFC Ajax<\/p>\n<p><strong>Season:<\/strong> 1996\/97 Home<\/p>\n<p><strong>Size: <\/strong>158 cm<\/p>\n<p><strong>Condition:<\/strong> Excellent<\/p>\n<p><strong>Dimensions (underarm width\/length) in cm: <\/strong>44\/63<\/p>","protected":false},"excerpt":{"rendered":"<div class=\"flex flex-col text-sm pb-25\">\n<article class=\"text-token-text-primary w-full focus:outline-none [--shadow-height:45px] has-data-writing-block:pointer-events-none has-data-writing-block:-mt-(--shadow-height) has-data-writing-block:pt-(--shadow-height) [&amp;:has([data-writing-block])&gt;*]:pointer-events-auto scroll-mt-[calc(var(--header-height)+min(200px,max(70px,20svh)))]\" dir=\"auto\" tabindex=\"-1\" data-turn-id=\"37527e67-bc2a-42c9-82a9-3b5ccca1c96b\" data-testid=\"conversation-turn-84\" data-scroll-anchor=\"true\" data-turn=\"assistant\">\n<div class=\"text-base my-auto mx-auto pb-10 [--thread-content-margin:--spacing(4)] @w-sm\/main:[--thread-content-margin:--spacing(6)] @w-lg\/main:[--thread-content-margin:--spacing(16)] px-(--thread-content-margin)\">\n<div class=\"[--thread-content-max-width:40rem] @w-lg\/main:[--thread-content-max-width:48rem] mx-auto max-w-(--thread-content-max-width) flex-1 group\/turn-messages focus-visible:outline-hidden relative flex w-full min-w-0 flex-col agent-turn\" tabindex=\"-1\">\n<div class=\"flex max-w-full flex-col grow\">\n<div class=\"min-h-8 text-message relative flex w-full flex-col items-end gap-2 text-start break-words whitespace-normal [.text-message+&amp;]:mt-1\" dir=\"auto\" data-message-author-role=\"assistant\" data-message-id=\"cce312df-5898-4cf8-8a47-e74c9df3f545\" data-message-model-slug=\"gpt-5-2\">\n<div class=\"flex w-full flex-col gap-1 empty:hidden first:pt-[1px]\">\n<div class=\"markdown prose dark:prose-invert w-full wrap-break-word light markdown-new-styling\">\n<p data-start=\"0\" data-end=\"83\"><strong data-start=\"0\" data-end=\"83\">Oryginalna domowa koszulka pi\u0142karska AFC Ajax z sezonu 1996\/97 produkcji Umbro.\u00a0<\/strong><\/p>\n<p data-start=\"85\" data-end=\"546\">Domowy model <strong data-start=\"98\" data-end=\"139\"><span class=\"hover:entity-accent entity-underline inline cursor-pointer align-baseline\"><span class=\"whitespace-normal\">AFC Ajax<\/span><\/span><\/strong> z <strong data-start=\"142\" data-end=\"160\">sezonu 1996\/97<\/strong>, wyprodukowany przez <strong data-start=\"182\" data-end=\"223\"><span class=\"hover:entity-accent entity-underline inline cursor-pointer align-baseline\"><span class=\"whitespace-normal\">Umbro<\/span><\/span><\/strong> w <strong data-start=\"226\" data-end=\"269\">rozmiarze m\u0142odzie\u017cowym na wzrost 158 cm<\/strong>, pochodzi z okresu, w kt\u00f3rym klub z Amsterdamu pozostawa\u0142 jednym z najwa\u017cniejszych w europejskim futbolu. By\u0142 to czas odbudowy krajowej dominacji po finale Ligi Mistrz\u00f3w w 1996 roku i kontynuacji filozofii opartej na wychowankach oraz ofensywnym stylu gry.<\/p>\n<p data-start=\"548\" data-end=\"1199\">Koszulka zosta\u0142a wyprodukowana w charakterystycznym uk\u0142adzie <strong data-start=\"609\" data-end=\"658\">jednego, szerokiego czerwonego pasa pionowego<\/strong>, zajmuj\u0105cego centraln\u0105 cz\u0119\u015b\u0107 frontu i stanowi\u0105cego znak rozpoznawczy domowych stroj\u00f3w <strong data-start=\"745\" data-end=\"757\">AFC Ajax<\/strong>. <strong data-start=\"759\" data-end=\"783\">Bia\u0142e boki i r\u0119kawki<\/strong> wzmacniaj\u0105 kontrast projektu, a ca\u0142o\u015b\u0107 uzupe\u0142nia <strong data-start=\"833\" data-end=\"888\">ko\u0142nierzyk typu polo w cienkie czerwono-bia\u0142e paski<\/strong>, nadaj\u0105cy koszulce elegancki, retro charakter. Na froncie widoczne s\u0105: <strong data-start=\"960\" data-end=\"974\">logo Umbro<\/strong>, <strong data-start=\"976\" data-end=\"993\">herb AFC Ajax<\/strong> umieszczony centralnie oraz <strong data-start=\"1022\" data-end=\"1058\">pionowy nadruk sponsora ABN AMRO<\/strong>, poprowadzony wzd\u0142u\u017c czerwonego pasa; dodatkowym detalem jest <strong data-start=\"1121\" data-end=\"1147\">sublimowany herb klubu<\/strong>, delikatnie widoczny ton w ton na czerwonym panelu.<\/p>\n<p data-start=\"1201\" data-end=\"1784\"><strong data-start=\"1201\" data-end=\"1218\">Sezon 1996\/97<\/strong> by\u0142 dla <strong data-start=\"1227\" data-end=\"1239\">AFC Ajax<\/strong> kontynuacj\u0105 z\u0142otej ery zapocz\u0105tkowanej triumfem w Lidze Mistrz\u00f3w w 1995 roku i kolejnym fina\u0142em tych rozgrywek rok p\u00f3\u017aniej. W kadrze znajdowali si\u0119 w\u00f3wczas zawodnicy o europejskiej renomie, tacy jak <strong data-start=\"1439\" data-end=\"1480\"><span class=\"hover:entity-accent entity-underline inline cursor-pointer align-baseline\"><span class=\"whitespace-normal\">Edwin van der Sar<\/span><\/span><\/strong>, <strong data-start=\"1482\" data-end=\"1523\"><span class=\"hover:entity-accent entity-underline inline cursor-pointer align-baseline\"><span class=\"whitespace-normal\">Danny Blind<\/span><\/span><\/strong>, <strong data-start=\"1525\" data-end=\"1566\"><span class=\"hover:entity-accent entity-underline inline cursor-pointer align-baseline\"><span class=\"whitespace-normal\">Frank de Boer<\/span><\/span><\/strong>, <strong data-start=\"1568\" data-end=\"1609\" data-is-only-node=\"\"><span class=\"hover:entity-accent entity-underline inline cursor-pointer align-baseline\"><span class=\"whitespace-normal\">Ronald de Boer<\/span><\/span><\/strong>, <strong data-start=\"1611\" data-end=\"1652\"><span class=\"hover:entity-accent entity-underline inline cursor-pointer align-baseline\"><span class=\"whitespace-normal\">Edgar Davids<\/span><\/span><\/strong> czy <strong data-start=\"1657\" data-end=\"1698\"><span class=\"hover:entity-accent entity-underline inline cursor-pointer align-baseline\"><span class=\"whitespace-normal\">Marc Overmars<\/span><\/span><\/strong>, a wa\u017cn\u0105 rol\u0119 w ofensywie odgrywa\u0142 r\u00f3wnie\u017c <strong data-start=\"1742\" data-end=\"1783\"><span class=\"hover:entity-accent entity-underline inline cursor-pointer align-baseline\"><span class=\"whitespace-normal\">Nwankwo Kanu<\/span><\/span><\/strong>.<\/p>\n<p data-start=\"1786\" data-end=\"1974\">Koszulka zosta\u0142a wykonana z <strong data-start=\"1814\" data-end=\"1851\">lekkiego i przewiewnego materia\u0142u<\/strong>, a kr\u00f3j w <strong data-start=\"1862\" data-end=\"1895\">rozmiarze m\u0142odzie\u017cowym 158 cm<\/strong> oferuje klasyczne dopasowanie zgodne ze standardami <strong data-start=\"1948\" data-end=\"1957\">Umbro<\/strong> z po\u0142owy lat 90.<\/p>\n<p data-start=\"1976\" data-end=\"2216\" data-is-last-node=\"\" data-is-only-node=\"\">To propozycja dla kolekcjoner\u00f3w oraz m\u0142odszych kibic\u00f3w poszukuj\u0105cych oryginalnej <strong data-start=\"2057\" data-end=\"2115\">domowej koszulki pi\u0142karskiej AFC Ajax z sezonu 1996\/97<\/strong>, stanowi\u0105cej czytelny zapis jednej z najbardziej rozpoznawalnych i wp\u0142ywowych epok w historii klubu.<\/p>\n<\/div>\n<\/div>\n<\/div>\n<\/div>\n<\/div>\n<\/div>\n<\/article>\n<\/div>\n","protected":false},"featured_media":117039,"template":"","meta":{"_kad_blocks_custom_css":"","_kad_blocks_head_custom_js":"","_kad_blocks_body_custom_js":"","_kad_blocks_footer_custom_js":"","_kad_post_transparent":"default","_kad_post_title":"","_kad_post_layout":"default","_kad_post_sidebar_id":"","_kad_post_content_style":"default","_kad_post_vertical_padding":"default","_kad_post_feature":"","_kad_post_feature_position":"","_kad_post_header":false,"_kad_post_footer":false,"_kad_post_classname":""},"product_brand":[1285],"product_cat":[1466,15,2017],"product_tag":[],"class_list":{"0":"post-116935","1":"product","2":"type-product","3":"status-publish","4":"has-post-thumbnail","6":"product_brand-umbro","7":"product_cat-belgia-holandia","8":"product_cat-bez-kategorii","9":"product_cat-koszulki-mlodziezowe","10":"pa_homeawaythird-home","11":"pa_rozmiar-158-cm","13":"first","14":"instock","15":"taxable","16":"shipping-taxable","17":"purchasable","18":"product-type-simple","19":"entry","20":"content-bg","21":"loop-entry"},"taxonomy_info":{"product_brand":[{"value":1285,"label":"Umbro"}],"product_cat":[{"value":1466,"label":"Belgia i Holandia"},{"value":15,"label":"Bez kategorii"},{"value":2017,"label":"KOSZULKI M\u0141ODZIE\u017bOWE"}],"pa_homeawaythird":[{"value":1597,"label":"Home"}],"pa_rozmiar":[{"value":2019,"label":"158 cm"}]},"featured_image_src_large":["https:\/\/footballthrift.shop\/wp-content\/uploads\/2026\/01\/Photoroom_004_20260121_162320-1024x1024.png",1024,1024,true],"author_info":[],"comment_info":"","_links":{"self":[{"href":"https:\/\/footballthrift.shop\/en\/wp-json\/wp\/v2\/product\/116935","targetHints":{"allow":["GET"]}}],"collection":[{"href":"https:\/\/footballthrift.shop\/en\/wp-json\/wp\/v2\/product"}],"about":[{"href":"https:\/\/footballthrift.shop\/en\/wp-json\/wp\/v2\/types\/product"}],"wp:featuredmedia":[{"embeddable":true,"href":"https:\/\/footballthrift.shop\/en\/wp-json\/wp\/v2\/media\/117039"}],"wp:attachment":[{"href":"https:\/\/footballthrift.shop\/en\/wp-json\/wp\/v2\/media?parent=116935"}],"wp:term":[{"taxonomy":"product_brand","embeddable":true,"href":"https:\/\/footballthrift.shop\/en\/wp-json\/wp\/v2\/product_brand?post=116935"},{"taxonomy":"product_cat","embeddable":true,"href":"https:\/\/footballthrift.shop\/en\/wp-json\/wp\/v2\/product_cat?post=116935"},{"taxonomy":"product_tag","embeddable":true,"href":"https:\/\/footballthrift.shop\/en\/wp-json\/wp\/v2\/product_tag?post=116935"}],"curies":[{"name":"wp","href":"https:\/\/api.w.org\/{rel}","templated":true}]}}