{"id":114673,"date":"2026-01-18T17:58:25","date_gmt":"2026-01-18T16:58:25","guid":{"rendered":"https:\/\/footballthrift.shop\/?post_type=product&#038;p=114673"},"modified":"2026-03-09T11:24:36","modified_gmt":"2026-03-09T10:24:36","slug":"authentic-newcastle-united-fc-2015-16-home-m-football-shirt","status":"publish","type":"product","link":"https:\/\/footballthrift.shop\/en\/koszulka-pilkarska-authentic-newcastle-united-fc-2015-16-home-m\/","title":{"rendered":"Koszulka pi\u0142karska AUTHENTIC Newcastle United FC 2015\/16 Home [M]"},"content":{"rendered":"<p><strong>Team:<\/strong> Newcastle United FC<\/p>\n<p><strong>Season:<\/strong> 2015\/16 Home<\/p>\n<p><strong>Size: <\/strong>M<\/p>\n<p><strong>Condition:<\/strong> Excellent<\/p>\n<p><strong>Dimensions (underarm width\/length) in cm: <\/strong>40\/67<\/p>","protected":false},"excerpt":{"rendered":"<div class=\"flex flex-col text-sm pb-25\">\n<article class=\"text-token-text-primary w-full focus:outline-none [--shadow-height:45px] has-data-writing-block:pointer-events-none has-data-writing-block:-mt-(--shadow-height) has-data-writing-block:pt-(--shadow-height) [&amp;:has([data-writing-block])&gt;*]:pointer-events-auto scroll-mt-[calc(var(--header-height)+min(200px,max(70px,20svh)))]\" dir=\"auto\" tabindex=\"-1\" data-turn-id=\"a004ab78-8a61-4501-b168-b220896dc2b7\" data-testid=\"conversation-turn-12\" data-scroll-anchor=\"true\" data-turn=\"assistant\">\n<div class=\"text-base my-auto mx-auto pb-10 [--thread-content-margin:--spacing(4)] @w-sm\/main:[--thread-content-margin:--spacing(6)] @w-lg\/main:[--thread-content-margin:--spacing(16)] px-(--thread-content-margin)\">\n<div class=\"[--thread-content-max-width:40rem] @w-lg\/main:[--thread-content-max-width:48rem] mx-auto max-w-(--thread-content-max-width) flex-1 group\/turn-messages focus-visible:outline-hidden relative flex w-full min-w-0 flex-col agent-turn\" tabindex=\"-1\">\n<div class=\"flex max-w-full flex-col grow\">\n<div class=\"min-h-8 text-message relative flex w-full flex-col items-end gap-2 text-start break-words whitespace-normal [.text-message+&amp;]:mt-1\" dir=\"auto\" data-message-author-role=\"assistant\" data-message-id=\"a2ce7e08-5e4f-4a23-bf7d-5b1257d25956\" data-message-model-slug=\"gpt-5-2\">\n<div class=\"flex w-full flex-col gap-1 empty:hidden first:pt-[1px]\">\n<div class=\"markdown prose dark:prose-invert w-full break-words light markdown-new-styling\">\n<p data-start=\"0\" data-end=\"93\"><strong data-start=\"0\" data-end=\"93\">Oryginalna domowa koszulka pi\u0142karska Newcastle United FC z sezonu 2015\/16 produkcji Pumy.\u00a0<\/strong><\/p>\n<p data-start=\"95\" data-end=\"466\">Domowy model <strong data-start=\"108\" data-end=\"131\">Newcastle United FC<\/strong> z <strong data-start=\"134\" data-end=\"152\">sezonu 2015\/16<\/strong>, wyprodukowany przez <strong data-start=\"174\" data-end=\"182\">Pum\u0119<\/strong> w <strong data-start=\"185\" data-end=\"200\">rozmiarze M<\/strong>, to klasyczna interpretacja klubowych barw, przygotowana w trudnym i wymagaj\u0105cym momencie dla zespo\u0142u ze St James\u2019 Park. Rozgrywki te zapisa\u0142y si\u0119 jako sezon walki o utrzymanie, zako\u0144czony spadkiem z ligi, co nadaje koszulce wyra\u017any kontekst sportowy i historyczny.<\/p>\n<p data-start=\"468\" data-end=\"923\">Koszulka zosta\u0142a wyprodukowana w formie <strong data-start=\"508\" data-end=\"544\">bia\u0142o-czarnego pionowego pasiaka<\/strong>, uzupe\u0142nionego <strong data-start=\"560\" data-end=\"597\">niebieskim wyko\u0144czeniem ko\u0142nierza<\/strong>, kt\u00f3re prze\u0142amuje klasyczn\u0105 kolorystyk\u0119. W dolnej cz\u0119\u015bci czarnych pas\u00f3w na froncie zastosowano <strong data-start=\"693\" data-end=\"730\">motyw sko\u015bnych niebieskich pask\u00f3w<\/strong>, stanowi\u0105cy charakterystyczny detal projektowy. Na \u015brodku klatki piersiowej umieszczono nadruk sponsora <strong data-start=\"835\" data-end=\"844\">Wonga<\/strong>, kontrastuj\u0105cy z jasn\u0105 baz\u0105, a ca\u0142o\u015b\u0107 wyst\u0119puje w wersji <strong data-start=\"902\" data-end=\"922\">z d\u0142ugim r\u0119kawem<\/strong>.<\/p>\n<p data-start=\"925\" data-end=\"1305\"><strong data-start=\"925\" data-end=\"942\">Sezon 2015\/16<\/strong> by\u0142 dla <strong data-start=\"951\" data-end=\"974\">Newcastle United FC<\/strong> okresem sportowych problem\u00f3w i cz\u0119stych zmian, zar\u00f3wno na boisku, jak i na \u0142awce trenerskiej. Klub reprezentowali w\u00f3wczas m.in. <strong data-start=\"1103\" data-end=\"1126\">Georginio Wijnaldum<\/strong>, kt\u00f3ry by\u0142 najskuteczniejszym zawodnikiem zespo\u0142u, a tak\u017ce <strong data-start=\"1186\" data-end=\"1204\">Moussa Sissoko<\/strong>, <strong data-start=\"1206\" data-end=\"1229\">Aleksandar Mitrovi\u0107<\/strong> czy <strong data-start=\"1234\" data-end=\"1256\" data-is-only-node=\"\">Fabricio Coloccini<\/strong>, stanowi\u0105cy trzon dru\u017cyny w ligowej rywalizacji.<\/p>\n<p data-start=\"1307\" data-end=\"1542\">Koszulka zosta\u0142a wykonana z <strong data-start=\"1335\" data-end=\"1373\">rozci\u0105gliwego i lekkiego materia\u0142u<\/strong>, a <strong data-start=\"1377\" data-end=\"1415\">bardzo przylegaj\u0105cy kr\u00f3j koszulki w wersji <em>authentic<\/em><\/strong> w <strong data-start=\"1418\" data-end=\"1433\">rozmiarze M<\/strong> odpowiada najwy\u017cszemu standardowi <strong data-start=\"1468\" data-end=\"1476\">Pumy<\/strong> i jest przeznaczony g\u0142\u00f3wnie dla os\u00f3b o atletycznej budowie cia\u0142a.<\/p>\n<p data-start=\"1544\" data-end=\"1772\" data-is-last-node=\"\" data-is-only-node=\"\">To propozycja dla kolekcjoner\u00f3w oraz kibic\u00f3w poszukuj\u0105cych oryginalnej <strong data-start=\"1615\" data-end=\"1684\">domowej koszulki pi\u0142karskiej Newcastle United FC z sezonu 2015\/16<\/strong>, stanowi\u0105cej czytelny zapis jednego z najbardziej wymagaj\u0105cych etap\u00f3w w historii klubu.<\/p>\n<\/div>\n<\/div>\n<\/div>\n<\/div>\n<\/div>\n<\/div>\n<\/article>\n<\/div>\n","protected":false},"featured_media":116688,"template":"","meta":{"_kad_blocks_custom_css":"","_kad_blocks_head_custom_js":"","_kad_blocks_body_custom_js":"","_kad_blocks_footer_custom_js":"","_kad_post_transparent":"default","_kad_post_title":"","_kad_post_layout":"default","_kad_post_sidebar_id":"","_kad_post_content_style":"default","_kad_post_vertical_padding":"default","_kad_post_feature":"","_kad_post_feature_position":"","_kad_post_header":false,"_kad_post_footer":false,"_kad_post_classname":""},"product_brand":[1287],"product_cat":[15,2031],"product_tag":[],"class_list":{"0":"post-114673","1":"product","2":"type-product","3":"status-publish","4":"has-post-thumbnail","6":"product_brand-puma","7":"product_cat-bez-kategorii","8":"product_cat-newcastle-united-fc","9":"pa_homeawaythird-home","10":"pa_rozmiar-m","12":"first","13":"instock","14":"taxable","15":"shipping-taxable","16":"purchasable","17":"product-type-simple","18":"entry","19":"content-bg","20":"loop-entry"},"taxonomy_info":{"product_brand":[{"value":1287,"label":"Puma"}],"product_cat":[{"value":15,"label":"Bez kategorii"},{"value":2031,"label":"Newcastle United FC"}],"pa_homeawaythird":[{"value":1597,"label":"Home"}],"pa_rozmiar":[{"value":1816,"label":"M"}]},"featured_image_src_large":["https:\/\/footballthrift.shop\/wp-content\/uploads\/2026\/01\/Photoroom_048_20260115_120712-1024x1024.png",1024,1024,true],"author_info":[],"comment_info":"","_links":{"self":[{"href":"https:\/\/footballthrift.shop\/en\/wp-json\/wp\/v2\/product\/114673","targetHints":{"allow":["GET"]}}],"collection":[{"href":"https:\/\/footballthrift.shop\/en\/wp-json\/wp\/v2\/product"}],"about":[{"href":"https:\/\/footballthrift.shop\/en\/wp-json\/wp\/v2\/types\/product"}],"wp:featuredmedia":[{"embeddable":true,"href":"https:\/\/footballthrift.shop\/en\/wp-json\/wp\/v2\/media\/116688"}],"wp:attachment":[{"href":"https:\/\/footballthrift.shop\/en\/wp-json\/wp\/v2\/media?parent=114673"}],"wp:term":[{"taxonomy":"product_brand","embeddable":true,"href":"https:\/\/footballthrift.shop\/en\/wp-json\/wp\/v2\/product_brand?post=114673"},{"taxonomy":"product_cat","embeddable":true,"href":"https:\/\/footballthrift.shop\/en\/wp-json\/wp\/v2\/product_cat?post=114673"},{"taxonomy":"product_tag","embeddable":true,"href":"https:\/\/footballthrift.shop\/en\/wp-json\/wp\/v2\/product_tag?post=114673"}],"curies":[{"name":"wp","href":"https:\/\/api.w.org\/{rel}","templated":true}]}}