{"id":114372,"date":"2026-01-11T17:44:28","date_gmt":"2026-01-11T16:44:28","guid":{"rendered":"https:\/\/footballthrift.shop\/?post_type=product&#038;p=114372"},"modified":"2026-03-09T11:24:40","modified_gmt":"2026-03-09T10:24:40","slug":"psg-football-shirt-2019-20-away-s","status":"publish","type":"product","link":"https:\/\/footballthrift.shop\/en\/koszulka-pilkarska-psg-2019-20-away-s\/","title":{"rendered":"Koszulka pi\u0142karska PSG 2019\/20 Away [S]"},"content":{"rendered":"<p><strong>Team:<\/strong> PSG<\/p>\n<p><strong>Season:<\/strong> 2019\/20 Away<\/p>\n<p><strong>Size: <\/strong>S<\/p>\n<p><strong>Condition:<\/strong> Excellent<\/p>\n<p><strong>Dimensions (underarm width\/length) in cm: <\/strong>46\/66<\/p>","protected":false},"excerpt":{"rendered":"<div class=\"flex flex-col text-sm pb-25\">\n<article class=\"text-token-text-primary w-full focus:outline-none [--shadow-height:45px] has-data-writing-block:pointer-events-none has-data-writing-block:-mt-(--shadow-height) has-data-writing-block:pt-(--shadow-height) [&amp;:has([data-writing-block])&gt;*]:pointer-events-auto scroll-mt-[calc(var(--header-height)+min(200px,max(70px,20svh)))]\" dir=\"auto\" tabindex=\"-1\" data-turn-id=\"request-695a5601-cfe8-8326-8e54-551ce1a0e0f3-14\" data-testid=\"conversation-turn-124\" data-scroll-anchor=\"true\" data-turn=\"assistant\">\n<div class=\"text-base my-auto mx-auto pb-10 [--thread-content-margin:--spacing(4)] @w-sm\/main:[--thread-content-margin:--spacing(6)] @w-lg\/main:[--thread-content-margin:--spacing(16)] px-(--thread-content-margin)\">\n<div class=\"[--thread-content-max-width:40rem] @w-lg\/main:[--thread-content-max-width:48rem] mx-auto max-w-(--thread-content-max-width) flex-1 group\/turn-messages focus-visible:outline-hidden relative flex w-full min-w-0 flex-col agent-turn\" tabindex=\"-1\">\n<div class=\"flex max-w-full flex-col grow\">\n<div class=\"min-h-8 text-message relative flex w-full flex-col items-end gap-2 text-start break-words whitespace-normal [.text-message+&amp;]:mt-1\" dir=\"auto\" data-message-author-role=\"assistant\" data-message-id=\"1bbc8f48-cae8-4e77-945d-f1cb39253fc9\" data-message-model-slug=\"gpt-5-2\">\n<div class=\"flex w-full flex-col gap-1 empty:hidden first:pt-[1px]\">\n<div class=\"markdown prose dark:prose-invert w-full break-words light markdown-new-styling\">\n<p data-start=\"0\" data-end=\"122\"><strong data-start=\"0\" data-end=\"122\">Oryginalna wyjazdowa koszulka pi\u0142karska <span class=\"hover:entity-accent entity-underline inline cursor-pointer align-baseline\"><span class=\"whitespace-normal\">Paris Saint-Germain<\/span><\/span> z sezonu 2019\/20 produkcji Jordan Brand.\u00a0<\/strong><\/p>\n<p data-start=\"124\" data-end=\"551\">Wyjazdowy model <strong data-start=\"140\" data-end=\"163\">Paris Saint-Germain<\/strong> z <strong data-start=\"166\" data-end=\"184\">sezonu 2019\/20<\/strong>, wyprodukowany przez <strong data-start=\"206\" data-end=\"222\">Jordan Brand<\/strong>, pochodzi z okresu, w kt\u00f3rym klub z Pary\u017ca umacnia\u0142 swoj\u0105 pozycj\u0119 jako absolutny dominator francuskich rozgrywek i jednocze\u015bnie coraz wyra\u017aniej zaznacza\u0142 swoj\u0105 obecno\u015b\u0107 na arenie europejskiej. By\u0142 to sezon wyj\u0105tkowy r\u00f3wnie\u017c ze wzgl\u0119du na \u015bcis\u0142\u0105 wsp\u00f3\u0142prac\u0119 <strong>PSG<\/strong> z mark\u0105<strong> Jordan<\/strong>, kt\u00f3ra nada\u0142a koszulkom unikalny, globalny charakter.<\/p>\n<p data-start=\"553\" data-end=\"1021\">Koszulka zosta\u0142a wyprodukowana w kolorze <strong data-start=\"594\" data-end=\"616\">jasnopomara\u0144czowym<\/strong>, wyra\u017anie odr\u00f3\u017cniaj\u0105cym j\u0105 od klasycznych wyjazdowych stroj\u00f3w <strong data-start=\"679\" data-end=\"702\">Paris Saint-Germain<\/strong>. Projekt uzupe\u0142niaj\u0105 <strong data-start=\"724\" data-end=\"772\">czarne wyko\u0144czenie ko\u0142nierzyka oraz r\u0119kawk\u00f3w<\/strong>, kt\u00f3re porz\u0105dkuj\u0105 kompozycj\u0119 i nadaj\u0105 ca\u0142o\u015bci nowoczesnego, kontrastowego wygl\u0105du. Na froncie umieszczono nadruk sponsora <strong data-start=\"895\" data-end=\"919\">Accor Live Limitless<\/strong>, zachowuj\u0105c czysty i centralny uk\u0142ad, charakterystyczny dla projekt\u00f3w <strong data-start=\"990\" data-end=\"1006\">Jordan Brand<\/strong> z tego okresu.<\/p>\n<p data-start=\"1023\" data-end=\"1531\">W <strong data-start=\"1025\" data-end=\"1044\">sezonie 2019\/20<\/strong> <strong data-start=\"1045\" data-end=\"1068\">Paris Saint-Germain<\/strong> si\u0119gn\u0119\u0142o po mistrzostwo Francji, a rozgrywki ligowe zosta\u0142y zako\u0144czone przedwcze\u015bnie. Najwa\u017cniejszym wydarzeniem by\u0142a jednak historyczna droga klubu do fina\u0142u Ligi Mistrz\u00f3w, pierwszego w dziejach PSG. Zesp\u00f3\u0142 opiera\u0142 si\u0119 na gwiazdorskiej kadrze, w kt\u00f3rej wyst\u0119powali m.in. <strong data-start=\"1341\" data-end=\"1351\">Neymar<\/strong>, <strong data-start=\"1353\" data-end=\"1370\">Kylian Mbapp\u00e9<\/strong>, <strong data-start=\"1372\" data-end=\"1390\">\u00c1ngel Di Mar\u00eda<\/strong>, <strong data-start=\"1392\" data-end=\"1410\">Marco Verratti<\/strong>, <strong data-start=\"1412\" data-end=\"1428\">Thiago Silva<\/strong> oraz <strong data-start=\"1434\" data-end=\"1450\">Keylor Navas<\/strong>, tworz\u0105c dru\u017cyn\u0119, kt\u00f3ra na trwa\u0142e zapisa\u0142a si\u0119 w historii europejskich puchar\u00f3w.<\/p>\n<p data-start=\"1533\" data-end=\"1770\">Koszulka zosta\u0142a wykonana z <strong data-start=\"1561\" data-end=\"1598\">lekkiego i przewiewnego materia\u0142u<\/strong>, odpowiedniego do codziennego u\u017cytkowania. Kr\u00f3j odpowiada standardom <strong data-start=\"1668\" data-end=\"1684\">Jordan Brand<\/strong>, oferuj\u0105c nowoczesne, sportowe dopasowanie charakterystyczne dla projekt\u00f3w tej linii.<\/p>\n<p data-start=\"1772\" data-end=\"2045\" data-is-last-node=\"\" data-is-only-node=\"\">To propozycja dla kolekcjoner\u00f3w oraz kibic\u00f3w poszukuj\u0105cych <strong data-start=\"1831\" data-end=\"1938\">oryginalnej wyjazdowej koszulki pi\u0142karskiej Paris Saint-Germain z sezonu 2019\/20 produkcji Jordan Brand<\/strong>, stanowi\u0105cej czytelny zapis mistrzowskiego sezonu ligowego i historycznego awansu do fina\u0142u Ligi Mistrz\u00f3w.<\/p>\n<\/div>\n<\/div>\n<\/div>\n<\/div>\n<\/div>\n<\/div>\n<\/article>\n<\/div>\n","protected":false},"featured_media":114573,"template":"","meta":{"_kad_blocks_custom_css":"","_kad_blocks_head_custom_js":"","_kad_blocks_body_custom_js":"","_kad_blocks_footer_custom_js":"","_kad_post_transparent":"default","_kad_post_title":"","_kad_post_layout":"default","_kad_post_sidebar_id":"","_kad_post_content_style":"default","_kad_post_vertical_padding":"default","_kad_post_feature":"","_kad_post_feature_position":"","_kad_post_header":false,"_kad_post_footer":false,"_kad_post_classname":""},"product_brand":[1284],"product_cat":[15,1467],"product_tag":[],"class_list":{"0":"post-114372","1":"product","2":"type-product","3":"status-publish","4":"has-post-thumbnail","6":"product_brand-nike","7":"product_cat-bez-kategorii","8":"product_cat-kluby-francuskie-parissaintgermain","9":"pa_homeawaythird-away","10":"pa_rozmiar-s","12":"first","13":"instock","14":"taxable","15":"shipping-taxable","16":"purchasable","17":"product-type-simple","18":"entry","19":"content-bg","20":"loop-entry"},"taxonomy_info":{"product_brand":[{"value":1284,"label":"Nike"}],"product_cat":[{"value":15,"label":"Bez kategorii"},{"value":1467,"label":"Paris Saint Germain"}],"pa_homeawaythird":[{"value":1598,"label":"Away"}],"pa_rozmiar":[{"value":1815,"label":"S"}]},"featured_image_src_large":["https:\/\/footballthrift.shop\/wp-content\/uploads\/2026\/01\/Photoroom_048_20260108_130923-1024x1024.png",1024,1024,true],"author_info":[],"comment_info":"","_links":{"self":[{"href":"https:\/\/footballthrift.shop\/en\/wp-json\/wp\/v2\/product\/114372","targetHints":{"allow":["GET"]}}],"collection":[{"href":"https:\/\/footballthrift.shop\/en\/wp-json\/wp\/v2\/product"}],"about":[{"href":"https:\/\/footballthrift.shop\/en\/wp-json\/wp\/v2\/types\/product"}],"wp:featuredmedia":[{"embeddable":true,"href":"https:\/\/footballthrift.shop\/en\/wp-json\/wp\/v2\/media\/114573"}],"wp:attachment":[{"href":"https:\/\/footballthrift.shop\/en\/wp-json\/wp\/v2\/media?parent=114372"}],"wp:term":[{"taxonomy":"product_brand","embeddable":true,"href":"https:\/\/footballthrift.shop\/en\/wp-json\/wp\/v2\/product_brand?post=114372"},{"taxonomy":"product_cat","embeddable":true,"href":"https:\/\/footballthrift.shop\/en\/wp-json\/wp\/v2\/product_cat?post=114372"},{"taxonomy":"product_tag","embeddable":true,"href":"https:\/\/footballthrift.shop\/en\/wp-json\/wp\/v2\/product_tag?post=114372"}],"curies":[{"name":"wp","href":"https:\/\/api.w.org\/{rel}","templated":true}]}}