{"id":114367,"date":"2026-01-11T17:44:30","date_gmt":"2026-01-11T16:44:30","guid":{"rendered":"https:\/\/footballthrift.shop\/?post_type=product&#038;p=114367"},"modified":"2026-03-09T11:24:39","modified_gmt":"2026-03-09T10:24:39","slug":"legia-warszawa-football-jersey-2015-17-away-m","status":"publish","type":"product","link":"https:\/\/footballthrift.shop\/en\/koszulka-pilkarska-legia-warszawa-2015-17-away-m\/","title":{"rendered":"Koszulka pi\u0142karska Legia Warszawa 2015\/17 Away [M]"},"content":{"rendered":"<p><strong>Team:<\/strong> Legia Warsaw<\/p>\n<p><strong>Season:<\/strong> 2015\/17 Away<\/p>\n<p><strong>Size: <\/strong>M<\/p>\n<p><strong>Condition:<\/strong> Excellent<\/p>\n<p><strong>Dimensions (underarm width\/length) in cm: <\/strong>51\/72<\/p>","protected":false},"excerpt":{"rendered":"<div class=\"flex flex-col text-sm pb-25\">\n<article class=\"text-token-text-primary w-full focus:outline-none [--shadow-height:45px] has-data-writing-block:pointer-events-none has-data-writing-block:-mt-(--shadow-height) has-data-writing-block:pt-(--shadow-height) [&amp;:has([data-writing-block])&gt;*]:pointer-events-auto scroll-mt-[calc(var(--header-height)+min(200px,max(70px,20svh)))]\" dir=\"auto\" tabindex=\"-1\" data-turn-id=\"request-695a5601-cfe8-8326-8e54-551ce1a0e0f3-9\" data-testid=\"conversation-turn-114\" data-scroll-anchor=\"true\" data-turn=\"assistant\">\n<div class=\"text-base my-auto mx-auto pb-10 [--thread-content-margin:--spacing(4)] @w-sm\/main:[--thread-content-margin:--spacing(6)] @w-lg\/main:[--thread-content-margin:--spacing(16)] px-(--thread-content-margin)\">\n<div class=\"[--thread-content-max-width:40rem] @w-lg\/main:[--thread-content-max-width:48rem] mx-auto max-w-(--thread-content-max-width) flex-1 group\/turn-messages focus-visible:outline-hidden relative flex w-full min-w-0 flex-col agent-turn\" tabindex=\"-1\">\n<div class=\"flex max-w-full flex-col grow\">\n<div class=\"min-h-8 text-message relative flex w-full flex-col items-end gap-2 text-start break-words whitespace-normal [.text-message+&amp;]:mt-1\" dir=\"auto\" data-message-author-role=\"assistant\" data-message-id=\"1c033abf-cd74-4832-8575-95f75f279128\" data-message-model-slug=\"gpt-5-2\">\n<div class=\"flex w-full flex-col gap-1 empty:hidden first:pt-[1px]\">\n<div class=\"markdown prose dark:prose-invert w-full break-words light markdown-new-styling\">\n<p data-start=\"0\" data-end=\"114\"><strong data-start=\"0\" data-end=\"114\">Oryginalna wyjazdowa koszulka pi\u0142karska <span class=\"hover:entity-accent entity-underline inline cursor-pointer align-baseline\"><span class=\"whitespace-normal\">Legia Warszawa<\/span><\/span> z lat 2015\/17 produkcji Adidasa.\u00a0<\/strong><\/p>\n<p data-start=\"116\" data-end=\"497\">Wyjazdowy model <strong data-start=\"132\" data-end=\"150\">Legii Warszawa<\/strong> z lat <strong data-start=\"157\" data-end=\"168\">2015\/17<\/strong>, wyprodukowany przez <strong data-start=\"190\" data-end=\"201\">Adidasa<\/strong> w rozmiarze <strong data-start=\"214\" data-end=\"219\">M<\/strong>, pochodzi z jednego z najbardziej presti\u017cowych okres\u00f3w w nowoczesnej historii klubu. By\u0142 to czas regularnej dominacji na krajowym podw\u00f3rku, kt\u00f3ra zaowocowa\u0142a awansem do fazy grupowej <strong>Ligi Mistrz\u00f3w<\/strong> i ponownym umieszczeniem Legii w najwa\u017cniejszych europejskich rozgrywkach po wielu latach przerwy.<\/p>\n<p data-start=\"499\" data-end=\"1051\">Koszulka zosta\u0142a wyprodukowana w kolorze <strong data-start=\"540\" data-end=\"558\">ciemnozielonym<\/strong>, charakterystycznym dla wyjazdowych stroj\u00f3w <strong data-start=\"603\" data-end=\"621\">Legii Warszawa<\/strong>, a jej najbardziej wyrazistym elementem jest <strong data-start=\"667\" data-end=\"695\">gruby, sko\u015bny czarny pas<\/strong> biegn\u0105cy centralnie przez front. Motyw ten nadaje projektowi nowoczesnego, dynamicznego charakteru, jednocze\u015bnie pozostawiaj\u0105c miejsce na nadruk sponsora \u2014 w tym egzemplarzu <strong data-start=\"870\" data-end=\"883\">nieobecny<\/strong>, co podkre\u015bla czysto\u015b\u0107 i estetyk\u0119 kompozycji. Ca\u0142o\u015b\u0107 uzupe\u0142niaj\u0105 <strong data-start=\"949\" data-end=\"970\">czarny ko\u0142nierzyk<\/strong> oraz <strong data-start=\"976\" data-end=\"1016\">czarne paski producenta na r\u0119kawkach<\/strong>, typowe dla projekt\u00f3w <strong data-start=\"1039\" data-end=\"1050\">Adidasa<\/strong>.<\/p>\n<p data-start=\"1053\" data-end=\"1469\">W tych koszulkach <strong data-start=\"1071\" data-end=\"1089\">Legia Warszawa<\/strong> rywalizowa\u0142a w wyjazdowych spotkaniach <strong data-start=\"1129\" data-end=\"1146\">Ligi Mistrz\u00f3w<\/strong>, mierz\u0105c si\u0119 z europejsk\u0105 czo\u0142\u00f3wk\u0105 w najbardziej elitarnych rozgrywkach klubowych. Wyst\u0119p w fazie grupowej sezonu 2016\/17 by\u0142 zwie\u0144czeniem d\u0142ugiej drogi klubu w europejskich pucharach i jednym z najwa\u017cniejszych moment\u00f3w w jego powojennej historii, symbolizuj\u0105c powr\u00f3t Legii na najwy\u017cszy poziom rywalizacji mi\u0119dzynarodowej.<\/p>\n<p data-start=\"1471\" data-end=\"1707\">Koszulka zosta\u0142a wykonana z <strong data-start=\"1499\" data-end=\"1536\">lekkiego i przewiewnego materia\u0142u<\/strong>, zapewniaj\u0105cego komfort u\u017cytkowania. <strong data-start=\"1574\" data-end=\"1596\">Kr\u00f3j w rozmiarze M<\/strong> odpowiada standardom <strong data-start=\"1618\" data-end=\"1629\">Adidasa<\/strong>, oferuj\u0105c klasyczne dopasowanie zgodne z projektami producenta z tego okresu.<\/p>\n<p data-start=\"1709\" data-end=\"1954\" data-is-last-node=\"\" data-is-only-node=\"\">To propozycja dla kolekcjoner\u00f3w oraz kibic\u00f3w poszukuj\u0105cych <strong data-start=\"1768\" data-end=\"1862\">oryginalnej wyjazdowej koszulki pi\u0142karskiej Legii Warszawa z lat 2015\/17 produkcji Adidasa<\/strong>, stanowi\u0105cej czytelny zapis jednego z najwa\u017cniejszych etap\u00f3w w europejskiej historii klubu.<\/p>\n<\/div>\n<\/div>\n<\/div>\n<\/div>\n<\/div>\n<\/div>\n<\/article>\n<\/div>\n","protected":false},"featured_media":114537,"template":"","meta":{"_kad_blocks_custom_css":"","_kad_blocks_head_custom_js":"","_kad_blocks_body_custom_js":"","_kad_blocks_footer_custom_js":"","_kad_post_transparent":"default","_kad_post_title":"","_kad_post_layout":"default","_kad_post_sidebar_id":"","_kad_post_content_style":"default","_kad_post_vertical_padding":"default","_kad_post_feature":"","_kad_post_feature_position":"","_kad_post_header":false,"_kad_post_footer":false,"_kad_post_classname":""},"product_brand":[1283],"product_cat":[15,1450],"product_tag":[],"class_list":{"0":"post-114367","1":"product","2":"type-product","3":"status-publish","4":"has-post-thumbnail","6":"product_brand-adidas","7":"product_cat-bez-kategorii","8":"product_cat-legia-warszawa","9":"pa_homeawaythird-away","10":"pa_rozmiar-m","12":"first","13":"instock","14":"taxable","15":"shipping-taxable","16":"purchasable","17":"product-type-simple","18":"entry","19":"content-bg","20":"loop-entry"},"taxonomy_info":{"product_brand":[{"value":1283,"label":"Adidas"}],"product_cat":[{"value":15,"label":"Bez kategorii"},{"value":1450,"label":"Legia Warszawa"}],"pa_homeawaythird":[{"value":1598,"label":"Away"}],"pa_rozmiar":[{"value":1816,"label":"M"}]},"featured_image_src_large":["https:\/\/footballthrift.shop\/wp-content\/uploads\/2026\/01\/Photoroom_050_20260108_130923-1024x1024.png",1024,1024,true],"author_info":[],"comment_info":"","_links":{"self":[{"href":"https:\/\/footballthrift.shop\/en\/wp-json\/wp\/v2\/product\/114367","targetHints":{"allow":["GET"]}}],"collection":[{"href":"https:\/\/footballthrift.shop\/en\/wp-json\/wp\/v2\/product"}],"about":[{"href":"https:\/\/footballthrift.shop\/en\/wp-json\/wp\/v2\/types\/product"}],"wp:featuredmedia":[{"embeddable":true,"href":"https:\/\/footballthrift.shop\/en\/wp-json\/wp\/v2\/media\/114537"}],"wp:attachment":[{"href":"https:\/\/footballthrift.shop\/en\/wp-json\/wp\/v2\/media?parent=114367"}],"wp:term":[{"taxonomy":"product_brand","embeddable":true,"href":"https:\/\/footballthrift.shop\/en\/wp-json\/wp\/v2\/product_brand?post=114367"},{"taxonomy":"product_cat","embeddable":true,"href":"https:\/\/footballthrift.shop\/en\/wp-json\/wp\/v2\/product_cat?post=114367"},{"taxonomy":"product_tag","embeddable":true,"href":"https:\/\/footballthrift.shop\/en\/wp-json\/wp\/v2\/product_tag?post=114367"}],"curies":[{"name":"wp","href":"https:\/\/api.w.org\/{rel}","templated":true}]}}