{"id":114092,"date":"2026-01-04T17:49:09","date_gmt":"2026-01-04T16:49:09","guid":{"rendered":"https:\/\/footballthrift.shop\/?post_type=product&#038;p=114092"},"modified":"2026-03-09T11:25:19","modified_gmt":"2026-03-09T10:25:19","slug":"borussia-monchengladbach-football-shirt-2023-24-home-31-cvancara-l","status":"publish","type":"product","link":"https:\/\/footballthrift.shop\/en\/koszulka-pilkarska-borussia-monchengladbach-2023-24-home-31-cvancara-l\/","title":{"rendered":"Koszulka pi\u0142karska Borussia Monchengladbach 2023\/24 Home 31 Cvancara [L]"},"content":{"rendered":"<p><strong>Team:<\/strong> Borussia Monchengladbach<\/p>\n<p><strong>Season:<\/strong> 2023\/24 Home<\/p>\n<p><strong>Size: <\/strong>L<\/p>\n<p><strong>Condition:<\/strong> Excellent<\/p>\n<p><strong>Dimensions (underarm width\/length) in cm: <\/strong>57\/72<\/p>","protected":false},"excerpt":{"rendered":"<p data-start=\"0\" data-end=\"127\"><strong data-start=\"0\" data-end=\"127\">Original Borussia M\u00f6nchengladbach home football shirt from the 2023\/24 season, manufactured by Puma, with Tom\u00e1\u0161 \u010cvan\u010dara's print.\u00a0<\/strong><\/p>\n<p data-start=\"129\" data-end=\"503\">Design by <strong data-start=\"147\" data-end=\"155\">Pumas<\/strong> ready for the season <strong data-start=\"178\" data-end=\"189\">2023\/24<\/strong> for <strong data-start=\"194\" data-end=\"235\"><span class=\"hover:entity-accent entity-underline inline cursor-pointer align-baseline\"><span class=\"whitespace-normal\">Borussia M\u00f6nchengladbach<\/span><\/span><\/strong>, in size <strong data-start=\"249\" data-end=\"254\">L<\/strong>, stands out with its elegant character, deeply rooted in club tradition. It is a model that combines modern design with clear references to the aesthetics of yesteryear, emphasising the identity of one of the most recognisable clubs in the Bundesliga.<\/p>\n<p data-start=\"505\" data-end=\"983\">The T-shirt was manufactured on <strong data-start=\"539\" data-end=\"555\">white base<\/strong>, and its style is built on <strong data-start=\"575\" data-end=\"614\">black and green sleeve trims<\/strong> and <strong data-start=\"620\" data-end=\"644\">polo collar<\/strong> in the same colours. The sponsor's logo is printed centrally on the front. <strong data-start=\"718\" data-end=\"728\">FlatEx<\/strong>, whereas above <strong data-start=\"744\" data-end=\"779\">the coat of arms of Borussia M\u00f6nchengladbach<\/strong> appear <strong data-start=\"789\" data-end=\"806\">two stars<\/strong>, symbolising the club's championship achievements. On the right sleeve there is <strong data-start=\"885\" data-end=\"905\">Bundesliga patch<\/strong>, which clearly places the shirt in the league context of the season. <strong data-start=\"971\" data-end=\"982\">2023\/24<\/strong>.<\/p>\n<p data-start=\"985\" data-end=\"1422\">On the back there is <strong data-start=\"1009\" data-end=\"1046\">original print by Tom\u00e1\u0161 \u010cvan\u010dara<\/strong>, made <strong data-start=\"1057\" data-end=\"1095\">3D font inspired by the 1990s.<\/strong>, which further strengthens <strong data-start=\"1119\" data-end=\"1147\">retro character of the T-shirt<\/strong>. The Czech striker joined <strong data-start=\"1178\" data-end=\"1206\">Borussia M\u00f6nchengladbach<\/strong> in the summer of 2023 and quickly became an important part of the team's attack. He stands out for his physicality, work without the ball and effectiveness in the penalty area, being one of the club's most notable transfers during this period.<\/p>\n<p data-start=\"1424\" data-end=\"1606\">The material of the T-shirt is <strong data-start=\"1447\" data-end=\"1481\">lightweight, breathable and technical<\/strong>, and the cut in size <strong data-start=\"1502\" data-end=\"1507\">L<\/strong> remains consistent with design standards <strong data-start=\"1550\" data-end=\"1558\">Pumas<\/strong>, ensuring comfort and freedom of movement.<\/p>\n<p data-start=\"1608\" data-end=\"1981\">Season <strong data-start=\"1614\" data-end=\"1625\">2023\/24<\/strong> was for <strong data-start=\"1634\" data-end=\"1662\">Borussia M\u00f6nchengladbach<\/strong> a period of stabilisation and the search for consistency in the Bundesliga after several uneven years. The team was based on a mixture of experience and new faces, and alongside \u010cvan\u010dara, important roles were played by, among others,. <strong data-start=\"1861\" data-end=\"1876\">Jonas Omlin<\/strong>, <strong data-start=\"1878\" data-end=\"1892\">Ko Itakura<\/strong>, <strong data-start=\"1894\" data-end=\"1913\">Florian Neuhaus<\/strong> or <strong data-start=\"1918\" data-end=\"1935\">Alassane Pl\u00e9a<\/strong>, laying the foundations for the team's further development.<\/p>\n<p data-start=\"1983\" data-end=\"2266\" data-is-last-node=\"\" data-is-only-node=\"\">This is an offer for collectors and fans looking for <strong data-start=\"2042\" data-end=\"2156\">original Borussia M\u00f6nchengladbach home football shirt from the 2023\/24 season with Tom\u00e1\u0161 \u010cvan\u010dara's print<\/strong> \u2013 an elegant model with <strong data-start=\"2181\" data-end=\"2201\">retro style<\/strong>, combining the club's new era with an aesthetic nod to the 1990s.<\/p>","protected":false},"featured_media":114133,"template":"","meta":{"_kad_blocks_custom_css":"","_kad_blocks_head_custom_js":"","_kad_blocks_body_custom_js":"","_kad_blocks_footer_custom_js":"","_kad_post_transparent":"default","_kad_post_title":"","_kad_post_layout":"default","_kad_post_sidebar_id":"","_kad_post_content_style":"default","_kad_post_vertical_padding":"default","_kad_post_feature":"","_kad_post_feature_position":"","_kad_post_header":false,"_kad_post_footer":false,"_kad_post_classname":""},"product_brand":[1287],"product_cat":[15,1449],"product_tag":[],"class_list":{"0":"post-114092","1":"product","2":"type-product","3":"status-publish","4":"has-post-thumbnail","6":"product_brand-puma","7":"product_cat-bez-kategorii","8":"product_cat-kluby-niemieckie-borussiamonchengladbach","9":"pa_homeawaythird-home","10":"pa_rozmiar-l","12":"first","13":"instock","14":"taxable","15":"shipping-taxable","16":"purchasable","17":"product-type-simple","18":"entry","19":"content-bg","20":"loop-entry"},"taxonomy_info":{"product_brand":[{"value":1287,"label":"Puma"}],"product_cat":[{"value":15,"label":"Bez kategorii"},{"value":1449,"label":"Borussia M\u00f6nchengladbach"}],"pa_homeawaythird":[{"value":1597,"label":"Home"}],"pa_rozmiar":[{"value":1817,"label":"L"}]},"featured_image_src_large":["https:\/\/footballthrift.shop\/wp-content\/uploads\/2026\/01\/Photoroom_019_20260103_153326-1024x1024.png",1024,1024,true],"author_info":[],"comment_info":"","_links":{"self":[{"href":"https:\/\/footballthrift.shop\/en\/wp-json\/wp\/v2\/product\/114092","targetHints":{"allow":["GET"]}}],"collection":[{"href":"https:\/\/footballthrift.shop\/en\/wp-json\/wp\/v2\/product"}],"about":[{"href":"https:\/\/footballthrift.shop\/en\/wp-json\/wp\/v2\/types\/product"}],"wp:featuredmedia":[{"embeddable":true,"href":"https:\/\/footballthrift.shop\/en\/wp-json\/wp\/v2\/media\/114133"}],"wp:attachment":[{"href":"https:\/\/footballthrift.shop\/en\/wp-json\/wp\/v2\/media?parent=114092"}],"wp:term":[{"taxonomy":"product_brand","embeddable":true,"href":"https:\/\/footballthrift.shop\/en\/wp-json\/wp\/v2\/product_brand?post=114092"},{"taxonomy":"product_cat","embeddable":true,"href":"https:\/\/footballthrift.shop\/en\/wp-json\/wp\/v2\/product_cat?post=114092"},{"taxonomy":"product_tag","embeddable":true,"href":"https:\/\/footballthrift.shop\/en\/wp-json\/wp\/v2\/product_tag?post=114092"}],"curies":[{"name":"wp","href":"https:\/\/api.w.org\/{rel}","templated":true}]}}