{"id":113481,"date":"2025-12-21T17:50:02","date_gmt":"2025-12-21T16:50:02","guid":{"rendered":"https:\/\/footballthrift.shop\/?post_type=product&#038;p=113481"},"modified":"2026-03-09T11:25:26","modified_gmt":"2026-03-09T10:25:26","slug":"newcastle-united-fc-2022-23-fourth-xxl-football-shirt","status":"publish","type":"product","link":"https:\/\/footballthrift.shop\/en\/koszulka-pilkarska-newcastle-united-fc-2022-23-fourth-xxl\/","title":{"rendered":"Koszulka pi\u0142karska Newcastle United FC 2022\/23 Fourth [XXL]"},"content":{"rendered":"<p><strong>Team:<\/strong> Newcastle United FC<\/p>\n<p><strong>Season:<\/strong> 2022\/23 Fourth<\/p>\n<p><strong>Size: <\/strong>XXL<\/p>\n<p><strong>Condition:<\/strong> Excellent<\/p>\n<p><strong>Dimensions (underarm width\/length) in cm: <\/strong>63\/73<\/p>","protected":false},"excerpt":{"rendered":"<div class=\"flex flex-col text-sm pb-25\">\n<article class=\"text-token-text-primary w-full focus:outline-none [--shadow-height:45px] has-data-writing-block:pointer-events-none has-data-writing-block:-mt-(--shadow-height) has-data-writing-block:pt-(--shadow-height) [&amp;:has([data-writing-block])&gt;*]:pointer-events-auto scroll-mt-[calc(var(--header-height)+min(200px,max(70px,20svh)))]\" dir=\"auto\" data-turn-id=\"d63a9ed1-3238-4787-9996-8dd2f9bb689d\" data-testid=\"conversation-turn-46\" data-scroll-anchor=\"true\" data-turn=\"assistant\" data-mce-tabindex=\"-1\">\n<div class=\"text-base my-auto mx-auto pb-10 [--thread-content-margin:--spacing(4)] @w-sm\/main:[--thread-content-margin:--spacing(6)] @w-lg\/main:[--thread-content-margin:--spacing(16)] px-(--thread-content-margin)\">\n<div class=\"[--thread-content-max-width:40rem] @w-lg\/main:[--thread-content-max-width:48rem] mx-auto max-w-(--thread-content-max-width) flex-1 group\/turn-messages focus-visible:outline-hidden relative flex w-full min-w-0 flex-col agent-turn\" data-mce-tabindex=\"-1\">\n<div class=\"flex max-w-full flex-col grow\">\n<div class=\"min-h-8 text-message relative flex w-full flex-col items-end gap-2 text-start break-words whitespace-normal [.text-message+&amp;]:mt-1\" dir=\"auto\" data-message-author-role=\"assistant\" data-message-id=\"d4e3b64e-38a1-4f42-af06-6d8bf154d324\" data-message-model-slug=\"gpt-5-2\">\n<div class=\"flex w-full flex-col gap-1 empty:hidden first:pt-[1px]\">\n<div class=\"markdown prose dark:prose-invert w-full break-words light markdown-new-styling\">\n<p data-start=\"0\" data-end=\"94\"><strong data-start=\"0\" data-end=\"94\">Oryginalna czwarta koszulka pi\u0142karska Newcastle United z sezonu 2022\/23 produkcji Castore.&nbsp;<\/strong><\/p>\n<p data-start=\"96\" data-end=\"415\">Model przygotowany przez <strong data-start=\"121\" data-end=\"132\">Castore<\/strong> na sezon <strong data-start=\"142\" data-end=\"153\">2022\/23<\/strong> dla <strong data-start=\"158\" data-end=\"178\">Newcastle United<\/strong>, w rozmiarze <strong data-start=\"192\" data-end=\"199\">XXL<\/strong>, wyr\u00f3\u017cnia si\u0119 nowoczesn\u0105 konstrukcj\u0105 i wyj\u0105tkowym podej\u015bciem do klubowej to\u017csamo\u015bci. To projekt stworzony z my\u015bl\u0105 o podkre\u015bleniu silnej wi\u0119zi dru\u017cyny z miastem nad Tyne, w okresie powrotu \u201eSrok\u201d do ligowej czo\u0142\u00f3wki.<\/p>\n<p data-start=\"417\" data-end=\"888\">Koszulka zosta\u0142a wyprodukowana w <strong data-start=\"450\" data-end=\"487\">granatowo-turkusowej kolorystyce<\/strong>, a na froncie zastosowano <strong data-start=\"514\" data-end=\"563\">unikatowy nadruk panoramy Newcastle upon Tyne<\/strong>, z charakterystycznymi mostami i historyczn\u0105 zabudow\u0105. Elementy graficzne przenikaj\u0105 przez ca\u0142\u0105 powierzchni\u0119 materia\u0142u, tworz\u0105c dynamiczny i lokalny akcent. Na piersi umieszczono <strong data-start=\"743\" data-end=\"768\">herb Newcastle United<\/strong>, obok niego logo <strong data-start=\"786\" data-end=\"797\">Castore<\/strong>, a poni\u017cej nadruk sponsora <strong>FUN88<\/strong> z sezonu <strong data-start=\"834\" data-end=\"845\">2022\/23<\/strong>, zachowuj\u0105c symetryczny uk\u0142ad brandingowy.<\/p>\n<p data-start=\"890\" data-end=\"1162\">Materia\u0142 pozostaje <strong data-start=\"909\" data-end=\"943\">lekki, techniczny i przewiewny<\/strong>, dostosowany zar\u00f3wno do aktywno\u015bci sportowej, jak i codziennego noszenia. Kr\u00f3j w rozmiarze <strong data-start=\"1035\" data-end=\"1042\">XXL<\/strong> zapewnia swobod\u0119 ruch\u00f3w oraz komfort dopasowania typowy dla projekt\u00f3w <strong data-start=\"1113\" data-end=\"1124\">Castore.<\/strong><\/p>\n<p data-start=\"1164\" data-end=\"1604\">Sezon <strong data-start=\"1170\" data-end=\"1181\">2022\/23<\/strong> by\u0142 jednym z <strong data-start=\"1195\" data-end=\"1237\">prze\u0142omowych moment\u00f3w Newcastle United<\/strong> \u2014 dru\u017cyna prowadzona przez Eddiego Howe\u2019a wr\u00f3ci\u0142a do \u015bcis\u0142ej czo\u0142\u00f3wki Premier League, imponuj\u0105c organizacj\u0105 gry, jako\u015bci\u0105 w defensywie i dynamik\u0105 w ataku. Kluczowe role pe\u0142nili m.in. <strong data-start=\"1421\" data-end=\"1440\">Bruno Guimar\u00e3es<\/strong>, <strong data-start=\"1442\" data-end=\"1461\">Kieran Trippier<\/strong>, <strong data-start=\"1463\" data-end=\"1476\">Joelinton<\/strong> oraz <strong data-start=\"1482\" data-end=\"1499\">Callum Wilson<\/strong>, kt\u00f3rzy poprowadzili <strong data-start=\"1521\" data-end=\"1541\">Newcastle United<\/strong> do walki o europejskie puchary i odbudowy sportowego presti\u017cu.<\/p>\n<p data-start=\"1606\" data-end=\"1937\" data-is-last-node=\"\" data-is-only-node=\"\">To ciekawa propozycja dla kolekcjoner\u00f3w poszukuj\u0105cych <strong data-start=\"1660\" data-end=\"1730\">oryginalnej koszulki pi\u0142karskiej Newcastle United z sezonu 2022\/23<\/strong>, wyr\u00f3\u017cniaj\u0105cej si\u0119 <strong data-start=\"1750\" data-end=\"1784\">panoramicznym nadrukiem miasta<\/strong>, brandingiem <strong data-start=\"1798\" data-end=\"1809\">Castore<\/strong> oraz historycznym kontekstem <strong data-start=\"1839\" data-end=\"1883\">powrotu Srok do europejskiej rywalizacji<\/strong>, stanowi\u0105cej unikatowy element wsp\u00f3\u0142czesnej kolekcji.<\/p>\n<\/div>\n<\/div>\n<\/div>\n<\/div>\n<\/div>\n<\/div>\n<\/article>\n<\/div>\n","protected":false},"featured_media":113653,"template":"","meta":{"_kad_blocks_custom_css":"","_kad_blocks_head_custom_js":"","_kad_blocks_body_custom_js":"","_kad_blocks_footer_custom_js":"","_kad_post_transparent":"default","_kad_post_title":"","_kad_post_layout":"default","_kad_post_sidebar_id":"","_kad_post_content_style":"default","_kad_post_vertical_padding":"default","_kad_post_feature":"","_kad_post_feature_position":"","_kad_post_header":false,"_kad_post_footer":false,"_kad_post_classname":""},"product_brand":[1384],"product_cat":[15,2031],"product_tag":[],"class_list":{"0":"post-113481","1":"product","2":"type-product","3":"status-publish","4":"has-post-thumbnail","6":"product_brand-castore","7":"product_cat-bez-kategorii","8":"product_cat-newcastle-united-fc","9":"pa_homeawaythird-fourth","10":"pa_rozmiar-xxl","12":"first","13":"instock","14":"taxable","15":"shipping-taxable","16":"purchasable","17":"product-type-simple","18":"entry","19":"content-bg","20":"loop-entry"},"taxonomy_info":{"product_brand":[{"value":1384,"label":"Castore"}],"product_cat":[{"value":15,"label":"Bez kategorii"},{"value":2031,"label":"Newcastle United FC"}],"pa_homeawaythird":[{"value":1964,"label":"Fourth"}],"pa_rozmiar":[{"value":1819,"label":"XXL"}]},"featured_image_src_large":["https:\/\/footballthrift.shop\/wp-content\/uploads\/2025\/12\/Photoroom_036_20251217_120924-1024x1024.png",1024,1024,true],"author_info":[],"comment_info":"","_links":{"self":[{"href":"https:\/\/footballthrift.shop\/en\/wp-json\/wp\/v2\/product\/113481","targetHints":{"allow":["GET"]}}],"collection":[{"href":"https:\/\/footballthrift.shop\/en\/wp-json\/wp\/v2\/product"}],"about":[{"href":"https:\/\/footballthrift.shop\/en\/wp-json\/wp\/v2\/types\/product"}],"wp:featuredmedia":[{"embeddable":true,"href":"https:\/\/footballthrift.shop\/en\/wp-json\/wp\/v2\/media\/113653"}],"wp:attachment":[{"href":"https:\/\/footballthrift.shop\/en\/wp-json\/wp\/v2\/media?parent=113481"}],"wp:term":[{"taxonomy":"product_brand","embeddable":true,"href":"https:\/\/footballthrift.shop\/en\/wp-json\/wp\/v2\/product_brand?post=113481"},{"taxonomy":"product_cat","embeddable":true,"href":"https:\/\/footballthrift.shop\/en\/wp-json\/wp\/v2\/product_cat?post=113481"},{"taxonomy":"product_tag","embeddable":true,"href":"https:\/\/footballthrift.shop\/en\/wp-json\/wp\/v2\/product_tag?post=113481"}],"curies":[{"name":"wp","href":"https:\/\/api.w.org\/{rel}","templated":true}]}}