{"id":113000,"date":"2025-12-14T17:59:07","date_gmt":"2025-12-14T16:59:07","guid":{"rendered":"https:\/\/footballthrift.shop\/?post_type=product&#038;p=113000"},"modified":"2026-03-09T11:25:32","modified_gmt":"2026-03-09T10:25:32","slug":"football-shirt-newcastle-united-fc-2013-14-home-l","status":"publish","type":"product","link":"https:\/\/footballthrift.shop\/en\/koszulka-pilkarska-newcastle-united-fc-2013-14-home-l\/","title":{"rendered":"Koszulka pi\u0142karska Newcastle United FC 2013\/14 Home [L]"},"content":{"rendered":"<p><strong>Team:<\/strong> Newcastle United FC<\/p>\n<p><strong>Season:<\/strong> 2013\/14 Home<\/p>\n<p><strong>Size: <\/strong>L<\/p>\n<p><strong>Condition:<\/strong> Very good \u2013 three micro spots on the back and a micro snag on the front.<\/p>\n<p><strong>Dimensions (underarm width\/length) in cm: <\/strong>58\/71<\/p>","protected":false},"excerpt":{"rendered":"<div class=\"flex flex-col text-sm @w-xl\/main:pt-header-height pb-25\">\n<article class=\"text-token-text-primary w-full focus:outline-none [--shadow-height:45px] has-data-writing-block:pointer-events-none has-data-writing-block:-mt-(--shadow-height) has-data-writing-block:pt-(--shadow-height) [&amp;:has([data-writing-block])&gt;*]:pointer-events-auto scroll-mt-[calc(var(--header-height)+min(200px,max(70px,20svh)))]\" dir=\"auto\" tabindex=\"-1\" data-turn-id=\"request-69299810-5b78-832c-9ea2-8584736fdca4-1\" data-testid=\"conversation-turn-178\" data-scroll-anchor=\"true\" data-turn=\"assistant\">\n<div class=\"text-base my-auto mx-auto pb-10 [--thread-content-margin:--spacing(4)] @w-sm\/main:[--thread-content-margin:--spacing(6)] @w-lg\/main:[--thread-content-margin:--spacing(16)] px-(--thread-content-margin)\">\n<div class=\"[--thread-content-max-width:40rem] @w-lg\/main:[--thread-content-max-width:48rem] mx-auto max-w-(--thread-content-max-width) flex-1 group\/turn-messages focus-visible:outline-hidden relative flex w-full min-w-0 flex-col agent-turn\" tabindex=\"-1\">\n<div class=\"flex max-w-full flex-col grow\">\n<div class=\"min-h-8 text-message relative flex w-full flex-col items-end gap-2 text-start break-words whitespace-normal [.text-message+&amp;]:mt-1\" dir=\"auto\" data-message-author-role=\"assistant\" data-message-id=\"6d19bc33-c9ba-4217-9dc6-0dbc23ac3e9b\" data-message-model-slug=\"gpt-5-2\">\n<div class=\"flex w-full flex-col gap-1 empty:hidden first:pt-[1px]\">\n<div class=\"markdown prose dark:prose-invert w-full break-words light markdown-new-styling\">\n<p data-start=\"0\" data-end=\"93\"><strong data-start=\"0\" data-end=\"93\">Oryginalna domowa koszulka pi\u0142karska Newcastle United FC z sezonu 2013\/14 produkcji Pumy.\u00a0<\/strong><\/p>\n<p data-start=\"95\" data-end=\"444\">Model przygotowany przez <strong data-start=\"120\" data-end=\"128\">Pum\u0119<\/strong> na sezon <strong data-start=\"138\" data-end=\"149\">2013\/14<\/strong> dla <strong data-start=\"154\" data-end=\"177\">Newcastle United FC<\/strong>, w rozmiarze <strong data-start=\"191\" data-end=\"196\">L<\/strong>, to klasyczna ods\u0142ona domowych barw klubu z St James\u2019 Park. Projekt oparto na ponadczasowym <strong data-start=\"289\" data-end=\"323\">bia\u0142o-czarnym pionowym pasiaku<\/strong>, kt\u00f3ry od dekad stanowi fundament to\u017csamo\u015bci Srok, uzupe\u0142nionym o subtelne, ale charakterystyczne akcenty kolorystyczne.<\/p>\n<p data-start=\"446\" data-end=\"886\">Na froncie koszulki dominuje nadruk sponsora <strong data-start=\"491\" data-end=\"500\">Wonga<\/strong>, kontrastuj\u0105cy z jasnymi pasami i doskonale wpisuj\u0105cy si\u0119 w estetyk\u0119 Premier League z pocz\u0105tku drugiej dekady XXI wieku. Ca\u0142o\u015b\u0107 wzbogacono o <strong data-start=\"642\" data-end=\"682\">detale w kolorze niebieskim i z\u0142otym<\/strong>, widoczne w elementach wyko\u0144cze\u0144 oraz oznaczeniach producenta, kt\u00f3re nadaj\u0105 koszulce bardziej elegancki i nowoczesny charakter, jednocze\u015bnie odr\u00f3\u017cniaj\u0105c j\u0105 od wcze\u015bniejszych, bardziej surowych projekt\u00f3w.<\/p>\n<p data-start=\"888\" data-end=\"1405\">Sezon <strong data-start=\"894\" data-end=\"905\">2013\/14<\/strong> by\u0142 dla Newcastle okresem przej\u015bciowym, ale obfitowa\u0142 w wyraziste postacie. W barwach klubu wyst\u0119powali m.in. <strong data-start=\"1016\" data-end=\"1029\">Lo\u00efc R\u00e9my<\/strong>, kt\u00f3ry by\u0142 najlepszym strzelcem zespo\u0142u i jednym z ja\u015bniejszych punkt\u00f3w kampanii, a tak\u017ce <strong data-start=\"1120\" data-end=\"1136\">Yohan Cabaye<\/strong>, <strong data-start=\"1138\" data-end=\"1154\">Cheick Tiot\u00e9<\/strong>, <strong data-start=\"1156\" data-end=\"1174\">Moussa Sissoko<\/strong> czy <strong data-start=\"1179\" data-end=\"1201\">Fabricio Coloccini<\/strong>, pe\u0142ni\u0105cy rol\u0119 kapitana. Dru\u017cyna prowadzona przez <strong data-start=\"1252\" data-end=\"1269\">Alana Pardewa<\/strong> zako\u0144czy\u0142a sezon w \u015brodku tabeli, ale styl gry i indywidualno\u015bci zawodnik\u00f3w sprawi\u0142y, \u017ce by\u0142 to okres dobrze zapami\u0119tany przez kibic\u00f3w.<\/p>\n<p data-start=\"1407\" data-end=\"1675\">Koszulka wykonana jest z <strong data-start=\"1432\" data-end=\"1468\">lekkiego, przewiewnego materia\u0142u<\/strong>, typowego dla domowych modeli Pumy z tamtego okresu, co zapewnia komfort noszenia zar\u00f3wno podczas aktywno\u015bci sportowej, jak i na co dzie\u0144. Kr\u00f3j w rozmiarze L gwarantuje wygodne dopasowanie i swobod\u0119 ruch\u00f3w.<\/p>\n<p data-start=\"1677\" data-end=\"2038\" data-is-last-node=\"\" data-is-only-node=\"\">To interesuj\u0105ca propozycja dla kibic\u00f3w i kolekcjoner\u00f3w, kt\u00f3rzy chc\u0105 posiada\u0107 <strong data-start=\"1754\" data-end=\"1819\">oryginaln\u0105 domow\u0105 koszulk\u0119 pi\u0142karsk\u0105 Newcastle United 2013\/14<\/strong>, wyr\u00f3\u017cniaj\u0105c\u0105 si\u0119 <strong data-start=\"1838\" data-end=\"1862\">klasycznym pasiakiem<\/strong>, detalami w <strong data-start=\"1875\" data-end=\"1907\">niebiesko-z\u0142otej kolorystyce<\/strong>, kultowym sponsorem <strong data-start=\"1928\" data-end=\"1937\">Wonga<\/strong> oraz bezpo\u015brednim nawi\u0105zaniem do dru\u017cyny pe\u0142nej wyrazistych postaci z tamtego okresu Premier League.<\/p>\n<\/div>\n<\/div>\n<\/div>\n<\/div>\n<\/div>\n<\/div>\n<\/article>\n<\/div>\n","protected":false},"featured_media":113318,"template":"","meta":{"_kad_blocks_custom_css":"","_kad_blocks_head_custom_js":"","_kad_blocks_body_custom_js":"","_kad_blocks_footer_custom_js":"","_kad_post_transparent":"default","_kad_post_title":"","_kad_post_layout":"default","_kad_post_sidebar_id":"","_kad_post_content_style":"default","_kad_post_vertical_padding":"default","_kad_post_feature":"","_kad_post_feature_position":"","_kad_post_header":false,"_kad_post_footer":false,"_kad_post_classname":""},"product_brand":[1287],"product_cat":[15,2031],"product_tag":[],"class_list":{"0":"post-113000","1":"product","2":"type-product","3":"status-publish","4":"has-post-thumbnail","6":"product_brand-puma","7":"product_cat-bez-kategorii","8":"product_cat-newcastle-united-fc","9":"pa_homeawaythird-home","10":"pa_rozmiar-l","12":"first","13":"instock","14":"taxable","15":"shipping-taxable","16":"purchasable","17":"product-type-simple","18":"entry","19":"content-bg","20":"loop-entry"},"taxonomy_info":{"product_brand":[{"value":1287,"label":"Puma"}],"product_cat":[{"value":15,"label":"Bez kategorii"},{"value":2031,"label":"Newcastle United FC"}],"pa_homeawaythird":[{"value":1597,"label":"Home"}],"pa_rozmiar":[{"value":1817,"label":"L"}]},"featured_image_src_large":["https:\/\/footballthrift.shop\/wp-content\/uploads\/2025\/12\/Photoroom_012_20251210_123905-1024x1024.png",1024,1024,true],"author_info":[],"comment_info":"","_links":{"self":[{"href":"https:\/\/footballthrift.shop\/en\/wp-json\/wp\/v2\/product\/113000","targetHints":{"allow":["GET"]}}],"collection":[{"href":"https:\/\/footballthrift.shop\/en\/wp-json\/wp\/v2\/product"}],"about":[{"href":"https:\/\/footballthrift.shop\/en\/wp-json\/wp\/v2\/types\/product"}],"wp:featuredmedia":[{"embeddable":true,"href":"https:\/\/footballthrift.shop\/en\/wp-json\/wp\/v2\/media\/113318"}],"wp:attachment":[{"href":"https:\/\/footballthrift.shop\/en\/wp-json\/wp\/v2\/media?parent=113000"}],"wp:term":[{"taxonomy":"product_brand","embeddable":true,"href":"https:\/\/footballthrift.shop\/en\/wp-json\/wp\/v2\/product_brand?post=113000"},{"taxonomy":"product_cat","embeddable":true,"href":"https:\/\/footballthrift.shop\/en\/wp-json\/wp\/v2\/product_cat?post=113000"},{"taxonomy":"product_tag","embeddable":true,"href":"https:\/\/footballthrift.shop\/en\/wp-json\/wp\/v2\/product_tag?post=113000"}],"curies":[{"name":"wp","href":"https:\/\/api.w.org\/{rel}","templated":true}]}}