{"id":110379,"date":"2025-11-30T17:53:09","date_gmt":"2025-11-30T16:53:09","guid":{"rendered":"https:\/\/footballthrift.shop\/?post_type=product&#038;p=110379"},"modified":"2026-03-09T11:25:39","modified_gmt":"2026-03-09T10:25:39","slug":"football-shirt-fc-bayern-monachium-1997-99-home-14-basler-xl","status":"publish","type":"product","link":"https:\/\/footballthrift.shop\/en\/koszulka-pilkarska-fc-bayern-monachium-1997-99-home-14-basler-xl\/","title":{"rendered":"Koszulka pi\u0142karska FC Bayern Monachium 1997\/99 Home 14 Basler [XL]"},"content":{"rendered":"<p><strong>Team:<\/strong> FC Bayern Munich<\/p>\n<p><strong>Season:<\/strong> 1997\/99 Home<\/p>\n<p><strong>Size: <\/strong>XL<\/p>\n<p><strong>Condition:<\/strong> Satisfactory \u2013 a significant number of micro-snags and a broken seam at the bottom of the T-shirt.<\/p>\n<p><strong>Dimensions (underarm width\/length) in cm: <\/strong>62\/76<\/p>","protected":false},"excerpt":{"rendered":"<article class=\"text-token-text-primary w-full focus:outline-none [--shadow-height:45px] has-data-writing-block:pointer-events-none has-data-writing-block:-mt-(--shadow-height) has-data-writing-block:pt-(--shadow-height) [&amp;:has([data-writing-block])&gt;*]:pointer-events-auto scroll-mt-[calc(var(--header-height)+min(200px,max(70px,20svh)))]\" dir=\"auto\" tabindex=\"-1\" data-turn-id=\"request-6914635e-584c-8326-b164-552fe6e6d9be-2\" data-testid=\"conversation-turn-130\" data-scroll-anchor=\"true\" data-turn=\"assistant\">\n<div class=\"text-base my-auto mx-auto pb-10 [--thread-content-margin:--spacing(4)] thread-sm:[--thread-content-margin:--spacing(6)] thread-lg:[--thread-content-margin:--spacing(16)] px-(--thread-content-margin)\">\n<div class=\"[--thread-content-max-width:40rem] thread-lg:[--thread-content-max-width:48rem] mx-auto max-w-(--thread-content-max-width) flex-1 group\/turn-messages focus-visible:outline-hidden relative flex w-full min-w-0 flex-col agent-turn\" tabindex=\"-1\">\n<div class=\"flex max-w-full flex-col grow\">\n<div class=\"min-h-8 text-message relative flex w-full flex-col items-end gap-2 text-start break-words whitespace-normal [.text-message+&amp;]:mt-1\" dir=\"auto\" data-message-author-role=\"assistant\" data-message-id=\"7fb3040e-5ecd-494b-b9e3-1ab74bf1627a\" data-message-model-slug=\"gpt-5-1\">\n<div class=\"flex w-full flex-col gap-1 empty:hidden first:pt-[1px]\">\n<div class=\"markdown prose dark:prose-invert w-full break-words light markdown-new-styling\">\n<p data-start=\"0\" data-end=\"100\"><strong data-start=\"0\" data-end=\"98\">Oryginalna domowa koszulka pi\u0142karska FC Bayernu Monachium z lat 1997\u20131999 \u2013 produkcji Adidasa.\u00a0<\/strong><\/p>\n<p data-start=\"102\" data-end=\"465\">Model wyprodukowany przez <strong data-start=\"128\" data-end=\"139\">Adidasa<\/strong> dla <strong data-start=\"144\" data-end=\"165\">Bayernu Monachium<\/strong> na lata <strong data-start=\"174\" data-end=\"187\">1997\u20131999<\/strong>, nale\u017c\u0105cy do najbardziej rozpoznawalnych i charakterystycznych domowych projekt\u00f3w bawarskiego klubu z ko\u0144ca lat 90. Prezentowany egzemplarz w <strong data-start=\"330\" data-end=\"346\">rozmiarze XL<\/strong> zachowuje pe\u0142n\u0105 klasyczn\u0105 estetyk\u0119 epoki, \u0142\u0105cz\u0105c elegancj\u0119 z charakterystyczn\u0105 dla tego okresu wyrazisto\u015bci\u0105 detali.<\/p>\n<p data-start=\"467\" data-end=\"938\">Koszulka oparta jest na <strong data-start=\"491\" data-end=\"544\">ciemnogranatowej bazie, wpadaj\u0105cej niemal w czer\u0144<\/strong>, co nadaje jej ponadczasowego, eleganckiego wygl\u0105du. Najbardziej rozpoznawalnym elementem projektu jest <strong data-start=\"649\" data-end=\"705\">szeroki, poziomy czerwony pas umieszczony na froncie<\/strong>, kt\u00f3ry p\u0142ynnie <strong data-start=\"721\" data-end=\"755\">przechodzi wizualnie w r\u0119kawki<\/strong>, tworz\u0105c sp\u00f3jn\u0105 kompozycj\u0119 graficzn\u0105. Na pasie centralnie umieszczono kultowy <strong data-start=\"834\" data-end=\"858\">nadruk sponsora Opel<\/strong>, doskonale kojarzony z er\u0105 dominacji Bayernu w Bundeslidze pod koniec lat 90.<\/p>\n<p data-start=\"940\" data-end=\"1198\">Kontrastowy akcent stanowi <strong data-start=\"967\" data-end=\"997\">bia\u0142y ko\u0142nierzyk typu polo<\/strong>, podkre\u015blaj\u0105cy elegancki charakter koszulki i typowy styl Adidasa z tamtego okresu. Na froncie znajduj\u0105 si\u0119 r\u00f3wnie\u017c <strong data-start=\"1114\" data-end=\"1146\">logo Adidasa oraz herb klubu<\/strong>, rozmieszczone klasycznie, ponad czerwonym pasem.<\/p>\n<p data-start=\"1200\" data-end=\"1550\">Na plecach znajduje si\u0119 <strong data-start=\"1224\" data-end=\"1248\">nadruk Mario Baslera<\/strong> \u2013 jednego z najbardziej charyzmatycznych zawodnik\u00f3w Bayernu w tamtych latach. Basler s\u0142yn\u0105\u0142 z pot\u0119\u017cnego uderzenia z dystansu i \u015bwietnych rzut\u00f3w wolnych, a w sezonie 1998\/99 zdoby\u0142 bramk\u0119 w finale Ligi Mistrz\u00f3w z Manchesterem United, kt\u00f3ry Bayern ostatecznie przegra\u0142 w dramatycznych okoliczno\u015bciach.<\/p>\n<p data-start=\"1552\" data-end=\"1722\">Materia\u0142 koszulki jest <strong data-start=\"1575\" data-end=\"1610\">g\u0142adki, lekko l\u015bni\u0105cy i solidny<\/strong>, typowy dla ko\u0144ca lat 90., a jego konstrukcja zapewnia wygod\u0119 i trwa\u0142o\u015b\u0107, zachowuj\u0105c przy tym klasyczny kr\u00f3j.<\/p>\n<p data-start=\"1724\" data-end=\"1997\" data-is-last-node=\"\" data-is-only-node=\"\">Ta <strong data-start=\"1727\" data-end=\"1810\">oryginalna koszulka Bayernu Monachium z lat 1997\u20131999 z nadrukiem Mario Baslera<\/strong> to wyj\u0105tkowa propozycja dla <strong data-start=\"1839\" data-end=\"1882\">kolekcjoner\u00f3w ikon niemieckiego futbolu<\/strong>, mi\u0142o\u015bnik\u00f3w <strong data-start=\"1895\" data-end=\"1926\">projekt\u00f3w Adidasa z lat 90.<\/strong> oraz fan\u00f3w <strong data-start=\"1938\" data-end=\"1996\">kultowych zawodnik\u00f3w i klasycznych modeli z epoki Opel<\/strong>.<\/p>\n<\/div>\n<\/div>\n<\/div>\n<\/div>\n<\/div>\n<\/div>\n<\/article>\n","protected":false},"featured_media":112014,"template":"","meta":{"_kad_blocks_custom_css":"","_kad_blocks_head_custom_js":"","_kad_blocks_body_custom_js":"","_kad_blocks_footer_custom_js":"","_kad_post_transparent":"default","_kad_post_title":"","_kad_post_layout":"default","_kad_post_sidebar_id":"","_kad_post_content_style":"default","_kad_post_vertical_padding":"default","_kad_post_feature":"","_kad_post_feature_position":"","_kad_post_header":false,"_kad_post_footer":false,"_kad_post_classname":""},"product_brand":[1283],"product_cat":[15,1455],"product_tag":[],"class_list":{"0":"post-110379","1":"product","2":"type-product","3":"status-publish","4":"has-post-thumbnail","6":"product_brand-adidas","7":"product_cat-bez-kategorii","8":"product_cat-kluby-niemieckie-fcbayernmonachium","9":"pa_homeawaythird-home","10":"pa_rozmiar-xl","12":"first","13":"instock","14":"taxable","15":"shipping-taxable","16":"purchasable","17":"product-type-simple","18":"entry","19":"content-bg","20":"loop-entry"},"taxonomy_info":{"product_brand":[{"value":1283,"label":"Adidas"}],"product_cat":[{"value":15,"label":"Bez kategorii"},{"value":1455,"label":"FC Bayern Monachium"}],"pa_homeawaythird":[{"value":1597,"label":"Home"}],"pa_rozmiar":[{"value":1818,"label":"XL"}]},"featured_image_src_large":["https:\/\/footballthrift.shop\/wp-content\/uploads\/2025\/11\/Photoroom_011_20251126_165319-1024x1024.png",1024,1024,true],"author_info":[],"comment_info":"","_links":{"self":[{"href":"https:\/\/footballthrift.shop\/en\/wp-json\/wp\/v2\/product\/110379","targetHints":{"allow":["GET"]}}],"collection":[{"href":"https:\/\/footballthrift.shop\/en\/wp-json\/wp\/v2\/product"}],"about":[{"href":"https:\/\/footballthrift.shop\/en\/wp-json\/wp\/v2\/types\/product"}],"wp:featuredmedia":[{"embeddable":true,"href":"https:\/\/footballthrift.shop\/en\/wp-json\/wp\/v2\/media\/112014"}],"wp:attachment":[{"href":"https:\/\/footballthrift.shop\/en\/wp-json\/wp\/v2\/media?parent=110379"}],"wp:term":[{"taxonomy":"product_brand","embeddable":true,"href":"https:\/\/footballthrift.shop\/en\/wp-json\/wp\/v2\/product_brand?post=110379"},{"taxonomy":"product_cat","embeddable":true,"href":"https:\/\/footballthrift.shop\/en\/wp-json\/wp\/v2\/product_cat?post=110379"},{"taxonomy":"product_tag","embeddable":true,"href":"https:\/\/footballthrift.shop\/en\/wp-json\/wp\/v2\/product_tag?post=110379"}],"curies":[{"name":"wp","href":"https:\/\/api.w.org\/{rel}","templated":true}]}}